{"id":956,"date":"2013-02-07T17:08:31","date_gmt":"2013-02-07T17:08:31","guid":{"rendered":"http:\/\/velovilnius.lt\/veloland\/?page_id=956"},"modified":"2021-01-17T11:44:23","modified_gmt":"2021-01-17T09:44:23","slug":"traktas-vilnius-kaunas","status":"publish","type":"page","link":"https:\/\/velovilnius.lt\/veloland\/marsrutai\/traktas-vilnius-kaunas\/","title":{"rendered":"Traktas Vilnius-Kaunas"},"content":{"rendered":"<h2>Traktas&nbsp;Vilnius-Kaunas<\/h2>\n<p>Mar\u0161rutai:<\/p>\n<ul>\n<li>Neries Regioninis Parkas<\/li>\n<li>Trak\u0173 Istorinis Nacionalinis Parkas<\/li>\n<li>Bir\u0161tonas<\/li>\n<li>Neries Kilp\u0173 Regioninis Parkas<\/li>\n<li>Auk\u0161tadvario Regioninis Parkas<\/li>\n<li>Dievieni\u0161ki\u0173 Regioninis Parkas (Vilniaus Aps.)<\/li>\n<\/ul>\n<hr style=\"font-size: 13px;\">\n<p style=\"font-size: 13px;\">[blog_in_blog category_slug=&#8217;vilnius-kaunas&#8217;]\n<hr>\n<p style=\"font-size: 13.333333969116211px;\">\n<!-- iframe plugin v.6.0 wordpress.org\/plugins\/iframe\/ -->\n<iframe loading=\"lazy\" src=\"http:\/\/www.gpsies.com\/mapFolderOnly.do?id=11188\" width=\"600\" height=\"400\" frameborder=\"0\" scrolling=\"no\" marginheight=\"0\" marginwidth=\"0\" class=\"iframe-class\"><\/iframe>\n\n<div class=\"pt-cv-wrapper\"><div class=\"pt-cv-view pt-cv-collapsible\" id=\"pt-cv-view-f1b7539b79\"><div data-id=\"pt-cv-page-1\" class=\"pt-cv-page\" data-cvc=\"1\"><div class=\"panel-group\" id=\"9ccd0c78ze\"><div class=\"panel panel-default pt-cv-content-item pt-cv-2-col\" >\r\n<div class=\"panel-heading pt-cv-title\">\r\n    <a class=\"panel-title\" data-toggle=\"cvcollapse\" data-parent=\"#9ccd0c78ze\" data-target=\"#46aa30cz9f\" href=\"https:\/\/velovilnius.lt\/veloland\/aukstadvario-regioninis-parkas\/\" onclick=\"event.preventDefault()\">\r\n\t\tAuk\u0161tadvario Regioninis Parkas\t<\/a>\r\n\t<\/div>\r\n<div id=\"46aa30cz9f\" class=\"panel-collapse collapse in\">\r\n\t<div class=\"panel-body\">\r\n\t\t<a href=\"https:\/\/velovilnius.lt\/veloland\/aukstadvario-regioninis-parkas\/\" class=\"_self pt-cv-href-thumbnail pt-cv-thumb-left\" target=\"_self\"><\/a>\n<div class=\"pt-cv-content\">\u0160\u012f pavasar\u012f si\u016blome pa\u017einti Auk\u0161tadvario apylinkes p\u0117s\u010diomis ar dvira\u010diu: 1. Mergi\u0161ki\u0173 \u017eiedas &#8211; p\u0117\u0117s\u010diomis,dvira\u010diu Trukm\u0117: 1 d. Mar\u0161ruto ilgis: 25,0 ...<br \/><div class=\"pt-cv-rmwrap\"><a href=\"https:\/\/velovilnius.lt\/veloland\/aukstadvario-regioninis-parkas\/\" class=\"_self pt-cv-readmore btn btn-success\" target=\"_self\">Read More<\/a><\/div><\/div>\t<\/div>\r\n<\/div><\/div>\n<div class=\"panel panel-default pt-cv-content-item pt-cv-2-col\" >\r\n<div class=\"panel-heading pt-cv-title\">\r\n    <a class=\"panel-title\" data-toggle=\"cvcollapse\" data-parent=\"#9ccd0c78ze\" data-target=\"#e8436bdmpq\" href=\"http:\/\/velovilnius.lt\/lt\/blog\/marsrutai-trakuose\" onclick=\"event.preventDefault()\">\r\n\t\tTuristiniai mar\u0161rutai Trak\u0173 rajone\t<\/a>\r\n\t<\/div>\r\n<div id=\"e8436bdmpq\" class=\"panel-collapse collapse \">\r\n\t<div class=\"panel-body\">\r\n\t\t<a href=\"http:\/\/velovilnius.lt\/lt\/blog\/marsrutai-trakuose\" class=\"_self pt-cv-href-thumbnail pt-cv-thumb-left\" target=\"_self\"><\/a>\n<div class=\"pt-cv-content\">http:\/\/www.trakai-visit.lt\/lt\/turistiniai-marsrutai Turistiniai mar\u0161rutai 2014 m. NAUJIENA\u00a0\u00a0&#8221; 5 pa\u017eintiniai turistiniai mar\u0161rutai po Trak\u0173 rajon\u0105&#8221;\u00a0( informacija \u00a0 LT, RU, PL kalbomis) * ...<br \/><div class=\"pt-cv-rmwrap\"><a href=\"http:\/\/velovilnius.lt\/lt\/blog\/marsrutai-trakuose\" class=\"_self pt-cv-readmore btn btn-success\" target=\"_self\">Read More<\/a><\/div><\/div>\t<\/div>\r\n<\/div><\/div>\n<div class=\"panel panel-default pt-cv-content-item pt-cv-2-col\" >\r\n<div class=\"panel-heading pt-cv-title\">\r\n    <a class=\"panel-title\" data-toggle=\"cvcollapse\" data-parent=\"#9ccd0c78ze\" data-target=\"#f4cb43edi5\" href=\"http:\/\/velovilnius.lt\/lt\/tours\/marsrutai-dviraciais-savarankiskam-vaziavimui\/\" onclick=\"event.preventDefault()\">\r\n\t\tDvira\u010di\u0173 mar\u0161rutai Vilniuje \/ prie Vilniaus (VeloVilnius.lt tinklalapyje)\t<\/a>\r\n\t<\/div>\r\n<div id=\"f4cb43edi5\" class=\"panel-collapse collapse \">\r\n\t<div class=\"panel-body\">\r\n\t\t<a href=\"http:\/\/velovilnius.lt\/lt\/tours\/marsrutai-dviraciais-savarankiskam-vaziavimui\/\" class=\"_self pt-cv-href-thumbnail pt-cv-thumb-left\" target=\"_self\"><img loading=\"lazy\" decoding=\"async\" width=\"1000\" height=\"667\" src=\"https:\/\/velovilnius.lt\/veloland\/files\/2011\/09\/citytour1.jpg\" class=\"pt-cv-thumbnail pull-left\" alt=\"\" srcset=\"https:\/\/velovilnius.lt\/veloland\/files\/2011\/09\/citytour1.jpg 1000w, https:\/\/velovilnius.lt\/veloland\/files\/2011\/09\/citytour1-768x512.jpg 768w, https:\/\/velovilnius.lt\/veloland\/files\/2011\/09\/citytour1-20x13.jpg 20w, https:\/\/velovilnius.lt\/veloland\/files\/2011\/09\/citytour1-512x342.jpg 512w\" sizes=\"(max-width: 1000px) 100vw, 1000px\" \/><\/a>\n<div class=\"pt-cv-content\">Norite savaranki&scaron;kai pakeliauti dvira\u010diais u\u017e Vilniaus arba Vilniuje? Populiariausi mar&scaron;rutai ...<br \/><div class=\"pt-cv-rmwrap\"><a href=\"http:\/\/velovilnius.lt\/lt\/tours\/marsrutai-dviraciais-savarankiskam-vaziavimui\/\" class=\"_self pt-cv-readmore btn btn-success\" target=\"_self\">Read More<\/a><\/div><\/div>\t<\/div>\r\n<\/div><\/div>\n<div class=\"panel panel-default pt-cv-content-item pt-cv-2-col\" >\r\n<div class=\"panel-heading pt-cv-title\">\r\n    <a class=\"panel-title\" data-toggle=\"cvcollapse\" data-parent=\"#9ccd0c78ze\" data-target=\"#52f0a6bvlk\" href=\"https:\/\/velovilnius.lt\/veloland\/birstonas-zverinciaus-misko-takas-15-km\/\" onclick=\"event.preventDefault()\">\r\n\t\tBir\u0161tonas (\u017dv\u0117rin\u010diaus mi\u0161ko takas &#8211; 15 km)\t<\/a>\r\n\t<\/div>\r\n<div id=\"52f0a6bvlk\" class=\"panel-collapse collapse \">\r\n\t<div class=\"panel-body\">\r\n\t\t<a href=\"https:\/\/velovilnius.lt\/veloland\/birstonas-zverinciaus-misko-takas-15-km\/\" class=\"_self pt-cv-href-thumbnail pt-cv-thumb-left\" target=\"_self\"><\/a>\n<div class=\"pt-cv-content\">DVIRA\u010cI\u0172 TURIZMAS \u017dv\u0117rin\u010diaus mi&scaron;ko takas &#8211; 15 km Prien\u0173-Bir&scaron;tono Nemuno kilpoje plyti \u017dv\u0117rin\u010diaus (\u017dv\u0117ryno) mi&scaron;kas, i&scaron;saugoj\u0119s sen\u0105j\u012f pavadinim\u0105, primenant\u012f karali&scaron;k\u0105sias ...<br \/><div class=\"pt-cv-rmwrap\"><a href=\"https:\/\/velovilnius.lt\/veloland\/birstonas-zverinciaus-misko-takas-15-km\/\" class=\"_self pt-cv-readmore btn btn-success\" target=\"_self\">Read More<\/a><\/div><\/div>\t<\/div>\r\n<\/div><\/div>\n<div class=\"panel panel-default pt-cv-content-item pt-cv-2-col\" >\r\n<div class=\"panel-heading pt-cv-title\">\r\n    <a class=\"panel-title\" data-toggle=\"cvcollapse\" data-parent=\"#9ccd0c78ze\" data-target=\"#2a2302d0ga\" href=\"http:\/\/velovilnius.lt\/tours\/english-trakai-by-bike\/\" onclick=\"event.preventDefault()\">\r\n\t\tDvira\u010di\u0173 mar\u0161rutai Trakuose (VeloVilnius.lt puslapyje)\t<\/a>\r\n\t<\/div>\r\n<div id=\"2a2302d0ga\" class=\"panel-collapse collapse \">\r\n\t<div class=\"panel-body\">\r\n\t\t<a href=\"http:\/\/velovilnius.lt\/tours\/english-trakai-by-bike\/\" class=\"_self pt-cv-href-thumbnail pt-cv-thumb-left\" target=\"_self\"><\/a>\n<div class=\"pt-cv-content\">&#8230;&#8230;.. http:\/\/velovilnius.lt\/lt\/blog\/trakai-dviraciais\/. https:\/\/maps.google.com\/maps\/ms?msid=201766835865918693755.00046aade183e0200273b&#038;msa=0&#038;ll=54.663507,24.969864&#038;spn=0.208102,0.676346. Dvira\u010di\u0173 mar\u0161rutai Trakuose auf einer gr\u00f6\u00dferen Karte anzeigen ...<br \/><div class=\"pt-cv-rmwrap\"><a href=\"http:\/\/velovilnius.lt\/tours\/english-trakai-by-bike\/\" class=\"_self pt-cv-readmore btn btn-success\" target=\"_self\">Read More<\/a><\/div><\/div>\t<\/div>\r\n<\/div><\/div>\n<div class=\"panel panel-default pt-cv-content-item pt-cv-2-col\" >\r\n<div class=\"panel-heading pt-cv-title\">\r\n    <a class=\"panel-title\" data-toggle=\"cvcollapse\" data-parent=\"#9ccd0c78ze\" data-target=\"#c870d539x3\" href=\"http:\/\/velovilnius.lt\/veloland\/marsrutai\/traktas-vilnius-kaunas\/\" onclick=\"event.preventDefault()\">\r\n\t\tTraktas  Vilnius-Kaunas\t<\/a>\r\n\t<\/div>\r\n<div id=\"c870d539x3\" class=\"panel-collapse collapse \">\r\n\t<div class=\"panel-body\">\r\n\t\t<a href=\"http:\/\/velovilnius.lt\/veloland\/marsrutai\/traktas-vilnius-kaunas\/\" class=\"_self pt-cv-href-thumbnail pt-cv-thumb-left\" target=\"_self\"><img loading=\"lazy\" decoding=\"async\" width=\"368\" height=\"207\" src=\"https:\/\/velovilnius.lt\/veloland\/files\/2013\/09\/LT1-Vilnius-KaunasX.jpg\" class=\"pt-cv-thumbnail pull-left\" alt=\"\" srcset=\"https:\/\/velovilnius.lt\/veloland\/files\/2013\/09\/LT1-Vilnius-KaunasX.jpg 368w, https:\/\/velovilnius.lt\/veloland\/files\/2013\/09\/LT1-Vilnius-KaunasX-20x11.jpg 20w\" sizes=\"(max-width: 368px) 100vw, 368px\" \/><\/a>\n<div class=\"pt-cv-content\">Vilniaus, Kauno, &Scaron;irvint\u0173, Elektr\u0117n\u0173, Kai&scaron;iadori\u0173, Trak\u0173, Bir&scaron;tono, Kauno m., Kauno raj. savivaldyb\u0117s Mar&scaron;rutai: Neries Regioninis Parkas Trak\u0173 Istorinis Nacionalinis Parkas ...<br \/><div class=\"pt-cv-rmwrap\"><a href=\"http:\/\/velovilnius.lt\/veloland\/marsrutai\/traktas-vilnius-kaunas\/\" class=\"_self pt-cv-readmore btn btn-success\" target=\"_self\">Read More<\/a><\/div><\/div>\t<\/div>\r\n<\/div><\/div>\n<div class=\"panel panel-default pt-cv-content-item pt-cv-2-col\" >\r\n<div class=\"panel-heading pt-cv-title\">\r\n    <a class=\"panel-title\" data-toggle=\"cvcollapse\" data-parent=\"#9ccd0c78ze\" data-target=\"#96b0f48mad\" href=\"https:\/\/velovilnius.lt\/veloland\/zaliasis-marsrutas-kaune\/\" onclick=\"event.preventDefault()\">\r\n\t\t\u017daliasis mar\u0161rutas Kaune\t<\/a>\r\n\t<\/div>\r\n<div id=\"96b0f48mad\" class=\"panel-collapse collapse \">\r\n\t<div class=\"panel-body\">\r\n\t\t<a href=\"https:\/\/velovilnius.lt\/veloland\/zaliasis-marsrutas-kaune\/\" class=\"_self pt-cv-href-thumbnail pt-cv-thumb-left\" target=\"_self\"><\/a>\n<div class=\"pt-cv-content\">bir\u017eel\u012f Kaune pristatomas \u017ealiasis mar&scaron;rutas `13-06-14 Kaune veikianti specializuota dvira\u010di\u0173 parduotuv\u0117 &bdquo;Velovelo&ldquo; \u012fsiliejo \u012f laikin\u0105j\u0105 sostin\u0119 drebinan\u010di\u0173 vasaros rengini\u0173 maraton\u0105 ...<br \/><div class=\"pt-cv-rmwrap\"><a href=\"https:\/\/velovilnius.lt\/veloland\/zaliasis-marsrutas-kaune\/\" class=\"_self pt-cv-readmore btn btn-success\" target=\"_self\">Read More<\/a><\/div><\/div>\t<\/div>\r\n<\/div><\/div>\n<div class=\"panel panel-default pt-cv-content-item pt-cv-2-col\" >\r\n<div class=\"panel-heading pt-cv-title\">\r\n    <a class=\"panel-title\" data-toggle=\"cvcollapse\" data-parent=\"#9ccd0c78ze\" data-target=\"#75d4c71gbl\" href=\"https:\/\/velovilnius.lt\/veloland\/dievieniskiu-regioninis-parkas\/\" onclick=\"event.preventDefault()\">\r\n\t\tDievieni\u0161ki\u0173 regioninis parkas\t<\/a>\r\n\t<\/div>\r\n<div id=\"75d4c71gbl\" class=\"panel-collapse collapse \">\r\n\t<div class=\"panel-body\">\r\n\t\t<a href=\"https:\/\/velovilnius.lt\/veloland\/dievieniskiu-regioninis-parkas\/\" class=\"_self pt-cv-href-thumbnail pt-cv-thumb-left\" target=\"_self\"><\/a>\n<div class=\"pt-cv-content\">Dvira\u010di\u0173 turistiniai mar&scaron;rutai D1 ir D2 Dvira\u010di\u0173 turistiniai mar&scaron;rutai D1 ir D2 Dvira\u010di\u0173 turistinis mar&scaron;rutas D1 (bendras mar&scaron;ruto ilgis 29,5 ...<br \/><div class=\"pt-cv-rmwrap\"><a href=\"https:\/\/velovilnius.lt\/veloland\/dievieniskiu-regioninis-parkas\/\" class=\"_self pt-cv-readmore btn btn-success\" target=\"_self\">Read More<\/a><\/div><\/div>\t<\/div>\r\n<\/div><\/div>\n<div class=\"panel panel-default pt-cv-content-item pt-cv-2-col\" >\r\n<div class=\"panel-heading pt-cv-title\">\r\n    <a class=\"panel-title\" data-toggle=\"cvcollapse\" data-parent=\"#9ccd0c78ze\" data-target=\"#bf57081vke\" href=\"https:\/\/velovilnius.lt\/veloland\/aukstadavario-regioninis-parkas\/\" onclick=\"event.preventDefault()\">\r\n\t\tAuk\u0161tadavario Regioninis Parkas\t<\/a>\r\n\t<\/div>\r\n<div id=\"bf57081vke\" class=\"panel-collapse collapse \">\r\n\t<div class=\"panel-body\">\r\n\t\t<a href=\"https:\/\/velovilnius.lt\/veloland\/aukstadavario-regioninis-parkas\/\" class=\"_self pt-cv-href-thumbnail pt-cv-thumb-left\" target=\"_self\"><\/a>\n<div class=\"pt-cv-content\">Sveiki,\\r\\n\\r\\nEsu dvira\u010di\u0173 turizmo m\u0117g\u0117jas, ta\u010diau pasigendu apra&scaron;ym\u0173 bei mar&scaron;rut\u0173 su \u017eem\u0117lapiais apie nedidelius radialinius (pusdienio-dienos) \u017eygius dvira\u010diais Tokio pob&Aring;&laquo;d\u017eio \u017eygiai ...<br \/><div class=\"pt-cv-rmwrap\"><a href=\"https:\/\/velovilnius.lt\/veloland\/aukstadavario-regioninis-parkas\/\" class=\"_self pt-cv-readmore btn btn-success\" target=\"_self\">Read More<\/a><\/div><\/div>\t<\/div>\r\n<\/div><\/div>\n<div class=\"panel panel-default pt-cv-content-item pt-cv-2-col\" >\r\n<div class=\"panel-heading pt-cv-title\">\r\n    <a class=\"panel-title\" data-toggle=\"cvcollapse\" data-parent=\"#9ccd0c78ze\" data-target=\"#c97762a0z1\" href=\"https:\/\/velovilnius.lt\/veloland\/asvejos-parkos-trasa\/\" onclick=\"event.preventDefault()\">\r\n\t\tAsvejos parkos trasa\t<\/a>\r\n\t<\/div>\r\n<div id=\"c97762a0z1\" class=\"panel-collapse collapse \">\r\n\t<div class=\"panel-body\">\r\n\t\t<a href=\"https:\/\/velovilnius.lt\/veloland\/asvejos-parkos-trasa\/\" class=\"_self pt-cv-href-thumbnail pt-cv-thumb-left\" target=\"_self\"><\/a>\n<div class=\"pt-cv-content\">\u200b Pavadinimas Asv\u0117jos parko trasa Vieta (Rajono, parko pavadinimas) Prie Dubing\u0173 miestelio Trumpas apra&scaron;ymas Vaizdinga 30 km trasa &scaron;alia Asv\u0117jos ...<br \/><div class=\"pt-cv-rmwrap\"><a href=\"https:\/\/velovilnius.lt\/veloland\/asvejos-parkos-trasa\/\" class=\"_self pt-cv-readmore btn btn-success\" target=\"_self\">Read More<\/a><\/div><\/div>\t<\/div>\r\n<\/div><\/div><\/div><\/div><\/div><\/div>\n","protected":false},"excerpt":{"rendered":"<p>Traktas&nbsp;Vilnius-Kaunas Mar\u0161rutai: Neries Regioninis Parkas Trak\u0173 Istorinis Nacionalinis Parkas Bir\u0161tonas Neries Kilp\u0173 Regioninis Parkas Auk\u0161tadvario Regioninis Parkas Dievieni\u0161ki\u0173 Regioninis Parkas (Vilniaus Aps.) [blog_in_blog category_slug=&#8217;vilnius-kaunas&#8217;]<\/p>\n","protected":false},"author":1,"featured_media":0,"parent":15,"menu_order":0,"comment_status":"open","ping_status":"open","template":"","meta":{"inline_featured_image":false,"site-sidebar-layout":"default","site-content-layout":"default","ast-site-content-layout":"default","site-content-style":"default","site-sidebar-style":"default","ast-global-header-display":"","ast-banner-title-visibility":"","ast-main-header-display":"","ast-hfb-above-header-display":"","ast-hfb-below-header-display":"","ast-hfb-mobile-header-display":"","site-post-title":"","ast-breadcrumbs-content":"","ast-featured-img":"","footer-sml-layout":"","ast-disable-related-posts":"","theme-transparent-header-meta":"default","adv-header-id-meta":"","stick-header-meta":"","header-above-stick-meta":"","header-main-stick-meta":"","header-below-stick-meta":"","astra-migrate-meta-layouts":"default","ast-page-background-enabled":"default","ast-page-background-meta":{"desktop":{"background-color":"","background-image":"","background-repeat":"repeat","background-position":"center center","background-size":"auto","background-attachment":"scroll","background-type":"","background-media":"","overlay-type":"","overlay-color":"","overlay-opacity":"","overlay-gradient":""},"tablet":{"background-color":"","background-image":"","background-repeat":"repeat","background-position":"center center","background-size":"auto","background-attachment":"scroll","background-type":"","background-media":"","overlay-type":"","overlay-color":"","overlay-opacity":"","overlay-gradient":""},"mobile":{"background-color":"","background-image":"","background-repeat":"repeat","background-position":"center center","background-size":"auto","background-attachment":"scroll","background-type":"","background-media":"","overlay-type":"","overlay-color":"","overlay-opacity":"","overlay-gradient":""}},"ast-content-background-meta":{"desktop":{"background-color":"var(--ast-global-color-5)","background-image":"","background-repeat":"repeat","background-position":"center center","background-size":"auto","background-attachment":"scroll","background-type":"","background-media":"","overlay-type":"","overlay-color":"","overlay-opacity":"","overlay-gradient":""},"tablet":{"background-color":"var(--ast-global-color-5)","background-image":"","background-repeat":"repeat","background-position":"center center","background-size":"auto","background-attachment":"scroll","background-type":"","background-media":"","overlay-type":"","overlay-color":"","overlay-opacity":"","overlay-gradient":""},"mobile":{"background-color":"var(--ast-global-color-5)","background-image":"","background-repeat":"repeat","background-position":"center center","background-size":"auto","background-attachment":"scroll","background-type":"","background-media":"","overlay-type":"","overlay-color":"","overlay-opacity":"","overlay-gradient":""}},"footnotes":"","_links_to":"","_links_to_target":""},"categories":[],"tags":[],"ams_acf":[],"blocks":[{"blockName":null,"attrs":[],"innerBlocks":[],"innerHTML":"<h2>Traktas&nbsp;Vilnius-Kaunas<\/h2>\nMar\u0161rutai:\n<ul>\n \t<li>Neries Regioninis Parkas<\/li>\n \t<li>Trak\u0173 Istorinis Nacionalinis Parkas<\/li>\n \t<li>Bir\u0161tonas<\/li>\n \t<li>Neries Kilp\u0173 Regioninis Parkas<\/li>\n \t<li>Auk\u0161tadvario Regioninis Parkas<\/li>\n \t<li>Dievieni\u0161ki\u0173 Regioninis Parkas (Vilniaus Aps.)<\/li>\n<\/ul>\n\n<hr style=\"font-size: 13px;\">\n<p style=\"font-size: 13px;\">[blog_in_blog category_slug='vilnius-kaunas']<\/p>\n\n\n<hr>\n<p style=\"font-size: 13.333333969116211px;\">[iframe src=\"http:\/\/www.gpsies.com\/mapFolderOnly.do?id=11188\" width=\"600\" height=\"400\" frameborder=\"0\" scrolling=\"no\" marginheight=\"0\" marginwidth=\"0\"]<\/p>\n[pt_view id=\"f1b7539b79\"]","innerContent":["<h2>Traktas&nbsp;Vilnius-Kaunas<\/h2>\nMar\u0161rutai:\n<ul>\n \t<li>Neries Regioninis Parkas<\/li>\n \t<li>Trak\u0173 Istorinis Nacionalinis Parkas<\/li>\n \t<li>Bir\u0161tonas<\/li>\n \t<li>Neries Kilp\u0173 Regioninis Parkas<\/li>\n \t<li>Auk\u0161tadvario Regioninis Parkas<\/li>\n \t<li>Dievieni\u0161ki\u0173 Regioninis Parkas (Vilniaus Aps.)<\/li>\n<\/ul>\n\n<hr style=\"font-size: 13px;\">\n<p style=\"font-size: 13px;\">[blog_in_blog category_slug='vilnius-kaunas']<\/p>\n\n\n<hr>\n<p style=\"font-size: 13.333333969116211px;\">[iframe src=\"http:\/\/www.gpsies.com\/mapFolderOnly.do?id=11188\" width=\"600\" height=\"400\" frameborder=\"0\" scrolling=\"no\" marginheight=\"0\" marginwidth=\"0\"]<\/p>\n[pt_view id=\"f1b7539b79\"]"]}],"pwapp_after_post_content":null,"pwapp_before_post_content":null,"androapp_header":null,"pwapp_author":{"ID":1,"name":"admin","slug":"admin"},"pwapp_terms":[],"pwapp_feed_image_dimension_type":null,"pwapp_post_image":null,"share_image":null,"featured_image_showhide":null,"pwapp_excerpt":"<p>Traktas&nbsp;Vilnius-Kaunas Mar\u0161rutai: Neries Regioninis Parkas Trak\u0173 Istorinis Nacionalinis Parkas Bir\u0161tonas Neries Kilp\u0173 Regioninis Parkas Auk\u0161tadvario Regioninis Parkas Dievieni\u0161ki\u0173 Regioninis Parkas (Vilniaus Aps.) [blog_in_blog category_slug=&#8217;vilnius-kaunas&#8217;]<\/p>\n","pwapp_title":"Traktas Vilnius-Kaunas","androapp_image_list":[{"src":"https:\/\/velovilnius.lt\/veloland\/files\/2011\/09\/citytour1.jpg","height":200},{"src":"https:\/\/velovilnius.lt\/veloland\/files\/2013\/09\/LT1-Vilnius-KaunasX.jpg","height":200}],"pwapp_post_content":null,"pwapp_post_content_type":null,"pwapp_preview_type":"excerpt","androapp_failover_post_content_type":"","share_text":"","supercache":"androappsupercache","_links":{"self":[{"href":"https:\/\/velovilnius.lt\/veloland\/wp-json\/wp\/v2\/pages\/956"}],"collection":[{"href":"https:\/\/velovilnius.lt\/veloland\/wp-json\/wp\/v2\/pages"}],"about":[{"href":"https:\/\/velovilnius.lt\/veloland\/wp-json\/wp\/v2\/types\/page"}],"author":[{"embeddable":true,"href":"https:\/\/velovilnius.lt\/veloland\/wp-json\/wp\/v2\/users\/1"}],"replies":[{"embeddable":true,"href":"https:\/\/velovilnius.lt\/veloland\/wp-json\/wp\/v2\/comments?post=956"}],"version-history":[{"count":6,"href":"https:\/\/velovilnius.lt\/veloland\/wp-json\/wp\/v2\/pages\/956\/revisions"}],"predecessor-version":[{"id":925096,"href":"https:\/\/velovilnius.lt\/veloland\/wp-json\/wp\/v2\/pages\/956\/revisions\/925096"}],"up":[{"embeddable":true,"href":"https:\/\/velovilnius.lt\/veloland\/wp-json\/wp\/v2\/pages\/15"}],"wp:attachment":[{"href":"https:\/\/velovilnius.lt\/veloland\/wp-json\/wp\/v2\/media?parent=956"}],"wp:term":[{"taxonomy":"category","embeddable":true,"href":"https:\/\/velovilnius.lt\/veloland\/wp-json\/wp\/v2\/categories?post=956"},{"taxonomy":"post_tag","embeddable":true,"href":"https:\/\/velovilnius.lt\/veloland\/wp-json\/wp\/v2\/tags?post=956"}],"curies":[{"name":"wp","href":"https:\/\/api.w.org\/{rel}","templated":true}]}}