{"id":840,"date":"2011-10-31T16:02:06","date_gmt":"2011-10-31T14:02:06","guid":{"rendered":"http:\/\/www.dviratis.lt\/blog\/"},"modified":"2019-05-09T16:13:59","modified_gmt":"2019-05-09T13:13:59","slug":"siaures-lietuva","status":"publish","type":"page","link":"https:\/\/velovilnius.lt\/veloland\/marsrutai\/siaures-lietuva\/","title":{"rendered":"Auk\u0161taitja \/ \u0160iaur\u0117s Lietuva"},"content":{"rendered":"<h1><span style=\"font-size: 12px;\">Auk\u0161taitija (\u012f \u0161iaur\u0117s nuo Vilniaus)<\/span><\/h1>\n<ul style=\"font-size: 13.333333969116211px;\">\n<li>Labanoro Regioninis Parkas<\/li>\n<li>Gra\u017eut\u0117s Regioninis Parkas<\/li>\n<li>Asv\u0117jos Regioninis Parkas<\/li>\n<li>Sart\u0173 Regioninis Parkas<\/li>\n<li>Auk\u0161taitijos Nacionalinis Parkas<\/li>\n<\/ul>\n<hr \/>\n[blog_in_blog category_slug=&#8217;aukstaitija&#8217;]\n<hr style=\"font-size: 13.333333969116211px;\" \/>\n<p style=\"font-size: 13.333333969116211px;\"><span style=\"font-size: 13.333333969116211px; line-height: 1.6em;\">\n<!-- iframe plugin v.6.0 wordpress.org\/plugins\/iframe\/ -->\n<iframe loading=\"lazy\" src=\"http:\/\/www.gpsies.com\/mapFolderOnly.do?id=2795\" width=\"600\" height=\"400\" frameborder=\"0\" scrolling=\"no\" marginheight=\"0\" marginwidth=\"0\" class=\"iframe-class\"><\/iframe>\n<\/span><\/p>\n<div class=\"pt-cv-wrapper\"><div class=\"pt-cv-view pt-cv-grid pt-cv-colsys\" id=\"pt-cv-view-b3c838826n\"><div data-id=\"pt-cv-page-1\" class=\"pt-cv-page\" data-cvc=\"2\"><div class=\"col-md-6 col-sm-6 col-xs-12 pt-cv-content-item pt-cv-1-col\" ><div class='pt-cv-ifield'><a href=\"https:\/\/velovilnius.lt\/veloland\/anyksciu-regioninis-parkas-dviraciu-marsruto-aprasymas-ir-zemelapis\/\" class=\"_self pt-cv-href-thumbnail pt-cv-thumb-default\" target=\"_self\"><\/a>\n<h4 class=\"pt-cv-title\"><a href=\"https:\/\/velovilnius.lt\/veloland\/anyksciu-regioninis-parkas-dviraciu-marsruto-aprasymas-ir-zemelapis\/\" class=\"_self\" target=\"_self\">Anyk\u0161\u010di\u0173 regioninis parkas dvira\u010diu. Mar\u0161ruto apra\u0161ymas ir \u017eem\u0117lapis<\/a><\/h4>\n<div class=\"pt-cv-content\">\u0161altinis:\u00a0http:\/\/cosport.lt\/sportas\/dviraciu\/anyksciu-regioninis-parkas-dviraciu-marsruto-aprasymas-ir-zemelapis Ie\u0161kantys min\u010di\u0173 ir id\u0117j\u0173 turiningam ir aktyviam savaitgaliui tur\u0117t\u0173 atkreipti d\u0117mes\u012f \u012f Anyk\u0161\u010di\u0173 regionin\u012f park\u0105. Ir visai ne d\u0117l ...<br \/><div class=\"pt-cv-rmwrap\"><a href=\"https:\/\/velovilnius.lt\/veloland\/anyksciu-regioninis-parkas-dviraciu-marsruto-aprasymas-ir-zemelapis\/\" class=\"_self pt-cv-readmore btn btn-success\" target=\"_self\">Read More<\/a><\/div><\/div><\/div><\/div>\n<div class=\"col-md-6 col-sm-6 col-xs-12 pt-cv-content-item pt-cv-1-col\" ><div class='pt-cv-ifield'><a href=\"http:\/\/velovilnius.lt\/veloland\/marsrutai\/siaures-lietuva\/\" class=\"_self pt-cv-href-thumbnail pt-cv-thumb-default\" target=\"_self\"><img loading=\"lazy\" decoding=\"async\" width=\"395\" height=\"221\" src=\"https:\/\/velovilnius.lt\/veloland\/files\/2014\/03\/LT3AukstatijaX.jpg\" class=\"pt-cv-thumbnail\" alt=\"\" srcset=\"https:\/\/velovilnius.lt\/veloland\/files\/2014\/03\/LT3AukstatijaX.jpg 395w, https:\/\/velovilnius.lt\/veloland\/files\/2014\/03\/LT3AukstatijaX-20x11.jpg 20w\" sizes=\"(max-width: 395px) 100vw, 395px\" \/><\/a>\n<h4 class=\"pt-cv-title\"><a href=\"http:\/\/velovilnius.lt\/veloland\/marsrutai\/siaures-lietuva\/\" class=\"_self\" target=\"_self\">Auk\u0161taitija<\/a><\/h4>\n<div class=\"pt-cv-content\">\u012f &scaron;iaur\u0117s nuo Vilniaus be Vilniaus Labanoro Regioninis Parkas Gra\u017eut\u0117s Regioninis Parkas Asv\u0117jos Regioninis Parkas Sart\u0173 Regioninis Parkas Auk&scaron;taitijos Nacionalinis ...<br \/><div class=\"pt-cv-rmwrap\"><a href=\"http:\/\/velovilnius.lt\/veloland\/marsrutai\/siaures-lietuva\/\" class=\"_self pt-cv-readmore btn btn-success\" target=\"_self\">Read More<\/a><\/div><\/div><\/div><\/div>\n<div class=\"col-md-6 col-sm-6 col-xs-12 pt-cv-content-item pt-cv-1-col\" ><div class='pt-cv-ifield'><a href=\"https:\/\/velovilnius.lt\/veloland\/sirvetos-regininis-parkas\/\" class=\"_self pt-cv-href-thumbnail pt-cv-thumb-default\" target=\"_self\"><\/a>\n<h4 class=\"pt-cv-title\"><a href=\"https:\/\/velovilnius.lt\/veloland\/sirvetos-regininis-parkas\/\" class=\"_self\" target=\"_self\">Sirv\u0117tos regininis parkas<\/a><\/h4>\n<div class=\"pt-cv-content\">Dvira\u010di\u0173 mar&scaron;rutas Nr. 30 Dvira\u010di\u0173 mar&scaron;rutas Nr. 31 http:\/\/www.sirveta.lt\/index.php?option=com_content&amp;task=view&amp;id=109&amp;Itemid=87 Ma\u017easis &scaron;eimos dvira\u010di\u0173 takas ,,Ma\u017easis &scaron;eimos dvira\u010di\u0173 takas&rdquo; &#8211; &Scaron;ven\u010dionys-B\u0117lio e\u017eeras ...<br \/><div class=\"pt-cv-rmwrap\"><a href=\"https:\/\/velovilnius.lt\/veloland\/sirvetos-regininis-parkas\/\" class=\"_self pt-cv-readmore btn btn-success\" target=\"_self\">Read More<\/a><\/div><\/div><\/div><\/div>\n<div class=\"col-md-6 col-sm-6 col-xs-12 pt-cv-content-item pt-cv-1-col\" ><div class='pt-cv-ifield'><a href=\"https:\/\/velovilnius.lt\/veloland\/labanoro-parko-trasa\/\" class=\"_self pt-cv-href-thumbnail pt-cv-thumb-default\" target=\"_self\"><\/a>\n<h4 class=\"pt-cv-title\"><a href=\"https:\/\/velovilnius.lt\/veloland\/labanoro-parko-trasa\/\" class=\"_self\" target=\"_self\">Labanoro parko trasa<\/a><\/h4>\n<div class=\"pt-cv-content\">Pavadinimas \u00a0Vakarinis m\u0117lynasis p\u0117s\u010di\u0173j\u0173 ir dviratinink\u0173 \u017eiedas \u00a0 \u00a0 \u00a0\u00a0 Vieta\u00a0(Rajono, parko pavadinimas) Trumpas apra\u0161ymas 74 km Ypatingi klausimai: Koks ...<br \/><div class=\"pt-cv-rmwrap\"><a href=\"https:\/\/velovilnius.lt\/veloland\/labanoro-parko-trasa\/\" class=\"_self pt-cv-readmore btn btn-success\" target=\"_self\">Read More<\/a><\/div><\/div><\/div><\/div>\n<div class=\"col-md-6 col-sm-6 col-xs-12 pt-cv-content-item pt-cv-1-col\" ><div class='pt-cv-ifield'><a href=\"https:\/\/velovilnius.lt\/veloland\/kamastos-ziedas-prie-moletu\/\" class=\"_self pt-cv-href-thumbnail pt-cv-thumb-default\" target=\"_self\"><\/a>\n<h4 class=\"pt-cv-title\"><a href=\"https:\/\/velovilnius.lt\/veloland\/kamastos-ziedas-prie-moletu\/\" class=\"_self\" target=\"_self\">Kamastos \u017eiedas (prie Mol\u0117t\u0173)<\/a><\/h4>\n<div class=\"pt-cv-content\">Kontaktin\u0117 informacija Tel.: +370 672 90089 (Egl\u0117), +370 670 08859 &bdquo;Kamastos \u017eiedas&ldquo; Apie &Scaron;is pa\u017eintinis mar&scaron;rutas jums atskleis tikr\u0105, nepagra\u017eint\u0105 ...<br \/><div class=\"pt-cv-rmwrap\"><a href=\"https:\/\/velovilnius.lt\/veloland\/kamastos-ziedas-prie-moletu\/\" class=\"_self pt-cv-readmore btn btn-success\" target=\"_self\">Read More<\/a><\/div><\/div><\/div><\/div>\n<div class=\"col-md-6 col-sm-6 col-xs-12 pt-cv-content-item pt-cv-1-col\" ><div class='pt-cv-ifield'><a href=\"https:\/\/velovilnius.lt\/veloland\/grazutes-rp\/\" class=\"_self pt-cv-href-thumbnail pt-cv-thumb-default\" target=\"_self\"><\/a>\n<h4 class=\"pt-cv-title\"><a href=\"https:\/\/velovilnius.lt\/veloland\/grazutes-rp\/\" class=\"_self\" target=\"_self\">Gra\u017eut\u0117s Regioninis Parkas<\/a><\/h4>\n<div class=\"pt-cv-content\">Pavadinimas SU DVIRA\u010cIU PO GRA\u017dUT\u0116S REGIONIN\u012e PARK\u0104 Vieta (Rajono, parko pavadinimas) Trumpas apra&scaron;ymas 15 km &#8211; Antaliept\u0117s dvira\u010di\u0173 trasa 37 ...<br \/><div class=\"pt-cv-rmwrap\"><a href=\"https:\/\/velovilnius.lt\/veloland\/grazutes-rp\/\" class=\"_self pt-cv-readmore btn btn-success\" target=\"_self\">Read More<\/a><\/div><\/div><\/div><\/div>\n<div class=\"col-md-6 col-sm-6 col-xs-12 pt-cv-content-item pt-cv-1-col\" ><div class='pt-cv-ifield'><a href=\"https:\/\/velovilnius.lt\/veloland\/sartu-rp\/\" class=\"_self pt-cv-href-thumbnail pt-cv-thumb-default\" target=\"_self\"><\/a>\n<h4 class=\"pt-cv-title\"><a href=\"https:\/\/velovilnius.lt\/veloland\/sartu-rp\/\" class=\"_self\" target=\"_self\">Sart\u0173 RP<\/a><\/h4>\n<div class=\"pt-cv-content\">Sart\u0173 e\u017eeras EveryTrail &#8211; Dvira\u010di\u0173 trasa Sart\u0173 regioniniame parke &quot;Tarp Zalvio ir Zalv Dvira\u010di\u0173 trasa Sart\u0173 regioniniame parke &quot;Tarp Zalvio ...<br \/><div class=\"pt-cv-rmwrap\"><a href=\"https:\/\/velovilnius.lt\/veloland\/sartu-rp\/\" class=\"_self pt-cv-readmore btn btn-success\" target=\"_self\">Read More<\/a><\/div><\/div><\/div><\/div>\n<div class=\"col-md-6 col-sm-6 col-xs-12 pt-cv-content-item pt-cv-1-col\" ><div class='pt-cv-ifield'><a href=\"https:\/\/velovilnius.lt\/veloland\/kurtuvenu-dviraciu-takas\/\" class=\"_self pt-cv-href-thumbnail pt-cv-thumb-default\" target=\"_self\"><\/a>\n<h4 class=\"pt-cv-title\"><a href=\"https:\/\/velovilnius.lt\/veloland\/kurtuvenu-dviraciu-takas\/\" class=\"_self\" target=\"_self\">Kurtuv\u0117n\u0173 regioninis parkas<\/a><\/h4>\n<div class=\"pt-cv-content\">Kurtuv\u0117n\u0173 dvira\u010di\u0173 takas Pavadinimas: Kurtuv\u0117n\u0173 dvira\u010di\u0173 takas Vieta: &Scaron;iauli\u0173 r., Kurtuv\u0117n\u0173 regioninis parkas Trumpas apra&scaron;ymas: 1984 m. suprojektuotas 7 km ...<br \/><div class=\"pt-cv-rmwrap\"><a href=\"https:\/\/velovilnius.lt\/veloland\/kurtuvenu-dviraciu-takas\/\" class=\"_self pt-cv-readmore btn btn-success\" target=\"_self\">Read More<\/a><\/div><\/div><\/div><\/div>\n<div class=\"col-md-6 col-sm-6 col-xs-12 pt-cv-content-item pt-cv-1-col\" ><div class='pt-cv-ifield'><a href=\"https:\/\/velovilnius.lt\/veloland\/asvejos-parkos-trasa\/\" class=\"_self pt-cv-href-thumbnail pt-cv-thumb-default\" target=\"_self\"><\/a>\n<h4 class=\"pt-cv-title\"><a href=\"https:\/\/velovilnius.lt\/veloland\/asvejos-parkos-trasa\/\" class=\"_self\" target=\"_self\">Asvejos parkos trasa<\/a><\/h4>\n<div class=\"pt-cv-content\">\u200b Pavadinimas Asv\u0117jos parko trasa Vieta (Rajono, parko pavadinimas) Prie Dubing\u0173 miestelio Trumpas apra&scaron;ymas Vaizdinga 30 km trasa &scaron;alia Asv\u0117jos ...<br \/><div class=\"pt-cv-rmwrap\"><a href=\"https:\/\/velovilnius.lt\/veloland\/asvejos-parkos-trasa\/\" class=\"_self pt-cv-readmore btn btn-success\" target=\"_self\">Read More<\/a><\/div><\/div><\/div><\/div><\/div><\/div><\/div>\n","protected":false},"excerpt":{"rendered":"<p>Auk\u0161taitija (\u012f \u0161iaur\u0117s nuo Vilniaus) Labanoro Regioninis Parkas Gra\u017eut\u0117s Regioninis Parkas Asv\u0117jos Regioninis Parkas Sart\u0173 Regioninis Parkas Auk\u0161taitijos Nacionalinis Parkas [blog_in_blog category_slug=&#8217;aukstaitija&#8217;]<\/p>\n","protected":false},"author":1,"featured_media":0,"parent":15,"menu_order":0,"comment_status":"open","ping_status":"open","template":"","meta":{"inline_featured_image":false,"site-sidebar-layout":"default","site-content-layout":"","ast-site-content-layout":"default","site-content-style":"default","site-sidebar-style":"default","ast-global-header-display":"","ast-banner-title-visibility":"","ast-main-header-display":"","ast-hfb-above-header-display":"","ast-hfb-below-header-display":"","ast-hfb-mobile-header-display":"","site-post-title":"","ast-breadcrumbs-content":"","ast-featured-img":"","footer-sml-layout":"","ast-disable-related-posts":"","theme-transparent-header-meta":"","adv-header-id-meta":"","stick-header-meta":"","header-above-stick-meta":"","header-main-stick-meta":"","header-below-stick-meta":"","astra-migrate-meta-layouts":"default","ast-page-background-enabled":"default","ast-page-background-meta":{"desktop":{"background-color":"","background-image":"","background-repeat":"repeat","background-position":"center center","background-size":"auto","background-attachment":"scroll","background-type":"","background-media":"","overlay-type":"","overlay-color":"","overlay-opacity":"","overlay-gradient":""},"tablet":{"background-color":"","background-image":"","background-repeat":"repeat","background-position":"center center","background-size":"auto","background-attachment":"scroll","background-type":"","background-media":"","overlay-type":"","overlay-color":"","overlay-opacity":"","overlay-gradient":""},"mobile":{"background-color":"","background-image":"","background-repeat":"repeat","background-position":"center center","background-size":"auto","background-attachment":"scroll","background-type":"","background-media":"","overlay-type":"","overlay-color":"","overlay-opacity":"","overlay-gradient":""}},"ast-content-background-meta":{"desktop":{"background-color":"var(--ast-global-color-5)","background-image":"","background-repeat":"repeat","background-position":"center center","background-size":"auto","background-attachment":"scroll","background-type":"","background-media":"","overlay-type":"","overlay-color":"","overlay-opacity":"","overlay-gradient":""},"tablet":{"background-color":"var(--ast-global-color-5)","background-image":"","background-repeat":"repeat","background-position":"center center","background-size":"auto","background-attachment":"scroll","background-type":"","background-media":"","overlay-type":"","overlay-color":"","overlay-opacity":"","overlay-gradient":""},"mobile":{"background-color":"var(--ast-global-color-5)","background-image":"","background-repeat":"repeat","background-position":"center center","background-size":"auto","background-attachment":"scroll","background-type":"","background-media":"","overlay-type":"","overlay-color":"","overlay-opacity":"","overlay-gradient":""}},"footnotes":"","_links_to":"","_links_to_target":""},"categories":[],"tags":[],"ams_acf":[],"blocks":[{"blockName":null,"attrs":[],"innerBlocks":[],"innerHTML":"<h1><span style=\"font-size: 12px;\">Auk\u0161taitija (\u012f \u0161iaur\u0117s nuo Vilniaus)<\/span><\/h1>\n<ul style=\"font-size: 13.333333969116211px;\">\n \t<li>Labanoro Regioninis Parkas<\/li>\n \t<li>Gra\u017eut\u0117s Regioninis Parkas<\/li>\n \t<li>Asv\u0117jos Regioninis Parkas<\/li>\n \t<li>Sart\u0173 Regioninis Parkas<\/li>\n \t<li>Auk\u0161taitijos Nacionalinis Parkas<\/li>\n<\/ul>\n\n<hr \/>\n\n[blog_in_blog category_slug='aukstaitija']\n\n<hr style=\"font-size: 13.333333969116211px;\" \/>\n<p style=\"font-size: 13.333333969116211px;\"><span style=\"font-size: 13.333333969116211px; line-height: 1.6em;\">[iframe src=\"http:\/\/www.gpsies.com\/mapFolderOnly.do?id=2795\" width=\"600\" height=\"400\" frameborder=\"0\" scrolling=\"no\" marginheight=\"0\" marginwidth=\"0\"]<\/span><\/p>\n[pt_view id=\"b3c838826n\"]","innerContent":["<h1><span style=\"font-size: 12px;\">Auk\u0161taitija (\u012f \u0161iaur\u0117s nuo Vilniaus)<\/span><\/h1>\n<ul style=\"font-size: 13.333333969116211px;\">\n \t<li>Labanoro Regioninis Parkas<\/li>\n \t<li>Gra\u017eut\u0117s Regioninis Parkas<\/li>\n \t<li>Asv\u0117jos Regioninis Parkas<\/li>\n \t<li>Sart\u0173 Regioninis Parkas<\/li>\n \t<li>Auk\u0161taitijos Nacionalinis Parkas<\/li>\n<\/ul>\n\n<hr \/>\n\n[blog_in_blog category_slug='aukstaitija']\n\n<hr style=\"font-size: 13.333333969116211px;\" \/>\n<p style=\"font-size: 13.333333969116211px;\"><span style=\"font-size: 13.333333969116211px; line-height: 1.6em;\">[iframe src=\"http:\/\/www.gpsies.com\/mapFolderOnly.do?id=2795\" width=\"600\" height=\"400\" frameborder=\"0\" scrolling=\"no\" marginheight=\"0\" marginwidth=\"0\"]<\/span><\/p>\n[pt_view id=\"b3c838826n\"]"]}],"pwapp_after_post_content":null,"pwapp_before_post_content":null,"androapp_header":null,"pwapp_author":{"ID":1,"name":"admin","slug":"admin"},"pwapp_terms":[],"pwapp_feed_image_dimension_type":null,"pwapp_post_image":null,"share_image":null,"featured_image_showhide":null,"pwapp_excerpt":"<p>Auk\u0161taitija (\u012f \u0161iaur\u0117s nuo Vilniaus) Labanoro Regioninis Parkas Gra\u017eut\u0117s Regioninis Parkas Asv\u0117jos Regioninis Parkas Sart\u0173 Regioninis Parkas Auk\u0161taitijos Nacionalinis Parkas [blog_in_blog category_slug=&#8217;aukstaitija&#8217;]<\/p>\n","pwapp_title":"Auk\u0161taitja \/ \u0160iaur\u0117s Lietuva","androapp_image_list":[{"src":"https:\/\/velovilnius.lt\/veloland\/files\/2014\/03\/LT3AukstatijaX.jpg","height":200}],"pwapp_post_content":null,"pwapp_post_content_type":null,"pwapp_preview_type":"excerpt","androapp_failover_post_content_type":"","share_text":"","supercache":"androappsupercache","_links":{"self":[{"href":"https:\/\/velovilnius.lt\/veloland\/wp-json\/wp\/v2\/pages\/840"}],"collection":[{"href":"https:\/\/velovilnius.lt\/veloland\/wp-json\/wp\/v2\/pages"}],"about":[{"href":"https:\/\/velovilnius.lt\/veloland\/wp-json\/wp\/v2\/types\/page"}],"author":[{"embeddable":true,"href":"https:\/\/velovilnius.lt\/veloland\/wp-json\/wp\/v2\/users\/1"}],"replies":[{"embeddable":true,"href":"https:\/\/velovilnius.lt\/veloland\/wp-json\/wp\/v2\/comments?post=840"}],"version-history":[{"count":2,"href":"https:\/\/velovilnius.lt\/veloland\/wp-json\/wp\/v2\/pages\/840\/revisions"}],"predecessor-version":[{"id":924872,"href":"https:\/\/velovilnius.lt\/veloland\/wp-json\/wp\/v2\/pages\/840\/revisions\/924872"}],"up":[{"embeddable":true,"href":"https:\/\/velovilnius.lt\/veloland\/wp-json\/wp\/v2\/pages\/15"}],"wp:attachment":[{"href":"https:\/\/velovilnius.lt\/veloland\/wp-json\/wp\/v2\/media?parent=840"}],"wp:term":[{"taxonomy":"category","embeddable":true,"href":"https:\/\/velovilnius.lt\/veloland\/wp-json\/wp\/v2\/categories?post=840"},{"taxonomy":"post_tag","embeddable":true,"href":"https:\/\/velovilnius.lt\/veloland\/wp-json\/wp\/v2\/tags?post=840"}],"curies":[{"name":"wp","href":"https:\/\/api.w.org\/{rel}","templated":true}]}}