{"id":15,"date":"2010-11-01T14:57:52","date_gmt":"2010-11-01T12:57:52","guid":{"rendered":"http:\/\/www.dviratis.lt\/blog\/"},"modified":"2016-10-04T18:15:37","modified_gmt":"2016-10-04T15:15:37","slug":"marsrutai","status":"publish","type":"page","link":"https:\/\/velovilnius.lt\/veloland\/marsrutai\/","title":{"rendered":"Mar\u0161rutai"},"content":{"rendered":"<h2>Sveiki atvyk\u0119 \u012f Veloland.lt!<\/h2>\n<p style=\"text-align: center;\">Jei \u012fsivaizduojate, kad Lietuva gali tapti\u00a0<strong style=\"font-size: 13px; line-height: 1.2em;\">dviratinink\u0173 \u0161alimi, tuomet\u00a0\u010dia j\u016bs\u0173 svetain\u0117!<\/strong><strong style=\"line-height: 1.2em;\"><em>\u00a0<\/em><\/strong><\/p>\n<p><strong>\u0160io puslapio pirminis tikslas yra surinkti ir\u00a0\u00a0pateikti dvira\u010di\u0173 mar\u0161rutus Lietuvoje.<\/strong><\/p>\n<p><strong>a) laisvalaikiui:<\/strong><\/p>\n<ul>\n<li>Pirmoje skiltyje rasite\u00a0&#8222;oficial\u016bs&#8221; mar\u0161rutus dvira\u010diais. \u0160ie mar\u0161rutai\u00a0apra\u0161omi, \u017eenklinami arba kitaip<strong> \u012frengiami<\/strong>. Kai jie yra kai nors \u012frengti, tada juos galima pavadinti &#8222;trasomis&#8221;;<\/li>\n<li>Kadangi dvira\u010di\u0173 trasas Lietuvoje vistiek atrodo visai skirtingi, mes pasistengiame\u00a0kuo daugiau fakt\u0173\u00a0apie \u0161ias trasas atskleisti, kelio bukl\u0117, lankytinas vietas, nuotraukas ir&#8230;<\/li>\n<li>Toliau surenkiame tras\u0173 ir individuali\u0173 mar\u0161rut\u0173 apra\u0161ymus &#8230;<\/li>\n<li>Veloland yra susietas su kitomis iniciatyvomis Lietuvoje &#8211; Dviratinink\u0173 bendrija (dviratis.lt), Velo-City Vilnius.<br \/>\nTod\u0117l bus ir prane\u0161iama apie dvira\u010di\u0173 va\u017eiavimo skatinimo \u017eygius.<\/li>\n<\/ul>\n<p><strong>b) kasdieniniam va\u017eiavimui<\/strong><\/p>\n<ul>\n<li>kadangi labai priklauso nuo gyvenamosios vietos, mes tik pateikiame nuorodos;<\/li>\n<\/ul>\n<p>Kiekviena trasa laukia J\u016bs\u0173 vertinimo ir pastab\u0173.<\/p>\n<p>Komentuokite, paklauskitte ir prid\u0117kite savo mar\u0161rutus.<\/p>\n<h1>Atraskime Lietuv\u0105 dvira\u010di\u0173 ritmu!<\/h1>\n<hr \/>\n<h1><u>Regioninis paskirstymas<\/u><\/h1>\n<p>&nbsp;<\/p>\n<div class=\"pt-cv-wrapper\"><div class=\"pt-cv-view pt-cv-grid pt-cv-colsys\" id=\"pt-cv-view-f8fd3cb2mw\"><div data-id=\"pt-cv-page-1\" class=\"pt-cv-page cv-npf\" data-cvc=\"2\"><div class=\"col-md-6 col-sm-6 col-xs-12 pt-cv-content-item pt-cv-1-col\" ><div class='pt-cv-ifield'><div class=\"pt-cv-no-post\">\u012era\u0161\u0173 nerasta.<\/div><\/div><\/div><\/div><\/div><\/div>\n<ul>\n<li id=\"menu-item-889\" class=\"menu-item menu-item-type-post_type menu-item-object-page menu-item-889\" style=\"font-family: verdana, arial, georgia; line-height: normal; margin: 0px; padding: 0px; float: left;\">\n<p class=\"menu-item menu-item-type-post_type menu-item-object-page menu-item-889\" style=\"font-family: verdana, arial, georgia; line-height: normal; margin: 0px; padding: 0px; float: left;\"><span style=\"font-size: 12px;\"><strong><em>(atskiri seni tinklalapiai):<\/em><\/strong><\/span><\/p>\n<table class=\"menu-item menu-item-type-post_type menu-item-object-page menu-item-889\" style=\"font-family: verdana, arial, georgia; line-height: normal; margin: 0px; padding: 0px; float: left;\" border=\"0\" width=\"100%\" cellspacing=\"1\" cellpadding=\"1\">\n<tbody>\n<tr align=\"center\">\n<td width=\"50%\"><span style=\"font-size: 12px;\">a<\/span><br \/>\n<span style=\"font-size: 12px;\"><a href=\"http:\/\/www.bicycle.lt\/pajuriotrasa\/\" target=\"_blank\" rel=\"noopener\">Paj\u016brio dvira\u010di\u0173 trasa \u00bb<\/a><\/span><\/td>\n<td width=\"50%\"><\/td>\n<\/tr>\n<\/tbody>\n<\/table>\n<p class=\"menu-item menu-item-type-post_type menu-item-object-page menu-item-889\" style=\"font-family: verdana, arial, georgia; line-height: normal; margin: 0px; padding: 0px; float: left;\">\n<\/li>\n<\/ul>\n","protected":false},"excerpt":{"rendered":"<p>Sveiki atvyk\u0119 \u012f Veloland.lt! Jei \u012fsivaizduojate, kad Lietuva gali tapti\u00a0dviratinink\u0173 \u0161alimi, tuomet\u00a0\u010dia j\u016bs\u0173 svetain\u0117!\u00a0 \u0160io puslapio pirminis tikslas yra surinkti ir\u00a0\u00a0pateikti dvira\u010di\u0173 mar\u0161rutus Lietuvoje. a) laisvalaikiui: Pirmoje skiltyje rasite\u00a0&#8222;oficial\u016bs&#8221; mar\u0161rutus dvira\u010diais. \u0160ie mar\u0161rutai\u00a0apra\u0161omi, \u017eenklinami arba kitaip \u012frengiami. Kai jie yra kai nors \u012frengti, tada juos galima pavadinti &#8222;trasomis&#8221;; Kadangi dvira\u010di\u0173 trasas Lietuvoje vistiek atrodo visai [&hellip;]<\/p>\n","protected":false},"author":1,"featured_media":0,"parent":0,"menu_order":0,"comment_status":"open","ping_status":"closed","template":"","meta":{"inline_featured_image":false,"site-sidebar-layout":"default","site-content-layout":"","ast-site-content-layout":"default","site-content-style":"default","site-sidebar-style":"default","ast-global-header-display":"","ast-banner-title-visibility":"","ast-main-header-display":"","ast-hfb-above-header-display":"","ast-hfb-below-header-display":"","ast-hfb-mobile-header-display":"","site-post-title":"","ast-breadcrumbs-content":"","ast-featured-img":"","footer-sml-layout":"","ast-disable-related-posts":"","theme-transparent-header-meta":"","adv-header-id-meta":"","stick-header-meta":"","header-above-stick-meta":"","header-main-stick-meta":"","header-below-stick-meta":"","astra-migrate-meta-layouts":"default","ast-page-background-enabled":"default","ast-page-background-meta":{"desktop":{"background-color":"","background-image":"","background-repeat":"repeat","background-position":"center center","background-size":"auto","background-attachment":"scroll","background-type":"","background-media":"","overlay-type":"","overlay-color":"","overlay-opacity":"","overlay-gradient":""},"tablet":{"background-color":"","background-image":"","background-repeat":"repeat","background-position":"center center","background-size":"auto","background-attachment":"scroll","background-type":"","background-media":"","overlay-type":"","overlay-color":"","overlay-opacity":"","overlay-gradient":""},"mobile":{"background-color":"","background-image":"","background-repeat":"repeat","background-position":"center center","background-size":"auto","background-attachment":"scroll","background-type":"","background-media":"","overlay-type":"","overlay-color":"","overlay-opacity":"","overlay-gradient":""}},"ast-content-background-meta":{"desktop":{"background-color":"var(--ast-global-color-5)","background-image":"","background-repeat":"repeat","background-position":"center center","background-size":"auto","background-attachment":"scroll","background-type":"","background-media":"","overlay-type":"","overlay-color":"","overlay-opacity":"","overlay-gradient":""},"tablet":{"background-color":"var(--ast-global-color-5)","background-image":"","background-repeat":"repeat","background-position":"center center","background-size":"auto","background-attachment":"scroll","background-type":"","background-media":"","overlay-type":"","overlay-color":"","overlay-opacity":"","overlay-gradient":""},"mobile":{"background-color":"var(--ast-global-color-5)","background-image":"","background-repeat":"repeat","background-position":"center center","background-size":"auto","background-attachment":"scroll","background-type":"","background-media":"","overlay-type":"","overlay-color":"","overlay-opacity":"","overlay-gradient":""}},"footnotes":"","_links_to":"","_links_to_target":""},"categories":[],"tags":[],"ams_acf":[],"blocks":[{"blockName":null,"attrs":[],"innerBlocks":[],"innerHTML":"<h2>Sveiki atvyk\u0119 \u012f Veloland.lt!<\/h2>\r\n<p style=\"text-align: center;\">Jei \u012fsivaizduojate, kad Lietuva gali tapti\u00a0<strong style=\"font-size: 13px; line-height: 1.2em;\">dviratinink\u0173 \u0161alimi, tuomet\u00a0\u010dia j\u016bs\u0173 svetain\u0117!<\/strong><strong style=\"line-height: 1.2em;\"><em>\u00a0<\/em><\/strong><\/p>\r\n<strong>\u0160io puslapio pirminis tikslas yra surinkti ir\u00a0\u00a0pateikti dvira\u010di\u0173 mar\u0161rutus Lietuvoje.<\/strong>\r\n\r\n<strong>a) laisvalaikiui:<\/strong>\r\n<ul>\r\n \t<li>Pirmoje skiltyje rasite\u00a0\"oficial\u016bs\" mar\u0161rutus dvira\u010diais. \u0160ie mar\u0161rutai\u00a0apra\u0161omi, \u017eenklinami arba kitaip<strong> \u012frengiami<\/strong>. Kai jie yra kai nors \u012frengti, tada juos galima pavadinti \"trasomis\";<\/li>\r\n \t<li>Kadangi dvira\u010di\u0173 trasas Lietuvoje vistiek atrodo visai skirtingi, mes pasistengiame\u00a0kuo daugiau fakt\u0173\u00a0apie \u0161ias trasas atskleisti, kelio bukl\u0117, lankytinas vietas, nuotraukas ir...<\/li>\r\n \t<li>Toliau surenkiame tras\u0173 ir individuali\u0173 mar\u0161rut\u0173 apra\u0161ymus ...<\/li>\r\n \t<li>Veloland yra susietas su kitomis iniciatyvomis Lietuvoje - Dviratinink\u0173 bendrija (dviratis.lt), Velo-City Vilnius.\r\nTod\u0117l bus ir prane\u0161iama apie dvira\u010di\u0173 va\u017eiavimo skatinimo \u017eygius.<\/li>\r\n<\/ul>\r\n<strong>b) kasdieniniam va\u017eiavimui<\/strong>\r\n<ul>\r\n \t<li>kadangi labai priklauso nuo gyvenamosios vietos, mes tik pateikiame nuorodos;<\/li>\r\n<\/ul>\r\nKiekviena trasa laukia J\u016bs\u0173 vertinimo ir pastab\u0173.\r\n\r\nKomentuokite, paklauskitte ir prid\u0117kite savo mar\u0161rutus.\r\n<h1>Atraskime Lietuv\u0105 dvira\u010di\u0173 ritmu!<\/h1>\r\n\r\n<hr \/>\r\n\r\n<h1><u>Regioninis paskirstymas<\/u><\/h1>\r\n&nbsp;\r\n\r\n[pt_view id=\"f8fd3cb2mw\"]\r\n<ul>\r\n \t<li id=\"menu-item-889\" class=\"menu-item menu-item-type-post_type menu-item-object-page menu-item-889\" style=\"font-family: verdana, arial, georgia; line-height: normal; margin: 0px; padding: 0px; float: left;\">\r\n<p class=\"menu-item menu-item-type-post_type menu-item-object-page menu-item-889\" style=\"font-family: verdana, arial, georgia; line-height: normal; margin: 0px; padding: 0px; float: left;\"><span style=\"font-size: 12px;\"><strong><em>(atskiri seni tinklalapiai):<\/em><\/strong><\/span><\/p>\r\n\r\n<table class=\"menu-item menu-item-type-post_type menu-item-object-page menu-item-889\" style=\"font-family: verdana, arial, georgia; line-height: normal; margin: 0px; padding: 0px; float: left;\" border=\"0\" width=\"100%\" cellspacing=\"1\" cellpadding=\"1\">\r\n<tbody>\r\n<tr align=\"center\">\r\n<td width=\"50%\"><span style=\"font-size: 12px;\">a<\/span>\r\n<span style=\"font-size: 12px;\"><a href=\"http:\/\/www.bicycle.lt\/pajuriotrasa\/\" target=\"_blank\">Paj\u016brio dvira\u010di\u0173 trasa \u00bb<\/a><\/span><\/td>\r\n<td width=\"50%\"><\/td>\r\n<\/tr>\r\n<\/tbody>\r\n<\/table>\r\n<p class=\"menu-item menu-item-type-post_type menu-item-object-page menu-item-889\" style=\"font-family: verdana, arial, georgia; line-height: normal; margin: 0px; padding: 0px; float: left;\"><\/p>\r\n<\/li>\r\n<\/ul>","innerContent":["<h2>Sveiki atvyk\u0119 \u012f Veloland.lt!<\/h2>\r\n<p style=\"text-align: center;\">Jei \u012fsivaizduojate, kad Lietuva gali tapti\u00a0<strong style=\"font-size: 13px; line-height: 1.2em;\">dviratinink\u0173 \u0161alimi, tuomet\u00a0\u010dia j\u016bs\u0173 svetain\u0117!<\/strong><strong style=\"line-height: 1.2em;\"><em>\u00a0<\/em><\/strong><\/p>\r\n<strong>\u0160io puslapio pirminis tikslas yra surinkti ir\u00a0\u00a0pateikti dvira\u010di\u0173 mar\u0161rutus Lietuvoje.<\/strong>\r\n\r\n<strong>a) laisvalaikiui:<\/strong>\r\n<ul>\r\n \t<li>Pirmoje skiltyje rasite\u00a0\"oficial\u016bs\" mar\u0161rutus dvira\u010diais. \u0160ie mar\u0161rutai\u00a0apra\u0161omi, \u017eenklinami arba kitaip<strong> \u012frengiami<\/strong>. Kai jie yra kai nors \u012frengti, tada juos galima pavadinti \"trasomis\";<\/li>\r\n \t<li>Kadangi dvira\u010di\u0173 trasas Lietuvoje vistiek atrodo visai skirtingi, mes pasistengiame\u00a0kuo daugiau fakt\u0173\u00a0apie \u0161ias trasas atskleisti, kelio bukl\u0117, lankytinas vietas, nuotraukas ir...<\/li>\r\n \t<li>Toliau surenkiame tras\u0173 ir individuali\u0173 mar\u0161rut\u0173 apra\u0161ymus ...<\/li>\r\n \t<li>Veloland yra susietas su kitomis iniciatyvomis Lietuvoje - Dviratinink\u0173 bendrija (dviratis.lt), Velo-City Vilnius.\r\nTod\u0117l bus ir prane\u0161iama apie dvira\u010di\u0173 va\u017eiavimo skatinimo \u017eygius.<\/li>\r\n<\/ul>\r\n<strong>b) kasdieniniam va\u017eiavimui<\/strong>\r\n<ul>\r\n \t<li>kadangi labai priklauso nuo gyvenamosios vietos, mes tik pateikiame nuorodos;<\/li>\r\n<\/ul>\r\nKiekviena trasa laukia J\u016bs\u0173 vertinimo ir pastab\u0173.\r\n\r\nKomentuokite, paklauskitte ir prid\u0117kite savo mar\u0161rutus.\r\n<h1>Atraskime Lietuv\u0105 dvira\u010di\u0173 ritmu!<\/h1>\r\n\r\n<hr \/>\r\n\r\n<h1><u>Regioninis paskirstymas<\/u><\/h1>\r\n&nbsp;\r\n\r\n[pt_view id=\"f8fd3cb2mw\"]\r\n<ul>\r\n \t<li id=\"menu-item-889\" class=\"menu-item menu-item-type-post_type menu-item-object-page menu-item-889\" style=\"font-family: verdana, arial, georgia; line-height: normal; margin: 0px; padding: 0px; float: left;\">\r\n<p class=\"menu-item menu-item-type-post_type menu-item-object-page menu-item-889\" style=\"font-family: verdana, arial, georgia; line-height: normal; margin: 0px; padding: 0px; float: left;\"><span style=\"font-size: 12px;\"><strong><em>(atskiri seni tinklalapiai):<\/em><\/strong><\/span><\/p>\r\n\r\n<table class=\"menu-item menu-item-type-post_type menu-item-object-page menu-item-889\" style=\"font-family: verdana, arial, georgia; line-height: normal; margin: 0px; padding: 0px; float: left;\" border=\"0\" width=\"100%\" cellspacing=\"1\" cellpadding=\"1\">\r\n<tbody>\r\n<tr align=\"center\">\r\n<td width=\"50%\"><span style=\"font-size: 12px;\">a<\/span>\r\n<span style=\"font-size: 12px;\"><a href=\"http:\/\/www.bicycle.lt\/pajuriotrasa\/\" target=\"_blank\">Paj\u016brio dvira\u010di\u0173 trasa \u00bb<\/a><\/span><\/td>\r\n<td width=\"50%\"><\/td>\r\n<\/tr>\r\n<\/tbody>\r\n<\/table>\r\n<p class=\"menu-item menu-item-type-post_type menu-item-object-page menu-item-889\" style=\"font-family: verdana, arial, georgia; line-height: normal; margin: 0px; padding: 0px; float: left;\"><\/p>\r\n<\/li>\r\n<\/ul>"]}],"pwapp_after_post_content":null,"pwapp_before_post_content":null,"androapp_header":null,"pwapp_author":{"ID":1,"name":"admin","slug":"admin"},"pwapp_terms":[],"pwapp_feed_image_dimension_type":null,"pwapp_post_image":null,"share_image":null,"featured_image_showhide":null,"pwapp_excerpt":"<p>Sveiki atvyk\u0119 \u012f Veloland.lt! Jei \u012fsivaizduojate, kad Lietuva gali tapti\u00a0dviratinink\u0173 \u0161alimi, tuomet\u00a0\u010dia j\u016bs\u0173 svetain\u0117!\u00a0 \u0160io puslapio pirminis tikslas yra surinkti ir\u00a0\u00a0pateikti dvira\u010di\u0173 mar\u0161rutus Lietuvoje. a) laisvalaikiui: Pirmoje skiltyje rasite\u00a0&#8222;oficial\u016bs&#8221; mar\u0161rutus dvira\u010diais. \u0160ie mar\u0161rutai\u00a0apra\u0161omi, \u017eenklinami arba kitaip \u012frengiami. Kai jie yra kai nors \u012frengti, tada juos galima pavadinti &#8222;trasomis&#8221;; Kadangi dvira\u010di\u0173 trasas Lietuvoje vistiek atrodo visai [&hellip;]<\/p>\n","pwapp_title":"Mar\u0161rutai","androapp_image_list":[],"pwapp_post_content":null,"pwapp_post_content_type":null,"pwapp_preview_type":"excerpt","androapp_failover_post_content_type":"","share_text":"","supercache":"androappsupercache","_links":{"self":[{"href":"https:\/\/velovilnius.lt\/veloland\/wp-json\/wp\/v2\/pages\/15"}],"collection":[{"href":"https:\/\/velovilnius.lt\/veloland\/wp-json\/wp\/v2\/pages"}],"about":[{"href":"https:\/\/velovilnius.lt\/veloland\/wp-json\/wp\/v2\/types\/page"}],"author":[{"embeddable":true,"href":"https:\/\/velovilnius.lt\/veloland\/wp-json\/wp\/v2\/users\/1"}],"replies":[{"embeddable":true,"href":"https:\/\/velovilnius.lt\/veloland\/wp-json\/wp\/v2\/comments?post=15"}],"version-history":[{"count":23,"href":"https:\/\/velovilnius.lt\/veloland\/wp-json\/wp\/v2\/pages\/15\/revisions"}],"predecessor-version":[{"id":924731,"href":"https:\/\/velovilnius.lt\/veloland\/wp-json\/wp\/v2\/pages\/15\/revisions\/924731"}],"wp:attachment":[{"href":"https:\/\/velovilnius.lt\/veloland\/wp-json\/wp\/v2\/media?parent=15"}],"wp:term":[{"taxonomy":"category","embeddable":true,"href":"https:\/\/velovilnius.lt\/veloland\/wp-json\/wp\/v2\/categories?post=15"},{"taxonomy":"post_tag","embeddable":true,"href":"https:\/\/velovilnius.lt\/veloland\/wp-json\/wp\/v2\/tags?post=15"}],"curies":[{"name":"wp","href":"https:\/\/api.w.org\/{rel}","templated":true}]}}