{"id":715036,"date":"2020-09-04T12:14:00","date_gmt":"2020-09-04T09:14:00","guid":{"rendered":"http:\/\/velovilnius.lt\/?page_id=715036"},"modified":"2023-05-14T19:00:13","modified_gmt":"2023-05-14T16:00:13","slug":"bikeshops","status":"publish","type":"page","link":"https:\/\/velovilnius.lt\/lt\/bikeshops\/","title":{"rendered":"Dvira\u010di\u0173 remontas (taisyklos) ir parduotuv\u0117s Vilniuje (pilnas sara\u0161as + \u017eem\u0117lapis)"},"content":{"rendered":"(atnaujinta 2023 m. 05 m\u0117n.)<\/p>\n<h1><strong style=\"font-size: 16px; line-height: 1.2em;\">Dvira\u010di\u0173 taisymas (remontas) Vilniuje<\/strong><\/h1>\n<p>&amp;<br \/>\nSavo darbe prie atnaujinamo Vilniaus dvira\u010di\u0173 mar\u0161rut\u0173 \u017e\u0117m\u0117lapio teko sudaryti aktual\u0173, atnaujint\u0105 s\u0105ra\u0161\u0105 su visomis dvira\u010di\u0173 parduotuv\u0117mis Vilniuje. Dauguma teikia ir remonto paslaugas &#8211; bet pra\u0161au patikrinti patiems. Svarbios papildoma informacijos kokios \u017einojau prid\u0117jau prie pastab\u0173.<\/p>\n<p>Pastabos ir komentarai pra\u0161au \u012f <a href=\"mailto:info@velovilnius.lt\">info@velovilnius.lt<\/a><\/p>\n<h2>\u010dia dvira\u010di\u0173 parduotuv\u0117s Vilniuje google \u017eem\u0117lapis:<\/h2>\n<p>(informacija apie dvira\u010di\u0173 takus, kaln\u0173 dvira\u010di\u0173 trasas ir visokius dvira\u010di\u0173 mar\u0161rutus Vilniuje galite rasti puslapyje <a href=\"https:\/\/velovilnius.lt\/fahrradkarte-vilnius\/iki-kairenu-botanikos-sodo-ir-atgal\/\">velovilnius.lt\/bikemap<\/a>)<\/p>\n<p>https:\/\/www.google.com\/maps\/d\/edit?mid=1pkeaoIS_uPzbUn89ZoOwi9vv2bMy_6g&#038;usp=sharing<\/p>\n\n<!-- iframe plugin v.6.0 wordpress.org\/plugins\/iframe\/ -->\n<iframe loading=\"lazy\" src=\"https:\/\/www.google.com\/maps\/d\/u\/0\/embed?mid=1pkeaoIS_uPzbUn89ZoOwi9vv2bMy_6g\" width=\"640\" height=\"480\" scrolling=\"yes\" class=\"iframe-class\" frameborder=\"0\"><\/iframe>\n\n<h2>\u010dia dvira\u010di\u0173 taisykl\u0173 Vilniuje s\u0105ra\u0161as (be dvira\u010di\u0173 pardavimo):<\/h2>\n\n<!-- iframe plugin v.6.0 wordpress.org\/plugins\/iframe\/ -->\n<iframe loading=\"lazy\" src=\"https:\/\/docs.google.com\/spreadsheets\/d\/e\/2PACX-1vTj29xRrWNa2iM-BzF7zPDThfHJtiiaaLvl-I1m0Ul86TGXq5hnsC-mreGMKovu_faNW3YiRKWrIE6m\/pubhtml?gid=0&#038;amp;single=true&#038;amp;widget=true&#038;amp;headers=false\" width=\"100%\" height=\"500\" scrolling=\"yes\" class=\"iframe-class\" frameborder=\"0\"><\/iframe>\n\n<p>&nbsp;<\/p>\n<p>&nbsp;<\/p>\n<h2>\u010dia dvira\u010di\u0173 parduotuv\u0117s Vilniuje s\u0105ra\u0161as:<\/h2>\n<h1 class=\"western\"><u><b>dvira\u010di\u0173 parduotuv\u0117s (su remontu) \/ Bike shops and repair<\/b><\/u><\/h1>\n<p>&nbsp;<\/p>\n\n<!-- iframe plugin v.6.0 wordpress.org\/plugins\/iframe\/ -->\n<iframe loading=\"lazy\" src=\"https:\/\/docs.google.com\/spreadsheets\/d\/e\/2PACX-1vTj29xRrWNa2iM-BzF7zPDThfHJtiiaaLvl-I1m0Ul86TGXq5hnsC-mreGMKovu_faNW3YiRKWrIE6m\/pubhtml?gid=285334688&#038;amp;single=true&#038;amp;widget=true&#038;amp;headers=false\" width=\"100%\" height=\"500\" scrolling=\"yes\" class=\"iframe-class\" frameborder=\"0\"><\/iframe>\n\n<p>&nbsp;<\/p>\n<p>&nbsp;<\/p>\n<p>&nbsp;<\/p>\n<div class=\"mceTemp\"><\/div>\n<p>&nbsp;<\/p>\n<figure id=\"attachment_714192\" aria-describedby=\"caption-attachment-714192\" style=\"width: 400px\" class=\"wp-caption alignnone\"><a href=\"https:\/\/www.google.com\/maps\/d\/u\/0\/embed?mid=1cOYULAPIeVHJaA_pt7kdHh3ton0zykd4\" target=\"_blank\" rel=\"noopener\"><img loading=\"lazy\" decoding=\"async\" class=\"size-medium wp-image-714192\" src=\"http:\/\/velovilnius.lt\/wp-content\/uploads\/2020\/05\/bikeshops-400x250.png\" alt=\"\" width=\"400\" height=\"250\" srcset=\"https:\/\/velovilnius.lt\/wp-content\/uploads\/2020\/05\/bikeshops-400x250.png 400w, https:\/\/velovilnius.lt\/wp-content\/uploads\/2020\/05\/bikeshops-800x500.png 800w, https:\/\/velovilnius.lt\/wp-content\/uploads\/2020\/05\/bikeshops-100x63.png 100w, https:\/\/velovilnius.lt\/wp-content\/uploads\/2020\/05\/bikeshops-768x480.png 768w, https:\/\/velovilnius.lt\/wp-content\/uploads\/2020\/05\/bikeshops.png 1440w\" sizes=\"(max-width: 400px) 100vw, 400px\" \/><\/a><figcaption id=\"caption-attachment-714192\" class=\"wp-caption-text\">bike shops in Vilnius<\/figcaption><\/figure>","protected":false},"excerpt":{"rendered":"<p>(atnaujinta 2023 m. 05 m\u0117n.) Dvira\u010di\u0173 taisymas (remontas) Vilniuje &amp; Savo darbe prie atnaujinamo Vilniaus dvira\u010di\u0173 mar\u0161rut\u0173 \u017e\u0117m\u0117lapio teko sudaryti aktual\u0173, atnaujint\u0105 s\u0105ra\u0161\u0105 su visomis dvira\u010di\u0173 parduotuv\u0117mis Vilniuje. Dauguma teikia ir remonto paslaugas &#8211; bet pra\u0161au patikrinti patiems. Svarbios papildoma informacijos kokios \u017einojau prid\u0117jau prie pastab\u0173. Pastabos ir komentarai pra\u0161au \u012f info@velovilnius.lt \u010dia dvira\u010di\u0173 parduotuv\u0117s [&hellip;]<\/p>\n","protected":false},"author":1,"featured_media":714192,"parent":0,"menu_order":0,"comment_status":"closed","ping_status":"closed","template":"","meta":{"inline_featured_image":false,"site-sidebar-layout":"default","site-content-layout":"default","ast-site-content-layout":"default","site-content-style":"default","site-sidebar-style":"default","ast-global-header-display":"","ast-banner-title-visibility":"","ast-main-header-display":"","ast-hfb-above-header-display":"","ast-hfb-below-header-display":"","ast-hfb-mobile-header-display":"","site-post-title":"","ast-breadcrumbs-content":"","ast-featured-img":"","footer-sml-layout":"","ast-disable-related-posts":"","theme-transparent-header-meta":"default","adv-header-id-meta":"","stick-header-meta":"","header-above-stick-meta":"","header-main-stick-meta":"","header-below-stick-meta":"","astra-migrate-meta-layouts":"default","ast-page-background-enabled":"default","ast-page-background-meta":{"desktop":{"background-color":"","background-image":"","background-repeat":"repeat","background-position":"center center","background-size":"auto","background-attachment":"scroll","background-type":"","background-media":"","overlay-type":"","overlay-color":"","overlay-opacity":"","overlay-gradient":""},"tablet":{"background-color":"","background-image":"","background-repeat":"repeat","background-position":"center center","background-size":"auto","background-attachment":"scroll","background-type":"","background-media":"","overlay-type":"","overlay-color":"","overlay-opacity":"","overlay-gradient":""},"mobile":{"background-color":"","background-image":"","background-repeat":"repeat","background-position":"center center","background-size":"auto","background-attachment":"scroll","background-type":"","background-media":"","overlay-type":"","overlay-color":"","overlay-opacity":"","overlay-gradient":""}},"ast-content-background-meta":{"desktop":{"background-color":"var(--ast-global-color-5)","background-image":"","background-repeat":"repeat","background-position":"center center","background-size":"auto","background-attachment":"scroll","background-type":"","background-media":"","overlay-type":"","overlay-color":"","overlay-opacity":"","overlay-gradient":""},"tablet":{"background-color":"var(--ast-global-color-5)","background-image":"","background-repeat":"repeat","background-position":"center center","background-size":"auto","background-attachment":"scroll","background-type":"","background-media":"","overlay-type":"","overlay-color":"","overlay-opacity":"","overlay-gradient":""},"mobile":{"background-color":"var(--ast-global-color-5)","background-image":"","background-repeat":"repeat","background-position":"center center","background-size":"auto","background-attachment":"scroll","background-type":"","background-media":"","overlay-type":"","overlay-color":"","overlay-opacity":"","overlay-gradient":""}},"footnotes":"","_links_to":"","_links_to_target":""},"categories":[4,122,141],"tags":[159,438,437,230],"ams_acf":[],"pwapp_after_post_content":"","pwapp_before_post_content":"","androapp_header":"","pwapp_author":{"ID":1,"name":"admin","slug":"admin"},"pwapp_terms":{"category":[{"term_id":4,"name":"Routes by bike","slug":"marsrutai","term_group":0,"term_taxonomy_id":4,"taxonomy":"category","description":"mar\u0161rutai savaranki\u0161kam va\u017eiavimui \/ Routes for Independent Exploring \/ Routes zum Selbst-Erfahren","parent":0,"count":33,"filter":"raw","i18n_config":{"name":{"ts":{"en":"Routes by bike"}}},"cat_ID":4,"category_count":33,"category_description":"mar\u0161rutai savaranki\u0161kam va\u017eiavimui \/ Routes for Independent Exploring \/ Routes zum Selbst-Erfahren","cat_name":"Routes by bike","category_nicename":"marsrutai","category_parent":0,"ID":4},{"term_id":122,"name":"[:en]1st page[:de]Erste Seite[:lt]pirmas puslapis[:]","slug":"1stpage","term_group":0,"term_taxonomy_id":127,"taxonomy":"category","description":"","parent":0,"count":1,"filter":"raw","i18n_config":{"name":{"ts":{"en":"[:en]1st page[:de]Erste Seite[:lt]pirmas puslapis[:]"}}},"cat_ID":122,"category_count":1,"category_description":"","cat_name":"[:en]1st page[:de]Erste Seite[:lt]pirmas puslapis[:]","category_nicename":"1stpage","category_parent":0,"ID":122},{"term_id":141,"name":"[:en]Overview[:de]\u00dcberblick[:lt]Ap\u017evalga[:]","slug":"apzvalga","term_group":0,"term_taxonomy_id":148,"taxonomy":"category","description":"","parent":4,"count":9,"filter":"raw","i18n_config":{"name":{"ts":{"en":"[:en]Overview[:de]\u00dcberblick[:lt]Ap\u017evalga[:]"}}},"cat_ID":141,"category_count":9,"category_description":"","cat_name":"[:en]Overview[:de]\u00dcberblick[:lt]Ap\u017evalga[:]","category_nicename":"apzvalga","category_parent":4,"ID":141}],"post_tag":[{"term_id":159,"name":"1st page","slug":"1st-page","term_group":0,"term_taxonomy_id":159,"taxonomy":"post_tag","description":"","parent":0,"count":5,"filter":"raw","i18n_config":{"name":{"ts":{"en":"1st page"}}},"ID":159},{"term_id":438,"name":"1st page - Info","slug":"1st-page-info","term_group":0,"term_taxonomy_id":438,"taxonomy":"post_tag","description":"","parent":0,"count":4,"filter":"raw","i18n_config":{"name":{"ts":{"en":"1st page - Info"}}},"ID":438},{"term_id":437,"name":"1st page - Service","slug":"1st-page-service","term_group":0,"term_taxonomy_id":437,"taxonomy":"post_tag","description":"","parent":0,"count":3,"filter":"raw","i18n_config":{"name":{"ts":{"en":"1st page - Service"}}},"ID":437},{"term_id":230,"name":"Vilnius Bikemap","slug":"vilnius-bikemap","term_group":0,"term_taxonomy_id":230,"taxonomy":"post_tag","description":"","parent":0,"count":7,"filter":"raw","i18n_config":{"name":{"ts":{"en":"Vilnius Bikemap"}}},"ID":230}]},"pwapp_feed_image_dimension_type":"preview","featuredimage":"https:\/\/velovilnius.lt\/wp-content\/uploads\/2020\/05\/bikeshops-100x63.png","pwapp_post_image":"https:\/\/velovilnius.lt\/wp-content\/uploads\/2020\/05\/bikeshops-100x63.png","share_image":"https:\/\/velovilnius.lt\/wp-content\/uploads\/2020\/05\/bikeshops-100x63.png","featured_image_showhide":"show","featured_image":{"ID":714192,"excerpt":"bike shops in Vilnius","title":"bikeshops","source":"https:\/\/velovilnius.lt\/wp-content\/uploads\/2020\/05\/bikeshops-800x500.png"},"pwapp_excerpt":"<p>(atnaujinta 2023 m. 05 m\u0117n.) Dvira\u010di\u0173 taisymas (remontas) Vilniuje &amp; Savo darbe prie atnaujinamo Vilniaus dvira\u010di\u0173 mar\u0161rut\u0173 \u017e\u0117m\u0117lapio teko sudaryti aktual\u0173, atnaujint\u0105 s\u0105ra\u0161\u0105 su visomis dvira\u010di\u0173 parduotuv\u0117mis Vilniuje. Dauguma teikia ir remonto paslaugas &#8211; bet pra\u0161au patikrinti patiems. Svarbios papildoma informacijos kokios \u017einojau prid\u0117jau prie pastab\u0173. Pastabos ir komentarai pra\u0161au \u012f info@velovilnius.lt \u010dia dvira\u010di\u0173 parduotuv\u0117s [&hellip;]<\/p>\n","pwapp_title":"Dvira\u010di\u0173 remontas (taisyklos) ir parduotuv\u0117s Vilniuje (pilnas sara\u0161as + \u017eem\u0117lapis)","androapp_image_list":[{"description":"bike shops in Vilnius","src":"http:\/\/velovilnius.lt\/wp-content\/uploads\/2020\/05\/bikeshops-400x250.png","height":200}],"pwapp_post_content":"<style type=\"text\/css\">androapp img{\r\n    max-width: 100%;\r\n    height: auto;\r\n}\r\niframe{\r\n    max-width: 100%;    \r\n}\r\nfigure {\r\n    max-width: 100%;\r\n    height: auto;\r\n}\r\nimg{\r\n    max-width: 100% !important;\r\n    height: auto;\r\n}\r\ndiv {\r\n    max-width: 100% !important;\r\n}\r\nspan {\r\n    max-width:100%;\r\n    overflow: auto;\r\n}\r\naudio {\r\n    display:block;\r\n    visibility:visible !important;\r\n}\r\nvideo{\r\n    width:100%;\r\n    height:auto;\r\n}\r\n<\/style><div class='androapp'>(atnaujinta 2023 m. 05 m\u0117n.)<\/p>\n<h1><strong style=\"font-size: 16px; line-height: 1.2em;\">Dvira\u010di\u0173 taisymas (remontas) Vilniuje<\/strong><\/h1>\n<p>&amp;<br \/>\nSavo darbe prie atnaujinamo Vilniaus dvira\u010di\u0173 mar\u0161rut\u0173 \u017e\u0117m\u0117lapio teko sudaryti aktual\u0173, atnaujint\u0105 s\u0105ra\u0161\u0105 su visomis dvira\u010di\u0173 parduotuv\u0117mis Vilniuje. Dauguma teikia ir remonto paslaugas &#8211; bet pra\u0161au patikrinti patiems. Svarbios papildoma informacijos kokios \u017einojau prid\u0117jau prie pastab\u0173.<\/p>\n<p>Pastabos ir komentarai pra\u0161au \u012f <a href=\"mailto:info@velovilnius.lt\">info@velovilnius.lt<\/a><\/p>\n<h2>\u010dia dvira\u010di\u0173 parduotuv\u0117s Vilniuje google \u017eem\u0117lapis:<\/h2>\n<p>(informacija apie dvira\u010di\u0173 takus, kaln\u0173 dvira\u010di\u0173 trasas ir visokius dvira\u010di\u0173 mar\u0161rutus Vilniuje galite rasti puslapyje <a href=\"https:\/\/velovilnius.lt\/fahrradkarte-vilnius\/iki-kairenu-botanikos-sodo-ir-atgal\/\">velovilnius.lt\/bikemap<\/a>)<\/p>\n<p>https:\/\/www.google.com\/maps\/d\/edit?mid=1pkeaoIS_uPzbUn89ZoOwi9vv2bMy_6g&#038;usp=sharing<\/p>\n\n<!-- iframe plugin v.6.0 wordpress.org\/plugins\/iframe\/ -->\n<iframe loading=\"lazy\" src=\"https:\/\/www.google.com\/maps\/d\/u\/0\/embed?mid=1pkeaoIS_uPzbUn89ZoOwi9vv2bMy_6g\" width=\"640\" height=\"480\" scrolling=\"yes\" class=\"iframe-class\" frameborder=\"0\"><\/iframe>\n\n<h2>\u010dia dvira\u010di\u0173 taisykl\u0173 Vilniuje s\u0105ra\u0161as (be dvira\u010di\u0173 pardavimo):<\/h2>\n\n<!-- iframe plugin v.6.0 wordpress.org\/plugins\/iframe\/ -->\n<iframe loading=\"lazy\" src=\"https:\/\/docs.google.com\/spreadsheets\/d\/e\/2PACX-1vTj29xRrWNa2iM-BzF7zPDThfHJtiiaaLvl-I1m0Ul86TGXq5hnsC-mreGMKovu_faNW3YiRKWrIE6m\/pubhtml?gid=0&#038;amp;single=true&#038;amp;widget=true&#038;amp;headers=false\" width=\"100%\" height=\"500\" scrolling=\"yes\" class=\"iframe-class\" frameborder=\"0\"><\/iframe>\n\n<p>&nbsp;<\/p>\n<p>&nbsp;<\/p>\n<h2>\u010dia dvira\u010di\u0173 parduotuv\u0117s Vilniuje s\u0105ra\u0161as:<\/h2>\n<h1 class=\"western\"><u><b>dvira\u010di\u0173 parduotuv\u0117s (su remontu) \/ Bike shops and repair<\/b><\/u><\/h1>\n<p>&nbsp;<\/p>\n\n<!-- iframe plugin v.6.0 wordpress.org\/plugins\/iframe\/ -->\n<iframe loading=\"lazy\" src=\"https:\/\/docs.google.com\/spreadsheets\/d\/e\/2PACX-1vTj29xRrWNa2iM-BzF7zPDThfHJtiiaaLvl-I1m0Ul86TGXq5hnsC-mreGMKovu_faNW3YiRKWrIE6m\/pubhtml?gid=285334688&#038;amp;single=true&#038;amp;widget=true&#038;amp;headers=false\" width=\"100%\" height=\"500\" scrolling=\"yes\" class=\"iframe-class\" frameborder=\"0\"><\/iframe>\n\n<p>&nbsp;<\/p>\n<p>&nbsp;<\/p>\n<p>&nbsp;<\/p>\n<div class=\"mceTemp\"><\/div>\n<p>&nbsp;<\/p>\n<figure id=\"attachment_714192\" aria-describedby=\"caption-attachment-714192\" style=\"width: 400px\" class=\"wp-caption alignnone\"><a href=\"https:\/\/www.google.com\/maps\/d\/u\/0\/embed?mid=1cOYULAPIeVHJaA_pt7kdHh3ton0zykd4\" target=\"_blank\" rel=\"noopener\"><img loading=\"lazy\" decoding=\"async\" class=\"size-medium wp-image-714192\" src=\"http:\/\/velovilnius.lt\/wp-content\/uploads\/2020\/05\/bikeshops-400x250.png\" alt=\"\" width=\"400\" height=\"250\" srcset=\"https:\/\/velovilnius.lt\/wp-content\/uploads\/2020\/05\/bikeshops-400x250.png 400w, https:\/\/velovilnius.lt\/wp-content\/uploads\/2020\/05\/bikeshops-800x500.png 800w, https:\/\/velovilnius.lt\/wp-content\/uploads\/2020\/05\/bikeshops-100x63.png 100w, https:\/\/velovilnius.lt\/wp-content\/uploads\/2020\/05\/bikeshops-768x480.png 768w, https:\/\/velovilnius.lt\/wp-content\/uploads\/2020\/05\/bikeshops.png 1440w\" sizes=\"(max-width: 400px) 100vw, 400px\" \/><\/a><figcaption id=\"caption-attachment-714192\" class=\"wp-caption-text\">bike shops in Vilnius<\/figcaption><\/figure><\/div>","pwapp_post_content_type":"postprocessed2","pwapp_preview_type":"excerpt","androapp_failover_post_content_type":"","share_text":"Dvira\u010di\u0173 remontas (taisyklos) ir parduotuv\u0117s Vilniuje (pilnas sara\u0161as + \u017eem\u0117lapis)\nvia https:\/\/velovilnius.lt\/lt\/bikeshops\/","supercache":"androappsupercache","_links":{"self":[{"href":"https:\/\/velovilnius.lt\/lt\/wp-json\/wp\/v2\/pages\/715036"}],"collection":[{"href":"https:\/\/velovilnius.lt\/lt\/wp-json\/wp\/v2\/pages"}],"about":[{"href":"https:\/\/velovilnius.lt\/lt\/wp-json\/wp\/v2\/types\/page"}],"author":[{"embeddable":true,"href":"https:\/\/velovilnius.lt\/lt\/wp-json\/wp\/v2\/users\/1"}],"replies":[{"embeddable":true,"href":"https:\/\/velovilnius.lt\/lt\/wp-json\/wp\/v2\/comments?post=715036"}],"version-history":[{"count":10,"href":"https:\/\/velovilnius.lt\/lt\/wp-json\/wp\/v2\/pages\/715036\/revisions"}],"predecessor-version":[{"id":716093,"href":"https:\/\/velovilnius.lt\/lt\/wp-json\/wp\/v2\/pages\/715036\/revisions\/716093"}],"wp:featuredmedia":[{"embeddable":true,"href":"https:\/\/velovilnius.lt\/lt\/wp-json\/wp\/v2\/media\/714192"}],"wp:attachment":[{"href":"https:\/\/velovilnius.lt\/lt\/wp-json\/wp\/v2\/media?parent=715036"}],"wp:term":[{"taxonomy":"category","embeddable":true,"href":"https:\/\/velovilnius.lt\/lt\/wp-json\/wp\/v2\/categories?post=715036"},{"taxonomy":"post_tag","embeddable":true,"href":"https:\/\/velovilnius.lt\/lt\/wp-json\/wp\/v2\/tags?post=715036"}],"curies":[{"name":"wp","href":"https:\/\/api.w.org\/{rel}","templated":true}]}}