{"id":688413,"date":"2017-04-21T17:49:14","date_gmt":"2017-04-21T14:49:14","guid":{"rendered":"http:\/\/velovilnius.lt\/?page_id=688413"},"modified":"2021-04-21T15:11:59","modified_gmt":"2021-04-21T12:11:59","slug":"unsere-dienstleistungen","status":"publish","type":"page","link":"https:\/\/velovilnius.lt\/lt\/unsere-dienstleistungen\/","title":{"rendered":"M\u016bs\u0173 paslaugos"},"content":{"rendered":"<span style=\"color: #ff0000;\">2021 m. savo viet\u0105 u\u017esidar\u0117me.<\/span><br \/>\n<span style=\"color: #ff0000;\">D\u0117l dvira\u010dio nuomos pra\u0161ome kreiptis \u012f velotakas.lt<\/span><br \/>\n<span style=\"color: #ff0000;\">D\u0117l dvira\u010dio remonto pra\u0161ome kreiptis \u012f v\u0117tra cycles, Pylimo g. 31, vetra.shop<\/span><\/p>\n<p><span style=\"color: #ff0000;\">J\u016bs vis dar galite su mumis susiekti d\u0117l ekskursij\u0173 dvira\u010diasi ir vis\u0173 klausim\u0173 del dvira\u010di\u0173 ir naudojimo jais.<\/span><br \/>\n<span style=\"color: #ff0000;\">Mes liekame dvira\u010dio informacijos centru Vilniuje.<\/span><\/p>\n<hr \/>\n<p>\u0160itame skyriuje J\u016bs rasite i\u0161 ko mes pasistengiame gyventi:<\/p>\n<ul>\n<li>Kokybi\u0161ki\u0173 dvira\u010di\u0173 nuoma Vilniuje<\/li>\n<li>Miesto turas &#8222;Vilniaus kontrastai&#8221; kasdien ir ekskursij\u0173 dvira\u010diais organizavimas<\/li>\n<li>naudot\u0173 dvira\u010di\u0173 pardavimas (daugiausiai i\u0161 nuomos)<\/li>\n<\/ul>\n<hr \/>\n<div class=\"pt-cv-wrapper\"><div class=\"pt-cv-view pt-cv-grid pt-cv-colsys\" id=\"pt-cv-view-0089d77b63\"><div data-id=\"pt-cv-page-1\" class=\"pt-cv-page\" data-cvc=\"4\"><div class=\"col-md-3 col-sm-6 col-xs-12 pt-cv-content-item pt-cv-1-col\"  data-pid=\"686868\"><div class='pt-cv-ifield'><a href=\"https:\/\/velovilnius.lt\/fahrradkarte-vilnius\/iki-kairenu-botanikos-sodo-ir-atgal\/\" class=\"_self pt-cv-href-thumbnail pt-cv-thumb-default cvplbd\" target=\"_self\"><img loading=\"lazy\" decoding=\"async\" width=\"800\" height=\"800\" src=\"https:\/\/velovilnius.lt\/wp-content\/uploads\/2020\/04\/VBM2020-800x800.png\" class=\"pt-cv-thumbnail no-lazyload \" alt=\"Dvira\u010di\u0173 mar\u0161rut\u0173 \u017eem\u0117lapis (Vilnius, MTB, Trakai ...)  &gt;&gt;\" srcset=\"https:\/\/velovilnius.lt\/wp-content\/uploads\/2020\/04\/VBM2020-800x800.png 800w, https:\/\/velovilnius.lt\/wp-content\/uploads\/2020\/04\/VBM2020-400x400.png 400w, https:\/\/velovilnius.lt\/wp-content\/uploads\/2020\/04\/VBM2020-100x100.png 100w, https:\/\/velovilnius.lt\/wp-content\/uploads\/2020\/04\/VBM2020-768x768.png 768w, https:\/\/velovilnius.lt\/wp-content\/uploads\/2020\/04\/VBM2020.png 828w\" sizes=\"(max-width: 800px) 100vw, 800px\" data-no-lazy=\"1\" \/><\/a>\n<h2 class=\"pt-cv-title\"><a href=\"https:\/\/velovilnius.lt\/fahrradkarte-vilnius\/iki-kairenu-botanikos-sodo-ir-atgal\/\" class=\"_self cvplbd\" target=\"_self\">Dvira\u010di\u0173 mar\u0161rut\u0173 \u017eem\u0117lapis (Vilnius, MTB, Trakai &#8230;)  >><\/a><\/h2><\/div><\/div>\n<div class=\"col-md-3 col-sm-6 col-xs-12 pt-cv-content-item pt-cv-1-col\"  data-pid=\"3321\"><div class='pt-cv-ifield'><a href=\"http:\/\/velovilnius.lt\/unsere-dienstleistungen\/frankas-wurft\/\" class=\"_self pt-cv-href-thumbnail pt-cv-thumb-default cvplbd\" target=\"_self\"><img loading=\"lazy\" decoding=\"async\" width=\"800\" height=\"542\" src=\"https:\/\/velovilnius.lt\/wp-content\/uploads\/2015\/07\/vilnius-bike-tourNIK_0171-e1436961395122-800x542.png\" class=\"pt-cv-thumbnail no-lazyload \" alt=\"Turai dvira\u010diais &gt;&gt; DAUGIAU\" srcset=\"https:\/\/velovilnius.lt\/wp-content\/uploads\/2015\/07\/vilnius-bike-tourNIK_0171-e1436961395122-800x542.png 800w, https:\/\/velovilnius.lt\/wp-content\/uploads\/2015\/07\/vilnius-bike-tourNIK_0171-e1436961395122-400x271.png 400w, https:\/\/velovilnius.lt\/wp-content\/uploads\/2015\/07\/vilnius-bike-tourNIK_0171-e1436961395122-100x68.png 100w, https:\/\/velovilnius.lt\/wp-content\/uploads\/2015\/07\/vilnius-bike-tourNIK_0171-e1436961395122-768x520.png 768w, https:\/\/velovilnius.lt\/wp-content\/uploads\/2015\/07\/vilnius-bike-tourNIK_0171-e1436961395122.png 1000w, https:\/\/velovilnius.lt\/wp-content\/uploads\/2015\/07\/vilnius-bike-tourNIK_0171-e1436961395122-20x14.png 20w, https:\/\/velovilnius.lt\/wp-content\/uploads\/2015\/07\/vilnius-bike-tourNIK_0171-e1436961395122-512x347.png 512w\" sizes=\"(max-width: 800px) 100vw, 800px\" data-no-lazy=\"1\" \/><\/a>\n<h2 class=\"pt-cv-title\"><a href=\"http:\/\/velovilnius.lt\/unsere-dienstleistungen\/frankas-wurft\/\" class=\"_self cvplbd\" target=\"_self\">Turai dvira\u010diais >> DAUGIAU<\/a><\/h2><\/div><\/div>\n<div class=\"col-md-3 col-sm-6 col-xs-12 pt-cv-content-item pt-cv-1-col\"  data-pid=\"3319\"><div class='pt-cv-ifield'><a href=\"https:\/\/velovilnius.lt\/unsere-dienstleistungen\/dviraciu-nuoma-vilniuje\/spec-kaina-naktinis-tarifas\/\" class=\"_self pt-cv-href-thumbnail pt-cv-thumb-default cvplbd\" target=\"_self\"><img loading=\"lazy\" decoding=\"async\" width=\"753\" height=\"753\" src=\"https:\/\/velovilnius.lt\/wp-content\/uploads\/2015\/10\/IMG_20200202_161626-COLLAGE.jpg\" class=\"pt-cv-thumbnail no-lazyload \" alt=\"(English) Rental bike types 2020\" srcset=\"https:\/\/velovilnius.lt\/wp-content\/uploads\/2015\/10\/IMG_20200202_161626-COLLAGE.jpg 753w, https:\/\/velovilnius.lt\/wp-content\/uploads\/2015\/10\/IMG_20200202_161626-COLLAGE-400x400.jpg 400w, https:\/\/velovilnius.lt\/wp-content\/uploads\/2015\/10\/IMG_20200202_161626-COLLAGE-100x100.jpg 100w, https:\/\/velovilnius.lt\/wp-content\/uploads\/2015\/10\/IMG_20200202_161626-COLLAGE-20x20.jpg 20w\" sizes=\"(max-width: 753px) 100vw, 753px\" data-no-lazy=\"1\" \/><\/a>\n<h2 class=\"pt-cv-title\"><a href=\"https:\/\/velovilnius.lt\/unsere-dienstleistungen\/dviraciu-nuoma-vilniuje\/spec-kaina-naktinis-tarifas\/\" class=\"_self cvplbd\" target=\"_self\">Dvira\u010di\u0173 nuoma >> DAUGIAU<\/a><\/h2><\/div><\/div>\n<div class=\"col-md-3 col-sm-6 col-xs-12 pt-cv-content-item pt-cv-1-col\"  data-pid=\"3463\"><div class='pt-cv-ifield'><a href=\"https:\/\/velovilnius.lt\/lt\/blog\/kur-musu-rasite\/\" class=\"_self pt-cv-href-thumbnail pt-cv-thumb-default cvplbd\" target=\"_self\"><img loading=\"lazy\" decoding=\"async\" width=\"600\" height=\"800\" src=\"https:\/\/velovilnius.lt\/wp-content\/uploads\/2019\/04\/IMG_20190323_144755-600x800.jpg\" class=\"pt-cv-thumbnail no-lazyload \" alt=\"Kur mus rasite? Ir apie mus &gt;&gt;\" srcset=\"https:\/\/velovilnius.lt\/wp-content\/uploads\/2019\/04\/IMG_20190323_144755-600x800.jpg 600w, https:\/\/velovilnius.lt\/wp-content\/uploads\/2019\/04\/IMG_20190323_144755-300x400.jpg 300w, https:\/\/velovilnius.lt\/wp-content\/uploads\/2019\/04\/IMG_20190323_144755-75x100.jpg 75w, https:\/\/velovilnius.lt\/wp-content\/uploads\/2019\/04\/IMG_20190323_144755-768x1024.jpg 768w, https:\/\/velovilnius.lt\/wp-content\/uploads\/2019\/04\/IMG_20190323_144755-1152x1536.jpg 1152w, https:\/\/velovilnius.lt\/wp-content\/uploads\/2019\/04\/IMG_20190323_144755-750x1000.jpg 750w, https:\/\/velovilnius.lt\/wp-content\/uploads\/2019\/04\/IMG_20190323_144755-15x20.jpg 15w, https:\/\/velovilnius.lt\/wp-content\/uploads\/2019\/04\/IMG_20190323_144755-384x512.jpg 384w, https:\/\/velovilnius.lt\/wp-content\/uploads\/2019\/04\/IMG_20190323_144755.jpg 1200w\" sizes=\"(max-width: 600px) 100vw, 600px\" data-no-lazy=\"1\" \/><\/a>\n<h2 class=\"pt-cv-title\"><a href=\"https:\/\/velovilnius.lt\/lt\/blog\/kur-musu-rasite\/\" class=\"_self cvplbd\" target=\"_self\">Kur mus rasite? Ir apie mus >><\/a><\/h2><\/div><\/div><\/div><\/div><\/div>\t\t\t<style type=\"text\/css\" id=\"pt-cv-inline-style-b3642a7uxe\">#pt-cv-view-0089d77b63 .pt-cv-title a, #pt-cv-view-0089d77b63  .panel-title { font-weight: 600 !important; }\n#pt-cv-view-0089d77b63 .pt-cv-readmore  { color: #ffffff !important; background-color: #00aeef !important; }\n#pt-cv-view-0089d77b63 .pt-cv-readmore:hover  { color: #ffffff !important; background-color: #00aeef !important; }\n#pt-cv-view-0089d77b63  + .pt-cv-pagination-wrapper .pt-cv-more , #pt-cv-view-0089d77b63  + .pt-cv-pagination-wrapper .pagination .active a { color: #ffffff !important; background-color: #00aeef !important; }<\/style>","protected":false},"excerpt":{"rendered":"<p>2021 m. savo viet\u0105 u\u017esidar\u0117me. D\u0117l dvira\u010dio nuomos pra\u0161ome kreiptis \u012f velotakas.lt D\u0117l dvira\u010dio remonto pra\u0161ome kreiptis \u012f v\u0117tra cycles, Pylimo g. 31, vetra.shop J\u016bs vis dar galite su mumis susiekti d\u0117l ekskursij\u0173 dvira\u010diasi ir vis\u0173 klausim\u0173 del dvira\u010di\u0173 ir naudojimo jais. Mes liekame dvira\u010dio informacijos centru Vilniuje. \u0160itame skyriuje J\u016bs rasite i\u0161 ko mes [&hellip;]<\/p>\n","protected":false},"author":1,"featured_media":0,"parent":0,"menu_order":0,"comment_status":"closed","ping_status":"closed","template":"","meta":{"inline_featured_image":false,"site-sidebar-layout":"default","site-content-layout":"default","ast-site-content-layout":"default","site-content-style":"default","site-sidebar-style":"default","ast-global-header-display":"","ast-banner-title-visibility":"","ast-main-header-display":"","ast-hfb-above-header-display":"","ast-hfb-below-header-display":"","ast-hfb-mobile-header-display":"","site-post-title":"","ast-breadcrumbs-content":"","ast-featured-img":"","footer-sml-layout":"","ast-disable-related-posts":"","theme-transparent-header-meta":"default","adv-header-id-meta":"","stick-header-meta":"","header-above-stick-meta":"","header-main-stick-meta":"","header-below-stick-meta":"","astra-migrate-meta-layouts":"default","ast-page-background-enabled":"default","ast-page-background-meta":{"desktop":{"background-color":"","background-image":"","background-repeat":"repeat","background-position":"center center","background-size":"auto","background-attachment":"scroll","background-type":"","background-media":"","overlay-type":"","overlay-color":"","overlay-opacity":"","overlay-gradient":""},"tablet":{"background-color":"","background-image":"","background-repeat":"repeat","background-position":"center center","background-size":"auto","background-attachment":"scroll","background-type":"","background-media":"","overlay-type":"","overlay-color":"","overlay-opacity":"","overlay-gradient":""},"mobile":{"background-color":"","background-image":"","background-repeat":"repeat","background-position":"center center","background-size":"auto","background-attachment":"scroll","background-type":"","background-media":"","overlay-type":"","overlay-color":"","overlay-opacity":"","overlay-gradient":""}},"ast-content-background-meta":{"desktop":{"background-color":"var(--ast-global-color-5)","background-image":"","background-repeat":"repeat","background-position":"center center","background-size":"auto","background-attachment":"scroll","background-type":"","background-media":"","overlay-type":"","overlay-color":"","overlay-opacity":"","overlay-gradient":""},"tablet":{"background-color":"var(--ast-global-color-5)","background-image":"","background-repeat":"repeat","background-position":"center center","background-size":"auto","background-attachment":"scroll","background-type":"","background-media":"","overlay-type":"","overlay-color":"","overlay-opacity":"","overlay-gradient":""},"mobile":{"background-color":"var(--ast-global-color-5)","background-image":"","background-repeat":"repeat","background-position":"center center","background-size":"auto","background-attachment":"scroll","background-type":"","background-media":"","overlay-type":"","overlay-color":"","overlay-opacity":"","overlay-gradient":""}},"footnotes":"","_links_to":"","_links_to_target":""},"categories":[],"tags":[],"ams_acf":[],"pwapp_after_post_content":"","pwapp_before_post_content":"","androapp_header":"","pwapp_author":{"ID":1,"name":"admin","slug":"admin"},"pwapp_terms":[],"pwapp_feed_image_dimension_type":"preview","pwapp_post_image":null,"share_image":null,"featured_image_showhide":"show","pwapp_excerpt":"<p>2021 m. savo viet\u0105 u\u017esidar\u0117me. D\u0117l dvira\u010dio nuomos pra\u0161ome kreiptis \u012f velotakas.lt D\u0117l dvira\u010dio remonto pra\u0161ome kreiptis \u012f v\u0117tra cycles, Pylimo g. 31, vetra.shop J\u016bs vis dar galite su mumis susiekti d\u0117l ekskursij\u0173 dvira\u010diasi ir vis\u0173 klausim\u0173 del dvira\u010di\u0173 ir naudojimo jais. Mes liekame dvira\u010dio informacijos centru Vilniuje. \u0160itame skyriuje J\u016bs rasite i\u0161 ko mes [&hellip;]<\/p>\n","pwapp_title":"M\u016bs\u0173 paslaugos","androapp_image_list":[{"src":"https:\/\/velovilnius.lt\/wp-content\/uploads\/2020\/04\/VBM2020-800x800.png","height":200},{"src":"https:\/\/velovilnius.lt\/wp-content\/uploads\/2015\/07\/vilnius-bike-tourNIK_0171-e1436961395122-800x542.png","height":200},{"src":"https:\/\/velovilnius.lt\/wp-content\/uploads\/2015\/10\/IMG_20200202_161626-COLLAGE.jpg","height":200},{"src":"https:\/\/velovilnius.lt\/wp-content\/uploads\/2019\/04\/IMG_20190323_144755-600x800.jpg","height":200}],"pwapp_post_content":"<style type=\"text\/css\">androapp img{\r\n    max-width: 100%;\r\n    height: auto;\r\n}\r\niframe{\r\n    max-width: 100%;    \r\n}\r\nfigure {\r\n    max-width: 100%;\r\n    height: auto;\r\n}\r\nimg{\r\n    max-width: 100% !important;\r\n    height: auto;\r\n}\r\ndiv {\r\n    max-width: 100% !important;\r\n}\r\nspan {\r\n    max-width:100%;\r\n    overflow: auto;\r\n}\r\naudio {\r\n    display:block;\r\n    visibility:visible !important;\r\n}\r\nvideo{\r\n    width:100%;\r\n    height:auto;\r\n}\r\n<\/style><div class='androapp'><span style=\"color: #ff0000;\">2021 m. savo viet\u0105 u\u017esidar\u0117me.<\/span><br \/>\n<span style=\"color: #ff0000;\">D\u0117l dvira\u010dio nuomos pra\u0161ome kreiptis \u012f velotakas.lt<\/span><br \/>\n<span style=\"color: #ff0000;\">D\u0117l dvira\u010dio remonto pra\u0161ome kreiptis \u012f v\u0117tra cycles, Pylimo g. 31, vetra.shop<\/span><\/p>\n<p><span style=\"color: #ff0000;\">J\u016bs vis dar galite su mumis susiekti d\u0117l ekskursij\u0173 dvira\u010diasi ir vis\u0173 klausim\u0173 del dvira\u010di\u0173 ir naudojimo jais.<\/span><br \/>\n<span style=\"color: #ff0000;\">Mes liekame dvira\u010dio informacijos centru Vilniuje.<\/span><\/p>\n<hr \/>\n<p>\u0160itame skyriuje J\u016bs rasite i\u0161 ko mes pasistengiame gyventi:<\/p>\n<ul>\n<li>Kokybi\u0161ki\u0173 dvira\u010di\u0173 nuoma Vilniuje<\/li>\n<li>Miesto turas &#8222;Vilniaus kontrastai&#8221; kasdien ir ekskursij\u0173 dvira\u010diais organizavimas<\/li>\n<li>naudot\u0173 dvira\u010di\u0173 pardavimas (daugiausiai i\u0161 nuomos)<\/li>\n<\/ul>\n<hr \/>\n<div class=\"pt-cv-wrapper\"><div class=\"pt-cv-view pt-cv-grid pt-cv-colsys\" id=\"pt-cv-view-0089d77b63\"><div data-id=\"pt-cv-page-1\" class=\"pt-cv-page\" data-cvc=\"4\"><div class=\"col-md-3 col-sm-6 col-xs-12 pt-cv-content-item pt-cv-1-col\"  data-pid=\"686868\"><div class='pt-cv-ifield'><a href=\"https:\/\/velovilnius.lt\/fahrradkarte-vilnius\/iki-kairenu-botanikos-sodo-ir-atgal\/\" class=\"_self pt-cv-href-thumbnail pt-cv-thumb-default cvplbd\" target=\"_self\"><img loading=\"lazy\" decoding=\"async\" width=\"800\" height=\"800\" src=\"https:\/\/velovilnius.lt\/wp-content\/uploads\/2020\/04\/VBM2020-800x800.png\" class=\"pt-cv-thumbnail no-lazyload \" alt=\"Dvira\u010di\u0173 mar\u0161rut\u0173 \u017eem\u0117lapis (Vilnius, MTB, Trakai ...)  &gt;&gt;\" srcset=\"https:\/\/velovilnius.lt\/wp-content\/uploads\/2020\/04\/VBM2020-800x800.png 800w, https:\/\/velovilnius.lt\/wp-content\/uploads\/2020\/04\/VBM2020-400x400.png 400w, https:\/\/velovilnius.lt\/wp-content\/uploads\/2020\/04\/VBM2020-100x100.png 100w, https:\/\/velovilnius.lt\/wp-content\/uploads\/2020\/04\/VBM2020-768x768.png 768w, https:\/\/velovilnius.lt\/wp-content\/uploads\/2020\/04\/VBM2020.png 828w\" sizes=\"(max-width: 800px) 100vw, 800px\" data-no-lazy=\"1\" \/><\/a>\n<h2 class=\"pt-cv-title\"><a href=\"https:\/\/velovilnius.lt\/fahrradkarte-vilnius\/iki-kairenu-botanikos-sodo-ir-atgal\/\" class=\"_self cvplbd\" target=\"_self\">Dvira\u010di\u0173 mar\u0161rut\u0173 \u017eem\u0117lapis (Vilnius, MTB, Trakai &#8230;)  >><\/a><\/h2><\/div><\/div>\n<div class=\"col-md-3 col-sm-6 col-xs-12 pt-cv-content-item pt-cv-1-col\"  data-pid=\"3321\"><div class='pt-cv-ifield'><a href=\"http:\/\/velovilnius.lt\/unsere-dienstleistungen\/frankas-wurft\/\" class=\"_self pt-cv-href-thumbnail pt-cv-thumb-default cvplbd\" target=\"_self\"><img loading=\"lazy\" decoding=\"async\" width=\"800\" height=\"542\" src=\"https:\/\/velovilnius.lt\/wp-content\/uploads\/2015\/07\/vilnius-bike-tourNIK_0171-e1436961395122-800x542.png\" class=\"pt-cv-thumbnail no-lazyload \" alt=\"Turai dvira\u010diais &gt;&gt; DAUGIAU\" srcset=\"https:\/\/velovilnius.lt\/wp-content\/uploads\/2015\/07\/vilnius-bike-tourNIK_0171-e1436961395122-800x542.png 800w, https:\/\/velovilnius.lt\/wp-content\/uploads\/2015\/07\/vilnius-bike-tourNIK_0171-e1436961395122-400x271.png 400w, https:\/\/velovilnius.lt\/wp-content\/uploads\/2015\/07\/vilnius-bike-tourNIK_0171-e1436961395122-100x68.png 100w, https:\/\/velovilnius.lt\/wp-content\/uploads\/2015\/07\/vilnius-bike-tourNIK_0171-e1436961395122-768x520.png 768w, https:\/\/velovilnius.lt\/wp-content\/uploads\/2015\/07\/vilnius-bike-tourNIK_0171-e1436961395122.png 1000w, https:\/\/velovilnius.lt\/wp-content\/uploads\/2015\/07\/vilnius-bike-tourNIK_0171-e1436961395122-20x14.png 20w, https:\/\/velovilnius.lt\/wp-content\/uploads\/2015\/07\/vilnius-bike-tourNIK_0171-e1436961395122-512x347.png 512w\" sizes=\"(max-width: 800px) 100vw, 800px\" data-no-lazy=\"1\" \/><\/a>\n<h2 class=\"pt-cv-title\"><a href=\"http:\/\/velovilnius.lt\/unsere-dienstleistungen\/frankas-wurft\/\" class=\"_self cvplbd\" target=\"_self\">Turai dvira\u010diais >> DAUGIAU<\/a><\/h2><\/div><\/div>\n<div class=\"col-md-3 col-sm-6 col-xs-12 pt-cv-content-item pt-cv-1-col\"  data-pid=\"3319\"><div class='pt-cv-ifield'><a href=\"https:\/\/velovilnius.lt\/unsere-dienstleistungen\/dviraciu-nuoma-vilniuje\/spec-kaina-naktinis-tarifas\/\" class=\"_self pt-cv-href-thumbnail pt-cv-thumb-default cvplbd\" target=\"_self\"><img loading=\"lazy\" decoding=\"async\" width=\"753\" height=\"753\" src=\"https:\/\/velovilnius.lt\/wp-content\/uploads\/2015\/10\/IMG_20200202_161626-COLLAGE.jpg\" class=\"pt-cv-thumbnail no-lazyload \" alt=\"(English) Rental bike types 2020\" srcset=\"https:\/\/velovilnius.lt\/wp-content\/uploads\/2015\/10\/IMG_20200202_161626-COLLAGE.jpg 753w, https:\/\/velovilnius.lt\/wp-content\/uploads\/2015\/10\/IMG_20200202_161626-COLLAGE-400x400.jpg 400w, https:\/\/velovilnius.lt\/wp-content\/uploads\/2015\/10\/IMG_20200202_161626-COLLAGE-100x100.jpg 100w, https:\/\/velovilnius.lt\/wp-content\/uploads\/2015\/10\/IMG_20200202_161626-COLLAGE-20x20.jpg 20w\" sizes=\"(max-width: 753px) 100vw, 753px\" data-no-lazy=\"1\" \/><\/a>\n<h2 class=\"pt-cv-title\"><a href=\"https:\/\/velovilnius.lt\/unsere-dienstleistungen\/dviraciu-nuoma-vilniuje\/spec-kaina-naktinis-tarifas\/\" class=\"_self cvplbd\" target=\"_self\">Dvira\u010di\u0173 nuoma >> DAUGIAU<\/a><\/h2><\/div><\/div>\n<div class=\"col-md-3 col-sm-6 col-xs-12 pt-cv-content-item pt-cv-1-col\"  data-pid=\"3463\"><div class='pt-cv-ifield'><a href=\"https:\/\/velovilnius.lt\/lt\/blog\/kur-musu-rasite\/\" class=\"_self pt-cv-href-thumbnail pt-cv-thumb-default cvplbd\" target=\"_self\"><img loading=\"lazy\" decoding=\"async\" width=\"600\" height=\"800\" src=\"https:\/\/velovilnius.lt\/wp-content\/uploads\/2019\/04\/IMG_20190323_144755-600x800.jpg\" class=\"pt-cv-thumbnail no-lazyload \" alt=\"Kur mus rasite? Ir apie mus &gt;&gt;\" srcset=\"https:\/\/velovilnius.lt\/wp-content\/uploads\/2019\/04\/IMG_20190323_144755-600x800.jpg 600w, https:\/\/velovilnius.lt\/wp-content\/uploads\/2019\/04\/IMG_20190323_144755-300x400.jpg 300w, https:\/\/velovilnius.lt\/wp-content\/uploads\/2019\/04\/IMG_20190323_144755-75x100.jpg 75w, https:\/\/velovilnius.lt\/wp-content\/uploads\/2019\/04\/IMG_20190323_144755-768x1024.jpg 768w, https:\/\/velovilnius.lt\/wp-content\/uploads\/2019\/04\/IMG_20190323_144755-1152x1536.jpg 1152w, https:\/\/velovilnius.lt\/wp-content\/uploads\/2019\/04\/IMG_20190323_144755-750x1000.jpg 750w, https:\/\/velovilnius.lt\/wp-content\/uploads\/2019\/04\/IMG_20190323_144755-15x20.jpg 15w, https:\/\/velovilnius.lt\/wp-content\/uploads\/2019\/04\/IMG_20190323_144755-384x512.jpg 384w, https:\/\/velovilnius.lt\/wp-content\/uploads\/2019\/04\/IMG_20190323_144755.jpg 1200w\" sizes=\"(max-width: 600px) 100vw, 600px\" data-no-lazy=\"1\" \/><\/a>\n<h2 class=\"pt-cv-title\"><a href=\"https:\/\/velovilnius.lt\/lt\/blog\/kur-musu-rasite\/\" class=\"_self cvplbd\" target=\"_self\">Kur mus rasite? Ir apie mus >><\/a><\/h2><\/div><\/div><\/div><\/div><\/div>\t\t\t<style type=\"text\/css\" id=\"pt-cv-inline-style-b3642a7uxe\">#pt-cv-view-0089d77b63 .pt-cv-title a, #pt-cv-view-0089d77b63  .panel-title { font-weight: 600 !important; }\n#pt-cv-view-0089d77b63 .pt-cv-readmore  { color: #ffffff !important; background-color: #00aeef !important; }\n#pt-cv-view-0089d77b63 .pt-cv-readmore:hover  { color: #ffffff !important; background-color: #00aeef !important; }\n#pt-cv-view-0089d77b63  + .pt-cv-pagination-wrapper .pt-cv-more , #pt-cv-view-0089d77b63  + .pt-cv-pagination-wrapper .pagination .active a { color: #ffffff !important; background-color: #00aeef !important; }<\/style><\/div>","pwapp_post_content_type":"postprocessed2","pwapp_preview_type":"excerpt","androapp_failover_post_content_type":"","share_text":"2021 m. savo viet\u0105 u\u017esidar\u0117me. D\u0117l dvira\u010dio nuomos pra\u0161ome kreiptis \u012f velotakas.lt D\u0117l dvira\u010dio remonto pra\u0161ome kreiptis \u012f v\u0117tra cycles, Pylimo g. 31, vetra.shop J\u016bs vis dar galite su mumis susiekti d\u0117l ekskursij\u0173 dvira\u010diasi ir vis\u0173 klausim\u0173 del dvira\u010di\u0173 ir naudojimo jais. Mes liekame dvira\u010dio informacijos centru Vilniuje. \u0160itame skyriuje J\u016bs rasite i\u0161 ko mes [&hellip;]\n\nvia https:\/\/velovilnius.lt\/lt\/unsere-dienstleistungen\/","supercache":"androappsupercache","_links":{"self":[{"href":"https:\/\/velovilnius.lt\/lt\/wp-json\/wp\/v2\/pages\/688413"}],"collection":[{"href":"https:\/\/velovilnius.lt\/lt\/wp-json\/wp\/v2\/pages"}],"about":[{"href":"https:\/\/velovilnius.lt\/lt\/wp-json\/wp\/v2\/types\/page"}],"author":[{"embeddable":true,"href":"https:\/\/velovilnius.lt\/lt\/wp-json\/wp\/v2\/users\/1"}],"replies":[{"embeddable":true,"href":"https:\/\/velovilnius.lt\/lt\/wp-json\/wp\/v2\/comments?post=688413"}],"version-history":[{"count":5,"href":"https:\/\/velovilnius.lt\/lt\/wp-json\/wp\/v2\/pages\/688413\/revisions"}],"predecessor-version":[{"id":715515,"href":"https:\/\/velovilnius.lt\/lt\/wp-json\/wp\/v2\/pages\/688413\/revisions\/715515"}],"wp:attachment":[{"href":"https:\/\/velovilnius.lt\/lt\/wp-json\/wp\/v2\/media?parent=688413"}],"wp:term":[{"taxonomy":"category","embeddable":true,"href":"https:\/\/velovilnius.lt\/lt\/wp-json\/wp\/v2\/categories?post=688413"},{"taxonomy":"post_tag","embeddable":true,"href":"https:\/\/velovilnius.lt\/lt\/wp-json\/wp\/v2\/tags?post=688413"}],"curies":[{"name":"wp","href":"https:\/\/api.w.org\/{rel}","templated":true}]}}