{"id":688412,"date":"2017-04-21T17:39:29","date_gmt":"2017-04-21T14:39:29","guid":{"rendered":"http:\/\/velovilnius.lt\/?page_id=688412"},"modified":"2021-04-21T15:44:16","modified_gmt":"2021-04-21T12:44:16","slug":"kontaktai-apie-mus","status":"publish","type":"page","link":"https:\/\/velovilnius.lt\/lt\/httpvelovilnius-ltlt675326-2velosostine\/dviraciai-iki-e100\/kontaktai-apie-mus\/","title":{"rendered":"Kontaktai \/ Apie mus"},"content":{"rendered":"<h2><span style=\"color: #ff0000;\">2021 m. savo viet\u0105 u\u017esidar\u0117me.<\/span><br \/>\nD\u0117l dvira\u010dio nuomos pra\u0161ome kreiptis \u012f <a href=\"http:\/\/velotakas.lt\/\" target=\"_blank\" rel=\"nofollow noopener\">velotakas.lt<\/a><br \/>\nD\u0117l dvira\u010dio remonto pra\u0161ome kreiptis \u012f v\u0117tra cycles, Pylimo g. 31, <a href=\"http:\/\/vetra.shop\/\" target=\"_blank\" rel=\"nofollow noopener\">vetra.shop<\/a><\/p>\n<p>J\u016bs vis dar galite su mumis susiekti d\u0117l ekskursij\u0173 dvira\u010diasi ir vis\u0173 klausim\u0173 del dvira\u010di\u0173 ir naudojimo jais.<br \/>\nMes liekame dvira\u010dio informacijos centru Vilniuje.<\/h2>\n<h2><\/h2>\n<h2><del>Velo-City Vilnius vasaros sezonas:<\/del><\/h2>\n<p><del>nuo \u00a0baland\u017eio m\u0117n. 15 d. iki rugs\u0117jo 15 d.<\/del><\/p>\n<p><del>darbo valandos: nuo 10 val. iki 20 val.\u00a0<strong>kasdien be i\u0161eigini\u0173<\/strong><\/del><\/p>\n<p><del>miesto turas dvira\u010diais (Angl\u0173 kalba): kasdien (i\u0161skyrus sekmadienio) 11 val.<\/del><\/p>\n<h3><del>Velo-City Vilnius \u017eiemos sezonas:<\/del><\/h3>\n<p><del>tarp spalio ir kovo m\u0117n. pra\u0161ome susiderinti paslaugas<\/del><br \/>\n<del>(nuomas, remontas, turai ir tt.)<\/del><\/p>\n<h2><del>Kontaktai susisiekimui<\/del><\/h2>\n<p><del>telefonas +370 674 12123<\/del><\/p>\n<p><del>el. pa\u0161tas: \u00a0<a href=\"mailto:info@velovilnius.lt\" target=\"_blank\" rel=\"noopener noreferrer\">info@velovilnius.lt<\/a><\/del><\/p>\n<p><del>Facebook: <a href=\"https:\/\/www.facebook.com\/velovilnius\" target=\"_blank\" rel=\"noopener\">https:\/\/www.facebook.com\/velovilnius<\/a><\/del><\/p>\n<h3><del>M\u016bs\u0173 adresas<\/del><\/h3>\n<p><del>Nuo 2016 m. kovo pasveikinsiu Jus m\u016bs\u0173 naujoje vietoje<\/del><\/p>\n<p><del><strong>Pylimo g. 31 (<\/strong>netoli Sinagogos)<\/del><br \/>\n<del>01309 Vilnius<\/del><\/p>\n<h3><del>\u012emon\u0117s rekvizitai:<\/del><\/h3>\n<p><del>UAB &#8222;Baltic cycle&#8221;<\/del><br \/>\n<del>\u012emon\u0117s kodas: 302258536<\/del><br \/>\n<del>PVM kodas: n\u0117ra<\/del><\/p>\n<hr \/>\n<p><del>\n<!-- iframe plugin v.6.0 wordpress.org\/plugins\/iframe\/ -->\n<iframe loading=\"lazy\" width=\"550\" height=\"500\" frameborder=\"0\" scrolling=\"yes\" marginheight=\"0\" marginwidth=\"0\" src=\"http:\/\/www.openstreetmap.org\/export\/embed.html?bbox=25.27700901031494%2C54.6762069282033%2C25.28299570083618%2C54.67774533614524&#038;layer=cyclemap&#038;marker=54.676976139460486%2C25.28000235557556\" style=\"border: 1px solid black\" class=\"iframe-class\"><\/iframe>\n<\/del><\/p>\n<p><del><a href=\"http:\/\/www.openstreetmap.org\/?mlat=54.67697&amp;mlon=25.28002#map=18\/54.67697\/25.28002&amp;layers=C\" target=\"_blank\" rel=\"noopener\">View Larger Map<\/a><\/del><\/p>\n<p>&nbsp;<\/p>\n<h1 style=\"text-align: center;\"><del><b>Call-a-bike<\/b><\/del><\/h1>\n<p style=\"text-align: center;\"><del>Tel.: +370 674 12 123<\/del><\/p>\n<p style=\"text-align: center;\"><del><a href=\"mailto:info@velovilnius.lt\">info@velovilnius.lt<\/a><\/del><\/p>\n<p style=\"text-align: center;\"><del><span style=\"color: #ff0000;\"><i><b>Nuo Spalio iki Kovo m\u0117n. tik pagal i\u0161ankstin\u012f susitarim\u0105<\/b><\/i><\/span><\/del><\/p>\n<p style=\"text-align: center;\"><del><span style=\"color: #ff0000;\"><i><b>Oct.-March on appointment only!<\/b><\/i><\/span><\/del><\/p>\n<p><del><!--: si-contact-form form='1'--><\/del><\/p>\n<h1 style=\"text-align: center;\"><\/h1>\n<p><del>\u010cia galite i\u0161sinuomoti kokybi\u0161k\u0105 dvirat\u012f<\/del><\/p>\n<p><del>Nuomos punktas veikia kasdien nuo 10 iki 20 val., nuo baland\u017eio iki rugs\u0117jo<\/del><br \/>\n<del>\u010cia kiekvien\u0105 dien\u0105 (i\u0161skyrus sekmadien\u012f) 11 val. prasideda miesto turas dvira\u010diais &#8222;Vilnius kontrastai&#8221;<\/del><\/p>\n<p>&nbsp;<\/p>\n<p>KONTAKTAI <em>velo-city.lt naujienos:<\/em><br \/>\n<a href=\"http:\/\/feeds.feedburner.com\/velo-city\/TTzF\" target=\"_blank\" rel=\"noopener\">RSS<\/a> (prane\u0161a apie tinklalapio naujienas)<br \/>\n&#8230; <a href=\"https:\/\/twitter.com\/VeloCityLT\" target=\"_blank\" rel=\"noopener\">TWITTER <\/a><br \/>\n&#8230; <a href=\"http:\/\/www.facebook.com\/pages\/Vilnius-Lithuania\/Velo-citylt\/131761637657\" target=\"_blank\" rel=\"noopener\"> FACEBOOK<\/a><\/p>\n<hr \/>\n<p>Velo-City Vilnius \u2013 tai socialinis verslas, kurio tikslas \u2013 vystyti miesto dvira\u010di\u0173 kult\u016br\u0105 Lietuvoje. I\u0161vertus i\u0161 angl\u0173 kalbos \u201cVelo-City\u201d rei\u0161kia \u201cDvira\u010di\u0173 miestas\u201d. Tai miestas, kuriame dviratis yra mylima, gerbiama ir pilnateis\u0117 transporto priemon\u0117. Paverskime Lietuvos miestus gyvais \u017ealiais dvira\u010di\u0173 miestais vystydami dvira\u010di\u0173 kult\u016br\u0105 kartu!<\/p>\n<div>\n<p><strong>VELO-CITY VILNIUS KOMANDA 2016 m.<\/strong><\/p>\n<p><img loading=\"lazy\" decoding=\"async\" class=\"alignnone size-medium wp-image-677059\" src=\"http:\/\/velovilnius.lt\/wp-content\/uploads\/2015\/09\/IMG_20160615_123312-300x169.jpg\" alt=\"\" width=\"300\" height=\"169\" \/><\/p>\n<p><strong>ISTORIJA<\/strong><\/p>\n<p>Velo \u2013 City prad\u017eia \u2013 2008 metai, kuomet trys bi\u010diuliai \u2013 Frankas Wurft, Jonas Dovyd\u0117nas ir Dainius Lanauskas \u012fsteig\u0117 u\u017edar\u0105j\u0105 akcin\u0119 bendrov\u0119 \u201eBaltic Cycle\u201c. Ilgainiui Jonas ir Dainius pasuko naujais kelias (abu jie\u00a0Velotaksi\u00a0paslaugos pradininkai Vilniaus mieste o \u0161iuo metu pl\u0117toja kitas iniciatyvas). O \u012fmon\u0117s vair\u0105 per\u0117m\u0117 Frankas Wurft \u2013 ilgametis aktyvus Lietuvos dvira\u010di\u0173 bendrijos valdybos narys, vienas i\u0161 informacini\u0173 svetaini\u0173 dvira\u010di\u0173 m\u0117g\u0117jams\u00a0<a href=\"http:\/\/www.balticcycle.eu\/\" target=\"_blank\" rel=\"noopener noreferrer\">www.balticcycle.eu<\/a>\u00a0ir\u00a0<a href=\"http:\/\/www.dviratis.lt\/\" target=\"_blank\" rel=\"noopener noreferrer\">www.dviratis.lt<\/a>\u00a0\u012fk\u016br\u0117j\u0173.<\/p>\n<p><img loading=\"lazy\" decoding=\"async\" class=\"aligncenter size-full wp-image-1743\" title=\"credit-card-icons2\" src=\"http:\/\/velovilnius.lt\/wp-content\/uploads\/2011\/07\/credit-card-icons21.gif\" alt=\"\" width=\"149\" height=\"20\" \/><\/p>\n<hr \/>\n<h1>M\u016bs\u0173 komanda<\/h1>\n<p><strong>VELO-CITY KOMANDA 2013\u00a0m.<\/strong><\/p>\n<p><a href=\"http:\/\/velovilnius.lt\/wp-content\/uploads\/2011\/09\/theteam2013-e1370960036642.png\"><img loading=\"lazy\" decoding=\"async\" class=\"size-medium wp-image-4098 aligncenter\" src=\"http:\/\/velovilnius.lt\/wp-content\/uploads\/2011\/09\/theteam2013-e1370960036642-300x291.png\" alt=\"theteam2013\" width=\"300\" height=\"291\" \/><\/a><\/p>\n<p><strong>VELO-CITY TEAM 2012<\/strong><\/p>\n<p><img decoding=\"async\" class=\"aligncenter\" style=\"margin: 0px; padding: 0px; border: 0px none; font-size: 13px; vertical-align: middle; background-color: transparent; height: 304px; width: 300px;\" src=\"http:\/\/www.velovilnius.lt\/wp-content\/uploads\/2011\/09\/DSC03790gut.jpg\" alt=\"\" \/><\/p>\n<\/div>","protected":false},"excerpt":{"rendered":"<p>2021 m. savo viet\u0105 u\u017esidar\u0117me. D\u0117l dvira\u010dio nuomos pra\u0161ome kreiptis \u012f velotakas.lt D\u0117l dvira\u010dio remonto pra\u0161ome kreiptis \u012f v\u0117tra cycles, Pylimo g. 31, vetra.shop J\u016bs vis dar galite su mumis susiekti d\u0117l ekskursij\u0173 dvira\u010diasi ir vis\u0173 klausim\u0173 del dvira\u010di\u0173 ir naudojimo jais. Mes liekame dvira\u010dio informacijos centru Vilniuje. Velo-City Vilnius vasaros sezonas: nuo \u00a0baland\u017eio m\u0117n. [&hellip;]<\/p>\n","protected":false},"author":1,"featured_media":4794,"parent":675326,"menu_order":0,"comment_status":"closed","ping_status":"closed","template":"","meta":{"inline_featured_image":false,"site-sidebar-layout":"default","site-content-layout":"default","ast-site-content-layout":"default","site-content-style":"default","site-sidebar-style":"default","ast-global-header-display":"","ast-banner-title-visibility":"","ast-main-header-display":"","ast-hfb-above-header-display":"","ast-hfb-below-header-display":"","ast-hfb-mobile-header-display":"","site-post-title":"","ast-breadcrumbs-content":"","ast-featured-img":"","footer-sml-layout":"","ast-disable-related-posts":"","theme-transparent-header-meta":"default","adv-header-id-meta":"","stick-header-meta":"","header-above-stick-meta":"","header-main-stick-meta":"","header-below-stick-meta":"","astra-migrate-meta-layouts":"default","ast-page-background-enabled":"default","ast-page-background-meta":{"desktop":{"background-color":"","background-image":"","background-repeat":"repeat","background-position":"center center","background-size":"auto","background-attachment":"scroll","background-type":"","background-media":"","overlay-type":"","overlay-color":"","overlay-opacity":"","overlay-gradient":""},"tablet":{"background-color":"","background-image":"","background-repeat":"repeat","background-position":"center center","background-size":"auto","background-attachment":"scroll","background-type":"","background-media":"","overlay-type":"","overlay-color":"","overlay-opacity":"","overlay-gradient":""},"mobile":{"background-color":"","background-image":"","background-repeat":"repeat","background-position":"center center","background-size":"auto","background-attachment":"scroll","background-type":"","background-media":"","overlay-type":"","overlay-color":"","overlay-opacity":"","overlay-gradient":""}},"ast-content-background-meta":{"desktop":{"background-color":"var(--ast-global-color-5)","background-image":"","background-repeat":"repeat","background-position":"center center","background-size":"auto","background-attachment":"scroll","background-type":"","background-media":"","overlay-type":"","overlay-color":"","overlay-opacity":"","overlay-gradient":""},"tablet":{"background-color":"var(--ast-global-color-5)","background-image":"","background-repeat":"repeat","background-position":"center center","background-size":"auto","background-attachment":"scroll","background-type":"","background-media":"","overlay-type":"","overlay-color":"","overlay-opacity":"","overlay-gradient":""},"mobile":{"background-color":"var(--ast-global-color-5)","background-image":"","background-repeat":"repeat","background-position":"center center","background-size":"auto","background-attachment":"scroll","background-type":"","background-media":"","overlay-type":"","overlay-color":"","overlay-opacity":"","overlay-gradient":""}},"footnotes":"","_links_to":"","_links_to_target":""},"categories":[],"tags":[],"class_list":["post-688412","page","type-page","status-publish","has-post-thumbnail","hentry"],"ams_acf":[],"pwapp_after_post_content":"","pwapp_before_post_content":"","androapp_header":"","pwapp_author":{"ID":1,"name":"admin","slug":"admin"},"pwapp_terms":[],"pwapp_feed_image_dimension_type":"preview","featuredimage":"https:\/\/velovilnius.lt\/wp-content\/uploads\/2013\/09\/mes-isilgai-100x54.png","pwapp_post_image":"https:\/\/velovilnius.lt\/wp-content\/uploads\/2013\/09\/mes-isilgai-100x54.png","share_image":"https:\/\/velovilnius.lt\/wp-content\/uploads\/2013\/09\/mes-isilgai-100x54.png","featured_image_showhide":"show","featured_image":{"ID":4794,"excerpt":"","title":"mes isilgai","source":"https:\/\/velovilnius.lt\/wp-content\/uploads\/2013\/09\/mes-isilgai.png"},"pwapp_excerpt":"<p>2021 m. savo viet\u0105 u\u017esidar\u0117me. D\u0117l dvira\u010dio nuomos pra\u0161ome kreiptis \u012f velotakas.lt D\u0117l dvira\u010dio remonto pra\u0161ome kreiptis \u012f v\u0117tra cycles, Pylimo g. 31, vetra.shop J\u016bs vis dar galite su mumis susiekti d\u0117l ekskursij\u0173 dvira\u010diasi ir vis\u0173 klausim\u0173 del dvira\u010di\u0173 ir naudojimo jais. Mes liekame dvira\u010dio informacijos centru Vilniuje. Velo-City Vilnius vasaros sezonas: nuo \u00a0baland\u017eio m\u0117n. [&hellip;]<\/p>\n","pwapp_title":"Kontaktai \/ Apie mus","androapp_image_list":[{"src":"http:\/\/velovilnius.lt\/wp-content\/uploads\/2015\/09\/IMG_20160615_123312-300x169.jpg","height":200},{"src":"http:\/\/velovilnius.lt\/wp-content\/uploads\/2011\/07\/credit-card-icons21.gif","height":200},{"src":"http:\/\/velovilnius.lt\/wp-content\/uploads\/2011\/09\/theteam2013-e1370960036642-300x291.png","height":200},{"src":"http:\/\/www.velovilnius.lt\/wp-content\/uploads\/2011\/09\/DSC03790gut.jpg","height":200}],"pwapp_post_content":"<style type=\"text\/css\">androapp img{\r\n    max-width: 100%;\r\n    height: auto;\r\n}\r\niframe{\r\n    max-width: 100%;    \r\n}\r\nfigure {\r\n    max-width: 100%;\r\n    height: auto;\r\n}\r\nimg{\r\n    max-width: 100% !important;\r\n    height: auto;\r\n}\r\ndiv {\r\n    max-width: 100% !important;\r\n}\r\nspan {\r\n    max-width:100%;\r\n    overflow: auto;\r\n}\r\naudio {\r\n    display:block;\r\n    visibility:visible !important;\r\n}\r\nvideo{\r\n    width:100%;\r\n    height:auto;\r\n}\r\n<\/style><div class='androapp'><h2><span style=\"color: #ff0000;\">2021 m. savo viet\u0105 u\u017esidar\u0117me.<\/span><br \/>\nD\u0117l dvira\u010dio nuomos pra\u0161ome kreiptis \u012f <a href=\"http:\/\/velotakas.lt\/\" target=\"_blank\" rel=\"nofollow noopener\">velotakas.lt<\/a><br \/>\nD\u0117l dvira\u010dio remonto pra\u0161ome kreiptis \u012f v\u0117tra cycles, Pylimo g. 31, <a href=\"http:\/\/vetra.shop\/\" target=\"_blank\" rel=\"nofollow noopener\">vetra.shop<\/a><\/p>\n<p>J\u016bs vis dar galite su mumis susiekti d\u0117l ekskursij\u0173 dvira\u010diasi ir vis\u0173 klausim\u0173 del dvira\u010di\u0173 ir naudojimo jais.<br \/>\nMes liekame dvira\u010dio informacijos centru Vilniuje.<\/h2>\n<h2><\/h2>\n<h2><del>Velo-City Vilnius vasaros sezonas:<\/del><\/h2>\n<p><del>nuo \u00a0baland\u017eio m\u0117n. 15 d. iki rugs\u0117jo 15 d.<\/del><\/p>\n<p><del>darbo valandos: nuo 10 val. iki 20 val.\u00a0<strong>kasdien be i\u0161eigini\u0173<\/strong><\/del><\/p>\n<p><del>miesto turas dvira\u010diais (Angl\u0173 kalba): kasdien (i\u0161skyrus sekmadienio) 11 val.<\/del><\/p>\n<h3><del>Velo-City Vilnius \u017eiemos sezonas:<\/del><\/h3>\n<p><del>tarp spalio ir kovo m\u0117n. pra\u0161ome susiderinti paslaugas<\/del><br \/>\n<del>(nuomas, remontas, turai ir tt.)<\/del><\/p>\n<h2><del>Kontaktai susisiekimui<\/del><\/h2>\n<p><del>telefonas +370 674 12123<\/del><\/p>\n<p><del>el. pa\u0161tas: \u00a0<a href=\"mailto:info@velovilnius.lt\" target=\"_blank\" rel=\"noopener noreferrer\">info@velovilnius.lt<\/a><\/del><\/p>\n<p><del>Facebook: <a href=\"https:\/\/www.facebook.com\/velovilnius\" target=\"_blank\" rel=\"noopener\">https:\/\/www.facebook.com\/velovilnius<\/a><\/del><\/p>\n<h3><del>M\u016bs\u0173 adresas<\/del><\/h3>\n<p><del>Nuo 2016 m. kovo pasveikinsiu Jus m\u016bs\u0173 naujoje vietoje<\/del><\/p>\n<p><del><strong>Pylimo g. 31 (<\/strong>netoli Sinagogos)<\/del><br \/>\n<del>01309 Vilnius<\/del><\/p>\n<h3><del>\u012emon\u0117s rekvizitai:<\/del><\/h3>\n<p><del>UAB &#8222;Baltic cycle&#8221;<\/del><br \/>\n<del>\u012emon\u0117s kodas: 302258536<\/del><br \/>\n<del>PVM kodas: n\u0117ra<\/del><\/p>\n<hr \/>\n<p><del>\n<!-- iframe plugin v.6.0 wordpress.org\/plugins\/iframe\/ -->\n<iframe loading=\"lazy\" width=\"550\" height=\"500\" frameborder=\"0\" scrolling=\"yes\" marginheight=\"0\" marginwidth=\"0\" src=\"http:\/\/www.openstreetmap.org\/export\/embed.html?bbox=25.27700901031494%2C54.6762069282033%2C25.28299570083618%2C54.67774533614524&#038;layer=cyclemap&#038;marker=54.676976139460486%2C25.28000235557556\" style=\"border: 1px solid black\" class=\"iframe-class\"><\/iframe>\n<\/del><\/p>\n<p><del><a href=\"http:\/\/www.openstreetmap.org\/?mlat=54.67697&amp;mlon=25.28002#map=18\/54.67697\/25.28002&amp;layers=C\" target=\"_blank\" rel=\"noopener\">View Larger Map<\/a><\/del><\/p>\n<p>&nbsp;<\/p>\n<h1 style=\"text-align: center;\"><del><b>Call-a-bike<\/b><\/del><\/h1>\n<p style=\"text-align: center;\"><del>Tel.: +370 674 12 123<\/del><\/p>\n<p style=\"text-align: center;\"><del><a href=\"mailto:info@velovilnius.lt\">info@velovilnius.lt<\/a><\/del><\/p>\n<p style=\"text-align: center;\"><del><span style=\"color: #ff0000;\"><i><b>Nuo Spalio iki Kovo m\u0117n. tik pagal i\u0161ankstin\u012f susitarim\u0105<\/b><\/i><\/span><\/del><\/p>\n<p style=\"text-align: center;\"><del><span style=\"color: #ff0000;\"><i><b>Oct.-March on appointment only!<\/b><\/i><\/span><\/del><\/p>\n<p><del><!--: si-contact-form form='1'--><\/del><\/p>\n<h1 style=\"text-align: center;\"><\/h1>\n<p><del>\u010cia galite i\u0161sinuomoti kokybi\u0161k\u0105 dvirat\u012f<\/del><\/p>\n<p><del>Nuomos punktas veikia kasdien nuo 10 iki 20 val., nuo baland\u017eio iki rugs\u0117jo<\/del><br \/>\n<del>\u010cia kiekvien\u0105 dien\u0105 (i\u0161skyrus sekmadien\u012f) 11 val. prasideda miesto turas dvira\u010diais &#8222;Vilnius kontrastai&#8221;<\/del><\/p>\n<p>&nbsp;<\/p>\n<p>KONTAKTAI <em>velo-city.lt naujienos:<\/em><br \/>\n<a href=\"http:\/\/feeds.feedburner.com\/velo-city\/TTzF\" target=\"_blank\" rel=\"noopener\">RSS<\/a> (prane\u0161a apie tinklalapio naujienas)<br \/>\n&#8230; <a href=\"https:\/\/twitter.com\/VeloCityLT\" target=\"_blank\" rel=\"noopener\">TWITTER <\/a><br \/>\n&#8230; <a href=\"http:\/\/www.facebook.com\/pages\/Vilnius-Lithuania\/Velo-citylt\/131761637657\" target=\"_blank\" rel=\"noopener\"> FACEBOOK<\/a><\/p>\n<hr \/>\n<p>Velo-City Vilnius \u2013 tai socialinis verslas, kurio tikslas \u2013 vystyti miesto dvira\u010di\u0173 kult\u016br\u0105 Lietuvoje. I\u0161vertus i\u0161 angl\u0173 kalbos \u201cVelo-City\u201d rei\u0161kia \u201cDvira\u010di\u0173 miestas\u201d. Tai miestas, kuriame dviratis yra mylima, gerbiama ir pilnateis\u0117 transporto priemon\u0117. Paverskime Lietuvos miestus gyvais \u017ealiais dvira\u010di\u0173 miestais vystydami dvira\u010di\u0173 kult\u016br\u0105 kartu!<\/p>\n<div>\n<p><strong>VELO-CITY VILNIUS KOMANDA 2016 m.<\/strong><\/p>\n<p><img loading=\"lazy\" decoding=\"async\" class=\"alignnone size-medium wp-image-677059\" src=\"http:\/\/velovilnius.lt\/wp-content\/uploads\/2015\/09\/IMG_20160615_123312-300x169.jpg\" alt=\"\" width=\"300\" height=\"169\" \/><\/p>\n<p><strong>ISTORIJA<\/strong><\/p>\n<p>Velo \u2013 City prad\u017eia \u2013 2008 metai, kuomet trys bi\u010diuliai \u2013 Frankas Wurft, Jonas Dovyd\u0117nas ir Dainius Lanauskas \u012fsteig\u0117 u\u017edar\u0105j\u0105 akcin\u0119 bendrov\u0119 \u201eBaltic Cycle\u201c. Ilgainiui Jonas ir Dainius pasuko naujais kelias (abu jie\u00a0Velotaksi\u00a0paslaugos pradininkai Vilniaus mieste o \u0161iuo metu pl\u0117toja kitas iniciatyvas). O \u012fmon\u0117s vair\u0105 per\u0117m\u0117 Frankas Wurft \u2013 ilgametis aktyvus Lietuvos dvira\u010di\u0173 bendrijos valdybos narys, vienas i\u0161 informacini\u0173 svetaini\u0173 dvira\u010di\u0173 m\u0117g\u0117jams\u00a0<a href=\"http:\/\/www.balticcycle.eu\/\" target=\"_blank\" rel=\"noopener noreferrer\">www.balticcycle.eu<\/a>\u00a0ir\u00a0<a href=\"http:\/\/www.dviratis.lt\/\" target=\"_blank\" rel=\"noopener noreferrer\">www.dviratis.lt<\/a>\u00a0\u012fk\u016br\u0117j\u0173.<\/p>\n<p><img loading=\"lazy\" decoding=\"async\" class=\"aligncenter size-full wp-image-1743\" title=\"credit-card-icons2\" src=\"http:\/\/velovilnius.lt\/wp-content\/uploads\/2011\/07\/credit-card-icons21.gif\" alt=\"\" width=\"149\" height=\"20\" \/><\/p>\n<hr \/>\n<h1>M\u016bs\u0173 komanda<\/h1>\n<p><strong>VELO-CITY KOMANDA 2013\u00a0m.<\/strong><\/p>\n<p><a href=\"http:\/\/velovilnius.lt\/wp-content\/uploads\/2011\/09\/theteam2013-e1370960036642.png\"><img loading=\"lazy\" decoding=\"async\" class=\"size-medium wp-image-4098 aligncenter\" src=\"http:\/\/velovilnius.lt\/wp-content\/uploads\/2011\/09\/theteam2013-e1370960036642-300x291.png\" alt=\"theteam2013\" width=\"300\" height=\"291\" \/><\/a><\/p>\n<p><strong>VELO-CITY TEAM 2012<\/strong><\/p>\n<p><img decoding=\"async\" class=\"aligncenter\" style=\"margin: 0px; padding: 0px; border: 0px none; font-size: 13px; vertical-align: middle; background-color: transparent; height: 304px; width: 300px;\" src=\"http:\/\/www.velovilnius.lt\/wp-content\/uploads\/2011\/09\/DSC03790gut.jpg\" alt=\"\" \/><\/p>\n<\/div><\/div>","pwapp_post_content_type":"postprocessed2","pwapp_preview_type":"excerpt","androapp_failover_post_content_type":"","share_text":"Kontaktai \/ Apie mus\nvia https:\/\/velovilnius.lt\/lt\/httpvelovilnius-ltlt675326-2velosostine\/dviraciai-iki-e100\/kontaktai-apie-mus\/","supercache":"androappsupercache","_links":{"self":[{"href":"https:\/\/velovilnius.lt\/lt\/wp-json\/wp\/v2\/pages\/688412","targetHints":{"allow":["GET"]}}],"collection":[{"href":"https:\/\/velovilnius.lt\/lt\/wp-json\/wp\/v2\/pages"}],"about":[{"href":"https:\/\/velovilnius.lt\/lt\/wp-json\/wp\/v2\/types\/page"}],"author":[{"embeddable":true,"href":"https:\/\/velovilnius.lt\/lt\/wp-json\/wp\/v2\/users\/1"}],"replies":[{"embeddable":true,"href":"https:\/\/velovilnius.lt\/lt\/wp-json\/wp\/v2\/comments?post=688412"}],"version-history":[{"count":4,"href":"https:\/\/velovilnius.lt\/lt\/wp-json\/wp\/v2\/pages\/688412\/revisions"}],"predecessor-version":[{"id":715520,"href":"https:\/\/velovilnius.lt\/lt\/wp-json\/wp\/v2\/pages\/688412\/revisions\/715520"}],"up":[{"embeddable":true,"href":"https:\/\/velovilnius.lt\/lt\/wp-json\/wp\/v2\/pages\/675326"}],"wp:featuredmedia":[{"embeddable":true,"href":"https:\/\/velovilnius.lt\/lt\/wp-json\/wp\/v2\/media\/4794"}],"wp:attachment":[{"href":"https:\/\/velovilnius.lt\/lt\/wp-json\/wp\/v2\/media?parent=688412"}],"wp:term":[{"taxonomy":"category","embeddable":true,"href":"https:\/\/velovilnius.lt\/lt\/wp-json\/wp\/v2\/categories?post=688412"},{"taxonomy":"post_tag","embeddable":true,"href":"https:\/\/velovilnius.lt\/lt\/wp-json\/wp\/v2\/tags?post=688412"}],"curies":[{"name":"wp","href":"https:\/\/api.w.org\/{rel}","templated":true}]}}