{"id":688391,"date":"2015-04-21T16:34:27","date_gmt":"2015-04-21T13:34:27","guid":{"rendered":"http:\/\/velovilnius.lt\/?page_id=688391"},"modified":"2017-04-21T16:35:04","modified_gmt":"2017-04-21T13:35:04","slug":"atrask-dzukija-ant-dviracio-puvociai-merkio-upe","status":"publish","type":"page","link":"https:\/\/velovilnius.lt\/lt\/httpvelovilnius-ltlt675326-2velosostine\/atrask-dzukija-ant-dviracio-puvociai-merkio-upe\/","title":{"rendered":"Atrask Dz\u016bkija (2013 ir 2014 m.)"},"content":{"rendered":"&#8221;Atrask Dz\u016bkija&#8221; mar\u0161rutus galite rasti \u010dia (jei patys norite savaranki\u0161kai &#8222;atrasti):<\/p>\n<blockquote class=\"wp-embedded-content\" data-secret=\"FFWSpa6QJ7\"><p><a href=\"https:\/\/velovilnius.lt\/veloland\/marsrutai\/pietu-lietuva\/dzukijos-nacionalinis-parkas-projektas-atrask-dzukija-10-trasu\/\">Dz\u016bkijos Nacionalinis Parkas \/ Projektas &#8222;Atrask Dz\u016bkij\u0105&#8221; (10 tras\u0173)<\/a><\/p><\/blockquote>\n<p><iframe class=\"wp-embedded-content\" sandbox=\"allow-scripts\" security=\"restricted\" style=\"position: absolute; clip: rect(1px, 1px, 1px, 1px);\" title=\"&#8220;Dz\u016bkijos Nacionalinis Parkas \/ Projektas &#8222;Atrask Dz\u016bkij\u0105&#8221; (10 tras\u0173)&#8221; &#8212; Veloland.lt - Mar\u0161rutai  - paslaugos - naujienos\" src=\"https:\/\/velovilnius.lt\/veloland\/marsrutai\/pietu-lietuva\/dzukijos-nacionalinis-parkas-projektas-atrask-dzukija-10-trasu\/embed\/#?secret=bS8EI19YqV#?secret=FFWSpa6QJ7\" data-secret=\"FFWSpa6QJ7\" width=\"500\" height=\"282\" frameborder=\"0\" marginwidth=\"0\" marginheight=\"0\" scrolling=\"no\"><\/iframe><\/p>\n<div class=\"pt-cv-wrapper\"><div class=\"pt-cv-view pt-cv-grid pt-cv-colsys\" id=\"pt-cv-view-b6d147cn35\"><div data-id=\"pt-cv-page-1\" class=\"pt-cv-page\" data-cvc=\"2\"><div class=\"col-md-6 col-sm-6 col-xs-12 pt-cv-content-item pt-cv-1-col\"  data-pid=\"4722\"><div class='pt-cv-ifield'><a href=\"https:\/\/velovilnius.lt\/lt\/blog\/08-10-atrask-dzukija-ant-dviracio-neptuno-radimviete-ulos-akis\/\" class=\"_self pt-cv-href-thumbnail pt-cv-thumb-default cvplbd\" target=\"_self\"><img loading=\"lazy\" decoding=\"async\" width=\"400\" height=\"265\" src=\"https:\/\/velovilnius.lt\/wp-content\/uploads\/2013\/08\/534183_10151747196614111_1432822568_n-400x265.jpg\" class=\"pt-cv-thumbnail no-lazyload \" alt=\"08-10: ATRASK DZ\u016aKIJ\u0104 ANT DVIRA\u010cIO! Nept\u016bno radimviet\u0117. \u016alos akis.\" srcset=\"https:\/\/velovilnius.lt\/wp-content\/uploads\/2013\/08\/534183_10151747196614111_1432822568_n-400x265.jpg 400w, https:\/\/velovilnius.lt\/wp-content\/uploads\/2013\/08\/534183_10151747196614111_1432822568_n-800x531.jpg 800w, https:\/\/velovilnius.lt\/wp-content\/uploads\/2013\/08\/534183_10151747196614111_1432822568_n-100x66.jpg 100w, https:\/\/velovilnius.lt\/wp-content\/uploads\/2013\/08\/534183_10151747196614111_1432822568_n-768x510.jpg 768w, https:\/\/velovilnius.lt\/wp-content\/uploads\/2013\/08\/534183_10151747196614111_1432822568_n-20x13.jpg 20w, https:\/\/velovilnius.lt\/wp-content\/uploads\/2013\/08\/534183_10151747196614111_1432822568_n-512x340.jpg 512w, https:\/\/velovilnius.lt\/wp-content\/uploads\/2013\/08\/534183_10151747196614111_1432822568_n.jpg 960w\" sizes=\"(max-width: 400px) 100vw, 400px\" data-no-lazy=\"1\" \/><\/a>\n<h4 class=\"pt-cv-title\"><a href=\"https:\/\/velovilnius.lt\/lt\/blog\/08-10-atrask-dzukija-ant-dviracio-neptuno-radimviete-ulos-akis\/\" class=\"_self cvplbd\" target=\"_self\">08-10: ATRASK DZ\u016aKIJ\u0104 ANT DVIRA\u010cIO! Nept\u016bno radimviet\u0117. \u016alos akis.<\/a><\/h4>\n<div class=\"pt-cv-content\">Pamir&scaron;ome prane&scaron;ti apie paskutin\u012f &scaron;i\u0173 met\u0173 &quot;Atrask Dz\u016bkijos&quot; \u017eyg\u012f &scaron;iemet \ud83d\ude41 D\u0117ja, &scaron;\u012fkart nebus galimyb\u0117s dvira\u010di\u0173 i&scaron; Vilniaus ve\u017eti arba ...<br \/><div class=\"pt-cv-rmwrap\"><a href=\"https:\/\/velovilnius.lt\/lt\/blog\/08-10-atrask-dzukija-ant-dviracio-neptuno-radimviete-ulos-akis\/\" class=\"_self pt-cv-readmore btn btn-success cvplbd\" target=\"_self\">Read More<\/a><\/div><\/div><\/div><\/div>\n<div class=\"col-md-6 col-sm-6 col-xs-12 pt-cv-content-item pt-cv-1-col\"  data-pid=\"306854\"><div class='pt-cv-ifield'><a href=\"https:\/\/velovilnius.lt\/lt\/blog\/dviraciu-transportas-ir-nuoma-atrask-dzukijos-zygyse\/\" class=\"_self pt-cv-href-thumbnail pt-cv-thumb-default cvplbd\" target=\"_self\"><img loading=\"lazy\" decoding=\"async\" width=\"400\" height=\"265\" src=\"https:\/\/velovilnius.lt\/wp-content\/uploads\/2013\/07\/942090_10151682117789111_374701489_n-400x265.jpg\" class=\"pt-cv-thumbnail no-lazyload \" alt=\"Dvira\u010di\u0173 (ir \u017emoni\u0173) gabenimas ir nuoma paskutiniam &quot;Atrask Dz\u016bkijos&quot; \u017eygiui 2014 m.!\" srcset=\"https:\/\/velovilnius.lt\/wp-content\/uploads\/2013\/07\/942090_10151682117789111_374701489_n-400x265.jpg 400w, https:\/\/velovilnius.lt\/wp-content\/uploads\/2013\/07\/942090_10151682117789111_374701489_n-800x531.jpg 800w, https:\/\/velovilnius.lt\/wp-content\/uploads\/2013\/07\/942090_10151682117789111_374701489_n-100x66.jpg 100w, https:\/\/velovilnius.lt\/wp-content\/uploads\/2013\/07\/942090_10151682117789111_374701489_n-768x510.jpg 768w, https:\/\/velovilnius.lt\/wp-content\/uploads\/2013\/07\/942090_10151682117789111_374701489_n-20x13.jpg 20w, https:\/\/velovilnius.lt\/wp-content\/uploads\/2013\/07\/942090_10151682117789111_374701489_n-512x340.jpg 512w, https:\/\/velovilnius.lt\/wp-content\/uploads\/2013\/07\/942090_10151682117789111_374701489_n.jpg 960w\" sizes=\"(max-width: 400px) 100vw, 400px\" data-no-lazy=\"1\" \/><\/a>\n<h4 class=\"pt-cv-title\"><a href=\"https:\/\/velovilnius.lt\/lt\/blog\/dviraciu-transportas-ir-nuoma-atrask-dzukijos-zygyse\/\" class=\"_self cvplbd\" target=\"_self\">Dvira\u010di\u0173 (ir \u017emoni\u0173) gabenimas ir nuoma paskutiniam &#8222;Atrask Dz\u016bkijos&#8221; \u017eygiui 2014 m.!<\/a><\/h4>\n<div class=\"pt-cv-content\">Vienas \u012fsp\u016bdingiausi\u0173 dvira\u010di\u0173 \u017eygi\u0173 cikl\u0173 pasibaigs rugpj\u016b\u010dio 9d.: &quot;Atrask Dz\u016bkij\u0105&quot; 2014 m. Velo-City Vilnius ve&scaron; Jus ir\/arba J\u016bs\u0173 dvirat\u012f \u012f ...<br \/><div class=\"pt-cv-rmwrap\"><a href=\"https:\/\/velovilnius.lt\/lt\/blog\/dviraciu-transportas-ir-nuoma-atrask-dzukijos-zygyse\/\" class=\"_self pt-cv-readmore btn btn-success cvplbd\" target=\"_self\">Read More<\/a><\/div><\/div><\/div><\/div>\n<div class=\"col-md-6 col-sm-6 col-xs-12 pt-cv-content-item pt-cv-1-col\"  data-pid=\"4544\"><div class='pt-cv-ifield'><a href=\"https:\/\/velovilnius.lt\/lt\/blog\/atrask-dzukija-ant-dviracio-puvociai-merkio-upe\/\" class=\"_self pt-cv-href-thumbnail pt-cv-thumb-default cvplbd\" target=\"_self\"><img loading=\"lazy\" decoding=\"async\" width=\"400\" height=\"265\" src=\"https:\/\/velovilnius.lt\/wp-content\/uploads\/2013\/07\/942090_10151682117789111_374701489_n-400x265.jpg\" class=\"pt-cv-thumbnail no-lazyload \" alt=\"ATRASK DZ\u016aKIJ\u0104 ANT DVIRA\u010cIO! PUVO\u010cIAI. MERKIO UP\u0116.\" srcset=\"https:\/\/velovilnius.lt\/wp-content\/uploads\/2013\/07\/942090_10151682117789111_374701489_n-400x265.jpg 400w, https:\/\/velovilnius.lt\/wp-content\/uploads\/2013\/07\/942090_10151682117789111_374701489_n-800x531.jpg 800w, https:\/\/velovilnius.lt\/wp-content\/uploads\/2013\/07\/942090_10151682117789111_374701489_n-100x66.jpg 100w, https:\/\/velovilnius.lt\/wp-content\/uploads\/2013\/07\/942090_10151682117789111_374701489_n-768x510.jpg 768w, https:\/\/velovilnius.lt\/wp-content\/uploads\/2013\/07\/942090_10151682117789111_374701489_n-20x13.jpg 20w, https:\/\/velovilnius.lt\/wp-content\/uploads\/2013\/07\/942090_10151682117789111_374701489_n-512x340.jpg 512w, https:\/\/velovilnius.lt\/wp-content\/uploads\/2013\/07\/942090_10151682117789111_374701489_n.jpg 960w\" sizes=\"(max-width: 400px) 100vw, 400px\" data-no-lazy=\"1\" \/><\/a>\n<h4 class=\"pt-cv-title\"><a href=\"https:\/\/velovilnius.lt\/lt\/blog\/atrask-dzukija-ant-dviracio-puvociai-merkio-upe\/\" class=\"_self cvplbd\" target=\"_self\">ATRASK DZ\u016aKIJ\u0104 ANT DVIRA\u010cIO! PUVO\u010cIAI. MERKIO UP\u0116.<\/a><\/h4>\n<div class=\"pt-cv-content\">Antras \u017eygis jau ant nosies! \ud83d\ude42 Data &#8211; Liepos 27 d. Trasa &#8211; 30 km (Puvo\u010diai-Dubininkas-Vir&scaron;urodukis-Merkio up\u0117) Antrasis \u017eygis suplanuotas ...<br \/><div class=\"pt-cv-rmwrap\"><a href=\"https:\/\/velovilnius.lt\/lt\/blog\/atrask-dzukija-ant-dviracio-puvociai-merkio-upe\/\" class=\"_self pt-cv-readmore btn btn-success cvplbd\" target=\"_self\">Read More<\/a><\/div><\/div><\/div><\/div><\/div><\/div><\/div>\t\t\t<style type=\"text\/css\" id=\"pt-cv-inline-style-77acf2dpd3\">#pt-cv-view-b6d147cn35 .pt-cv-title a, #pt-cv-view-b6d147cn35  .panel-title { font-weight: 600 !important; }\n#pt-cv-view-b6d147cn35 .pt-cv-readmore  { color: #ffffff !important; background-color: #00aeef !important; }\n#pt-cv-view-b6d147cn35 .pt-cv-readmore:hover  { color: #ffffff !important; background-color: #00aeef !important; }\n#pt-cv-view-b6d147cn35  + .pt-cv-pagination-wrapper .pt-cv-more , #pt-cv-view-b6d147cn35  + .pt-cv-pagination-wrapper .pagination .active a { color: #ffffff !important; background-color: #00aeef !important; }<\/style>","protected":false},"excerpt":{"rendered":"<p>&#8221;Atrask Dz\u016bkija&#8221; mar\u0161rutus galite rasti \u010dia (jei patys norite savaranki\u0161kai &#8222;atrasti): Dz\u016bkijos Nacionalinis Parkas \/ Projektas &#8222;Atrask Dz\u016bkij\u0105&#8221; (10 tras\u0173)<\/p>\n","protected":false},"author":1,"featured_media":4220,"parent":215323,"menu_order":0,"comment_status":"closed","ping_status":"closed","template":"page-templates\/full-width.php","meta":{"inline_featured_image":false,"site-sidebar-layout":"default","site-content-layout":"","ast-site-content-layout":"default","site-content-style":"default","site-sidebar-style":"default","ast-global-header-display":"","ast-banner-title-visibility":"","ast-main-header-display":"","ast-hfb-above-header-display":"","ast-hfb-below-header-display":"","ast-hfb-mobile-header-display":"","site-post-title":"","ast-breadcrumbs-content":"","ast-featured-img":"","footer-sml-layout":"","ast-disable-related-posts":"","theme-transparent-header-meta":"","adv-header-id-meta":"","stick-header-meta":"","header-above-stick-meta":"","header-main-stick-meta":"","header-below-stick-meta":"","astra-migrate-meta-layouts":"default","ast-page-background-enabled":"default","ast-page-background-meta":{"desktop":{"background-color":"","background-image":"","background-repeat":"repeat","background-position":"center center","background-size":"auto","background-attachment":"scroll","background-type":"","background-media":"","overlay-type":"","overlay-color":"","overlay-opacity":"","overlay-gradient":""},"tablet":{"background-color":"","background-image":"","background-repeat":"repeat","background-position":"center center","background-size":"auto","background-attachment":"scroll","background-type":"","background-media":"","overlay-type":"","overlay-color":"","overlay-opacity":"","overlay-gradient":""},"mobile":{"background-color":"","background-image":"","background-repeat":"repeat","background-position":"center center","background-size":"auto","background-attachment":"scroll","background-type":"","background-media":"","overlay-type":"","overlay-color":"","overlay-opacity":"","overlay-gradient":""}},"ast-content-background-meta":{"desktop":{"background-color":"var(--ast-global-color-5)","background-image":"","background-repeat":"repeat","background-position":"center center","background-size":"auto","background-attachment":"scroll","background-type":"","background-media":"","overlay-type":"","overlay-color":"","overlay-opacity":"","overlay-gradient":""},"tablet":{"background-color":"var(--ast-global-color-5)","background-image":"","background-repeat":"repeat","background-position":"center center","background-size":"auto","background-attachment":"scroll","background-type":"","background-media":"","overlay-type":"","overlay-color":"","overlay-opacity":"","overlay-gradient":""},"mobile":{"background-color":"var(--ast-global-color-5)","background-image":"","background-repeat":"repeat","background-position":"center center","background-size":"auto","background-attachment":"scroll","background-type":"","background-media":"","overlay-type":"","overlay-color":"","overlay-opacity":"","overlay-gradient":""}},"footnotes":"","_links_to":"","_links_to_target":""},"categories":[],"tags":[192],"ams_acf":[],"pwapp_after_post_content":"","pwapp_before_post_content":"","androapp_header":"","pwapp_author":{"ID":1,"name":"admin","slug":"admin"},"pwapp_terms":{"post_tag":[{"term_id":192,"name":"renginiai","slug":"renginiai","term_group":0,"term_taxonomy_id":192,"taxonomy":"post_tag","description":"","parent":0,"count":7,"filter":"raw","i18n_config":{"name":{"ts":{"en":"renginiai"}}},"ID":192}]},"pwapp_feed_image_dimension_type":"preview","featuredimage":"https:\/\/velovilnius.lt\/wp-content\/uploads\/2013\/06\/998124_10151652551674111_1889275906_n-100x66.jpg","pwapp_post_image":"https:\/\/velovilnius.lt\/wp-content\/uploads\/2013\/06\/998124_10151652551674111_1889275906_n-100x66.jpg","share_image":"https:\/\/velovilnius.lt\/wp-content\/uploads\/2013\/06\/998124_10151652551674111_1889275906_n-100x66.jpg","featured_image_showhide":"show","featured_image":{"ID":4220,"excerpt":"","title":"998124_10151652551674111_1889275906_n","source":"https:\/\/velovilnius.lt\/wp-content\/uploads\/2013\/06\/998124_10151652551674111_1889275906_n-800x531.jpg"},"pwapp_excerpt":"<p>&#8221;Atrask Dz\u016bkija&#8221; mar\u0161rutus galite rasti \u010dia (jei patys norite savaranki\u0161kai &#8222;atrasti): Dz\u016bkijos Nacionalinis Parkas \/ Projektas &#8222;Atrask Dz\u016bkij\u0105&#8221; (10 tras\u0173)<\/p>\n","pwapp_title":"Atrask Dz\u016bkija (2013 ir 2014 m.)","androapp_image_list":[{"src":"https:\/\/velovilnius.lt\/wp-content\/uploads\/2013\/08\/534183_10151747196614111_1432822568_n-400x265.jpg","height":200},{"src":"https:\/\/velovilnius.lt\/wp-content\/uploads\/2013\/07\/942090_10151682117789111_374701489_n-400x265.jpg","height":200},{"src":"https:\/\/velovilnius.lt\/wp-content\/uploads\/2013\/07\/942090_10151682117789111_374701489_n-400x265.jpg","height":200}],"pwapp_post_content":"<style type=\"text\/css\">androapp img{\r\n    max-width: 100%;\r\n    height: auto;\r\n}\r\niframe{\r\n    max-width: 100%;    \r\n}\r\nfigure {\r\n    max-width: 100%;\r\n    height: auto;\r\n}\r\nimg{\r\n    max-width: 100% !important;\r\n    height: auto;\r\n}\r\ndiv {\r\n    max-width: 100% !important;\r\n}\r\nspan {\r\n    max-width:100%;\r\n    overflow: auto;\r\n}\r\naudio {\r\n    display:block;\r\n    visibility:visible !important;\r\n}\r\nvideo{\r\n    width:100%;\r\n    height:auto;\r\n}\r\n<\/style><div class='androapp'>&#8221;Atrask Dz\u016bkija&#8221; mar\u0161rutus galite rasti \u010dia (jei patys norite savaranki\u0161kai &#8222;atrasti):<\/p>\n<blockquote class=\"wp-embedded-content\" data-secret=\"FFWSpa6QJ7\"><p><a href=\"https:\/\/velovilnius.lt\/veloland\/marsrutai\/pietu-lietuva\/dzukijos-nacionalinis-parkas-projektas-atrask-dzukija-10-trasu\/\">Dz\u016bkijos Nacionalinis Parkas \/ Projektas &#8222;Atrask Dz\u016bkij\u0105&#8221; (10 tras\u0173)<\/a><\/p><\/blockquote>\n<p><iframe class=\"wp-embedded-content\" sandbox=\"allow-scripts\" security=\"restricted\" style=\"position: absolute; clip: rect(1px, 1px, 1px, 1px);\" title=\"&#8220;Dz\u016bkijos Nacionalinis Parkas \/ Projektas &#8222;Atrask Dz\u016bkij\u0105&#8221; (10 tras\u0173)&#8221; &#8212; Veloland.lt - Mar\u0161rutai  - paslaugos - naujienos\" src=\"https:\/\/velovilnius.lt\/veloland\/marsrutai\/pietu-lietuva\/dzukijos-nacionalinis-parkas-projektas-atrask-dzukija-10-trasu\/embed\/#?secret=bS8EI19YqV#?secret=FFWSpa6QJ7\" data-secret=\"FFWSpa6QJ7\" width=\"500\" height=\"282\" frameborder=\"0\" marginwidth=\"0\" marginheight=\"0\" scrolling=\"no\"><\/iframe><\/p>\n<div class=\"pt-cv-wrapper\"><div class=\"pt-cv-view pt-cv-grid pt-cv-colsys\" id=\"pt-cv-view-b6d147cn35\"><div data-id=\"pt-cv-page-1\" class=\"pt-cv-page\" data-cvc=\"2\"><div class=\"col-md-6 col-sm-6 col-xs-12 pt-cv-content-item pt-cv-1-col\"  data-pid=\"4722\"><div class='pt-cv-ifield'><a href=\"https:\/\/velovilnius.lt\/lt\/blog\/08-10-atrask-dzukija-ant-dviracio-neptuno-radimviete-ulos-akis\/\" class=\"_self pt-cv-href-thumbnail pt-cv-thumb-default cvplbd\" target=\"_self\"><img loading=\"lazy\" decoding=\"async\" width=\"400\" height=\"265\" src=\"https:\/\/velovilnius.lt\/wp-content\/uploads\/2013\/08\/534183_10151747196614111_1432822568_n-400x265.jpg\" class=\"pt-cv-thumbnail no-lazyload \" alt=\"08-10: ATRASK DZ\u016aKIJ\u0104 ANT DVIRA\u010cIO! Nept\u016bno radimviet\u0117. \u016alos akis.\" srcset=\"https:\/\/velovilnius.lt\/wp-content\/uploads\/2013\/08\/534183_10151747196614111_1432822568_n-400x265.jpg 400w, https:\/\/velovilnius.lt\/wp-content\/uploads\/2013\/08\/534183_10151747196614111_1432822568_n-800x531.jpg 800w, https:\/\/velovilnius.lt\/wp-content\/uploads\/2013\/08\/534183_10151747196614111_1432822568_n-100x66.jpg 100w, https:\/\/velovilnius.lt\/wp-content\/uploads\/2013\/08\/534183_10151747196614111_1432822568_n-768x510.jpg 768w, https:\/\/velovilnius.lt\/wp-content\/uploads\/2013\/08\/534183_10151747196614111_1432822568_n-20x13.jpg 20w, https:\/\/velovilnius.lt\/wp-content\/uploads\/2013\/08\/534183_10151747196614111_1432822568_n-512x340.jpg 512w, https:\/\/velovilnius.lt\/wp-content\/uploads\/2013\/08\/534183_10151747196614111_1432822568_n.jpg 960w\" sizes=\"(max-width: 400px) 100vw, 400px\" data-no-lazy=\"1\" \/><\/a>\n<h4 class=\"pt-cv-title\"><a href=\"https:\/\/velovilnius.lt\/lt\/blog\/08-10-atrask-dzukija-ant-dviracio-neptuno-radimviete-ulos-akis\/\" class=\"_self cvplbd\" target=\"_self\">08-10: ATRASK DZ\u016aKIJ\u0104 ANT DVIRA\u010cIO! Nept\u016bno radimviet\u0117. \u016alos akis.<\/a><\/h4>\n<div class=\"pt-cv-content\">Pamir&scaron;ome prane&scaron;ti apie paskutin\u012f &scaron;i\u0173 met\u0173 &quot;Atrask Dz\u016bkijos&quot; \u017eyg\u012f &scaron;iemet \ud83d\ude41 D\u0117ja, &scaron;\u012fkart nebus galimyb\u0117s dvira\u010di\u0173 i&scaron; Vilniaus ve\u017eti arba ...<br \/><div class=\"pt-cv-rmwrap\"><a href=\"https:\/\/velovilnius.lt\/lt\/blog\/08-10-atrask-dzukija-ant-dviracio-neptuno-radimviete-ulos-akis\/\" class=\"_self pt-cv-readmore btn btn-success cvplbd\" target=\"_self\">Read More<\/a><\/div><\/div><\/div><\/div>\n<div class=\"col-md-6 col-sm-6 col-xs-12 pt-cv-content-item pt-cv-1-col\"  data-pid=\"306854\"><div class='pt-cv-ifield'><a href=\"https:\/\/velovilnius.lt\/lt\/blog\/dviraciu-transportas-ir-nuoma-atrask-dzukijos-zygyse\/\" class=\"_self pt-cv-href-thumbnail pt-cv-thumb-default cvplbd\" target=\"_self\"><img loading=\"lazy\" decoding=\"async\" width=\"400\" height=\"265\" src=\"https:\/\/velovilnius.lt\/wp-content\/uploads\/2013\/07\/942090_10151682117789111_374701489_n-400x265.jpg\" class=\"pt-cv-thumbnail no-lazyload \" alt=\"Dvira\u010di\u0173 (ir \u017emoni\u0173) gabenimas ir nuoma paskutiniam &quot;Atrask Dz\u016bkijos&quot; \u017eygiui 2014 m.!\" srcset=\"https:\/\/velovilnius.lt\/wp-content\/uploads\/2013\/07\/942090_10151682117789111_374701489_n-400x265.jpg 400w, https:\/\/velovilnius.lt\/wp-content\/uploads\/2013\/07\/942090_10151682117789111_374701489_n-800x531.jpg 800w, https:\/\/velovilnius.lt\/wp-content\/uploads\/2013\/07\/942090_10151682117789111_374701489_n-100x66.jpg 100w, https:\/\/velovilnius.lt\/wp-content\/uploads\/2013\/07\/942090_10151682117789111_374701489_n-768x510.jpg 768w, https:\/\/velovilnius.lt\/wp-content\/uploads\/2013\/07\/942090_10151682117789111_374701489_n-20x13.jpg 20w, https:\/\/velovilnius.lt\/wp-content\/uploads\/2013\/07\/942090_10151682117789111_374701489_n-512x340.jpg 512w, https:\/\/velovilnius.lt\/wp-content\/uploads\/2013\/07\/942090_10151682117789111_374701489_n.jpg 960w\" sizes=\"(max-width: 400px) 100vw, 400px\" data-no-lazy=\"1\" \/><\/a>\n<h4 class=\"pt-cv-title\"><a href=\"https:\/\/velovilnius.lt\/lt\/blog\/dviraciu-transportas-ir-nuoma-atrask-dzukijos-zygyse\/\" class=\"_self cvplbd\" target=\"_self\">Dvira\u010di\u0173 (ir \u017emoni\u0173) gabenimas ir nuoma paskutiniam &#8222;Atrask Dz\u016bkijos&#8221; \u017eygiui 2014 m.!<\/a><\/h4>\n<div class=\"pt-cv-content\">Vienas \u012fsp\u016bdingiausi\u0173 dvira\u010di\u0173 \u017eygi\u0173 cikl\u0173 pasibaigs rugpj\u016b\u010dio 9d.: &quot;Atrask Dz\u016bkij\u0105&quot; 2014 m. Velo-City Vilnius ve&scaron; Jus ir\/arba J\u016bs\u0173 dvirat\u012f \u012f ...<br \/><div class=\"pt-cv-rmwrap\"><a href=\"https:\/\/velovilnius.lt\/lt\/blog\/dviraciu-transportas-ir-nuoma-atrask-dzukijos-zygyse\/\" class=\"_self pt-cv-readmore btn btn-success cvplbd\" target=\"_self\">Read More<\/a><\/div><\/div><\/div><\/div>\n<div class=\"col-md-6 col-sm-6 col-xs-12 pt-cv-content-item pt-cv-1-col\"  data-pid=\"4544\"><div class='pt-cv-ifield'><a href=\"https:\/\/velovilnius.lt\/lt\/blog\/atrask-dzukija-ant-dviracio-puvociai-merkio-upe\/\" class=\"_self pt-cv-href-thumbnail pt-cv-thumb-default cvplbd\" target=\"_self\"><img loading=\"lazy\" decoding=\"async\" width=\"400\" height=\"265\" src=\"https:\/\/velovilnius.lt\/wp-content\/uploads\/2013\/07\/942090_10151682117789111_374701489_n-400x265.jpg\" class=\"pt-cv-thumbnail no-lazyload \" alt=\"ATRASK DZ\u016aKIJ\u0104 ANT DVIRA\u010cIO! PUVO\u010cIAI. MERKIO UP\u0116.\" srcset=\"https:\/\/velovilnius.lt\/wp-content\/uploads\/2013\/07\/942090_10151682117789111_374701489_n-400x265.jpg 400w, https:\/\/velovilnius.lt\/wp-content\/uploads\/2013\/07\/942090_10151682117789111_374701489_n-800x531.jpg 800w, https:\/\/velovilnius.lt\/wp-content\/uploads\/2013\/07\/942090_10151682117789111_374701489_n-100x66.jpg 100w, https:\/\/velovilnius.lt\/wp-content\/uploads\/2013\/07\/942090_10151682117789111_374701489_n-768x510.jpg 768w, https:\/\/velovilnius.lt\/wp-content\/uploads\/2013\/07\/942090_10151682117789111_374701489_n-20x13.jpg 20w, https:\/\/velovilnius.lt\/wp-content\/uploads\/2013\/07\/942090_10151682117789111_374701489_n-512x340.jpg 512w, https:\/\/velovilnius.lt\/wp-content\/uploads\/2013\/07\/942090_10151682117789111_374701489_n.jpg 960w\" sizes=\"(max-width: 400px) 100vw, 400px\" data-no-lazy=\"1\" \/><\/a>\n<h4 class=\"pt-cv-title\"><a href=\"https:\/\/velovilnius.lt\/lt\/blog\/atrask-dzukija-ant-dviracio-puvociai-merkio-upe\/\" class=\"_self cvplbd\" target=\"_self\">ATRASK DZ\u016aKIJ\u0104 ANT DVIRA\u010cIO! PUVO\u010cIAI. MERKIO UP\u0116.<\/a><\/h4>\n<div class=\"pt-cv-content\">Antras \u017eygis jau ant nosies! \ud83d\ude42 Data &#8211; Liepos 27 d. Trasa &#8211; 30 km (Puvo\u010diai-Dubininkas-Vir&scaron;urodukis-Merkio up\u0117) Antrasis \u017eygis suplanuotas ...<br \/><div class=\"pt-cv-rmwrap\"><a href=\"https:\/\/velovilnius.lt\/lt\/blog\/atrask-dzukija-ant-dviracio-puvociai-merkio-upe\/\" class=\"_self pt-cv-readmore btn btn-success cvplbd\" target=\"_self\">Read More<\/a><\/div><\/div><\/div><\/div><\/div><\/div><\/div>\t\t\t<style type=\"text\/css\" id=\"pt-cv-inline-style-77acf2dpd3\">#pt-cv-view-b6d147cn35 .pt-cv-title a, #pt-cv-view-b6d147cn35  .panel-title { font-weight: 600 !important; }\n#pt-cv-view-b6d147cn35 .pt-cv-readmore  { color: #ffffff !important; background-color: #00aeef !important; }\n#pt-cv-view-b6d147cn35 .pt-cv-readmore:hover  { color: #ffffff !important; background-color: #00aeef !important; }\n#pt-cv-view-b6d147cn35  + .pt-cv-pagination-wrapper .pt-cv-more , #pt-cv-view-b6d147cn35  + .pt-cv-pagination-wrapper .pagination .active a { color: #ffffff !important; background-color: #00aeef !important; }<\/style><\/div>","pwapp_post_content_type":"postprocessed2","pwapp_preview_type":"excerpt","androapp_failover_post_content_type":"","share_text":"Atrask Dz\u016bkija (2013 ir 2014 m.)\nvia https:\/\/velovilnius.lt\/lt\/httpvelovilnius-ltlt675326-2velosostine\/atrask-dzukija-ant-dviracio-puvociai-merkio-upe\/","supercache":"androappsupercache","_links":{"self":[{"href":"https:\/\/velovilnius.lt\/lt\/wp-json\/wp\/v2\/pages\/688391"}],"collection":[{"href":"https:\/\/velovilnius.lt\/lt\/wp-json\/wp\/v2\/pages"}],"about":[{"href":"https:\/\/velovilnius.lt\/lt\/wp-json\/wp\/v2\/types\/page"}],"author":[{"embeddable":true,"href":"https:\/\/velovilnius.lt\/lt\/wp-json\/wp\/v2\/users\/1"}],"replies":[{"embeddable":true,"href":"https:\/\/velovilnius.lt\/lt\/wp-json\/wp\/v2\/comments?post=688391"}],"version-history":[{"count":1,"href":"https:\/\/velovilnius.lt\/lt\/wp-json\/wp\/v2\/pages\/688391\/revisions"}],"predecessor-version":[{"id":688393,"href":"https:\/\/velovilnius.lt\/lt\/wp-json\/wp\/v2\/pages\/688391\/revisions\/688393"}],"up":[{"embeddable":true,"href":"https:\/\/velovilnius.lt\/lt\/wp-json\/wp\/v2\/pages\/215323"}],"wp:featuredmedia":[{"embeddable":true,"href":"https:\/\/velovilnius.lt\/lt\/wp-json\/wp\/v2\/media\/4220"}],"wp:attachment":[{"href":"https:\/\/velovilnius.lt\/lt\/wp-json\/wp\/v2\/media?parent=688391"}],"wp:term":[{"taxonomy":"category","embeddable":true,"href":"https:\/\/velovilnius.lt\/lt\/wp-json\/wp\/v2\/categories?post=688391"},{"taxonomy":"post_tag","embeddable":true,"href":"https:\/\/velovilnius.lt\/lt\/wp-json\/wp\/v2\/tags?post=688391"}],"curies":[{"name":"wp","href":"https:\/\/api.w.org\/{rel}","templated":true}]}}