{"id":3983,"date":"2013-05-08T12:45:25","date_gmt":"2013-05-08T12:45:25","guid":{"rendered":"http:\/\/velovilnius.lt\/?page_id=3983"},"modified":"2020-04-07T10:31:59","modified_gmt":"2020-04-07T07:31:59","slug":"kitos-paslaugos","status":"publish","type":"page","link":"https:\/\/velovilnius.lt\/lt\/kitos-paslaugos\/","title":{"rendered":"Kitos paslaugos"},"content":{"rendered":"<p style=\"text-align: justify;\">M\u016bs\u0173 \u012fmon\u0117je\u00a0galite ne tik i\u0161sinuomoti dvira\u010dius, bet pasinaudoti ir kitomis m\u016bs\u0173 teikiamomis paslaugomis:<br \/>\n&#8211; savitarnos dirbtuv<span style=\"font-size: 13px; text-align: justify;\">\u0117<\/span>;<br \/>\n&#8211; smulki\u0173j\u0173 dvira\u010di\u0173 pataisym\u0173 pagalba;<br \/>\n&#8211; dvira\u010di\u0173 gabenimo paslaugos;<br \/>\n&#8211; sand<span style=\"font-size: 13px; text-align: justify;\">\u0117liavimas;<br \/>\n&#8211; patarimai.<\/span><\/p>\n[blog_in_blog category_slug=&#8217;service&#8217;]","protected":false},"excerpt":{"rendered":"<p>M\u016bs\u0173 \u012fmon\u0117je\u00a0galite ne tik i\u0161sinuomoti dvira\u010dius, bet pasinaudoti ir kitomis m\u016bs\u0173 teikiamomis paslaugomis: &#8211; savitarnos dirbtuv\u0117; &#8211; smulki\u0173j\u0173 dvira\u010di\u0173 pataisym\u0173 pagalba; &#8211; dvira\u010di\u0173 gabenimo paslaugos; &#8211; sand\u0117liavimas; &#8211; patarimai. [blog_in_blog category_slug=&#8217;service&#8217;]<\/p>\n","protected":false},"author":1,"featured_media":0,"parent":0,"menu_order":9,"comment_status":"closed","ping_status":"closed","template":"","meta":{"inline_featured_image":false,"site-sidebar-layout":"default","site-content-layout":"default","ast-site-content-layout":"default","site-content-style":"default","site-sidebar-style":"default","ast-global-header-display":"","ast-banner-title-visibility":"","ast-main-header-display":"","ast-hfb-above-header-display":"","ast-hfb-below-header-display":"","ast-hfb-mobile-header-display":"","site-post-title":"","ast-breadcrumbs-content":"","ast-featured-img":"","footer-sml-layout":"","ast-disable-related-posts":"","theme-transparent-header-meta":"default","adv-header-id-meta":"","stick-header-meta":"","header-above-stick-meta":"","header-main-stick-meta":"","header-below-stick-meta":"","astra-migrate-meta-layouts":"default","ast-page-background-enabled":"default","ast-page-background-meta":{"desktop":{"background-color":"","background-image":"","background-repeat":"repeat","background-position":"center center","background-size":"auto","background-attachment":"scroll","background-type":"","background-media":"","overlay-type":"","overlay-color":"","overlay-opacity":"","overlay-gradient":""},"tablet":{"background-color":"","background-image":"","background-repeat":"repeat","background-position":"center center","background-size":"auto","background-attachment":"scroll","background-type":"","background-media":"","overlay-type":"","overlay-color":"","overlay-opacity":"","overlay-gradient":""},"mobile":{"background-color":"","background-image":"","background-repeat":"repeat","background-position":"center center","background-size":"auto","background-attachment":"scroll","background-type":"","background-media":"","overlay-type":"","overlay-color":"","overlay-opacity":"","overlay-gradient":""}},"ast-content-background-meta":{"desktop":{"background-color":"var(--ast-global-color-5)","background-image":"","background-repeat":"repeat","background-position":"center center","background-size":"auto","background-attachment":"scroll","background-type":"","background-media":"","overlay-type":"","overlay-color":"","overlay-opacity":"","overlay-gradient":""},"tablet":{"background-color":"var(--ast-global-color-5)","background-image":"","background-repeat":"repeat","background-position":"center center","background-size":"auto","background-attachment":"scroll","background-type":"","background-media":"","overlay-type":"","overlay-color":"","overlay-opacity":"","overlay-gradient":""},"mobile":{"background-color":"var(--ast-global-color-5)","background-image":"","background-repeat":"repeat","background-position":"center center","background-size":"auto","background-attachment":"scroll","background-type":"","background-media":"","overlay-type":"","overlay-color":"","overlay-opacity":"","overlay-gradient":""}},"footnotes":"","_links_to":"","_links_to_target":""},"categories":[],"tags":[],"class_list":["post-3983","page","type-page","status-publish","hentry"],"ams_acf":[],"pwapp_after_post_content":"","pwapp_before_post_content":"","androapp_header":"","pwapp_author":{"ID":1,"name":"admin","slug":"admin"},"pwapp_terms":[],"pwapp_feed_image_dimension_type":"preview","pwapp_post_image":null,"share_image":null,"featured_image_showhide":"show","pwapp_excerpt":"<p>M\u016bs\u0173 \u012fmon\u0117je\u00a0galite ne tik i\u0161sinuomoti dvira\u010dius, bet pasinaudoti ir kitomis m\u016bs\u0173 teikiamomis paslaugomis: &#8211; savitarnos dirbtuv\u0117; &#8211; smulki\u0173j\u0173 dvira\u010di\u0173 pataisym\u0173 pagalba; &#8211; dvira\u010di\u0173 gabenimo paslaugos; &#8211; sand\u0117liavimas; &#8211; patarimai. [blog_in_blog category_slug=&#8217;service&#8217;]<\/p>\n","pwapp_title":"Kitos paslaugos","androapp_image_list":[],"pwapp_post_content":"<style type=\"text\/css\">androapp img{\r\n    max-width: 100%;\r\n    height: auto;\r\n}\r\niframe{\r\n    max-width: 100%;    \r\n}\r\nfigure {\r\n    max-width: 100%;\r\n    height: auto;\r\n}\r\nimg{\r\n    max-width: 100% !important;\r\n    height: auto;\r\n}\r\ndiv {\r\n    max-width: 100% !important;\r\n}\r\nspan {\r\n    max-width:100%;\r\n    overflow: auto;\r\n}\r\naudio {\r\n    display:block;\r\n    visibility:visible !important;\r\n}\r\nvideo{\r\n    width:100%;\r\n    height:auto;\r\n}\r\n<\/style><div class='androapp'><p style=\"text-align: justify;\">M\u016bs\u0173 \u012fmon\u0117je\u00a0galite ne tik i\u0161sinuomoti dvira\u010dius, bet pasinaudoti ir kitomis m\u016bs\u0173 teikiamomis paslaugomis:<br \/>\n&#8211; savitarnos dirbtuv<span style=\"font-size: 13px; text-align: justify;\">\u0117<\/span>;<br \/>\n&#8211; smulki\u0173j\u0173 dvira\u010di\u0173 pataisym\u0173 pagalba;<br \/>\n&#8211; dvira\u010di\u0173 gabenimo paslaugos;<br \/>\n&#8211; sand<span style=\"font-size: 13px; text-align: justify;\">\u0117liavimas;<br \/>\n&#8211; patarimai.<\/span><\/p>\n[blog_in_blog category_slug=&#8217;service&#8217;]<\/div>","pwapp_post_content_type":"postprocessed2","pwapp_preview_type":"excerpt","androapp_failover_post_content_type":"","share_text":"M\u016bs\u0173 \u012fmon\u0117je\u00a0galite ne tik i\u0161sinuomoti dvira\u010dius, bet pasinaudoti ir kitomis m\u016bs\u0173 teikiamomis paslaugomis: &#8211; savitarnos dirbtuv\u0117; &#8211; smulki\u0173j\u0173 dvira\u010di\u0173 pataisym\u0173 pagalba; &#8211; dvira\u010di\u0173 gabenimo paslaugos; &#8211; sand\u0117liavimas; &#8211; patarimai. [blog_in_blog category_slug=&#8217;service&#8217;]\n\nvia https:\/\/velovilnius.lt\/lt\/kitos-paslaugos\/","supercache":"androappsupercache","_links":{"self":[{"href":"https:\/\/velovilnius.lt\/lt\/wp-json\/wp\/v2\/pages\/3983","targetHints":{"allow":["GET"]}}],"collection":[{"href":"https:\/\/velovilnius.lt\/lt\/wp-json\/wp\/v2\/pages"}],"about":[{"href":"https:\/\/velovilnius.lt\/lt\/wp-json\/wp\/v2\/types\/page"}],"author":[{"embeddable":true,"href":"https:\/\/velovilnius.lt\/lt\/wp-json\/wp\/v2\/users\/1"}],"replies":[{"embeddable":true,"href":"https:\/\/velovilnius.lt\/lt\/wp-json\/wp\/v2\/comments?post=3983"}],"version-history":[{"count":2,"href":"https:\/\/velovilnius.lt\/lt\/wp-json\/wp\/v2\/pages\/3983\/revisions"}],"predecessor-version":[{"id":714050,"href":"https:\/\/velovilnius.lt\/lt\/wp-json\/wp\/v2\/pages\/3983\/revisions\/714050"}],"wp:attachment":[{"href":"https:\/\/velovilnius.lt\/lt\/wp-json\/wp\/v2\/media?parent=3983"}],"wp:term":[{"taxonomy":"category","embeddable":true,"href":"https:\/\/velovilnius.lt\/lt\/wp-json\/wp\/v2\/categories?post=3983"},{"taxonomy":"post_tag","embeddable":true,"href":"https:\/\/velovilnius.lt\/lt\/wp-json\/wp\/v2\/tags?post=3983"}],"curies":[{"name":"wp","href":"https:\/\/api.w.org\/{rel}","templated":true}]}}