{"id":3809,"date":"2013-04-03T15:38:55","date_gmt":"2013-04-03T15:38:55","guid":{"rendered":"http:\/\/velovilnius.lt\/?page_id=3809"},"modified":"2013-07-10T10:15:41","modified_gmt":"2013-07-10T10:15:41","slug":"canoeing","status":"publish","type":"page","link":"https:\/\/velovilnius.lt\/lt\/unsere-dienstleistungen\/frankas-wurft\/tours\/canoeing\/","title":{"rendered":"Baidari\u0173 turai"},"content":{"rendered":"<p>\n\t[shashin type=&#8221;photo&#8221; id=&#8221;26,24,22,23,25,19,21,20&#8243; size=&#8221;small&#8221; columns=&#8221;max&#8221; order=&#8221;user&#8221; position=&#8221;center&#8221;] \n<\/p>\n<h1 style=\"font-family: Georgia,'Times New Roman','Bitstream Charter',Times,serif;line-height: 18.9931px;text-align: justify\">\n\t<span style=\"color:#000000\"><span style=\"font-size: 12px\">Jei norite i&scaron;bandyti savo j\u0117gas ne tik dvira\u010di\u0173 \u017eygiuose, bet ir baidari\u0173, tuomet galime jums pasi\u016blyti &scaron;iuos variantus:<\/p>\n<p>\ta) plaukimas baidar\u0117mis Vilniuje<br \/>\n\tTrukm\u0117: 2 &#8211;&nbsp; 4 val.<br \/>\n\tKaina: 50 lt \/ \u017em.<\/p>\n<p>\tb) plaukimas baidar\u0117mis Dz\u016bkijos Nacionaliniame parke \u016alos upe<br \/>\n\tTrukm\u0117: 1 d.<br \/>\n\tKaina: 150 lt \/ \u017em.<\/span><\/span><br \/>\n\t<span style=\"color:#000000\"><span style=\"font-size: 12px\">\u012e kain\u0105 \u012feina:<\/span><\/span> <span style=\"color:#000000\"><span style=\"font-size:12px\">transportas, baidari\u0173 nuoma ir gelb\u0117jimosi liemen\u0117s, instrukta\u017eas.<\/span><\/span><\/p>\n<p>\t<span style=\"color:#000000\"><span style=\"font-size: 12px\">Papildomos paslaugos: maistas, g\u0117rimai.<\/span><\/span><br \/>\n<\/h1>\n<h2 style=\"line-height: 18.99305534362793px;font-family: Georgia, 'Times New Roman', 'Bitstream Charter', Times, serif\">\n\t&nbsp;<br \/>\n<\/h2>\n<p>\n\t<span style=\"color:#000000\"><span style=\"font-size: 12px\">","protected":false},"excerpt":{"rendered":"<p>[shashin type=&#8221;photo&#8221; id=&#8221;26,24,22,23,25,19,21,20&#8243; size=&#8221;small&#8221; columns=&#8221;max&#8221; order=&#8221;user&#8221; position=&#8221;center&#8221;] Jei norite i&scaron;bandyti savo j\u0117gas ne tik dvira\u010di\u0173 \u017eygiuose, bet ir baidari\u0173, tuomet galime jums pasi\u016blyti &scaron;iuos variantus: a) plaukimas baidar\u0117mis Vilniuje Trukm\u0117: 2 &#8211;&nbsp; 4 val. Kaina: 50 lt \/ \u017em. b) plaukimas baidar\u0117mis Dz\u016bkijos Nacionaliniame parke \u016alos upe Trukm\u0117: 1 d. Kaina: 150 lt \/ \u017em. [&hellip;]<\/p>\n","protected":false},"author":1,"featured_media":0,"parent":7,"menu_order":6,"comment_status":"open","ping_status":"open","template":"","meta":{"inline_featured_image":false,"site-sidebar-layout":"default","site-content-layout":"","ast-site-content-layout":"default","site-content-style":"default","site-sidebar-style":"default","ast-global-header-display":"","ast-banner-title-visibility":"","ast-main-header-display":"","ast-hfb-above-header-display":"","ast-hfb-below-header-display":"","ast-hfb-mobile-header-display":"","site-post-title":"","ast-breadcrumbs-content":"","ast-featured-img":"","footer-sml-layout":"","ast-disable-related-posts":"","theme-transparent-header-meta":"","adv-header-id-meta":"","stick-header-meta":"","header-above-stick-meta":"","header-main-stick-meta":"","header-below-stick-meta":"","astra-migrate-meta-layouts":"default","ast-page-background-enabled":"default","ast-page-background-meta":{"desktop":{"background-color":"","background-image":"","background-repeat":"repeat","background-position":"center center","background-size":"auto","background-attachment":"scroll","background-type":"","background-media":"","overlay-type":"","overlay-color":"","overlay-opacity":"","overlay-gradient":""},"tablet":{"background-color":"","background-image":"","background-repeat":"repeat","background-position":"center center","background-size":"auto","background-attachment":"scroll","background-type":"","background-media":"","overlay-type":"","overlay-color":"","overlay-opacity":"","overlay-gradient":""},"mobile":{"background-color":"","background-image":"","background-repeat":"repeat","background-position":"center center","background-size":"auto","background-attachment":"scroll","background-type":"","background-media":"","overlay-type":"","overlay-color":"","overlay-opacity":"","overlay-gradient":""}},"ast-content-background-meta":{"desktop":{"background-color":"var(--ast-global-color-5)","background-image":"","background-repeat":"repeat","background-position":"center center","background-size":"auto","background-attachment":"scroll","background-type":"","background-media":"","overlay-type":"","overlay-color":"","overlay-opacity":"","overlay-gradient":""},"tablet":{"background-color":"var(--ast-global-color-5)","background-image":"","background-repeat":"repeat","background-position":"center center","background-size":"auto","background-attachment":"scroll","background-type":"","background-media":"","overlay-type":"","overlay-color":"","overlay-opacity":"","overlay-gradient":""},"mobile":{"background-color":"var(--ast-global-color-5)","background-image":"","background-repeat":"repeat","background-position":"center center","background-size":"auto","background-attachment":"scroll","background-type":"","background-media":"","overlay-type":"","overlay-color":"","overlay-opacity":"","overlay-gradient":""}},"footnotes":"","_links_to":"","_links_to_target":""},"categories":[],"tags":[],"ams_acf":[],"pwapp_after_post_content":"","pwapp_before_post_content":"","androapp_header":"","pwapp_author":{"ID":1,"name":"admin","slug":"admin"},"pwapp_terms":[],"pwapp_feed_image_dimension_type":"preview","pwapp_post_image":"http:\/\/www.velovilnius.lt\/wp-content\/uploads\/2010\/04\/baidares1-1024x768.jpg","share_image":"http:\/\/www.velovilnius.lt\/wp-content\/uploads\/2010\/04\/baidares1-1024x768.jpg","featured_image_showhide":"show","pwapp_excerpt":"<p>[shashin type=&#8221;photo&#8221; id=&#8221;26,24,22,23,25,19,21,20&#8243; size=&#8221;small&#8221; columns=&#8221;max&#8221; order=&#8221;user&#8221; position=&#8221;center&#8221;] Jei norite i&scaron;bandyti savo j\u0117gas ne tik dvira\u010di\u0173 \u017eygiuose, bet ir baidari\u0173, tuomet galime jums pasi\u016blyti &scaron;iuos variantus: a) plaukimas baidar\u0117mis Vilniuje Trukm\u0117: 2 &#8211;&nbsp; 4 val. Kaina: 50 lt \/ \u017em. b) plaukimas baidar\u0117mis Dz\u016bkijos Nacionaliniame parke \u016alos upe Trukm\u0117: 1 d. Kaina: 150 lt \/ \u017em. [&hellip;]<\/p>\n","pwapp_title":"Baidari\u0173 turai","androapp_image_list":[],"pwapp_post_content":"<style type=\"text\/css\">androapp img{\r\n    max-width: 100%;\r\n    height: auto;\r\n}\r\niframe{\r\n    max-width: 100%;    \r\n}\r\nfigure {\r\n    max-width: 100%;\r\n    height: auto;\r\n}\r\nimg{\r\n    max-width: 100% !important;\r\n    height: auto;\r\n}\r\ndiv {\r\n    max-width: 100% !important;\r\n}\r\nspan {\r\n    max-width:100%;\r\n    overflow: auto;\r\n}\r\naudio {\r\n    display:block;\r\n    visibility:visible !important;\r\n}\r\nvideo{\r\n    width:100%;\r\n    height:auto;\r\n}\r\n<\/style><div class='androapp'><p>\n\t[shashin type=&#8221;photo&#8221; id=&#8221;26,24,22,23,25,19,21,20&#8243; size=&#8221;small&#8221; columns=&#8221;max&#8221; order=&#8221;user&#8221; position=&#8221;center&#8221;] \n<\/p>\n<h1 style=\"font-family: Georgia,'Times New Roman','Bitstream Charter',Times,serif;line-height: 18.9931px;text-align: justify\">\n\t<span style=\"color:#000000\"><span style=\"font-size: 12px\">Jei norite i&scaron;bandyti savo j\u0117gas ne tik dvira\u010di\u0173 \u017eygiuose, bet ir baidari\u0173, tuomet galime jums pasi\u016blyti &scaron;iuos variantus:<\/p>\n<p>\ta) plaukimas baidar\u0117mis Vilniuje<br \/>\n\tTrukm\u0117: 2 &#8211;&nbsp; 4 val.<br \/>\n\tKaina: 50 lt \/ \u017em.<\/p>\n<p>\tb) plaukimas baidar\u0117mis Dz\u016bkijos Nacionaliniame parke \u016alos upe<br \/>\n\tTrukm\u0117: 1 d.<br \/>\n\tKaina: 150 lt \/ \u017em.<\/span><\/span><br \/>\n\t<span style=\"color:#000000\"><span style=\"font-size: 12px\">\u012e kain\u0105 \u012feina:<\/span><\/span> <span style=\"color:#000000\"><span style=\"font-size:12px\">transportas, baidari\u0173 nuoma ir gelb\u0117jimosi liemen\u0117s, instrukta\u017eas.<\/span><\/span><\/p>\n<p>\t<span style=\"color:#000000\"><span style=\"font-size: 12px\">Papildomos paslaugos: maistas, g\u0117rimai.<\/span><\/span><br \/>\n<\/h1>\n<h2 style=\"line-height: 18.99305534362793px;font-family: Georgia, 'Times New Roman', 'Bitstream Charter', Times, serif\">\n\t&nbsp;<br \/>\n<\/h2>\n<p>\n\t<span style=\"color:#000000\"><span style=\"font-size: 12px\"><\/div>","pwapp_post_content_type":"postprocessed2","pwapp_preview_type":"excerpt","androapp_failover_post_content_type":"","share_text":"Baidari\u0173 turai\nvia https:\/\/velovilnius.lt\/lt\/unsere-dienstleistungen\/frankas-wurft\/tours\/canoeing\/","supercache":"androappsupercache","_links":{"self":[{"href":"https:\/\/velovilnius.lt\/lt\/wp-json\/wp\/v2\/pages\/3809"}],"collection":[{"href":"https:\/\/velovilnius.lt\/lt\/wp-json\/wp\/v2\/pages"}],"about":[{"href":"https:\/\/velovilnius.lt\/lt\/wp-json\/wp\/v2\/types\/page"}],"author":[{"embeddable":true,"href":"https:\/\/velovilnius.lt\/lt\/wp-json\/wp\/v2\/users\/1"}],"replies":[{"embeddable":true,"href":"https:\/\/velovilnius.lt\/lt\/wp-json\/wp\/v2\/comments?post=3809"}],"version-history":[{"count":0,"href":"https:\/\/velovilnius.lt\/lt\/wp-json\/wp\/v2\/pages\/3809\/revisions"}],"up":[{"embeddable":true,"href":"https:\/\/velovilnius.lt\/lt\/wp-json\/wp\/v2\/pages\/7"}],"wp:attachment":[{"href":"https:\/\/velovilnius.lt\/lt\/wp-json\/wp\/v2\/media?parent=3809"}],"wp:term":[{"taxonomy":"category","embeddable":true,"href":"https:\/\/velovilnius.lt\/lt\/wp-json\/wp\/v2\/categories?post=3809"},{"taxonomy":"post_tag","embeddable":true,"href":"https:\/\/velovilnius.lt\/lt\/wp-json\/wp\/v2\/tags?post=3809"}],"curies":[{"name":"wp","href":"https:\/\/api.w.org\/{rel}","templated":true}]}}