{"id":3283,"date":"2012-08-22T16:26:48","date_gmt":"2012-08-22T13:26:48","guid":{"rendered":"http:\/\/www.velovilnius.lt\/?page_id=3283"},"modified":"2020-01-20T15:28:37","modified_gmt":"2020-01-20T13:28:37","slug":"pasitaisyk-pats","status":"publish","type":"page","link":"https:\/\/velovilnius.lt\/lt\/httpvelovilnius-ltlt675326-2velosostine\/dviraciai-iki-e100\/pasitaisyk-pats\/","title":{"rendered":"Skaitykla, patarimai (archyvas)"},"content":{"rendered":"<p>    Grandin\u0117s tepimas \n<!-- iframe plugin v.6.0 wordpress.org\/plugins\/iframe\/ -->\n<iframe loading=\"lazy\" width=\"560\" height=\"315\" src=\"http:\/\/www.youtube.com\/embed\/ztq9FvOVBYs\" frameborder=\"0\" 0=\"allowfullscreen\" scrolling=\"yes\" class=\"iframe-class\"><\/iframe>\n Stabd\u017ei\u0173 tikrinimas ir reguliavimas? \n<!-- iframe plugin v.6.0 wordpress.org\/plugins\/iframe\/ -->\n<iframe loading=\"lazy\" width=\"560\" height=\"315\" src=\"http:\/\/www.youtube.com\/embed\/vQYbbhZe7EM\" frameborder=\"0\" 0=\"allowfullscreen\" scrolling=\"yes\" class=\"iframe-class\"><\/iframe>\n Kaip palopinti padang\u0105? \n<!-- iframe plugin v.6.0 wordpress.org\/plugins\/iframe\/ -->\n<iframe loading=\"lazy\" width=\"560\" height=\"315\" src=\"http:\/\/www.youtube.com\/embed\/zjpflfb8Qdk\" frameborder=\"0\" scrolling=\"yes\" class=\"iframe-class\"><\/iframe>\n .<\/p>\n<h2>\n    <a href=\"http:\/\/www.velovilnius.lt\/archives\/2492\" rel=\"bookmark\" title=\"Permanent Link to Kaip savo dvirat\u012f paruo\u0161ti \u017eiemos miegui?\">Kaip savo dvirat\u012f paruo&scaron;ti \u017eiemos miegui?<\/a><br \/>\n<\/h2>\n<p>    <a href=\"http:\/\/www.velovilnius.lt\/archives\/2492\">http:\/\/www.velovilnius.lt\/archives\/2492<\/a> <a href=\"http:\/\/www.lrytas.lt\/-13285418301326400Q474-dviratis-sveikata-ir-%C5%A1altis-kaip-visa-tai-suderinti.htm\" target=\"_blank\" rel=\"noopener\">http:\/\/www.lrytas.lt\/-13285418301326400Q474-dviratis-sveikata-ir-&scaron;altis-kaip-visa-tai-suderinti.htm<\/a><\/p>","protected":false},"excerpt":{"rendered":"<p>Grandin\u0117s tepimas Stabd\u017ei\u0173 tikrinimas ir reguliavimas? Kaip palopinti padang\u0105? . Kaip savo dvirat\u012f paruo&scaron;ti \u017eiemos miegui? http:\/\/www.velovilnius.lt\/archives\/2492 http:\/\/www.lrytas.lt\/-13285418301326400Q474-dviratis-sveikata-ir-&scaron;altis-kaip-visa-tai-suderinti.htm<\/p>\n","protected":false},"author":2,"featured_media":0,"parent":675326,"menu_order":4,"comment_status":"closed","ping_status":"closed","template":"","meta":{"inline_featured_image":false,"site-sidebar-layout":"default","site-content-layout":"","ast-site-content-layout":"default","site-content-style":"default","site-sidebar-style":"default","ast-global-header-display":"","ast-banner-title-visibility":"","ast-main-header-display":"","ast-hfb-above-header-display":"","ast-hfb-below-header-display":"","ast-hfb-mobile-header-display":"","site-post-title":"","ast-breadcrumbs-content":"","ast-featured-img":"","footer-sml-layout":"","ast-disable-related-posts":"","theme-transparent-header-meta":"","adv-header-id-meta":"","stick-header-meta":"","header-above-stick-meta":"","header-main-stick-meta":"","header-below-stick-meta":"","astra-migrate-meta-layouts":"default","ast-page-background-enabled":"default","ast-page-background-meta":{"desktop":{"background-color":"","background-image":"","background-repeat":"repeat","background-position":"center center","background-size":"auto","background-attachment":"scroll","background-type":"","background-media":"","overlay-type":"","overlay-color":"","overlay-opacity":"","overlay-gradient":""},"tablet":{"background-color":"","background-image":"","background-repeat":"repeat","background-position":"center center","background-size":"auto","background-attachment":"scroll","background-type":"","background-media":"","overlay-type":"","overlay-color":"","overlay-opacity":"","overlay-gradient":""},"mobile":{"background-color":"","background-image":"","background-repeat":"repeat","background-position":"center center","background-size":"auto","background-attachment":"scroll","background-type":"","background-media":"","overlay-type":"","overlay-color":"","overlay-opacity":"","overlay-gradient":""}},"ast-content-background-meta":{"desktop":{"background-color":"var(--ast-global-color-5)","background-image":"","background-repeat":"repeat","background-position":"center center","background-size":"auto","background-attachment":"scroll","background-type":"","background-media":"","overlay-type":"","overlay-color":"","overlay-opacity":"","overlay-gradient":""},"tablet":{"background-color":"var(--ast-global-color-5)","background-image":"","background-repeat":"repeat","background-position":"center center","background-size":"auto","background-attachment":"scroll","background-type":"","background-media":"","overlay-type":"","overlay-color":"","overlay-opacity":"","overlay-gradient":""},"mobile":{"background-color":"var(--ast-global-color-5)","background-image":"","background-repeat":"repeat","background-position":"center center","background-size":"auto","background-attachment":"scroll","background-type":"","background-media":"","overlay-type":"","overlay-color":"","overlay-opacity":"","overlay-gradient":""}},"footnotes":"","_links_to":"","_links_to_target":""},"categories":[],"tags":[],"ams_acf":[],"pwapp_after_post_content":"","pwapp_before_post_content":"","androapp_header":"","pwapp_author":{"ID":2,"name":"frankas","slug":"frankas"},"pwapp_terms":[],"pwapp_feed_image_dimension_type":"preview","pwapp_post_image":null,"share_image":null,"featured_image_showhide":"show","pwapp_excerpt":"<p>Grandin\u0117s tepimas Stabd\u017ei\u0173 tikrinimas ir reguliavimas? Kaip palopinti padang\u0105? . Kaip savo dvirat\u012f paruo&scaron;ti \u017eiemos miegui? http:\/\/www.velovilnius.lt\/archives\/2492 http:\/\/www.lrytas.lt\/-13285418301326400Q474-dviratis-sveikata-ir-&scaron;altis-kaip-visa-tai-suderinti.htm<\/p>\n","pwapp_title":"Skaitykla, patarimai (archyvas)","androapp_image_list":[],"pwapp_post_content":"<style type=\"text\/css\">androapp img{\r\n    max-width: 100%;\r\n    height: auto;\r\n}\r\niframe{\r\n    max-width: 100%;    \r\n}\r\nfigure {\r\n    max-width: 100%;\r\n    height: auto;\r\n}\r\nimg{\r\n    max-width: 100% !important;\r\n    height: auto;\r\n}\r\ndiv {\r\n    max-width: 100% !important;\r\n}\r\nspan {\r\n    max-width:100%;\r\n    overflow: auto;\r\n}\r\naudio {\r\n    display:block;\r\n    visibility:visible !important;\r\n}\r\nvideo{\r\n    width:100%;\r\n    height:auto;\r\n}\r\n<\/style><div class='androapp'><p>    Grandin\u0117s tepimas \n<!-- iframe plugin v.6.0 wordpress.org\/plugins\/iframe\/ -->\n<iframe loading=\"lazy\" width=\"560\" height=\"315\" src=\"http:\/\/www.youtube.com\/embed\/ztq9FvOVBYs\" frameborder=\"0\" 0=\"allowfullscreen\" scrolling=\"yes\" class=\"iframe-class\"><\/iframe>\n Stabd\u017ei\u0173 tikrinimas ir reguliavimas? \n<!-- iframe plugin v.6.0 wordpress.org\/plugins\/iframe\/ -->\n<iframe loading=\"lazy\" width=\"560\" height=\"315\" src=\"http:\/\/www.youtube.com\/embed\/vQYbbhZe7EM\" frameborder=\"0\" 0=\"allowfullscreen\" scrolling=\"yes\" class=\"iframe-class\"><\/iframe>\n Kaip palopinti padang\u0105? \n<!-- iframe plugin v.6.0 wordpress.org\/plugins\/iframe\/ -->\n<iframe loading=\"lazy\" width=\"560\" height=\"315\" src=\"http:\/\/www.youtube.com\/embed\/zjpflfb8Qdk\" frameborder=\"0\" scrolling=\"yes\" class=\"iframe-class\"><\/iframe>\n .<\/p>\n<h2>\n    <a href=\"http:\/\/www.velovilnius.lt\/archives\/2492\" rel=\"bookmark\" title=\"Permanent Link to Kaip savo dvirat\u012f paruo\u0161ti \u017eiemos miegui?\">Kaip savo dvirat\u012f paruo&scaron;ti \u017eiemos miegui?<\/a><br \/>\n<\/h2>\n<p>    <a href=\"http:\/\/www.velovilnius.lt\/archives\/2492\">http:\/\/www.velovilnius.lt\/archives\/2492<\/a> <a href=\"http:\/\/www.lrytas.lt\/-13285418301326400Q474-dviratis-sveikata-ir-%C5%A1altis-kaip-visa-tai-suderinti.htm\" target=\"_blank\" rel=\"noopener\">http:\/\/www.lrytas.lt\/-13285418301326400Q474-dviratis-sveikata-ir-&scaron;altis-kaip-visa-tai-suderinti.htm<\/a><\/p><\/div>","pwapp_post_content_type":"postprocessed2","pwapp_preview_type":"excerpt","androapp_failover_post_content_type":"","share_text":"Grandin\u0117s tepimas Stabd\u017ei\u0173 tikrinimas ir reguliavimas? Kaip palopinti padang\u0105? . Kaip savo dvirat\u012f paruo&scaron;ti \u017eiemos miegui? http:\/\/www.velovilnius.lt\/archives\/2492 http:\/\/www.lrytas.lt\/-13285418301326400Q474-dviratis-sveikata-ir-&scaron;altis-kaip-visa-tai-suderinti.htm\n\nvia https:\/\/velovilnius.lt\/lt\/httpvelovilnius-ltlt675326-2velosostine\/dviraciai-iki-e100\/pasitaisyk-pats\/","supercache":"androappsupercache","_links":{"self":[{"href":"https:\/\/velovilnius.lt\/lt\/wp-json\/wp\/v2\/pages\/3283"}],"collection":[{"href":"https:\/\/velovilnius.lt\/lt\/wp-json\/wp\/v2\/pages"}],"about":[{"href":"https:\/\/velovilnius.lt\/lt\/wp-json\/wp\/v2\/types\/page"}],"author":[{"embeddable":true,"href":"https:\/\/velovilnius.lt\/lt\/wp-json\/wp\/v2\/users\/2"}],"replies":[{"embeddable":true,"href":"https:\/\/velovilnius.lt\/lt\/wp-json\/wp\/v2\/comments?post=3283"}],"version-history":[{"count":1,"href":"https:\/\/velovilnius.lt\/lt\/wp-json\/wp\/v2\/pages\/3283\/revisions"}],"predecessor-version":[{"id":700413,"href":"https:\/\/velovilnius.lt\/lt\/wp-json\/wp\/v2\/pages\/3283\/revisions\/700413"}],"up":[{"embeddable":true,"href":"https:\/\/velovilnius.lt\/lt\/wp-json\/wp\/v2\/pages\/675326"}],"wp:attachment":[{"href":"https:\/\/velovilnius.lt\/lt\/wp-json\/wp\/v2\/media?parent=3283"}],"wp:term":[{"taxonomy":"category","embeddable":true,"href":"https:\/\/velovilnius.lt\/lt\/wp-json\/wp\/v2\/categories?post=3283"},{"taxonomy":"post_tag","embeddable":true,"href":"https:\/\/velovilnius.lt\/lt\/wp-json\/wp\/v2\/tags?post=3283"}],"curies":[{"name":"wp","href":"https:\/\/api.w.org\/{rel}","templated":true}]}}