{"id":1701,"date":"2011-06-08T14:49:22","date_gmt":"2011-06-08T11:49:22","guid":{"rendered":"http:\/\/velo-city.lt\/?page_id=1701"},"modified":"2020-05-21T10:10:48","modified_gmt":"2020-05-21T07:10:48","slug":"trakai","status":"publish","type":"page","link":"https:\/\/velovilnius.lt\/lt\/vilnius-bikemap\/trakai\/","title":{"rendered":"Trakai dvira\u010diais"},"content":{"rendered":"[shashin type=&#8221;photo&#8221; id=&#8221;569,564,563,562,560,547&#8243; size=&#8221;small&#8221; columns=&#8221;max&#8221; order=&#8221;user&#8221; position=&#8221;center&#8221;]\n<h1><strong><span style=\"color: #000000;\"><span style=\"font-size: 12px;\"><span style=\"font-family: arial,helvetica,sans-serif;\">\u012e Trakus dvira\u010diais<\/span><\/span><\/span><\/strong><\/h1>\n<p style=\"text-align: justify;\"><span style=\"color: #000000;\"><span style=\"font-size: 12px;\"><span style=\"font-family: arial,helvetica,sans-serif;\">Trakai yra viena \u017eymiausi\u0173\u00a0ir gra\u017eiausi\u0173\u00a0viet\u0173 Lietuvoje, ta\u010diau\u00a0keliai\u00a0&#8211; n\u0117ra\u00a0labai pritaikyti va\u017eiavimui dvira\u010diais, tod\u0117l\u00a0Trak\u0173 apylink\u0117s, \u0161iuo klausimu,\u00a0patenka \u012f kategorij\u0105 &#8222;\u012fmanoma, bet nevisai patogu&#8221;.<\/span><\/span><\/span><\/p>\n<p><span style=\"color: #000000;\"><span style=\"font-size: 12px;\"><span style=\"font-family: arial,helvetica,sans-serif;\">Tod\u0117l mes si\u016blome <strong>du variantus<\/strong>:<\/span><\/span><\/span><\/p>\n<h2 style=\"text-align: justify;\"><span style=\"color: #000000;\"><span style=\"font-size: 12px;\"><span style=\"font-family: arial,helvetica,sans-serif;\">a) individualus va\u017eiavimas:<\/span><\/span><\/span><\/h2>\n<ul>\n<li style=\"text-align: justify;\"><span style=\"color: #000000;\"><span style=\"font-size: 12px;\"><span style=\"font-family: arial,helvetica,sans-serif;\">galite pasinaudoti m\u016bs\u0173 rekomenduojamu mar\u0161rutu, kur\u012f rasite \u0161io puslapio apa\u010dioje arba galite atvykti pas mus \u012f sve\u010dius \u012f Au\u0161ros g. 7 ir mes jus pakonsultuosime.<\/span><\/span><\/span><\/li>\n<\/ul>\n<h2><span style=\"color: #000000;\"><span style=\"font-size: 12px;\"><span style=\"font-family: arial,helvetica,sans-serif;\">b) transportavimas:<\/span><\/span><\/span><\/h2>\n<ul>\n<li><span style=\"color: #000000;\"><span style=\"font-size: 12px;\"><span style=\"font-family: arial,helvetica,sans-serif;\">mes galime Jus\u00a0nuve\u017eti bei Jums pristatyti dvira\u010dius \u012f Trakus bei pateikti vis\u0105 informacij\u0105 kaip rasti min\u0117tus kelius aplink e\u017eerus (\u017eem\u0117lapiai, gps). \u017dinoma, taip pat ir parve\u0161ime atgal.<\/span><\/span><\/span><\/li>\n<\/ul>\n<div style=\"font-family: Arial, Verdana, sans-serif; font-size: 12px; color: #222222; background-color: #ffffff;\"><span style=\"color: #000000;\"><span style=\"font-size: 12px;\"><span style=\"font-family: arial,helvetica,sans-serif;\"><strong>Visa\u00a0paslauga\u00a0pavieniams keliautojams (dvira\u010di\u0173 nuoma, gabenimas, informacin\u0117 pakuot\u0117, vandens butelis) 75 Lt asmeniui. Grup\u0117ms taikomos kitos kainos.<\/strong><\/span><\/span><\/span><\/div>\n<h2><\/h2>\n<h2><\/h2>\n<h2><strong>more information<\/strong><\/h2>\n<p><a style=\"font-family: Arial; font-size: 13px; color: #333333; text-decoration: none; font-weight: bold;\" href=\"http:\/\/www.trakai.lt\/\" target=\"_blank\" rel=\"noopener\"><span style=\"color: #000080;\"><span style=\"text-decoration: underline;\">www.trakai.lt<\/span><\/span><\/a> <span style=\"color: #000080;\"><span style=\"text-decoration: underline;\">http:\/\/www.tmu.lt\/objektai\/le\/varniku_takas\/vt.htm<\/span><\/span><\/p>\n<h1>\u017dem\u0117lapis<\/h1>\n\n<!-- iframe plugin v.6.0 wordpress.org\/plugins\/iframe\/ -->\n<iframe loading=\"lazy\" src=\"http:\/\/www.gpsies.com\/mapFolderOnly.do?id=3749\" width=\"600\" height=\"400\" frameborder=\"0\" scrolling=\"no\" marginheight=\"0\" marginwidth=\"0\" class=\"iframe-class\"><\/iframe>\n <a title=\"GPSies - FrankasW\" href=\"http:\/\/www.gpsies.com\/mapFolder.do?id=3749\" target=\"_blank\" rel=\"noopener\"><img decoding=\"async\" src=\"http:\/\/www.gpsies.com\/images\/linkus.png\" alt=\"GPSies - FrankasW\" border=\"0\" \/><\/a><\/p>\n<h1>Nuotraukos<\/h1>\n<p>\/\/ &lt;!&#8211;[CDATA[<\/p>\n<p>&lt;<span style=\"text-decoration: underline;\">\u017dem\u0117lapiai <\/span><br \/>\n<span style=\"text-decoration: underline;\">(galima nukrauti keli\u0105 &#8222;track&#8221; gps imtuvui<\/span><em>Route Vilnius-Trakai:<\/em><span class=\"Apple-style-span\" style=\"color: #111111; font-family: Arial; font-size: small;\"><u><span style=\"font-weight: bold;\">\u017diedas aplink Trak\u0173 e\u017eeryn\u0105<\/span> <\/u><\/span> (ne visai paprastas Cycling route around Trakai (lakes) of\u00a0velocityLT\/\/ ]]&gt;<br \/>\nTrakai, Trakai, Trakai<span style=\"color: #ff0000;\">kol kas tik Angl\u0173 kalba<\/span>cycle route around the lakes \n<!-- iframe plugin v.6.0 wordpress.org\/plugins\/iframe\/ -->\n<iframe loading=\"lazy\" src=\"http:\/\/www.gpsies.com\/mapOnly.do?fileId=bmovcjewaskbjqqf\" width=\"600\" height=\"400\" frameborder=\"0\" scrolling=\"no\" marginheight=\"0\" marginwidth=\"0\" class=\"iframe-class\"><\/iframe>\n see also: http:\/\/www.bicyclelithuania.com\/lt\/zemelapis http:\/\/www.bicyclelithuania.com\/uploads\/MAPS\/Jonines_Trakuose_su_dviraciu_2012_zemelapis.jpgdifferent routes to and around trakai<br \/>\n\n<!-- iframe plugin v.6.0 wordpress.org\/plugins\/iframe\/ -->\n<iframe loading=\"lazy\" src=\"http:\/\/www.gpsies.com\/mapFolderOnly.do?id=3749\" width=\"600\" height=\"400\" frameborder=\"0\" scrolling=\"no\" marginheight=\"0\" marginwidth=\"0\" class=\"iframe-class\"><\/iframe>","protected":false},"excerpt":{"rendered":"<p>[shashin type=&#8221;photo&#8221; id=&#8221;569,564,563,562,560,547&#8243; size=&#8221;small&#8221; columns=&#8221;max&#8221; order=&#8221;user&#8221; position=&#8221;center&#8221;] \u012e Trakus dvira\u010diais Trakai yra viena \u017eymiausi\u0173\u00a0ir gra\u017eiausi\u0173\u00a0viet\u0173 Lietuvoje, ta\u010diau\u00a0keliai\u00a0&#8211; n\u0117ra\u00a0labai pritaikyti va\u017eiavimui dvira\u010diais, tod\u0117l\u00a0Trak\u0173 apylink\u0117s, \u0161iuo klausimu,\u00a0patenka \u012f kategorij\u0105 &#8222;\u012fmanoma, bet nevisai patogu&#8221;. Tod\u0117l mes si\u016blome du variantus: a) individualus va\u017eiavimas: galite pasinaudoti m\u016bs\u0173 rekomenduojamu mar\u0161rutu, kur\u012f rasite \u0161io puslapio apa\u010dioje arba galite atvykti pas mus \u012f [&hellip;]<\/p>\n","protected":false},"author":1,"featured_media":696632,"parent":4529,"menu_order":7,"comment_status":"closed","ping_status":"closed","template":"","meta":{"inline_featured_image":false,"site-sidebar-layout":"default","site-content-layout":"default","ast-site-content-layout":"default","site-content-style":"default","site-sidebar-style":"default","ast-global-header-display":"","ast-banner-title-visibility":"","ast-main-header-display":"","ast-hfb-above-header-display":"","ast-hfb-below-header-display":"","ast-hfb-mobile-header-display":"","site-post-title":"","ast-breadcrumbs-content":"","ast-featured-img":"","footer-sml-layout":"","ast-disable-related-posts":"","theme-transparent-header-meta":"default","adv-header-id-meta":"","stick-header-meta":"","header-above-stick-meta":"","header-main-stick-meta":"","header-below-stick-meta":"","astra-migrate-meta-layouts":"default","ast-page-background-enabled":"default","ast-page-background-meta":{"desktop":{"background-color":"","background-image":"","background-repeat":"repeat","background-position":"center center","background-size":"auto","background-attachment":"scroll","background-type":"","background-media":"","overlay-type":"","overlay-color":"","overlay-opacity":"","overlay-gradient":""},"tablet":{"background-color":"","background-image":"","background-repeat":"repeat","background-position":"center center","background-size":"auto","background-attachment":"scroll","background-type":"","background-media":"","overlay-type":"","overlay-color":"","overlay-opacity":"","overlay-gradient":""},"mobile":{"background-color":"","background-image":"","background-repeat":"repeat","background-position":"center center","background-size":"auto","background-attachment":"scroll","background-type":"","background-media":"","overlay-type":"","overlay-color":"","overlay-opacity":"","overlay-gradient":""}},"ast-content-background-meta":{"desktop":{"background-color":"var(--ast-global-color-5)","background-image":"","background-repeat":"repeat","background-position":"center center","background-size":"auto","background-attachment":"scroll","background-type":"","background-media":"","overlay-type":"","overlay-color":"","overlay-opacity":"","overlay-gradient":""},"tablet":{"background-color":"var(--ast-global-color-5)","background-image":"","background-repeat":"repeat","background-position":"center center","background-size":"auto","background-attachment":"scroll","background-type":"","background-media":"","overlay-type":"","overlay-color":"","overlay-opacity":"","overlay-gradient":""},"mobile":{"background-color":"var(--ast-global-color-5)","background-image":"","background-repeat":"repeat","background-position":"center center","background-size":"auto","background-attachment":"scroll","background-type":"","background-media":"","overlay-type":"","overlay-color":"","overlay-opacity":"","overlay-gradient":""}},"footnotes":"","_links_to":"","_links_to_target":""},"categories":[15,238,4,14],"tags":[],"ams_acf":[],"pwapp_after_post_content":"","pwapp_before_post_content":"","androapp_header":"","pwapp_author":{"ID":1,"name":"admin","slug":"admin"},"pwapp_terms":{"category":[{"term_id":15,"name":"[:en]Tours[:de]Touren[:lt]Turai[:]","slug":"turai","term_group":0,"term_taxonomy_id":15,"taxonomy":"category","description":"","parent":6,"count":7,"filter":"raw","i18n_config":{"name":{"ts":{"en":"[:en]Tours[:de]Touren[:lt]Turai[:]"}},"description":{"ts":{"lt":"","en":"M\u016bs\u0173 organizuojami turai dvira\u010diais ... ir ne tik! \/ Our tours - not only by bicycle \/ Unsere Touren - nicht nur per Fahrrad","de":"M\u016bs\u0173 organizuojami turai dvira\u010diais ... ir ne tik! \/ Our tours - not only by bicycle \/ Unsere Touren - nicht nur per Fahrrad"},"ml":"[:en]M\u016bs\u0173 organizuojami turai dvira\u010diais ... ir ne tik! \/ Our tours - not only by bicycle \/ Unsere Touren - nicht nur per Fahrrad[:de]M\u016bs\u0173 organizuojami turai dvira\u010diais ... ir ne tik! \/ Our tours - not only by bicycle \/ Unsere Touren - nicht nur per Fahrrad[:]"}},"cat_ID":15,"category_count":7,"category_description":"","cat_name":"[:en]Tours[:de]Touren[:lt]Turai[:]","category_nicename":"turai","category_parent":6,"ID":15},{"term_id":238,"name":"link (nuoroda)","slug":"link-nuoroda","term_group":0,"term_taxonomy_id":238,"taxonomy":"category","description":"","parent":0,"count":33,"filter":"raw","i18n_config":{"name":{"ts":{"en":"link (nuoroda)"}}},"cat_ID":238,"category_count":33,"category_description":"","cat_name":"link (nuoroda)","category_nicename":"link-nuoroda","category_parent":0,"ID":238},{"term_id":4,"name":"Routes by bike","slug":"marsrutai","term_group":0,"term_taxonomy_id":4,"taxonomy":"category","description":"mar\u0161rutai savaranki\u0161kam va\u017eiavimui \/ Routes for Independent Exploring \/ Routes zum Selbst-Erfahren","parent":0,"count":33,"filter":"raw","i18n_config":{"name":{"ts":{"en":"Routes by bike"}}},"cat_ID":4,"category_count":33,"category_description":"mar\u0161rutai savaranki\u0161kam va\u017eiavimui \/ Routes for Independent Exploring \/ Routes zum Selbst-Erfahren","cat_name":"Routes by bike","category_nicename":"marsrutai","category_parent":0,"ID":4},{"term_id":14,"name":"Trakai by bike","slug":"trakai-by-bike","term_group":0,"term_taxonomy_id":14,"taxonomy":"category","description":"","parent":4,"count":20,"filter":"raw","i18n_config":{"name":{"ts":{"en":"Trakai by bike"}}},"cat_ID":14,"category_count":20,"category_description":"","cat_name":"Trakai by bike","category_nicename":"trakai-by-bike","category_parent":4,"ID":14}]},"pwapp_feed_image_dimension_type":"preview","featuredimage":"https:\/\/velovilnius.lt\/wp-content\/uploads\/2018\/09\/Vilnius_Trakai50000leavingVilniusmini-100x41.png","pwapp_post_image":"https:\/\/velovilnius.lt\/wp-content\/uploads\/2018\/09\/Vilnius_Trakai50000leavingVilniusmini-100x41.png","share_image":"https:\/\/velovilnius.lt\/wp-content\/uploads\/2018\/09\/Vilnius_Trakai50000leavingVilniusmini-100x41.png","featured_image_showhide":"show","featured_image":{"ID":696632,"excerpt":"","title":"Vilnius_Trakai50000leavingVilniusmini","source":"https:\/\/velovilnius.lt\/wp-content\/uploads\/2018\/09\/Vilnius_Trakai50000leavingVilniusmini.png"},"pwapp_excerpt":"<p>[shashin type=&#8221;photo&#8221; id=&#8221;569,564,563,562,560,547&#8243; size=&#8221;small&#8221; columns=&#8221;max&#8221; order=&#8221;user&#8221; position=&#8221;center&#8221;] \u012e Trakus dvira\u010diais Trakai yra viena \u017eymiausi\u0173\u00a0ir gra\u017eiausi\u0173\u00a0viet\u0173 Lietuvoje, ta\u010diau\u00a0keliai\u00a0&#8211; n\u0117ra\u00a0labai pritaikyti va\u017eiavimui dvira\u010diais, tod\u0117l\u00a0Trak\u0173 apylink\u0117s, \u0161iuo klausimu,\u00a0patenka \u012f kategorij\u0105 &#8222;\u012fmanoma, bet nevisai patogu&#8221;. Tod\u0117l mes si\u016blome du variantus: a) individualus va\u017eiavimas: galite pasinaudoti m\u016bs\u0173 rekomenduojamu mar\u0161rutu, kur\u012f rasite \u0161io puslapio apa\u010dioje arba galite atvykti pas mus \u012f [&hellip;]<\/p>\n","pwapp_title":"Trakai dvira\u010diais","androapp_image_list":[{"src":"http:\/\/www.gpsies.com\/images\/linkus.png","height":200}],"pwapp_post_content":"<style type=\"text\/css\">androapp img{\r\n    max-width: 100%;\r\n    height: auto;\r\n}\r\niframe{\r\n    max-width: 100%;    \r\n}\r\nfigure {\r\n    max-width: 100%;\r\n    height: auto;\r\n}\r\nimg{\r\n    max-width: 100% !important;\r\n    height: auto;\r\n}\r\ndiv {\r\n    max-width: 100% !important;\r\n}\r\nspan {\r\n    max-width:100%;\r\n    overflow: auto;\r\n}\r\naudio {\r\n    display:block;\r\n    visibility:visible !important;\r\n}\r\nvideo{\r\n    width:100%;\r\n    height:auto;\r\n}\r\n<\/style><div class='androapp'>[shashin type=&#8221;photo&#8221; id=&#8221;569,564,563,562,560,547&#8243; size=&#8221;small&#8221; columns=&#8221;max&#8221; order=&#8221;user&#8221; position=&#8221;center&#8221;]\n<h1><strong><span style=\"color: #000000;\"><span style=\"font-size: 12px;\"><span style=\"font-family: arial,helvetica,sans-serif;\">\u012e Trakus dvira\u010diais<\/span><\/span><\/span><\/strong><\/h1>\n<p style=\"text-align: justify;\"><span style=\"color: #000000;\"><span style=\"font-size: 12px;\"><span style=\"font-family: arial,helvetica,sans-serif;\">Trakai yra viena \u017eymiausi\u0173\u00a0ir gra\u017eiausi\u0173\u00a0viet\u0173 Lietuvoje, ta\u010diau\u00a0keliai\u00a0&#8211; n\u0117ra\u00a0labai pritaikyti va\u017eiavimui dvira\u010diais, tod\u0117l\u00a0Trak\u0173 apylink\u0117s, \u0161iuo klausimu,\u00a0patenka \u012f kategorij\u0105 &#8222;\u012fmanoma, bet nevisai patogu&#8221;.<\/span><\/span><\/span><\/p>\n<p><span style=\"color: #000000;\"><span style=\"font-size: 12px;\"><span style=\"font-family: arial,helvetica,sans-serif;\">Tod\u0117l mes si\u016blome <strong>du variantus<\/strong>:<\/span><\/span><\/span><\/p>\n<h2 style=\"text-align: justify;\"><span style=\"color: #000000;\"><span style=\"font-size: 12px;\"><span style=\"font-family: arial,helvetica,sans-serif;\">a) individualus va\u017eiavimas:<\/span><\/span><\/span><\/h2>\n<ul>\n<li style=\"text-align: justify;\"><span style=\"color: #000000;\"><span style=\"font-size: 12px;\"><span style=\"font-family: arial,helvetica,sans-serif;\">galite pasinaudoti m\u016bs\u0173 rekomenduojamu mar\u0161rutu, kur\u012f rasite \u0161io puslapio apa\u010dioje arba galite atvykti pas mus \u012f sve\u010dius \u012f Au\u0161ros g. 7 ir mes jus pakonsultuosime.<\/span><\/span><\/span><\/li>\n<\/ul>\n<h2><span style=\"color: #000000;\"><span style=\"font-size: 12px;\"><span style=\"font-family: arial,helvetica,sans-serif;\">b) transportavimas:<\/span><\/span><\/span><\/h2>\n<ul>\n<li><span style=\"color: #000000;\"><span style=\"font-size: 12px;\"><span style=\"font-family: arial,helvetica,sans-serif;\">mes galime Jus\u00a0nuve\u017eti bei Jums pristatyti dvira\u010dius \u012f Trakus bei pateikti vis\u0105 informacij\u0105 kaip rasti min\u0117tus kelius aplink e\u017eerus (\u017eem\u0117lapiai, gps). \u017dinoma, taip pat ir parve\u0161ime atgal.<\/span><\/span><\/span><\/li>\n<\/ul>\n<div style=\"font-family: Arial, Verdana, sans-serif; font-size: 12px; color: #222222; background-color: #ffffff;\"><span style=\"color: #000000;\"><span style=\"font-size: 12px;\"><span style=\"font-family: arial,helvetica,sans-serif;\"><strong>Visa\u00a0paslauga\u00a0pavieniams keliautojams (dvira\u010di\u0173 nuoma, gabenimas, informacin\u0117 pakuot\u0117, vandens butelis) 75 Lt asmeniui. Grup\u0117ms taikomos kitos kainos.<\/strong><\/span><\/span><\/span><\/div>\n<h2><\/h2>\n<h2><\/h2>\n<h2><strong>more information<\/strong><\/h2>\n<p><a style=\"font-family: Arial; font-size: 13px; color: #333333; text-decoration: none; font-weight: bold;\" href=\"http:\/\/www.trakai.lt\/\" target=\"_blank\" rel=\"noopener\"><span style=\"color: #000080;\"><span style=\"text-decoration: underline;\">www.trakai.lt<\/span><\/span><\/a> <span style=\"color: #000080;\"><span style=\"text-decoration: underline;\">http:\/\/www.tmu.lt\/objektai\/le\/varniku_takas\/vt.htm<\/span><\/span><\/p>\n<h1>\u017dem\u0117lapis<\/h1>\n\n<!-- iframe plugin v.6.0 wordpress.org\/plugins\/iframe\/ -->\n<iframe loading=\"lazy\" src=\"http:\/\/www.gpsies.com\/mapFolderOnly.do?id=3749\" width=\"600\" height=\"400\" frameborder=\"0\" scrolling=\"no\" marginheight=\"0\" marginwidth=\"0\" class=\"iframe-class\"><\/iframe>\n <a title=\"GPSies - FrankasW\" href=\"http:\/\/www.gpsies.com\/mapFolder.do?id=3749\" target=\"_blank\" rel=\"noopener\"><img decoding=\"async\" src=\"http:\/\/www.gpsies.com\/images\/linkus.png\" alt=\"GPSies - FrankasW\" border=\"0\" \/><\/a><\/p>\n<h1>Nuotraukos<\/h1>\n<p>\/\/ &lt;!&#8211;[CDATA[<\/p>\n<p>&lt;<span style=\"text-decoration: underline;\">\u017dem\u0117lapiai <\/span><br \/>\n<span style=\"text-decoration: underline;\">(galima nukrauti keli\u0105 &#8222;track&#8221; gps imtuvui<\/span><em>Route Vilnius-Trakai:<\/em><span class=\"Apple-style-span\" style=\"color: #111111; font-family: Arial; font-size: small;\"><u><span style=\"font-weight: bold;\">\u017diedas aplink Trak\u0173 e\u017eeryn\u0105<\/span> <\/u><\/span> (ne visai paprastas Cycling route around Trakai (lakes) of\u00a0velocityLT\/\/ ]]&gt;<br \/>\nTrakai, Trakai, Trakai<span style=\"color: #ff0000;\">kol kas tik Angl\u0173 kalba<\/span>cycle route around the lakes \n<!-- iframe plugin v.6.0 wordpress.org\/plugins\/iframe\/ -->\n<iframe loading=\"lazy\" src=\"http:\/\/www.gpsies.com\/mapOnly.do?fileId=bmovcjewaskbjqqf\" width=\"600\" height=\"400\" frameborder=\"0\" scrolling=\"no\" marginheight=\"0\" marginwidth=\"0\" class=\"iframe-class\"><\/iframe>\n see also: http:\/\/www.bicyclelithuania.com\/lt\/zemelapis http:\/\/www.bicyclelithuania.com\/uploads\/MAPS\/Jonines_Trakuose_su_dviraciu_2012_zemelapis.jpgdifferent routes to and around trakai<br \/>\n\n<!-- iframe plugin v.6.0 wordpress.org\/plugins\/iframe\/ -->\n<iframe loading=\"lazy\" src=\"http:\/\/www.gpsies.com\/mapFolderOnly.do?id=3749\" width=\"600\" height=\"400\" frameborder=\"0\" scrolling=\"no\" marginheight=\"0\" marginwidth=\"0\" class=\"iframe-class\"><\/iframe><\/div>","pwapp_post_content_type":"postprocessed2","pwapp_preview_type":"excerpt","androapp_failover_post_content_type":"","share_text":"Trakai dvira\u010diais\nvia https:\/\/velovilnius.lt\/lt\/vilnius-bikemap\/trakai\/","supercache":"androappsupercache","_links":{"self":[{"href":"https:\/\/velovilnius.lt\/lt\/wp-json\/wp\/v2\/pages\/1701"}],"collection":[{"href":"https:\/\/velovilnius.lt\/lt\/wp-json\/wp\/v2\/pages"}],"about":[{"href":"https:\/\/velovilnius.lt\/lt\/wp-json\/wp\/v2\/types\/page"}],"author":[{"embeddable":true,"href":"https:\/\/velovilnius.lt\/lt\/wp-json\/wp\/v2\/users\/1"}],"replies":[{"embeddable":true,"href":"https:\/\/velovilnius.lt\/lt\/wp-json\/wp\/v2\/comments?post=1701"}],"version-history":[{"count":5,"href":"https:\/\/velovilnius.lt\/lt\/wp-json\/wp\/v2\/pages\/1701\/revisions"}],"predecessor-version":[{"id":714285,"href":"https:\/\/velovilnius.lt\/lt\/wp-json\/wp\/v2\/pages\/1701\/revisions\/714285"}],"up":[{"embeddable":true,"href":"https:\/\/velovilnius.lt\/lt\/wp-json\/wp\/v2\/pages\/4529"}],"wp:featuredmedia":[{"embeddable":true,"href":"https:\/\/velovilnius.lt\/lt\/wp-json\/wp\/v2\/media\/696632"}],"wp:attachment":[{"href":"https:\/\/velovilnius.lt\/lt\/wp-json\/wp\/v2\/media?parent=1701"}],"wp:term":[{"taxonomy":"category","embeddable":true,"href":"https:\/\/velovilnius.lt\/lt\/wp-json\/wp\/v2\/categories?post=1701"},{"taxonomy":"post_tag","embeddable":true,"href":"https:\/\/velovilnius.lt\/lt\/wp-json\/wp\/v2\/tags?post=1701"}],"curies":[{"name":"wp","href":"https:\/\/api.w.org\/{rel}","templated":true}]}}