{"id":1608,"date":"2011-05-23T10:51:07","date_gmt":"2011-05-23T10:51:07","guid":{"rendered":"http:\/\/velo-city.lt\/?page_id=1608"},"modified":"2022-08-02T19:02:33","modified_gmt":"2022-08-02T16:02:33","slug":"shop","status":"publish","type":"page","link":"https:\/\/velovilnius.lt\/lt\/shop\/","title":{"rendered":"Naudoti dvira\u010diai pardavimui"},"content":{"rendered":"<p>pra\u0161ome \u017ei\u016br\u0117ti angli\u0161kame puslapyje<\/p>","protected":false},"excerpt":{"rendered":"<p>pra\u0161ome \u017ei\u016br\u0117ti angli\u0161kame puslapyje<\/p>\n","protected":false},"author":1,"featured_media":701547,"parent":0,"menu_order":0,"comment_status":"closed","ping_status":"closed","template":"","meta":{"inline_featured_image":false,"site-sidebar-layout":"default","site-content-layout":"default","ast-site-content-layout":"default","site-content-style":"default","site-sidebar-style":"default","ast-global-header-display":"","ast-banner-title-visibility":"","ast-main-header-display":"","ast-hfb-above-header-display":"","ast-hfb-below-header-display":"","ast-hfb-mobile-header-display":"","site-post-title":"","ast-breadcrumbs-content":"","ast-featured-img":"","footer-sml-layout":"","ast-disable-related-posts":"","theme-transparent-header-meta":"default","adv-header-id-meta":"","stick-header-meta":"","header-above-stick-meta":"","header-main-stick-meta":"","header-below-stick-meta":"","astra-migrate-meta-layouts":"default","ast-page-background-enabled":"default","ast-page-background-meta":{"desktop":{"background-color":"","background-image":"","background-repeat":"repeat","background-position":"center center","background-size":"auto","background-attachment":"scroll","background-type":"","background-media":"","overlay-type":"","overlay-color":"","overlay-opacity":"","overlay-gradient":""},"tablet":{"background-color":"","background-image":"","background-repeat":"repeat","background-position":"center center","background-size":"auto","background-attachment":"scroll","background-type":"","background-media":"","overlay-type":"","overlay-color":"","overlay-opacity":"","overlay-gradient":""},"mobile":{"background-color":"","background-image":"","background-repeat":"repeat","background-position":"center center","background-size":"auto","background-attachment":"scroll","background-type":"","background-media":"","overlay-type":"","overlay-color":"","overlay-opacity":"","overlay-gradient":""}},"ast-content-background-meta":{"desktop":{"background-color":"var(--ast-global-color-5)","background-image":"","background-repeat":"repeat","background-position":"center center","background-size":"auto","background-attachment":"scroll","background-type":"","background-media":"","overlay-type":"","overlay-color":"","overlay-opacity":"","overlay-gradient":""},"tablet":{"background-color":"var(--ast-global-color-5)","background-image":"","background-repeat":"repeat","background-position":"center center","background-size":"auto","background-attachment":"scroll","background-type":"","background-media":"","overlay-type":"","overlay-color":"","overlay-opacity":"","overlay-gradient":""},"mobile":{"background-color":"var(--ast-global-color-5)","background-image":"","background-repeat":"repeat","background-position":"center center","background-size":"auto","background-attachment":"scroll","background-type":"","background-media":"","overlay-type":"","overlay-color":"","overlay-opacity":"","overlay-gradient":""}},"footnotes":"","_links_to":"","_links_to_target":""},"categories":[205,22],"tags":[198,138,200,66],"ams_acf":[],"pwapp_after_post_content":"","pwapp_before_post_content":"","androapp_header":"","pwapp_author":{"ID":1,"name":"admin","slug":"admin"},"pwapp_terms":{"category":[{"term_id":205,"name":"[:en]used bikes for sale in Vilnius[:de]Gebrauchte Fahrr\u00e4der zum Verkauf in Vilnius[:lt]naudoti dvira\u010diai Vilniuje[:]","slug":"for-sale","term_group":0,"term_taxonomy_id":205,"taxonomy":"category","description":"","parent":204,"count":6,"filter":"raw","i18n_config":{"name":{"ts":{"en":"[:en]used bikes for sale in Vilnius[:de]Gebrauchte Fahrr\u00e4der zum Verkauf in Vilnius[:lt]naudoti dvira\u010diai Vilniuje[:]"}}},"cat_ID":205,"category_count":6,"category_description":"","cat_name":"[:en]used bikes for sale in Vilnius[:de]Gebrauchte Fahrr\u00e4der zum Verkauf in Vilnius[:lt]naudoti dvira\u010diai Vilniuje[:]","category_nicename":"for-sale","category_parent":204,"ID":205},{"term_id":22,"name":"[:en]bicycle sale (and related things)[:de]Gebrauchte Fahrr\u00e4der und andere Dinge zum Verkauf[:lt]dvira\u010di\u0173 ir kit\u0173 pardavimas[:]","slug":"pardavimas","term_group":0,"term_taxonomy_id":22,"taxonomy":"category","description":"","parent":6,"count":11,"filter":"raw","i18n_config":{"name":{"ts":{"en":"[:en]bicycle sale (and related things)[:de]Gebrauchte Fahrr\u00e4der und andere Dinge zum Verkauf[:lt]dvira\u010di\u0173 ir kit\u0173 pardavimas[:]"}}},"cat_ID":22,"category_count":11,"category_description":"","cat_name":"[:en]bicycle sale (and related things)[:de]Gebrauchte Fahrr\u00e4der und andere Dinge zum Verkauf[:lt]dvira\u010di\u0173 ir kit\u0173 pardavimas[:]","category_nicename":"pardavimas","category_parent":6,"ID":22}],"post_tag":[{"term_id":198,"name":"naudoti dvira\u010diai","slug":"naudoti-dviraciai","term_group":0,"term_taxonomy_id":198,"taxonomy":"post_tag","description":"","parent":0,"count":3,"filter":"raw","i18n_config":{"name":{"ts":{"en":"naudoti dvira\u010diai"}}},"ID":198},{"term_id":138,"name":"sale","slug":"sale","term_group":0,"term_taxonomy_id":145,"taxonomy":"post_tag","description":"","parent":0,"count":8,"filter":"raw","i18n_config":{"name":{"ts":{"en":"sale"}}},"ID":138},{"term_id":200,"name":"used bicycles","slug":"used-bicycles","term_group":0,"term_taxonomy_id":200,"taxonomy":"post_tag","description":"","parent":0,"count":4,"filter":"raw","i18n_config":{"name":{"ts":{"en":"used bicycles"}}},"ID":200},{"term_id":66,"name":"vilnius","slug":"vilnius","term_group":0,"term_taxonomy_id":69,"taxonomy":"post_tag","description":"","parent":0,"count":6,"filter":"raw","i18n_config":{"name":{"ts":{"en":"vilnius"}}},"ID":66}]},"pwapp_feed_image_dimension_type":"preview","featuredimage":"https:\/\/velovilnius.lt\/wp-content\/uploads\/2019\/09\/IMG_20190902_200727-100x75.jpg","pwapp_post_image":"https:\/\/velovilnius.lt\/wp-content\/uploads\/2019\/09\/IMG_20190902_200727-100x75.jpg","share_image":"https:\/\/velovilnius.lt\/wp-content\/uploads\/2019\/09\/IMG_20190902_200727-100x75.jpg","featured_image_showhide":"show","featured_image":{"ID":701547,"excerpt":"","title":"IMG_20190902_200727.jpg","source":"https:\/\/velovilnius.lt\/wp-content\/uploads\/2019\/09\/IMG_20190902_200727-800x600.jpg"},"pwapp_excerpt":"<p>pra\u0161ome \u017ei\u016br\u0117ti angli\u0161kame puslapyje<\/p>\n","pwapp_title":"Naudoti dvira\u010diai pardavimui","androapp_image_list":[],"pwapp_post_content":"<style type=\"text\/css\">androapp img{\r\n    max-width: 100%;\r\n    height: auto;\r\n}\r\niframe{\r\n    max-width: 100%;    \r\n}\r\nfigure {\r\n    max-width: 100%;\r\n    height: auto;\r\n}\r\nimg{\r\n    max-width: 100% !important;\r\n    height: auto;\r\n}\r\ndiv {\r\n    max-width: 100% !important;\r\n}\r\nspan {\r\n    max-width:100%;\r\n    overflow: auto;\r\n}\r\naudio {\r\n    display:block;\r\n    visibility:visible !important;\r\n}\r\nvideo{\r\n    width:100%;\r\n    height:auto;\r\n}\r\n<\/style><div class='androapp'><p>pra\u0161ome \u017ei\u016br\u0117ti angli\u0161kame puslapyje<\/p><\/div>","pwapp_post_content_type":"postprocessed2","pwapp_preview_type":"excerpt","androapp_failover_post_content_type":"","share_text":"Naudoti dvira\u010diai pardavimui\nvia https:\/\/velovilnius.lt\/lt\/shop\/","supercache":"androappsupercache","_links":{"self":[{"href":"https:\/\/velovilnius.lt\/lt\/wp-json\/wp\/v2\/pages\/1608"}],"collection":[{"href":"https:\/\/velovilnius.lt\/lt\/wp-json\/wp\/v2\/pages"}],"about":[{"href":"https:\/\/velovilnius.lt\/lt\/wp-json\/wp\/v2\/types\/page"}],"author":[{"embeddable":true,"href":"https:\/\/velovilnius.lt\/lt\/wp-json\/wp\/v2\/users\/1"}],"replies":[{"embeddable":true,"href":"https:\/\/velovilnius.lt\/lt\/wp-json\/wp\/v2\/comments?post=1608"}],"version-history":[{"count":20,"href":"https:\/\/velovilnius.lt\/lt\/wp-json\/wp\/v2\/pages\/1608\/revisions"}],"predecessor-version":[{"id":715943,"href":"https:\/\/velovilnius.lt\/lt\/wp-json\/wp\/v2\/pages\/1608\/revisions\/715943"}],"wp:featuredmedia":[{"embeddable":true,"href":"https:\/\/velovilnius.lt\/lt\/wp-json\/wp\/v2\/media\/701547"}],"wp:attachment":[{"href":"https:\/\/velovilnius.lt\/lt\/wp-json\/wp\/v2\/media?parent=1608"}],"wp:term":[{"taxonomy":"category","embeddable":true,"href":"https:\/\/velovilnius.lt\/lt\/wp-json\/wp\/v2\/categories?post=1608"},{"taxonomy":"post_tag","embeddable":true,"href":"https:\/\/velovilnius.lt\/lt\/wp-json\/wp\/v2\/tags?post=1608"}],"curies":[{"name":"wp","href":"https:\/\/api.w.org\/{rel}","templated":true}]}}