{"id":4935,"date":"2014-02-17T20:11:30","date_gmt":"2014-02-17T18:11:30","guid":{"rendered":"http:\/\/velovilnius.lt\/calendar\/"},"modified":"2020-01-29T08:32:43","modified_gmt":"2020-01-29T06:32:43","slug":"calendar","status":"publish","type":"page","link":"https:\/\/velovilnius.lt\/en\/vilnius-bikemap\/calendar\/","title":{"rendered":"Calendar of cycling events in Lithuania"},"content":{"rendered":"Cycling events in Lithuania:<\/p>\n<p><span style=\"line-height: 1.6em;\">see also:<\/span><\/p>\n<p><span style=\"line-height: 1.6em;\">http:\/\/www.plentas.lt\/index.php\/pageid\/199<\/span> <span style=\"line-height: 1.6em;\">http:\/\/www.mtb.lt\/index.php\/pageid\/199<\/span> <span style=\"line-height: 1.6em;\">http:\/\/dviratai.lt\/renginiai.html<\/span><\/p>\n<div><strong>We try to gather all events in the <span class=\"highlight\">Veloland<\/span>.lt calendar<\/strong><\/div>\n<div><\/div>\n<div>a) google:\u00a0<a href=\"https:\/\/www.google.com\/calendar\/embed?src=pvqi89nikke33812tvtjd27390@group.calendar.google.com&amp;ctz=Europe\/Vilnius\" target=\"_blank\" rel=\"noopener noreferrer\">https:\/\/www.google.com\/calendar\/embed?src=pvqi89nikke33812tvtjd27390@group.calendar.google.com&amp;ctz=Europe\/Vilnius<\/a><br clear=\"none\" \/><br clear=\"none\" \/>b) Facebook:\u00a0<a href=\"https:\/\/www.facebook.com\/veloland.lt\/events\" target=\"_blank\" rel=\"noopener noreferrer\">https:\/\/www.facebook.com\/<span class=\"highlight\">veloland<\/span>.lt\/events<\/a><\/div>\n<div><\/div>\n<div>c) velovilnius.lt: \u00a0<a href=\"http:\/\/velovilnius.lt\/lt\/kurkada\/calendar\/\" target=\"_blank\" rel=\"noopener noreferrer\">http:\/\/velovilnius.lt\/lt\/kurkada\/calendar\/<\/a><\/div>\n<p>&nbsp;<\/p>\n<p>And here it is:<\/p>\n\n<!-- iframe plugin v.6.0 wordpress.org\/plugins\/iframe\/ -->\n<iframe loading=\"lazy\" frameborder=\"0\" height=\"500\" scrolling=\"no\" src=\"https:\/\/www.google.com\/calendar\/embed?src=pvqi89nikke33812tvtjd27390%40group.calendar.google.com&#038;showTitle=0&#038;showNav=0&#038;showDate=0&#038;showCalendars=0&#038;showTz=0&#038;mode=AGENDA&#038;height=500&#038;wkst=2&#038;bgcolor=%23FFFFFF&#038;ctz=Europe%2FVilnius\" style=\" border-width:0 \" width=\"600\" class=\"iframe-class\"><\/iframe>\n\n[ai1ec view=&#8221;agenda&#8221;]\n<hr \/>\n[ai1ec]","protected":false},"excerpt":{"rendered":"<p>Cycling events in Lithuania: see also: http:\/\/www.plentas.lt\/index.php\/pageid\/199 http:\/\/www.mtb.lt\/index.php\/pageid\/199 http:\/\/dviratai.lt\/renginiai.html We try to gather all events in the Veloland.lt calendar a) google:\u00a0https:\/\/www.google.com\/calendar\/embed?src=pvqi89nikke33812tvtjd27390@group.calendar.google.com&amp;ctz=Europe\/Vilniusb) Facebook:\u00a0https:\/\/www.facebook.com\/veloland.lt\/events c) velovilnius.lt: \u00a0http:\/\/velovilnius.lt\/lt\/kurkada\/calendar\/ &nbsp; And here it is: [ai1ec view=&#8221;agenda&#8221;] [ai1ec]<\/p>\n","protected":false},"author":1,"featured_media":677598,"parent":4529,"menu_order":0,"comment_status":"closed","ping_status":"closed","template":"","meta":{"inline_featured_image":false,"site-sidebar-layout":"default","site-content-layout":"default","ast-site-content-layout":"default","site-content-style":"default","site-sidebar-style":"default","ast-global-header-display":"","ast-banner-title-visibility":"","ast-main-header-display":"","ast-hfb-above-header-display":"","ast-hfb-below-header-display":"","ast-hfb-mobile-header-display":"","site-post-title":"","ast-breadcrumbs-content":"","ast-featured-img":"","footer-sml-layout":"","ast-disable-related-posts":"","theme-transparent-header-meta":"default","adv-header-id-meta":"","stick-header-meta":"","header-above-stick-meta":"","header-main-stick-meta":"","header-below-stick-meta":"","astra-migrate-meta-layouts":"default","ast-page-background-enabled":"default","ast-page-background-meta":{"desktop":{"background-color":"","background-image":"","background-repeat":"repeat","background-position":"center center","background-size":"auto","background-attachment":"scroll","background-type":"","background-media":"","overlay-type":"","overlay-color":"","overlay-opacity":"","overlay-gradient":""},"tablet":{"background-color":"","background-image":"","background-repeat":"repeat","background-position":"center center","background-size":"auto","background-attachment":"scroll","background-type":"","background-media":"","overlay-type":"","overlay-color":"","overlay-opacity":"","overlay-gradient":""},"mobile":{"background-color":"","background-image":"","background-repeat":"repeat","background-position":"center center","background-size":"auto","background-attachment":"scroll","background-type":"","background-media":"","overlay-type":"","overlay-color":"","overlay-opacity":"","overlay-gradient":""}},"ast-content-background-meta":{"desktop":{"background-color":"var(--ast-global-color-5)","background-image":"","background-repeat":"repeat","background-position":"center center","background-size":"auto","background-attachment":"scroll","background-type":"","background-media":"","overlay-type":"","overlay-color":"","overlay-opacity":"","overlay-gradient":""},"tablet":{"background-color":"var(--ast-global-color-5)","background-image":"","background-repeat":"repeat","background-position":"center center","background-size":"auto","background-attachment":"scroll","background-type":"","background-media":"","overlay-type":"","overlay-color":"","overlay-opacity":"","overlay-gradient":""},"mobile":{"background-color":"var(--ast-global-color-5)","background-image":"","background-repeat":"repeat","background-position":"center center","background-size":"auto","background-attachment":"scroll","background-type":"","background-media":"","overlay-type":"","overlay-color":"","overlay-opacity":"","overlay-gradient":""}},"footnotes":"","_links_to":"","_links_to_target":""},"categories":[4],"tags":[194,193,192],"ams_acf":[],"pwapp_after_post_content":"","pwapp_before_post_content":"","androapp_header":"","pwapp_author":{"ID":1,"name":"admin","slug":"admin"},"pwapp_terms":{"category":[{"term_id":4,"name":"Routes by bike","slug":"marsrutai","term_group":0,"term_taxonomy_id":4,"taxonomy":"category","description":"mar\u0161rutai savaranki\u0161kam va\u017eiavimui \/ Routes for Independent Exploring \/ Routes zum Selbst-Erfahren","parent":0,"count":33,"filter":"raw","i18n_config":{"name":{"ts":{"en":"Routes by bike"}}},"cat_ID":4,"category_count":33,"category_description":"mar\u0161rutai savaranki\u0161kam va\u017eiavimui \/ Routes for Independent Exploring \/ Routes zum Selbst-Erfahren","cat_name":"Routes by bike","category_nicename":"marsrutai","category_parent":0,"ID":4}],"post_tag":[{"term_id":194,"name":"calendar","slug":"calendar","term_group":0,"term_taxonomy_id":194,"taxonomy":"post_tag","description":"","parent":0,"count":1,"filter":"raw","i18n_config":{"name":{"ts":{"en":"calendar"}}},"ID":194},{"term_id":193,"name":"events","slug":"events","term_group":0,"term_taxonomy_id":193,"taxonomy":"post_tag","description":"","parent":0,"count":3,"filter":"raw","i18n_config":{"name":{"ts":{"en":"events"}}},"ID":193},{"term_id":192,"name":"renginiai","slug":"renginiai","term_group":0,"term_taxonomy_id":192,"taxonomy":"post_tag","description":"","parent":0,"count":7,"filter":"raw","i18n_config":{"name":{"ts":{"en":"renginiai"}}},"ID":192}]},"pwapp_feed_image_dimension_type":"preview","featuredimage":"https:\/\/velovilnius.lt\/wp-content\/uploads\/2016\/07\/veloland-logo-100x25.jpg","pwapp_post_image":"https:\/\/velovilnius.lt\/wp-content\/uploads\/2016\/07\/veloland-logo-100x25.jpg","share_image":"https:\/\/velovilnius.lt\/wp-content\/uploads\/2016\/07\/veloland-logo-100x25.jpg","featured_image_showhide":"show","featured_image":{"ID":677598,"excerpt":"","title":"veloland-logo","source":"https:\/\/velovilnius.lt\/wp-content\/uploads\/2016\/07\/veloland-logo.jpg"},"pwapp_excerpt":"<p>Cycling events in Lithuania: see also: http:\/\/www.plentas.lt\/index.php\/pageid\/199 http:\/\/www.mtb.lt\/index.php\/pageid\/199 http:\/\/dviratai.lt\/renginiai.html We try to gather all events in the Veloland.lt calendar a) google:\u00a0https:\/\/www.google.com\/calendar\/embed?src=pvqi89nikke33812tvtjd27390@group.calendar.google.com&amp;ctz=Europe\/Vilniusb) Facebook:\u00a0https:\/\/www.facebook.com\/veloland.lt\/events c) velovilnius.lt: \u00a0http:\/\/velovilnius.lt\/lt\/kurkada\/calendar\/ &nbsp; And here it is: [ai1ec view=&#8221;agenda&#8221;] [ai1ec]<\/p>\n","pwapp_title":"Calendar of cycling events in Lithuania","androapp_image_list":[],"pwapp_post_content":"<style type=\"text\/css\">androapp img{\r\n    max-width: 100%;\r\n    height: auto;\r\n}\r\niframe{\r\n    max-width: 100%;    \r\n}\r\nfigure {\r\n    max-width: 100%;\r\n    height: auto;\r\n}\r\nimg{\r\n    max-width: 100% !important;\r\n    height: auto;\r\n}\r\ndiv {\r\n    max-width: 100% !important;\r\n}\r\nspan {\r\n    max-width:100%;\r\n    overflow: auto;\r\n}\r\naudio {\r\n    display:block;\r\n    visibility:visible !important;\r\n}\r\nvideo{\r\n    width:100%;\r\n    height:auto;\r\n}\r\n<\/style><div class='androapp'>Cycling events in Lithuania:<\/p>\n<p><span style=\"line-height: 1.6em;\">see also:<\/span><\/p>\n<p><span style=\"line-height: 1.6em;\">http:\/\/www.plentas.lt\/index.php\/pageid\/199<\/span> <span style=\"line-height: 1.6em;\">http:\/\/www.mtb.lt\/index.php\/pageid\/199<\/span> <span style=\"line-height: 1.6em;\">http:\/\/dviratai.lt\/renginiai.html<\/span><\/p>\n<div><strong>We try to gather all events in the <span class=\"highlight\">Veloland<\/span>.lt calendar<\/strong><\/div>\n<div><\/div>\n<div>a) google:\u00a0<a href=\"https:\/\/www.google.com\/calendar\/embed?src=pvqi89nikke33812tvtjd27390@group.calendar.google.com&amp;ctz=Europe\/Vilnius\" target=\"_blank\" rel=\"noopener noreferrer\">https:\/\/www.google.com\/calendar\/embed?src=pvqi89nikke33812tvtjd27390@group.calendar.google.com&amp;ctz=Europe\/Vilnius<\/a><br clear=\"none\" \/><br clear=\"none\" \/>b) Facebook:\u00a0<a href=\"https:\/\/www.facebook.com\/veloland.lt\/events\" target=\"_blank\" rel=\"noopener noreferrer\">https:\/\/www.facebook.com\/<span class=\"highlight\">veloland<\/span>.lt\/events<\/a><\/div>\n<div><\/div>\n<div>c) velovilnius.lt: \u00a0<a href=\"http:\/\/velovilnius.lt\/lt\/kurkada\/calendar\/\" target=\"_blank\" rel=\"noopener noreferrer\">http:\/\/velovilnius.lt\/lt\/kurkada\/calendar\/<\/a><\/div>\n<p>&nbsp;<\/p>\n<p>And here it is:<\/p>\n\n<!-- iframe plugin v.6.0 wordpress.org\/plugins\/iframe\/ -->\n<iframe loading=\"lazy\" frameborder=\"0\" height=\"500\" scrolling=\"no\" src=\"https:\/\/www.google.com\/calendar\/embed?src=pvqi89nikke33812tvtjd27390%40group.calendar.google.com&#038;showTitle=0&#038;showNav=0&#038;showDate=0&#038;showCalendars=0&#038;showTz=0&#038;mode=AGENDA&#038;height=500&#038;wkst=2&#038;bgcolor=%23FFFFFF&#038;ctz=Europe%2FVilnius\" style=\" border-width:0 \" width=\"600\" class=\"iframe-class\"><\/iframe>\n\n[ai1ec view=&#8221;agenda&#8221;]\n<hr \/>\n[ai1ec]<\/div>","pwapp_post_content_type":"postprocessed2","pwapp_preview_type":"excerpt","androapp_failover_post_content_type":"","share_text":"Calendar of cycling events in Lithuania\nvia https:\/\/velovilnius.lt\/en\/vilnius-bikemap\/calendar\/","supercache":"androappsupercache","_links":{"self":[{"href":"https:\/\/velovilnius.lt\/en\/wp-json\/wp\/v2\/pages\/4935"}],"collection":[{"href":"https:\/\/velovilnius.lt\/en\/wp-json\/wp\/v2\/pages"}],"about":[{"href":"https:\/\/velovilnius.lt\/en\/wp-json\/wp\/v2\/types\/page"}],"author":[{"embeddable":true,"href":"https:\/\/velovilnius.lt\/en\/wp-json\/wp\/v2\/users\/1"}],"replies":[{"embeddable":true,"href":"https:\/\/velovilnius.lt\/en\/wp-json\/wp\/v2\/comments?post=4935"}],"version-history":[{"count":10,"href":"https:\/\/velovilnius.lt\/en\/wp-json\/wp\/v2\/pages\/4935\/revisions"}],"predecessor-version":[{"id":702798,"href":"https:\/\/velovilnius.lt\/en\/wp-json\/wp\/v2\/pages\/4935\/revisions\/702798"}],"up":[{"embeddable":true,"href":"https:\/\/velovilnius.lt\/en\/wp-json\/wp\/v2\/pages\/4529"}],"wp:featuredmedia":[{"embeddable":true,"href":"https:\/\/velovilnius.lt\/en\/wp-json\/wp\/v2\/media\/677598"}],"wp:attachment":[{"href":"https:\/\/velovilnius.lt\/en\/wp-json\/wp\/v2\/media?parent=4935"}],"wp:term":[{"taxonomy":"category","embeddable":true,"href":"https:\/\/velovilnius.lt\/en\/wp-json\/wp\/v2\/categories?post=4935"},{"taxonomy":"post_tag","embeddable":true,"href":"https:\/\/velovilnius.lt\/en\/wp-json\/wp\/v2\/tags?post=4935"}],"curies":[{"name":"wp","href":"https:\/\/api.w.org\/{rel}","templated":true}]}}