{"id":3938,"date":"2013-05-05T12:57:11","date_gmt":"2013-05-05T12:57:11","guid":{"rendered":"http:\/\/velovilnius.lt\/?page_id=3938"},"modified":"2016-06-25T13:24:55","modified_gmt":"2016-06-25T10:24:55","slug":"specializuotos-ekskursijos","status":"publish","type":"page","link":"https:\/\/velovilnius.lt\/en\/unsere-dienstleistungen\/frankas-wurft\/tours\/specializuotos-ekskursijos\/","title":{"rendered":"Special (costumized) tours"},"content":{"rendered":"<ul>\n<li>Soviet Vilnius<\/li>\n<li>Green Vilnius<\/li>\n<li>Religious Vilnius<\/li>\n<li>Squares in Vilnius and how they changed<\/li>\n<\/ul>\n<table style=\"width: 1000px;\" border=\"0\" cellspacing=\"1\" cellpadding=\"1\">\n<tbody>\n<tr>\n<td>\n<ul>\n<li><span style=\"font-size: 13px;\">Tarybinis Vilnius<\/span><\/li>\n<li>\u017daliasis Vilnius<\/li>\n<li>Religinis Vilnius<\/li>\n<li>Vilniaus skverai<\/li>\n<\/ul>\n<\/td>\n<td>\n<ul>\n<li>Soviet Vilnius<\/li>\n<li>Green Vilnius<\/li>\n<li>Religious Vilnius<\/li>\n<li>Squares in Vilnius and how they changed<\/li>\n<\/ul>\n<\/td>\n<td>\n<ul>\n<li>Sowjet-Vilnius<\/li>\n<li>Gr\u00fcnes Vilnius: In jedem Hof ein Baum<\/li>\n<li>Religionen in Vilnius &#8211; &#8220;Die Stadt der 37 Kirchen&#8221;<\/li>\n<li>Pl\u00e4tze im Wandel<\/li>\n<\/ul>\n<\/td>\n<\/tr>\n<tr>\n<td><span style=\"color: #ff0000;\"><strong>&#8230; Tavo id\u0117jos<\/strong><\/span><\/td>\n<td><span style=\"color: #ff0000;\"><strong>&#8230; you special interest\u00a0<\/strong><\/span><\/td>\n<td><span style=\"color: #ff0000;\"><strong>&#8230; Ihr Extrawunsch<\/strong><\/span><\/td>\n<\/tr>\n<tr>\n<td><\/td>\n<td><\/td>\n<td><\/td>\n<\/tr>\n<\/tbody>\n<\/table>\n<p>&nbsp;","protected":false},"excerpt":{"rendered":"<p>Soviet Vilnius Green Vilnius Religious Vilnius Squares in Vilnius and how they changed Tarybinis Vilnius \u017daliasis Vilnius Religinis Vilnius Vilniaus skverai Soviet Vilnius Green Vilnius Religious Vilnius Squares in Vilnius and how they changed Sowjet-Vilnius Gr\u00fcnes Vilnius: In jedem Hof ein Baum Religionen in Vilnius &#8211; &#8220;Die Stadt der 37 Kirchen&#8221; Pl\u00e4tze im Wandel &#8230; [&hellip;]<\/p>\n","protected":false},"author":1,"featured_media":4301,"parent":7,"menu_order":0,"comment_status":"closed","ping_status":"closed","template":"","meta":{"inline_featured_image":false,"site-sidebar-layout":"default","site-content-layout":"","ast-site-content-layout":"default","site-content-style":"default","site-sidebar-style":"default","ast-global-header-display":"","ast-banner-title-visibility":"","ast-main-header-display":"","ast-hfb-above-header-display":"","ast-hfb-below-header-display":"","ast-hfb-mobile-header-display":"","site-post-title":"","ast-breadcrumbs-content":"","ast-featured-img":"","footer-sml-layout":"","ast-disable-related-posts":"","theme-transparent-header-meta":"","adv-header-id-meta":"","stick-header-meta":"","header-above-stick-meta":"","header-main-stick-meta":"","header-below-stick-meta":"","astra-migrate-meta-layouts":"default","ast-page-background-enabled":"default","ast-page-background-meta":{"desktop":{"background-color":"","background-image":"","background-repeat":"repeat","background-position":"center center","background-size":"auto","background-attachment":"scroll","background-type":"","background-media":"","overlay-type":"","overlay-color":"","overlay-opacity":"","overlay-gradient":""},"tablet":{"background-color":"","background-image":"","background-repeat":"repeat","background-position":"center center","background-size":"auto","background-attachment":"scroll","background-type":"","background-media":"","overlay-type":"","overlay-color":"","overlay-opacity":"","overlay-gradient":""},"mobile":{"background-color":"","background-image":"","background-repeat":"repeat","background-position":"center center","background-size":"auto","background-attachment":"scroll","background-type":"","background-media":"","overlay-type":"","overlay-color":"","overlay-opacity":"","overlay-gradient":""}},"ast-content-background-meta":{"desktop":{"background-color":"var(--ast-global-color-5)","background-image":"","background-repeat":"repeat","background-position":"center center","background-size":"auto","background-attachment":"scroll","background-type":"","background-media":"","overlay-type":"","overlay-color":"","overlay-opacity":"","overlay-gradient":""},"tablet":{"background-color":"var(--ast-global-color-5)","background-image":"","background-repeat":"repeat","background-position":"center center","background-size":"auto","background-attachment":"scroll","background-type":"","background-media":"","overlay-type":"","overlay-color":"","overlay-opacity":"","overlay-gradient":""},"mobile":{"background-color":"var(--ast-global-color-5)","background-image":"","background-repeat":"repeat","background-position":"center center","background-size":"auto","background-attachment":"scroll","background-type":"","background-media":"","overlay-type":"","overlay-color":"","overlay-opacity":"","overlay-gradient":""}},"footnotes":"","_links_to":"","_links_to_target":""},"categories":[89,184,15],"tags":[],"ams_acf":[],"pwapp_after_post_content":"","pwapp_before_post_content":"","androapp_header":"","pwapp_author":{"ID":1,"name":"admin","slug":"admin"},"pwapp_terms":{"category":[{"term_id":89,"name":"[:en]City tours[:de]Stadttouren[:lt]Miesto ekskursijos[:]","slug":"excursions","term_group":0,"term_taxonomy_id":92,"taxonomy":"category","description":"M\u016bs\u0173 ekskursijos dvira\u010diais  po Vilni\u0173 \/ Our city tours in Vilnius \/ Stadttouren in Vilnius (Wilna)","parent":6,"count":11,"filter":"raw","i18n_config":{"name":{"ts":{"en":"[:en]City tours[:de]Stadttouren[:lt]Miesto ekskursijos[:]"}},"description":{"ts":{"lt":"","en":"M\u016bs\u0173 ekskursijos dvira\u010diais  po Vilni\u0173 \/ Our city tours in Vilnius \/ Stadttouren in Vilnius (Wilna)","de":"M\u016bs\u0173 ekskursijos dvira\u010diais  po Vilni\u0173 \/ Our city tours in Vilnius \/ Stadttouren in Vilnius (Wilna)"},"ml":"[:en]M\u016bs\u0173 ekskursijos dvira\u010diais  po Vilni\u0173 \/ Our city tours in Vilnius \/ Stadttouren in Vilnius (Wilna)[:de]M\u016bs\u0173 ekskursijos dvira\u010diais  po Vilni\u0173 \/ Our city tours in Vilnius \/ Stadttouren in Vilnius (Wilna)[:]"}},"cat_ID":89,"category_count":11,"category_description":"M\u016bs\u0173 ekskursijos dvira\u010diais  po Vilni\u0173 \/ Our city tours in Vilnius \/ Stadttouren in Vilnius (Wilna)","cat_name":"[:en]City tours[:de]Stadttouren[:lt]Miesto ekskursijos[:]","category_nicename":"excursions","category_parent":6,"ID":89},{"term_id":184,"name":"[:en]Offers for groups[:de]Spec. Angebote f\u00fcr Gruppen[:lt]Pasi\u016blymai grup\u0117ms - \u012fmon\u0117ms ir draugams[:]","slug":"grupems","term_group":0,"term_taxonomy_id":184,"taxonomy":"category","description":"","parent":6,"count":3,"filter":"raw","i18n_config":{"name":{"ts":{"en":"[:en]Offers for groups[:de]Spec. Angebote f\u00fcr Gruppen[:lt]Pasi\u016blymai grup\u0117ms - \u012fmon\u0117ms ir draugams[:]"}},"description":{"ts":{"lt":"group offers","en":"","de":""},"ml":"[:lt]group offers[:]"}},"cat_ID":184,"category_count":3,"category_description":"","cat_name":"[:en]Offers for groups[:de]Spec. Angebote f\u00fcr Gruppen[:lt]Pasi\u016blymai grup\u0117ms - \u012fmon\u0117ms ir draugams[:]","category_nicename":"grupems","category_parent":6,"ID":184},{"term_id":15,"name":"[:en]Tours[:de]Touren[:lt]Turai[:]","slug":"turai","term_group":0,"term_taxonomy_id":15,"taxonomy":"category","description":"M\u016bs\u0173 organizuojami turai dvira\u010diais ... ir ne tik! \/ Our tours - not only by bicycle \/ Unsere Touren - nicht nur per Fahrrad","parent":6,"count":7,"filter":"raw","i18n_config":{"name":{"ts":{"en":"[:en]Tours[:de]Touren[:lt]Turai[:]"}},"description":{"ts":{"lt":"","en":"M\u016bs\u0173 organizuojami turai dvira\u010diais ... ir ne tik! \/ Our tours - not only by bicycle \/ Unsere Touren - nicht nur per Fahrrad","de":"M\u016bs\u0173 organizuojami turai dvira\u010diais ... ir ne tik! \/ Our tours - not only by bicycle \/ Unsere Touren - nicht nur per Fahrrad"},"ml":"[:en]M\u016bs\u0173 organizuojami turai dvira\u010diais ... ir ne tik! \/ Our tours - not only by bicycle \/ Unsere Touren - nicht nur per Fahrrad[:de]M\u016bs\u0173 organizuojami turai dvira\u010diais ... ir ne tik! \/ Our tours - not only by bicycle \/ Unsere Touren - nicht nur per Fahrrad[:]"}},"cat_ID":15,"category_count":7,"category_description":"M\u016bs\u0173 organizuojami turai dvira\u010diais ... ir ne tik! \/ Our tours - not only by bicycle \/ Unsere Touren - nicht nur per Fahrrad","cat_name":"[:en]Tours[:de]Touren[:lt]Turai[:]","category_nicename":"turai","category_parent":6,"ID":15}]},"pwapp_feed_image_dimension_type":"preview","featuredimage":"https:\/\/velovilnius.lt\/wp-content\/uploads\/2010\/06\/LT_2006_10_01_018-100x68.jpg","pwapp_post_image":"https:\/\/velovilnius.lt\/wp-content\/uploads\/2010\/06\/LT_2006_10_01_018-100x68.jpg","share_image":"https:\/\/velovilnius.lt\/wp-content\/uploads\/2010\/06\/LT_2006_10_01_018-100x68.jpg","featured_image_showhide":"show","featured_image":{"ID":4301,"excerpt":"","title":"LT_2006_10_01_018","source":"https:\/\/velovilnius.lt\/wp-content\/uploads\/2010\/06\/LT_2006_10_01_018.jpg"},"pwapp_excerpt":"<p>Soviet Vilnius Green Vilnius Religious Vilnius Squares in Vilnius and how they changed Tarybinis Vilnius \u017daliasis Vilnius Religinis Vilnius Vilniaus skverai Soviet Vilnius Green Vilnius Religious Vilnius Squares in Vilnius and how they changed Sowjet-Vilnius Gr\u00fcnes Vilnius: In jedem Hof ein Baum Religionen in Vilnius &#8211; &#8220;Die Stadt der 37 Kirchen&#8221; Pl\u00e4tze im Wandel &#8230; [&hellip;]<\/p>\n","pwapp_title":"Special (costumized) tours","androapp_image_list":[],"pwapp_post_content":"<style type=\"text\/css\">androapp img{\r\n    max-width: 100%;\r\n    height: auto;\r\n}\r\niframe{\r\n    max-width: 100%;    \r\n}\r\nfigure {\r\n    max-width: 100%;\r\n    height: auto;\r\n}\r\nimg{\r\n    max-width: 100% !important;\r\n    height: auto;\r\n}\r\ndiv {\r\n    max-width: 100% !important;\r\n}\r\nspan {\r\n    max-width:100%;\r\n    overflow: auto;\r\n}\r\naudio {\r\n    display:block;\r\n    visibility:visible !important;\r\n}\r\nvideo{\r\n    width:100%;\r\n    height:auto;\r\n}\r\n<\/style><div class='androapp'><ul>\n<li>Soviet Vilnius<\/li>\n<li>Green Vilnius<\/li>\n<li>Religious Vilnius<\/li>\n<li>Squares in Vilnius and how they changed<\/li>\n<\/ul>\n<table style=\"width: 1000px;\" border=\"0\" cellspacing=\"1\" cellpadding=\"1\">\n<tbody>\n<tr>\n<td>\n<ul>\n<li><span style=\"font-size: 13px;\">Tarybinis Vilnius<\/span><\/li>\n<li>\u017daliasis Vilnius<\/li>\n<li>Religinis Vilnius<\/li>\n<li>Vilniaus skverai<\/li>\n<\/ul>\n<\/td>\n<td>\n<ul>\n<li>Soviet Vilnius<\/li>\n<li>Green Vilnius<\/li>\n<li>Religious Vilnius<\/li>\n<li>Squares in Vilnius and how they changed<\/li>\n<\/ul>\n<\/td>\n<td>\n<ul>\n<li>Sowjet-Vilnius<\/li>\n<li>Gr\u00fcnes Vilnius: In jedem Hof ein Baum<\/li>\n<li>Religionen in Vilnius &#8211; &#8220;Die Stadt der 37 Kirchen&#8221;<\/li>\n<li>Pl\u00e4tze im Wandel<\/li>\n<\/ul>\n<\/td>\n<\/tr>\n<tr>\n<td><span style=\"color: #ff0000;\"><strong>&#8230; Tavo id\u0117jos<\/strong><\/span><\/td>\n<td><span style=\"color: #ff0000;\"><strong>&#8230; you special interest\u00a0<\/strong><\/span><\/td>\n<td><span style=\"color: #ff0000;\"><strong>&#8230; Ihr Extrawunsch<\/strong><\/span><\/td>\n<\/tr>\n<tr>\n<td><\/td>\n<td><\/td>\n<td><\/td>\n<\/tr>\n<\/tbody>\n<\/table>\n<p>&nbsp;<\/div>","pwapp_post_content_type":"postprocessed2","pwapp_preview_type":"excerpt","androapp_failover_post_content_type":"","share_text":"Special (costumized) tours\nvia https:\/\/velovilnius.lt\/en\/unsere-dienstleistungen\/frankas-wurft\/tours\/specializuotos-ekskursijos\/","supercache":"androappsupercache","_links":{"self":[{"href":"https:\/\/velovilnius.lt\/en\/wp-json\/wp\/v2\/pages\/3938"}],"collection":[{"href":"https:\/\/velovilnius.lt\/en\/wp-json\/wp\/v2\/pages"}],"about":[{"href":"https:\/\/velovilnius.lt\/en\/wp-json\/wp\/v2\/types\/page"}],"author":[{"embeddable":true,"href":"https:\/\/velovilnius.lt\/en\/wp-json\/wp\/v2\/users\/1"}],"replies":[{"embeddable":true,"href":"https:\/\/velovilnius.lt\/en\/wp-json\/wp\/v2\/comments?post=3938"}],"version-history":[{"count":2,"href":"https:\/\/velovilnius.lt\/en\/wp-json\/wp\/v2\/pages\/3938\/revisions"}],"predecessor-version":[{"id":677320,"href":"https:\/\/velovilnius.lt\/en\/wp-json\/wp\/v2\/pages\/3938\/revisions\/677320"}],"up":[{"embeddable":true,"href":"https:\/\/velovilnius.lt\/en\/wp-json\/wp\/v2\/pages\/7"}],"wp:featuredmedia":[{"embeddable":true,"href":"https:\/\/velovilnius.lt\/en\/wp-json\/wp\/v2\/media\/4301"}],"wp:attachment":[{"href":"https:\/\/velovilnius.lt\/en\/wp-json\/wp\/v2\/media?parent=3938"}],"wp:term":[{"taxonomy":"category","embeddable":true,"href":"https:\/\/velovilnius.lt\/en\/wp-json\/wp\/v2\/categories?post=3938"},{"taxonomy":"post_tag","embeddable":true,"href":"https:\/\/velovilnius.lt\/en\/wp-json\/wp\/v2\/tags?post=3938"}],"curies":[{"name":"wp","href":"https:\/\/api.w.org\/{rel}","templated":true}]}}