{"id":2267,"date":"2011-09-27T17:31:25","date_gmt":"2011-09-27T15:31:25","guid":{"rendered":"http:\/\/velo-city.lt\/?page_id=2267"},"modified":"2020-01-29T08:25:14","modified_gmt":"2020-01-29T06:25:14","slug":"map","status":"publish","type":"page","link":"https:\/\/velovilnius.lt\/en\/vilnius-bikemap\/map\/","title":{"rendered":"\u017eem\u0117lapis"},"content":{"rendered":"<span style=\"color: #444444; font-family: 'Open Sans', sans-serif; line-height: 18.2000007629395px;\">[osm_map lat=&#8221;54.683&#8243; lon=&#8221;25.278&#8243; zoom=&#8221;17&#8243; width=&#8221;100%&#8221; height=&#8221;450&#8243; marker=&#8221;54.68269,25.27752&#8243; marker_name=&#8221;bicycling.png&#8221; type=&#8221;Mapnik&#8221;]<\/span><\/p>\n<p>For Routing use:<\/p>\n<p><a href=\"http:\/\/openrouteservice.org\/\" target=\"_blank\" rel=\"noopener\">http:\/\/openrouteservice.org\/<\/a><\/p>\n<p>eg.\/pvz.\/z.B.:<\/p>\n\n<!-- iframe plugin v.6.0 wordpress.org\/plugins\/iframe\/ -->\n<iframe loading=\"lazy\" src=\"http:\/\/openrouteservice.org\/index.php?start=25.27748,54.673291&#038;end=25.289604,54.6754&#038;pref=Fastest&#038;lang=en&#038;noMotorways=false&#038;noTollways=false\" width=\"100%\" height=\"500\" scrolling=\"yes\" class=\"iframe-class\" frameborder=\"0\"><\/iframe>","protected":false},"excerpt":{"rendered":"<p>[osm_map lat=&#8221;54.683&#8243; lon=&#8221;25.278&#8243; zoom=&#8221;17&#8243; width=&#8221;100%&#8221; height=&#8221;450&#8243; marker=&#8221;54.68269,25.27752&#8243; marker_name=&#8221;bicycling.png&#8221; type=&#8221;Mapnik&#8221;] For Routing use: http:\/\/openrouteservice.org\/ eg.\/pvz.\/z.B.:<\/p>\n","protected":false},"author":2,"featured_media":0,"parent":4529,"menu_order":99,"comment_status":"closed","ping_status":"closed","template":"","meta":{"inline_featured_image":false,"site-sidebar-layout":"default","site-content-layout":"default","ast-site-content-layout":"default","site-content-style":"default","site-sidebar-style":"default","ast-global-header-display":"","ast-banner-title-visibility":"","ast-main-header-display":"","ast-hfb-above-header-display":"","ast-hfb-below-header-display":"","ast-hfb-mobile-header-display":"","site-post-title":"","ast-breadcrumbs-content":"","ast-featured-img":"","footer-sml-layout":"","ast-disable-related-posts":"","theme-transparent-header-meta":"default","adv-header-id-meta":"","stick-header-meta":"","header-above-stick-meta":"","header-main-stick-meta":"","header-below-stick-meta":"","astra-migrate-meta-layouts":"default","ast-page-background-enabled":"default","ast-page-background-meta":{"desktop":{"background-color":"","background-image":"","background-repeat":"repeat","background-position":"center center","background-size":"auto","background-attachment":"scroll","background-type":"","background-media":"","overlay-type":"","overlay-color":"","overlay-opacity":"","overlay-gradient":""},"tablet":{"background-color":"","background-image":"","background-repeat":"repeat","background-position":"center center","background-size":"auto","background-attachment":"scroll","background-type":"","background-media":"","overlay-type":"","overlay-color":"","overlay-opacity":"","overlay-gradient":""},"mobile":{"background-color":"","background-image":"","background-repeat":"repeat","background-position":"center center","background-size":"auto","background-attachment":"scroll","background-type":"","background-media":"","overlay-type":"","overlay-color":"","overlay-opacity":"","overlay-gradient":""}},"ast-content-background-meta":{"desktop":{"background-color":"var(--ast-global-color-5)","background-image":"","background-repeat":"repeat","background-position":"center center","background-size":"auto","background-attachment":"scroll","background-type":"","background-media":"","overlay-type":"","overlay-color":"","overlay-opacity":"","overlay-gradient":""},"tablet":{"background-color":"var(--ast-global-color-5)","background-image":"","background-repeat":"repeat","background-position":"center center","background-size":"auto","background-attachment":"scroll","background-type":"","background-media":"","overlay-type":"","overlay-color":"","overlay-opacity":"","overlay-gradient":""},"mobile":{"background-color":"var(--ast-global-color-5)","background-image":"","background-repeat":"repeat","background-position":"center center","background-size":"auto","background-attachment":"scroll","background-type":"","background-media":"","overlay-type":"","overlay-color":"","overlay-opacity":"","overlay-gradient":""}},"footnotes":"","_links_to":"","_links_to_target":""},"categories":[4],"tags":[],"ams_acf":[],"pwapp_after_post_content":"","pwapp_before_post_content":"","androapp_header":"","pwapp_author":{"ID":2,"name":"frankas","slug":"frankas"},"pwapp_terms":{"category":[{"term_id":4,"name":"Routes by bike","slug":"marsrutai","term_group":0,"term_taxonomy_id":4,"taxonomy":"category","description":"mar\u0161rutai savaranki\u0161kam va\u017eiavimui \/ Routes for Independent Exploring \/ Routes zum Selbst-Erfahren","parent":0,"count":33,"filter":"raw","i18n_config":{"name":{"ts":{"en":"Routes by bike"}}},"cat_ID":4,"category_count":33,"category_description":"mar\u0161rutai savaranki\u0161kam va\u017eiavimui \/ Routes for Independent Exploring \/ Routes zum Selbst-Erfahren","cat_name":"Routes by bike","category_nicename":"marsrutai","category_parent":0,"ID":4}]},"pwapp_feed_image_dimension_type":"preview","pwapp_post_image":null,"share_image":null,"featured_image_showhide":"show","pwapp_excerpt":"<p>[osm_map lat=&#8221;54.683&#8243; lon=&#8221;25.278&#8243; zoom=&#8221;17&#8243; width=&#8221;100%&#8221; height=&#8221;450&#8243; marker=&#8221;54.68269,25.27752&#8243; marker_name=&#8221;bicycling.png&#8221; type=&#8221;Mapnik&#8221;] For Routing use: http:\/\/openrouteservice.org\/ eg.\/pvz.\/z.B.:<\/p>\n","pwapp_title":"\u017eem\u0117lapis","androapp_image_list":[],"pwapp_post_content":"<style type=\"text\/css\">androapp img{\r\n    max-width: 100%;\r\n    height: auto;\r\n}\r\niframe{\r\n    max-width: 100%;    \r\n}\r\nfigure {\r\n    max-width: 100%;\r\n    height: auto;\r\n}\r\nimg{\r\n    max-width: 100% !important;\r\n    height: auto;\r\n}\r\ndiv {\r\n    max-width: 100% !important;\r\n}\r\nspan {\r\n    max-width:100%;\r\n    overflow: auto;\r\n}\r\naudio {\r\n    display:block;\r\n    visibility:visible !important;\r\n}\r\nvideo{\r\n    width:100%;\r\n    height:auto;\r\n}\r\n<\/style><div class='androapp'><span style=\"color: #444444; font-family: 'Open Sans', sans-serif; line-height: 18.2000007629395px;\">[osm_map lat=&#8221;54.683&#8243; lon=&#8221;25.278&#8243; zoom=&#8221;17&#8243; width=&#8221;100%&#8221; height=&#8221;450&#8243; marker=&#8221;54.68269,25.27752&#8243; marker_name=&#8221;bicycling.png&#8221; type=&#8221;Mapnik&#8221;]<\/span><\/p>\n<p>For Routing use:<\/p>\n<p><a href=\"http:\/\/openrouteservice.org\/\" target=\"_blank\" rel=\"noopener\">http:\/\/openrouteservice.org\/<\/a><\/p>\n<p>eg.\/pvz.\/z.B.:<\/p>\n\n<!-- iframe plugin v.6.0 wordpress.org\/plugins\/iframe\/ -->\n<iframe loading=\"lazy\" src=\"http:\/\/openrouteservice.org\/index.php?start=25.27748,54.673291&#038;end=25.289604,54.6754&#038;pref=Fastest&#038;lang=en&#038;noMotorways=false&#038;noTollways=false\" width=\"100%\" height=\"500\" scrolling=\"yes\" class=\"iframe-class\" frameborder=\"0\"><\/iframe><\/div>","pwapp_post_content_type":"postprocessed2","pwapp_preview_type":"excerpt","androapp_failover_post_content_type":"","share_text":"[osm_map lat=&#8221;54.683&#8243; lon=&#8221;25.278&#8243; zoom=&#8221;17&#8243; width=&#8221;100%&#8221; height=&#8221;450&#8243; marker=&#8221;54.68269,25.27752&#8243; marker_name=&#8221;bicycling.png&#8221; type=&#8221;Mapnik&#8221;] For Routing use: http:\/\/openrouteservice.org\/ eg.\/pvz.\/z.B.:\n\nvia https:\/\/velovilnius.lt\/en\/vilnius-bikemap\/map\/","supercache":"androappsupercache","_links":{"self":[{"href":"https:\/\/velovilnius.lt\/en\/wp-json\/wp\/v2\/pages\/2267"}],"collection":[{"href":"https:\/\/velovilnius.lt\/en\/wp-json\/wp\/v2\/pages"}],"about":[{"href":"https:\/\/velovilnius.lt\/en\/wp-json\/wp\/v2\/types\/page"}],"author":[{"embeddable":true,"href":"https:\/\/velovilnius.lt\/en\/wp-json\/wp\/v2\/users\/2"}],"replies":[{"embeddable":true,"href":"https:\/\/velovilnius.lt\/en\/wp-json\/wp\/v2\/comments?post=2267"}],"version-history":[{"count":10,"href":"https:\/\/velovilnius.lt\/en\/wp-json\/wp\/v2\/pages\/2267\/revisions"}],"predecessor-version":[{"id":702797,"href":"https:\/\/velovilnius.lt\/en\/wp-json\/wp\/v2\/pages\/2267\/revisions\/702797"}],"up":[{"embeddable":true,"href":"https:\/\/velovilnius.lt\/en\/wp-json\/wp\/v2\/pages\/4529"}],"wp:attachment":[{"href":"https:\/\/velovilnius.lt\/en\/wp-json\/wp\/v2\/media?parent=2267"}],"wp:term":[{"taxonomy":"category","embeddable":true,"href":"https:\/\/velovilnius.lt\/en\/wp-json\/wp\/v2\/categories?post=2267"},{"taxonomy":"post_tag","embeddable":true,"href":"https:\/\/velovilnius.lt\/en\/wp-json\/wp\/v2\/tags?post=2267"}],"curies":[{"name":"wp","href":"https:\/\/api.w.org\/{rel}","templated":true}]}}