{"id":688412,"date":"2017-04-21T17:39:29","date_gmt":"2017-04-21T14:39:29","guid":{"rendered":"http:\/\/velovilnius.lt\/?page_id=688412"},"modified":"2021-04-21T15:44:16","modified_gmt":"2021-04-21T12:44:16","slug":"kontaktai-apie-mus","status":"publish","type":"page","link":"https:\/\/velovilnius.lt\/de\/httpvelovilnius-ltlt675326-2velosostine\/dviraciai-iki-e100\/kontaktai-apie-mus\/","title":{"rendered":"Unsere Kontakte &#038; \u00dcber uns"},"content":{"rendered":"<h3><span style=\"color: #ff0000;\">2021 haben wir unseren Laden geschlossen.<\/span><br \/>\nFahrradverleih in Vilnius: <a href=\"http:\/\/www.velotakas.lt\/\" target=\"_blank\" rel=\"nofollow noopener\">www.velotakas.lt<\/a><br \/>\nFahrradwerkstatt: v\u0117tra cycles, Pylimo g. 31, <a href=\"http:\/\/vetra.shop\/\" target=\"_blank\" rel=\"nofollow noopener\">vetra.shop<\/a><\/p>\n<p>Auf Vereinbarung machen wir immer noch Fahrradtouren und sind Ansprechpartner f\u00fcr alle Fragen rund ums Radfahren.<br \/>\nWir bleiben ein Fahrradinformationszentrum.<\/h3>\n<h3><\/h3>\n<h3><del>Velo-city Vilnius \/ Fahrradverleih &amp; Stadttouren Wilna<\/del><\/h3>\n<h3><del>Sommersaison<\/del><\/h3>\n<p><del>(<strong>von 15. April bis 15. September)<\/strong><\/del><\/p>\n<ul>\n<li><del>Rent-a-bike: Hochwertiger Fahrradverleih\u00a0\u00a0in Vilnius<\/del><\/li>\n<\/ul>\n<p><del>GE\u00d6FFNET t\u00e4glich (auch am Wochenende) \u00a0<strong>von\u00a010.00 bis 20.00<\/strong>\u00a0 Uhr<\/del><br \/>\n<del>dar\u00fcber hinaus wetterabh\u00e4ngig \u00a0\/ Andere Zeiten nach Absprache<\/del><\/p>\n<ul>\n<li><del>Vilnius bike tours:<\/del><br \/>\n<del>Stadttour per Rad\u00a0\u00a0&#8222;Vilniusser Kontraste&#8220; t\u00e4glich au\u00dfer Sontags um 11 Uhr (Toursprache: Englisch)<\/del><\/li>\n<\/ul>\n<h3><del>Wintersaison<\/del><\/h3>\n<p><del>Zwischen Oktober und M\u00e4rz bieten wir darum, Dienstleistungen \u00a0zu vereinbaren<\/del><br \/>\n<del>(Fahrradverleih, Stadttouren, Reparatur, Gebrauchtr\u00e4der usw. usf.)<\/del><\/p>\n<p><del>Unser B\u00fcro ist nicht \u00a0regelm\u00e4\u00dfig besetzt \ud83d\ude41<\/del><\/p>\n<h3><del>Kontakte<\/del><\/h3>\n<p><del>Telefon +370 674 12123<\/del><\/p>\n<p><del>E-Mail <a href=\"mailto:info@velovilnius.lt\" target=\"_blank\" rel=\"noopener noreferrer\">info@velovilnius.lt<\/a><\/del><\/p>\n<h3><del>Adresse<\/del><\/h3>\n<p><del>Pylimo g. 31<\/del><\/p>\n<p><del>01309 Vilnius, Litauen<\/del><\/p>\n<p><del>Seit M\u00e4rz 2016 hei\u00dfen wir Sie an unser neuen Adresse unweit der Synagoge willkommen!<\/del><\/p>\n<h3><del>Firmendaten<\/del><\/h3>\n<p><del>UAB &#8222;Baltic cycle&#8220;<\/del><\/p>\n<p><del>Firmenkode: 302258536<\/del><\/p>\n<p><del>Ust.-Nr.: Zur Zeit kein USt.-Zahler!<\/del><br \/>\n<del>\n<!-- iframe plugin v.6.0 wordpress.org\/plugins\/iframe\/ -->\n<iframe loading=\"lazy\" width=\"550\" height=\"500\" frameborder=\"0\" scrolling=\"yes\" marginheight=\"0\" marginwidth=\"0\" src=\"http:\/\/www.openstreetmap.org\/export\/embed.html?bbox=25.27700901031494%2C54.6762069282033%2C25.28299570083618%2C54.67774533614524&#038;layer=cyclemap&#038;marker=54.676976139460486%2C25.28000235557556\" style=\"border: 1px solid black\" class=\"iframe-class\"><\/iframe>\n<\/del><\/p>\n<p><del><a href=\"http:\/\/www.openstreetmap.org\/?mlat=54.67697&amp;mlon=25.28002#map=18\/54.67697\/25.28002&amp;layers=C\" target=\"_blank\" rel=\"noopener\">View Larger Map<\/a><\/del><\/p>\n<hr \/>\n<p>&nbsp;<\/p>\n<h1 style=\"text-align: center;\"><del><b>Call-a-bike<\/b><\/del><\/h1>\n<p style=\"text-align: center;\"><del>Tel.: +370 674 12 123<\/del><\/p>\n<p style=\"text-align: center;\"><del><a href=\"mailto:info@velovilnius.lt\">info@velovilnius.lt<\/a><\/del><\/p>\n<p style=\"text-align: center;\"><del><span style=\"color: #ff0000;\"><i><b>Nuo Spalio iki Kovo m\u0117n. tik pagal i\u0161ankstin\u012f susitarim\u0105<\/b><\/i><\/span><\/del><\/p>\n<p style=\"text-align: center;\"><del><span style=\"color: #ff0000;\"><i><b>Oct.-March on appointment only!<\/b><\/i><\/span><\/del><\/p>\n<hr \/>","protected":false},"excerpt":{"rendered":"<p>2021 haben wir unseren Laden geschlossen. Fahrradverleih in Vilnius: www.velotakas.lt Fahrradwerkstatt: v\u0117tra cycles, Pylimo g. 31, vetra.shop Auf Vereinbarung machen wir immer noch Fahrradtouren und sind Ansprechpartner f\u00fcr alle Fragen rund ums Radfahren. Wir bleiben ein Fahrradinformationszentrum. Velo-city Vilnius \/ Fahrradverleih &amp; Stadttouren Wilna Sommersaison (von 15. April bis 15. September) Rent-a-bike: Hochwertiger Fahrradverleih\u00a0\u00a0in Vilnius [&hellip;]<\/p>\n","protected":false},"author":1,"featured_media":4794,"parent":675326,"menu_order":0,"comment_status":"closed","ping_status":"closed","template":"","meta":{"inline_featured_image":false,"site-sidebar-layout":"default","site-content-layout":"default","ast-site-content-layout":"default","site-content-style":"default","site-sidebar-style":"default","ast-global-header-display":"","ast-banner-title-visibility":"","ast-main-header-display":"","ast-hfb-above-header-display":"","ast-hfb-below-header-display":"","ast-hfb-mobile-header-display":"","site-post-title":"","ast-breadcrumbs-content":"","ast-featured-img":"","footer-sml-layout":"","ast-disable-related-posts":"","theme-transparent-header-meta":"default","adv-header-id-meta":"","stick-header-meta":"","header-above-stick-meta":"","header-main-stick-meta":"","header-below-stick-meta":"","astra-migrate-meta-layouts":"default","ast-page-background-enabled":"default","ast-page-background-meta":{"desktop":{"background-color":"","background-image":"","background-repeat":"repeat","background-position":"center center","background-size":"auto","background-attachment":"scroll","background-type":"","background-media":"","overlay-type":"","overlay-color":"","overlay-opacity":"","overlay-gradient":""},"tablet":{"background-color":"","background-image":"","background-repeat":"repeat","background-position":"center center","background-size":"auto","background-attachment":"scroll","background-type":"","background-media":"","overlay-type":"","overlay-color":"","overlay-opacity":"","overlay-gradient":""},"mobile":{"background-color":"","background-image":"","background-repeat":"repeat","background-position":"center center","background-size":"auto","background-attachment":"scroll","background-type":"","background-media":"","overlay-type":"","overlay-color":"","overlay-opacity":"","overlay-gradient":""}},"ast-content-background-meta":{"desktop":{"background-color":"var(--ast-global-color-5)","background-image":"","background-repeat":"repeat","background-position":"center center","background-size":"auto","background-attachment":"scroll","background-type":"","background-media":"","overlay-type":"","overlay-color":"","overlay-opacity":"","overlay-gradient":""},"tablet":{"background-color":"var(--ast-global-color-5)","background-image":"","background-repeat":"repeat","background-position":"center center","background-size":"auto","background-attachment":"scroll","background-type":"","background-media":"","overlay-type":"","overlay-color":"","overlay-opacity":"","overlay-gradient":""},"mobile":{"background-color":"var(--ast-global-color-5)","background-image":"","background-repeat":"repeat","background-position":"center center","background-size":"auto","background-attachment":"scroll","background-type":"","background-media":"","overlay-type":"","overlay-color":"","overlay-opacity":"","overlay-gradient":""}},"footnotes":"","_links_to":"","_links_to_target":""},"categories":[],"tags":[],"ams_acf":[],"pwapp_after_post_content":"","pwapp_before_post_content":"","androapp_header":"","pwapp_author":{"ID":1,"name":"admin","slug":"admin"},"pwapp_terms":[],"pwapp_feed_image_dimension_type":"preview","featuredimage":"https:\/\/velovilnius.lt\/wp-content\/uploads\/2013\/09\/mes-isilgai-100x54.png","pwapp_post_image":"https:\/\/velovilnius.lt\/wp-content\/uploads\/2013\/09\/mes-isilgai-100x54.png","share_image":"https:\/\/velovilnius.lt\/wp-content\/uploads\/2013\/09\/mes-isilgai-100x54.png","featured_image_showhide":"show","featured_image":{"ID":4794,"excerpt":"","title":"mes isilgai","source":"https:\/\/velovilnius.lt\/wp-content\/uploads\/2013\/09\/mes-isilgai.png"},"pwapp_excerpt":"<p>2021 haben wir unseren Laden geschlossen. Fahrradverleih in Vilnius: www.velotakas.lt Fahrradwerkstatt: v\u0117tra cycles, Pylimo g. 31, vetra.shop Auf Vereinbarung machen wir immer noch Fahrradtouren und sind Ansprechpartner f\u00fcr alle Fragen rund ums Radfahren. Wir bleiben ein Fahrradinformationszentrum. Velo-city Vilnius \/ Fahrradverleih &amp; Stadttouren Wilna Sommersaison (von 15. April bis 15. September) Rent-a-bike: Hochwertiger Fahrradverleih\u00a0\u00a0in Vilnius [&hellip;]<\/p>\n","pwapp_title":"Unsere Kontakte &#038; \u00dcber uns","androapp_image_list":[],"pwapp_post_content":"<style type=\"text\/css\">androapp img{\r\n    max-width: 100%;\r\n    height: auto;\r\n}\r\niframe{\r\n    max-width: 100%;    \r\n}\r\nfigure {\r\n    max-width: 100%;\r\n    height: auto;\r\n}\r\nimg{\r\n    max-width: 100% !important;\r\n    height: auto;\r\n}\r\ndiv {\r\n    max-width: 100% !important;\r\n}\r\nspan {\r\n    max-width:100%;\r\n    overflow: auto;\r\n}\r\naudio {\r\n    display:block;\r\n    visibility:visible !important;\r\n}\r\nvideo{\r\n    width:100%;\r\n    height:auto;\r\n}\r\n<\/style><div class='androapp'><h3><span style=\"color: #ff0000;\">2021 haben wir unseren Laden geschlossen.<\/span><br \/>\nFahrradverleih in Vilnius: <a href=\"http:\/\/www.velotakas.lt\/\" target=\"_blank\" rel=\"nofollow noopener\">www.velotakas.lt<\/a><br \/>\nFahrradwerkstatt: v\u0117tra cycles, Pylimo g. 31, <a href=\"http:\/\/vetra.shop\/\" target=\"_blank\" rel=\"nofollow noopener\">vetra.shop<\/a><\/p>\n<p>Auf Vereinbarung machen wir immer noch Fahrradtouren und sind Ansprechpartner f\u00fcr alle Fragen rund ums Radfahren.<br \/>\nWir bleiben ein Fahrradinformationszentrum.<\/h3>\n<h3><\/h3>\n<h3><del>Velo-city Vilnius \/ Fahrradverleih &amp; Stadttouren Wilna<\/del><\/h3>\n<h3><del>Sommersaison<\/del><\/h3>\n<p><del>(<strong>von 15. April bis 15. September)<\/strong><\/del><\/p>\n<ul>\n<li><del>Rent-a-bike: Hochwertiger Fahrradverleih\u00a0\u00a0in Vilnius<\/del><\/li>\n<\/ul>\n<p><del>GE\u00d6FFNET t\u00e4glich (auch am Wochenende) \u00a0<strong>von\u00a010.00 bis 20.00<\/strong>\u00a0 Uhr<\/del><br \/>\n<del>dar\u00fcber hinaus wetterabh\u00e4ngig \u00a0\/ Andere Zeiten nach Absprache<\/del><\/p>\n<ul>\n<li><del>Vilnius bike tours:<\/del><br \/>\n<del>Stadttour per Rad\u00a0\u00a0&#8222;Vilniusser Kontraste&#8220; t\u00e4glich au\u00dfer Sontags um 11 Uhr (Toursprache: Englisch)<\/del><\/li>\n<\/ul>\n<h3><del>Wintersaison<\/del><\/h3>\n<p><del>Zwischen Oktober und M\u00e4rz bieten wir darum, Dienstleistungen \u00a0zu vereinbaren<\/del><br \/>\n<del>(Fahrradverleih, Stadttouren, Reparatur, Gebrauchtr\u00e4der usw. usf.)<\/del><\/p>\n<p><del>Unser B\u00fcro ist nicht \u00a0regelm\u00e4\u00dfig besetzt \ud83d\ude41<\/del><\/p>\n<h3><del>Kontakte<\/del><\/h3>\n<p><del>Telefon +370 674 12123<\/del><\/p>\n<p><del>E-Mail <a href=\"mailto:info@velovilnius.lt\" target=\"_blank\" rel=\"noopener noreferrer\">info@velovilnius.lt<\/a><\/del><\/p>\n<h3><del>Adresse<\/del><\/h3>\n<p><del>Pylimo g. 31<\/del><\/p>\n<p><del>01309 Vilnius, Litauen<\/del><\/p>\n<p><del>Seit M\u00e4rz 2016 hei\u00dfen wir Sie an unser neuen Adresse unweit der Synagoge willkommen!<\/del><\/p>\n<h3><del>Firmendaten<\/del><\/h3>\n<p><del>UAB &#8222;Baltic cycle&#8220;<\/del><\/p>\n<p><del>Firmenkode: 302258536<\/del><\/p>\n<p><del>Ust.-Nr.: Zur Zeit kein USt.-Zahler!<\/del><br \/>\n<del>\n<!-- iframe plugin v.6.0 wordpress.org\/plugins\/iframe\/ -->\n<iframe loading=\"lazy\" width=\"550\" height=\"500\" frameborder=\"0\" scrolling=\"yes\" marginheight=\"0\" marginwidth=\"0\" src=\"http:\/\/www.openstreetmap.org\/export\/embed.html?bbox=25.27700901031494%2C54.6762069282033%2C25.28299570083618%2C54.67774533614524&#038;layer=cyclemap&#038;marker=54.676976139460486%2C25.28000235557556\" style=\"border: 1px solid black\" class=\"iframe-class\"><\/iframe>\n<\/del><\/p>\n<p><del><a href=\"http:\/\/www.openstreetmap.org\/?mlat=54.67697&amp;mlon=25.28002#map=18\/54.67697\/25.28002&amp;layers=C\" target=\"_blank\" rel=\"noopener\">View Larger Map<\/a><\/del><\/p>\n<hr \/>\n<p>&nbsp;<\/p>\n<h1 style=\"text-align: center;\"><del><b>Call-a-bike<\/b><\/del><\/h1>\n<p style=\"text-align: center;\"><del>Tel.: +370 674 12 123<\/del><\/p>\n<p style=\"text-align: center;\"><del><a href=\"mailto:info@velovilnius.lt\">info@velovilnius.lt<\/a><\/del><\/p>\n<p style=\"text-align: center;\"><del><span style=\"color: #ff0000;\"><i><b>Nuo Spalio iki Kovo m\u0117n. tik pagal i\u0161ankstin\u012f susitarim\u0105<\/b><\/i><\/span><\/del><\/p>\n<p style=\"text-align: center;\"><del><span style=\"color: #ff0000;\"><i><b>Oct.-March on appointment only!<\/b><\/i><\/span><\/del><\/p>\n<hr \/><\/div>","pwapp_post_content_type":"postprocessed2","pwapp_preview_type":"excerpt","androapp_failover_post_content_type":"","share_text":"Unsere Kontakte &#038; \u00dcber uns\nvia https:\/\/velovilnius.lt\/de\/httpvelovilnius-ltlt675326-2velosostine\/dviraciai-iki-e100\/kontaktai-apie-mus\/","supercache":"androappsupercache","_links":{"self":[{"href":"https:\/\/velovilnius.lt\/de\/wp-json\/wp\/v2\/pages\/688412"}],"collection":[{"href":"https:\/\/velovilnius.lt\/de\/wp-json\/wp\/v2\/pages"}],"about":[{"href":"https:\/\/velovilnius.lt\/de\/wp-json\/wp\/v2\/types\/page"}],"author":[{"embeddable":true,"href":"https:\/\/velovilnius.lt\/de\/wp-json\/wp\/v2\/users\/1"}],"replies":[{"embeddable":true,"href":"https:\/\/velovilnius.lt\/de\/wp-json\/wp\/v2\/comments?post=688412"}],"version-history":[{"count":4,"href":"https:\/\/velovilnius.lt\/de\/wp-json\/wp\/v2\/pages\/688412\/revisions"}],"predecessor-version":[{"id":715520,"href":"https:\/\/velovilnius.lt\/de\/wp-json\/wp\/v2\/pages\/688412\/revisions\/715520"}],"up":[{"embeddable":true,"href":"https:\/\/velovilnius.lt\/de\/wp-json\/wp\/v2\/pages\/675326"}],"wp:featuredmedia":[{"embeddable":true,"href":"https:\/\/velovilnius.lt\/de\/wp-json\/wp\/v2\/media\/4794"}],"wp:attachment":[{"href":"https:\/\/velovilnius.lt\/de\/wp-json\/wp\/v2\/media?parent=688412"}],"wp:term":[{"taxonomy":"category","embeddable":true,"href":"https:\/\/velovilnius.lt\/de\/wp-json\/wp\/v2\/categories?post=688412"},{"taxonomy":"post_tag","embeddable":true,"href":"https:\/\/velovilnius.lt\/de\/wp-json\/wp\/v2\/tags?post=688412"}],"curies":[{"name":"wp","href":"https:\/\/api.w.org\/{rel}","templated":true}]}}