{"id":1046,"date":"2011-03-02T21:57:15","date_gmt":"2011-03-02T21:57:15","guid":{"rendered":"http:\/\/velo-city.lt"},"modified":"2016-09-19T13:12:38","modified_gmt":"2016-09-19T10:12:38","slug":"transport","status":"publish","type":"page","link":"https:\/\/velovilnius.lt\/de\/unsere-dienstleistungen\/nuomos-kainos\/transport\/","title":{"rendered":"Fahrradtransport"},"content":{"rendered":"<p class=\"qtranxs-available-languages-message qtranxs-available-languages-message-de\">Leider ist der Eintrag nur auf <a href=\"https:\/\/velovilnius.lt\/lt\/wp-json\/wp\/v2\/pages\/1046\" class=\"qtranxs-available-language-link qtranxs-available-language-link-lt\" title=\"Lietuvi\u0173\">Lietuvi\u0173<\/a> und <a href=\"https:\/\/velovilnius.lt\/en\/wp-json\/wp\/v2\/pages\/1046\" class=\"qtranxs-available-language-link qtranxs-available-language-link-en\" title=\"English\">English<\/a> verf\u00fcgbar.<\/p><a title=\"2011-05-21 15.17.33 by velo-city.lt Vilnius, on Flickr\" href=\"http:\/\/www.flickr.com\/photos\/velo-city-vilnius\/5776313096\/\" target=\"_blank\" rel=\"noopener\"><img loading=\"lazy\" decoding=\"async\" class=\"alignleft\" style=\"cursor: default;\" src=\"http:\/\/farm6.static.flickr.com\/5109\/5776313096_2a8fcdac27.jpg\" alt=\"2011-05-21 15.17.33\" width=\"300\" height=\"225\" \/><\/a><\/p>\n<h1><strong><span style=\"font-size: 16px;\">Dvira\u010di\u0173 gabenimas<\/span><\/strong><\/h1>\n<p><span style=\"font-size: 12.727272033691406px;\">Laisvai galime gabenti 30 dvira\u010di\u0173 visoje Lietuvoje ir u\u017e jos rib\u0173.<\/span><\/p>\n<p>DIDELIO KIEKIO DVIRA\u010cI\u0172 GABENIMAS<\/p>\n<p><span style=\"font-size: 13.333333969116211px;\">Gabename\u00a0 dvira\u010dius \u012f renginius, festivalius, vakarones pagal spec. u\u017esakymus. Taip pat ve\u017eame ir keleivius.<\/span><\/p>\n<p>Iki 30 dvira\u010di\u0173 gabenimo 50 km spinduliu nuo Vilniaus miesto centro<\/p>\n<div style=\"font-size: 12.727272033691406px;\"><strong>Kaina u\u017e km gabenimui \u00a0u\u017e Vilniaus rib\u0173:<\/strong><\/div>\n<h2><strong>0.9\u20ac\u00a0 u\u017e km.<\/strong><\/h2>\n<p>&nbsp;<\/p>\n\n<h2>Priekabos dvira\u010diams ve\u017eti nuoma<\/h2>\n<p>Taip pat nuomojame \u00a0priekab\u0105 savaranki\u0161kam dvira\u010di\u0173 ve\u017eimui:<\/p>\n<ul>\n<li>priekabos nuoma dvira\u010di\u0173 gabenimui (12 viet\u0173, laisvai telpa iki 16 dvira\u010di\u0173): <strong>50 \u20ac\/parai<\/strong><\/li>\n<\/ul>\n<p>&nbsp;<\/p>\n<h2>PAVIENI\u0172 DVIRA\u010cI\u0172 GABENIMAS<\/h2>\n<p>Dvira\u010dio pristatymas arba atsi\u0117mimas(b\u016btina i\u0161ankstin\u0117 rezervacija)*<\/p>\n<p>&#8211;\u00a0\u00a0\u00a0\u00a0\u00a0\u00a0\u00a0\u00a0\u00a0 Senamiestyje \u2013 5 \u20ac <strong>dviem dvira\u010diams<\/strong> (10\u20ac \u012f abi puses)<\/p>\n<p>&#8211;\u00a0\u00a0\u00a0\u00a0\u00a0\u00a0\u00a0\u00a0\u00a0 Vilniaus mieste \u2013 10 \u20ac\u00a0<strong>dviem dvira\u010diams<\/strong> (20 \u20ac \u012f abi puses)<\/p>\n<p>&nbsp;<\/p>\n<p>&nbsp;<\/p>\n<ul>\n<li>Dvira\u010dio pa\u0117mimas arba gr\u0105\u017einimas<strong> ne darbo laiku<\/strong>: 5<strong>\u00a0\u20ac.<\/strong><\/li>\n<li><\/li>\n<li><\/li>\n<li>Grup\u0117ms<\/li>\n<\/ul>\n<p>Iki 30 dvira\u010di\u0173 gabenimas 50 km spinduliu nuo Vilniaus miesto centro.<\/p>\n<p><strong>Daugiau \u017er. BaltiCCycle.eu dvira\u010di\u0173 nuomos Baltijos Valtstyb\u0117se tinklo \u012fkainiai: <\/strong><a href=\"http:\/\/www.balticcycle.eu\/rent\" target=\"_blank\" rel=\"noopener\">www.balticcycle.eu\/rent<\/a>","protected":false},"excerpt":{"rendered":"<p>Leider ist der Eintrag nur auf Lietuvi\u0173 und English verf\u00fcgbar. Dvira\u010di\u0173 gabenimas Laisvai galime gabenti 30 dvira\u010di\u0173 visoje Lietuvoje ir u\u017e jos rib\u0173. DIDELIO KIEKIO DVIRA\u010cI\u0172 GABENIMAS Gabename\u00a0 dvira\u010dius \u012f renginius, festivalius, vakarones pagal spec. u\u017esakymus. Taip pat ve\u017eame ir keleivius. Iki 30 dvira\u010di\u0173 gabenimo 50 km spinduliu nuo Vilniaus miesto centro Kaina u\u017e km [&hellip;]<\/p>\n","protected":false},"author":1,"featured_media":675148,"parent":3794,"menu_order":5,"comment_status":"closed","ping_status":"closed","template":"","meta":{"inline_featured_image":false,"site-sidebar-layout":"default","site-content-layout":"","ast-site-content-layout":"default","site-content-style":"default","site-sidebar-style":"default","ast-global-header-display":"","ast-banner-title-visibility":"","ast-main-header-display":"","ast-hfb-above-header-display":"","ast-hfb-below-header-display":"","ast-hfb-mobile-header-display":"","site-post-title":"","ast-breadcrumbs-content":"","ast-featured-img":"","footer-sml-layout":"","ast-disable-related-posts":"","theme-transparent-header-meta":"","adv-header-id-meta":"","stick-header-meta":"","header-above-stick-meta":"","header-main-stick-meta":"","header-below-stick-meta":"","astra-migrate-meta-layouts":"default","ast-page-background-enabled":"default","ast-page-background-meta":{"desktop":{"background-color":"","background-image":"","background-repeat":"repeat","background-position":"center center","background-size":"auto","background-attachment":"scroll","background-type":"","background-media":"","overlay-type":"","overlay-color":"","overlay-opacity":"","overlay-gradient":""},"tablet":{"background-color":"","background-image":"","background-repeat":"repeat","background-position":"center center","background-size":"auto","background-attachment":"scroll","background-type":"","background-media":"","overlay-type":"","overlay-color":"","overlay-opacity":"","overlay-gradient":""},"mobile":{"background-color":"","background-image":"","background-repeat":"repeat","background-position":"center center","background-size":"auto","background-attachment":"scroll","background-type":"","background-media":"","overlay-type":"","overlay-color":"","overlay-opacity":"","overlay-gradient":""}},"ast-content-background-meta":{"desktop":{"background-color":"var(--ast-global-color-5)","background-image":"","background-repeat":"repeat","background-position":"center center","background-size":"auto","background-attachment":"scroll","background-type":"","background-media":"","overlay-type":"","overlay-color":"","overlay-opacity":"","overlay-gradient":""},"tablet":{"background-color":"var(--ast-global-color-5)","background-image":"","background-repeat":"repeat","background-position":"center center","background-size":"auto","background-attachment":"scroll","background-type":"","background-media":"","overlay-type":"","overlay-color":"","overlay-opacity":"","overlay-gradient":""},"mobile":{"background-color":"var(--ast-global-color-5)","background-image":"","background-repeat":"repeat","background-position":"center center","background-size":"auto","background-attachment":"scroll","background-type":"","background-media":"","overlay-type":"","overlay-color":"","overlay-opacity":"","overlay-gradient":""}},"footnotes":"","_links_to":"","_links_to_target":""},"categories":[],"tags":[],"ams_acf":[],"pwapp_after_post_content":"","pwapp_before_post_content":"","androapp_header":"","pwapp_author":{"ID":1,"name":"admin","slug":"admin"},"pwapp_terms":[],"pwapp_feed_image_dimension_type":"preview","featuredimage":"https:\/\/velovilnius.lt\/wp-content\/uploads\/2016\/04\/priekaba-2011-05-16-13.57.47-100x75.jpg","pwapp_post_image":"https:\/\/velovilnius.lt\/wp-content\/uploads\/2016\/04\/priekaba-2011-05-16-13.57.47-100x75.jpg","share_image":"https:\/\/velovilnius.lt\/wp-content\/uploads\/2016\/04\/priekaba-2011-05-16-13.57.47-100x75.jpg","featured_image_showhide":"show","featured_image":{"ID":675148,"excerpt":"","title":"priekaba 2011-05-16 13.57.47","source":"https:\/\/velovilnius.lt\/wp-content\/uploads\/2016\/04\/priekaba-2011-05-16-13.57.47-800x600.jpg"},"pwapp_excerpt":"<p>Leider ist der Eintrag nur auf Lietuvi\u0173 und English verf\u00fcgbar. Dvira\u010di\u0173 gabenimas Laisvai galime gabenti 30 dvira\u010di\u0173 visoje Lietuvoje ir u\u017e jos rib\u0173. DIDELIO KIEKIO DVIRA\u010cI\u0172 GABENIMAS Gabename\u00a0 dvira\u010dius \u012f renginius, festivalius, vakarones pagal spec. u\u017esakymus. Taip pat ve\u017eame ir keleivius. Iki 30 dvira\u010di\u0173 gabenimo 50 km spinduliu nuo Vilniaus miesto centro Kaina u\u017e km [&hellip;]<\/p>\n","pwapp_title":"Fahrradtransport","androapp_image_list":[{"src":"http:\/\/farm6.static.flickr.com\/5109\/5776313096_2a8fcdac27.jpg","height":200}],"pwapp_post_content":"<style type=\"text\/css\">androapp img{\r\n    max-width: 100%;\r\n    height: auto;\r\n}\r\niframe{\r\n    max-width: 100%;    \r\n}\r\nfigure {\r\n    max-width: 100%;\r\n    height: auto;\r\n}\r\nimg{\r\n    max-width: 100% !important;\r\n    height: auto;\r\n}\r\ndiv {\r\n    max-width: 100% !important;\r\n}\r\nspan {\r\n    max-width:100%;\r\n    overflow: auto;\r\n}\r\naudio {\r\n    display:block;\r\n    visibility:visible !important;\r\n}\r\nvideo{\r\n    width:100%;\r\n    height:auto;\r\n}\r\n<\/style><div class='androapp'><p class=\"qtranxs-available-languages-message qtranxs-available-languages-message-de\">Leider ist der Eintrag nur auf <a href=\"https:\/\/velovilnius.lt\/lt\/wp-json\/wp\/v2\/pages\/1046\" class=\"qtranxs-available-language-link qtranxs-available-language-link-lt\" title=\"Lietuvi\u0173\">Lietuvi\u0173<\/a> und <a href=\"https:\/\/velovilnius.lt\/en\/wp-json\/wp\/v2\/pages\/1046\" class=\"qtranxs-available-language-link qtranxs-available-language-link-en\" title=\"English\">English<\/a> verf\u00fcgbar.<\/p><a title=\"2011-05-21 15.17.33 by velo-city.lt Vilnius, on Flickr\" href=\"http:\/\/www.flickr.com\/photos\/velo-city-vilnius\/5776313096\/\" target=\"_blank\" rel=\"noopener\"><img loading=\"lazy\" decoding=\"async\" class=\"alignleft\" style=\"cursor: default;\" src=\"http:\/\/farm6.static.flickr.com\/5109\/5776313096_2a8fcdac27.jpg\" alt=\"2011-05-21 15.17.33\" width=\"300\" height=\"225\" \/><\/a><\/p>\n<h1><strong><span style=\"font-size: 16px;\">Dvira\u010di\u0173 gabenimas<\/span><\/strong><\/h1>\n<p><span style=\"font-size: 12.727272033691406px;\">Laisvai galime gabenti 30 dvira\u010di\u0173 visoje Lietuvoje ir u\u017e jos rib\u0173.<\/span><\/p>\n<p>DIDELIO KIEKIO DVIRA\u010cI\u0172 GABENIMAS<\/p>\n<p><span style=\"font-size: 13.333333969116211px;\">Gabename\u00a0 dvira\u010dius \u012f renginius, festivalius, vakarones pagal spec. u\u017esakymus. Taip pat ve\u017eame ir keleivius.<\/span><\/p>\n<p>Iki 30 dvira\u010di\u0173 gabenimo 50 km spinduliu nuo Vilniaus miesto centro<\/p>\n<div style=\"font-size: 12.727272033691406px;\"><strong>Kaina u\u017e km gabenimui \u00a0u\u017e Vilniaus rib\u0173:<\/strong><\/div>\n<h2><strong>0.9\u20ac\u00a0 u\u017e km.<\/strong><\/h2>\n<p>&nbsp;<\/p>\n\n<h2>Priekabos dvira\u010diams ve\u017eti nuoma<\/h2>\n<p>Taip pat nuomojame \u00a0priekab\u0105 savaranki\u0161kam dvira\u010di\u0173 ve\u017eimui:<\/p>\n<ul>\n<li>priekabos nuoma dvira\u010di\u0173 gabenimui (12 viet\u0173, laisvai telpa iki 16 dvira\u010di\u0173): <strong>50 \u20ac\/parai<\/strong><\/li>\n<\/ul>\n<p>&nbsp;<\/p>\n<h2>PAVIENI\u0172 DVIRA\u010cI\u0172 GABENIMAS<\/h2>\n<p>Dvira\u010dio pristatymas arba atsi\u0117mimas(b\u016btina i\u0161ankstin\u0117 rezervacija)*<\/p>\n<p>&#8211;\u00a0\u00a0\u00a0\u00a0\u00a0\u00a0\u00a0\u00a0\u00a0 Senamiestyje \u2013 5 \u20ac <strong>dviem dvira\u010diams<\/strong> (10\u20ac \u012f abi puses)<\/p>\n<p>&#8211;\u00a0\u00a0\u00a0\u00a0\u00a0\u00a0\u00a0\u00a0\u00a0 Vilniaus mieste \u2013 10 \u20ac\u00a0<strong>dviem dvira\u010diams<\/strong> (20 \u20ac \u012f abi puses)<\/p>\n<p>&nbsp;<\/p>\n<p>&nbsp;<\/p>\n<ul>\n<li>Dvira\u010dio pa\u0117mimas arba gr\u0105\u017einimas<strong> ne darbo laiku<\/strong>: 5<strong>\u00a0\u20ac.<\/strong><\/li>\n<li><\/li>\n<li><\/li>\n<li>Grup\u0117ms<\/li>\n<\/ul>\n<p>Iki 30 dvira\u010di\u0173 gabenimas 50 km spinduliu nuo Vilniaus miesto centro.<\/p>\n<p><strong>Daugiau \u017er. BaltiCCycle.eu dvira\u010di\u0173 nuomos Baltijos Valtstyb\u0117se tinklo \u012fkainiai: <\/strong><a href=\"http:\/\/www.balticcycle.eu\/rent\" target=\"_blank\" rel=\"noopener\">www.balticcycle.eu\/rent<\/a><\/div>","pwapp_post_content_type":"postprocessed2","pwapp_preview_type":"excerpt","androapp_failover_post_content_type":"","share_text":"Fahrradtransport\nvia https:\/\/velovilnius.lt\/de\/unsere-dienstleistungen\/nuomos-kainos\/transport\/","supercache":"androappsupercache","_links":{"self":[{"href":"https:\/\/velovilnius.lt\/de\/wp-json\/wp\/v2\/pages\/1046"}],"collection":[{"href":"https:\/\/velovilnius.lt\/de\/wp-json\/wp\/v2\/pages"}],"about":[{"href":"https:\/\/velovilnius.lt\/de\/wp-json\/wp\/v2\/types\/page"}],"author":[{"embeddable":true,"href":"https:\/\/velovilnius.lt\/de\/wp-json\/wp\/v2\/users\/1"}],"replies":[{"embeddable":true,"href":"https:\/\/velovilnius.lt\/de\/wp-json\/wp\/v2\/comments?post=1046"}],"version-history":[{"count":7,"href":"https:\/\/velovilnius.lt\/de\/wp-json\/wp\/v2\/pages\/1046\/revisions"}],"predecessor-version":[{"id":678474,"href":"https:\/\/velovilnius.lt\/de\/wp-json\/wp\/v2\/pages\/1046\/revisions\/678474"}],"up":[{"embeddable":true,"href":"https:\/\/velovilnius.lt\/de\/wp-json\/wp\/v2\/pages\/3794"}],"wp:featuredmedia":[{"embeddable":true,"href":"https:\/\/velovilnius.lt\/de\/wp-json\/wp\/v2\/media\/675148"}],"wp:attachment":[{"href":"https:\/\/velovilnius.lt\/de\/wp-json\/wp\/v2\/media?parent=1046"}],"wp:term":[{"taxonomy":"category","embeddable":true,"href":"https:\/\/velovilnius.lt\/de\/wp-json\/wp\/v2\/categories?post=1046"},{"taxonomy":"post_tag","embeddable":true,"href":"https:\/\/velovilnius.lt\/de\/wp-json\/wp\/v2\/tags?post=1046"}],"curies":[{"name":"wp","href":"https:\/\/api.w.org\/{rel}","templated":true}]}}