{"id":1006,"date":"2011-02-21T13:29:41","date_gmt":"2011-02-21T11:29:41","guid":{"rendered":"http:\/\/velo-city.lt"},"modified":"2017-04-21T15:52:48","modified_gmt":"2017-04-21T12:52:48","slug":"velokinas","status":"publish","type":"page","link":"https:\/\/velovilnius.lt\/de\/httpvelovilnius-ltlt675326-2velosostine\/velokinas\/","title":{"rendered":"VeloKinas, Projektai"},"content":{"rendered":"<p class=\"qtranxs-available-languages-message qtranxs-available-languages-message-de\">Leider ist der Eintrag nur auf <a href=\"https:\/\/velovilnius.lt\/lt\/wp-json\/wp\/v2\/pages\/1006\" class=\"qtranxs-available-language-link qtranxs-available-language-link-lt\" title=\"Lietuvi\u0173\">Lietuvi\u0173<\/a> und <a href=\"https:\/\/velovilnius.lt\/en\/wp-json\/wp\/v2\/pages\/1006\" class=\"qtranxs-available-language-link qtranxs-available-language-link-en\" title=\"English\">English<\/a> verf\u00fcgbar.<\/p><p><\/p>\n<p>\n\t<strong>Galimyb\u0117 daryti Velokin\u0105 &scaron;iuo metu Lietuvoje N\u0116RA. atsipra&scaron;ome, projektas pasibaig\u0117<\/strong>\n<\/p>\n<table border=\"0\" style=\"border: 1px dotted #d3d3d3\" width=\"640\">\n<tbody>\n<tr>\n<td style=\"border: 1px dotted #d3d3d3\">\n\t\t\t\t<img decoding=\"async\" align=\"left\" alt=\"\" height=\"120\" src=\"http:\/\/velovilnius.lt\/wp-content\/uploads\/2010\/08\/logo31.jpg\" style=\"cursor: default\" \/>\n\t\t\t<\/td>\n<td align=\"justify\" style=\"border: 1px dotted #d3d3d3\">\n\t\t\t\tVelokinas &ndash; tai dvira\u010di\u0173 kinas, varomas \u017emogaus raumen\u0173 j\u0117ga. Tai ekonomi&scaron;kas, ekologi&scaron;kas ir sporti&scaron;kas kinas. Norintys gali prisijungti ir generuoti elektros energij\u0105, kuri\u0105 v\u0117liau panaudojame projektoriui arba garso aparat\u016brai maitinti elektros srove. Baland\u017eio m\u0117nes\u012f startav\u0119s kino teatre &ldquo;Pasaka&rdquo; Vilniuje, v\u0117liau vis\u0105 rugpj\u016b\u010dio m\u0117nes\u012f veik\u0117 po atviru dangumi viename Vilniaus kiem\u0173 vykstan\u010diose kino per\u017ei\u016brose. Velokinas susilauk\u0117 didelio visuomen\u0117s, vietin\u0117s ir u\u017esienio spaudos d\u0117mesio. Velokin\u0105 iniciavo Velo-city.lt kartu su dvira\u010di\u0173 remonto paslaugom Veloklinika.lt ir kino teatru &bdquo;Pasaka&ldquo;. Projekt\u0105 par\u0117m\u0117 RST programa &bdquo;Tiek, kiek reikia&ldquo; ir elektronikos dali\u0173 parduotuv\u0117s &bdquo;Lemona&ldquo;. Apie Velokin\u0105 n\u0117ra k\u0105 ir kalb\u0117ti, nes visk\u0105 papasakoja &scaron;is filmukas.\n\t\t\t<\/td>\n<\/tr>\n<\/tbody>\n<\/table>\n<table border=\"0\" style=\"border: 1px dotted #d3d3d3\" width=\"640\">\n<tbody>\n<tr>\n<td colspan=\"2\" style=\"border: 1px dotted #d3d3d3\">\n\t\t\t\t&nbsp;\n\t\t\t<\/td>\n<\/tr>\n<\/tbody>\n<\/table>\n<p>\n\t<a href=\"http:\/\/wiki.dviratis.lt\/tiki-index.php?page=velokinas\" target=\"_blank\" rel=\"noopener\">http:\/\/wiki.dviratis.lt\/tiki-index.php?page=velokinas<\/a> \/\/ \/\/ &nbsp; &nbsp; <a href=\"http:\/\/tv.delfi.lt\/video\/rd9kc4Ki\/\" target=\"_blank\" rel=\"noopener\">http:\/\/tv.delfi.lt\/video\/rd9kc4Ki\/<\/a>\n<\/p>\n<h1 style=\"font-size: 22px;font-weight: bold;color: #ffffff;padding: 0px;margin: 0px\">\n\tn<span style=\"color: rgb(51, 51, 51); font-size: 13px; line-height: 1.6em;\">Vilnie\u010diai dvira\u010di\u0173 entuziastai kvie\u010dia \u012f i&scaron;radingus ir ekologi&scaron;kus &bdquo;Velokino&ldquo; seansus. Juose elektros energij\u0105 kino projektoriui gamina patys \u017ei\u016brovai. Kaip? S\u0117da ant a&scaron;tuoni\u0173 specialiai &bdquo;patobulint\u0173&ldquo; dvira\u010di\u0173 ir intensyviai mina pedalus. Pirmasis seansas truko pusantros valandos, po jo dalyviai brauk\u0117 prakait\u0105 ir sak\u0117 nesitik\u0117j\u0119, kad gaminti elektr\u0105 bus taip sunku. Projekto organizatoriai planuoja surengti penkis &bdquo;Velokino&ldquo; seansus, juose savo j\u0117gas gal\u0117s i&scaron;bandyti visi norintys.&nbsp;<\/span><br \/>\n<\/h1>\n<h1>\n\tVelomanija<br \/>\n<\/h1>\n<table border=\"0\" width=\"640\">\n<tbody>\n<tr>\n<td>\n\t\t\t\t<a href=\"http:\/\/velovilnius.lt\/wp-content\/uploads\/2010\/08\/velomanija1.gif\"><img decoding=\"async\" alt=\"\" height=\"150\" hspace=\"18\" src=\"http:\/\/velovilnius.lt\/wp-content\/uploads\/2010\/08\/velomanija1.gif\" title=\"velomanija\" \/><\/a>\n\t\t\t<\/td>\n<td align=\"justify\">\n\t\t\t\t&ldquo;Velomanija&rdquo; yra kasmetinis renginys kiekvienais metais vykstantis vis kitame Lietuvos mieste (Velomanija 2009 Vilnius, Velomanija 2010 Klaip\u0117da). Projekte dalyvaujan\u010dios organizacijos i&scaron; &Scaron;vedijos, Lenkijos, \u010cekijos, Latvijos ir Lietuvos atstovauja jaunimo ir nevyriausybines organizacijas, kuri\u0173 veikla betarpi&scaron;kai susijusi su bevariklio, ekologinio transporto, aplinkosaugos sritimis. Pagrindinis projekto tikslas yra stiprinti ekologinio transporto pozicijas Lietuvoje ir ES &scaron;alyse, formuoti pilietin\u0119 pozicij\u0105 bevariklio transporto at\u017evilgiu ir skatinti tolerancij\u0105 tarp automobili\u0173 ir dvira\u010di\u0173 vairuotoj\u0173 did\u017eiuosiuose miestuose.\n\t\t\t<\/td>\n<\/tr>\n<\/tbody>\n<\/table>\n<p><br \/>\n<\/table>","protected":false},"excerpt":{"rendered":"<p>Leider ist der Eintrag nur auf Lietuvi\u0173 und English verf\u00fcgbar. Galimyb\u0117 daryti Velokin\u0105 &scaron;iuo metu Lietuvoje N\u0116RA. atsipra&scaron;ome, projektas pasibaig\u0117 Velokinas &ndash; tai dvira\u010di\u0173 kinas, varomas \u017emogaus raumen\u0173 j\u0117ga. Tai ekonomi&scaron;kas, ekologi&scaron;kas ir sporti&scaron;kas kinas. Norintys gali prisijungti ir generuoti elektros energij\u0105, kuri\u0105 v\u0117liau panaudojame projektoriui arba garso aparat\u016brai maitinti elektros srove. Baland\u017eio m\u0117nes\u012f startav\u0119s [&hellip;]<\/p>\n","protected":false},"author":1,"featured_media":0,"parent":215323,"menu_order":5,"comment_status":"closed","ping_status":"closed","template":"","meta":{"inline_featured_image":false,"site-sidebar-layout":"default","site-content-layout":"","ast-site-content-layout":"default","site-content-style":"default","site-sidebar-style":"default","ast-global-header-display":"","ast-banner-title-visibility":"","ast-main-header-display":"","ast-hfb-above-header-display":"","ast-hfb-below-header-display":"","ast-hfb-mobile-header-display":"","site-post-title":"","ast-breadcrumbs-content":"","ast-featured-img":"","footer-sml-layout":"","ast-disable-related-posts":"","theme-transparent-header-meta":"","adv-header-id-meta":"","stick-header-meta":"","header-above-stick-meta":"","header-main-stick-meta":"","header-below-stick-meta":"","astra-migrate-meta-layouts":"default","ast-page-background-enabled":"default","ast-page-background-meta":{"desktop":{"background-color":"","background-image":"","background-repeat":"repeat","background-position":"center center","background-size":"auto","background-attachment":"scroll","background-type":"","background-media":"","overlay-type":"","overlay-color":"","overlay-opacity":"","overlay-gradient":""},"tablet":{"background-color":"","background-image":"","background-repeat":"repeat","background-position":"center center","background-size":"auto","background-attachment":"scroll","background-type":"","background-media":"","overlay-type":"","overlay-color":"","overlay-opacity":"","overlay-gradient":""},"mobile":{"background-color":"","background-image":"","background-repeat":"repeat","background-position":"center center","background-size":"auto","background-attachment":"scroll","background-type":"","background-media":"","overlay-type":"","overlay-color":"","overlay-opacity":"","overlay-gradient":""}},"ast-content-background-meta":{"desktop":{"background-color":"var(--ast-global-color-5)","background-image":"","background-repeat":"repeat","background-position":"center center","background-size":"auto","background-attachment":"scroll","background-type":"","background-media":"","overlay-type":"","overlay-color":"","overlay-opacity":"","overlay-gradient":""},"tablet":{"background-color":"var(--ast-global-color-5)","background-image":"","background-repeat":"repeat","background-position":"center center","background-size":"auto","background-attachment":"scroll","background-type":"","background-media":"","overlay-type":"","overlay-color":"","overlay-opacity":"","overlay-gradient":""},"mobile":{"background-color":"var(--ast-global-color-5)","background-image":"","background-repeat":"repeat","background-position":"center center","background-size":"auto","background-attachment":"scroll","background-type":"","background-media":"","overlay-type":"","overlay-color":"","overlay-opacity":"","overlay-gradient":""}},"footnotes":"","_links_to":"","_links_to_target":""},"categories":[],"tags":[],"ams_acf":[],"pwapp_after_post_content":"","pwapp_before_post_content":"","androapp_header":"","pwapp_author":{"ID":1,"name":"admin","slug":"admin"},"pwapp_terms":[],"pwapp_feed_image_dimension_type":"preview","pwapp_post_image":"http:\/\/velovilnius.lt\/wp-content\/uploads\/2010\/08\/logo31.jpg","share_image":"http:\/\/velovilnius.lt\/wp-content\/uploads\/2010\/08\/logo31.jpg","featured_image_showhide":"show","pwapp_excerpt":"<p>Leider ist der Eintrag nur auf Lietuvi\u0173 und English verf\u00fcgbar. Galimyb\u0117 daryti Velokin\u0105 &scaron;iuo metu Lietuvoje N\u0116RA. atsipra&scaron;ome, projektas pasibaig\u0117 Velokinas &ndash; tai dvira\u010di\u0173 kinas, varomas \u017emogaus raumen\u0173 j\u0117ga. Tai ekonomi&scaron;kas, ekologi&scaron;kas ir sporti&scaron;kas kinas. Norintys gali prisijungti ir generuoti elektros energij\u0105, kuri\u0105 v\u0117liau panaudojame projektoriui arba garso aparat\u016brai maitinti elektros srove. Baland\u017eio m\u0117nes\u012f startav\u0119s [&hellip;]<\/p>\n","pwapp_title":"VeloKinas, Projektai","androapp_image_list":[{"src":"http:\/\/velovilnius.lt\/wp-content\/uploads\/2010\/08\/logo31.jpg","height":200},{"src":"http:\/\/velovilnius.lt\/wp-content\/uploads\/2010\/08\/velomanija1.gif","height":200}],"pwapp_post_content":"<style type=\"text\/css\">androapp img{\r\n    max-width: 100%;\r\n    height: auto;\r\n}\r\niframe{\r\n    max-width: 100%;    \r\n}\r\nfigure {\r\n    max-width: 100%;\r\n    height: auto;\r\n}\r\nimg{\r\n    max-width: 100% !important;\r\n    height: auto;\r\n}\r\ndiv {\r\n    max-width: 100% !important;\r\n}\r\nspan {\r\n    max-width:100%;\r\n    overflow: auto;\r\n}\r\naudio {\r\n    display:block;\r\n    visibility:visible !important;\r\n}\r\nvideo{\r\n    width:100%;\r\n    height:auto;\r\n}\r\n<\/style><div class='androapp'><p class=\"qtranxs-available-languages-message qtranxs-available-languages-message-de\">Leider ist der Eintrag nur auf <a href=\"https:\/\/velovilnius.lt\/lt\/wp-json\/wp\/v2\/pages\/1006\" class=\"qtranxs-available-language-link qtranxs-available-language-link-lt\" title=\"Lietuvi\u0173\">Lietuvi\u0173<\/a> und <a href=\"https:\/\/velovilnius.lt\/en\/wp-json\/wp\/v2\/pages\/1006\" class=\"qtranxs-available-language-link qtranxs-available-language-link-en\" title=\"English\">English<\/a> verf\u00fcgbar.<\/p><p><\/p>\n<p>\n\t<strong>Galimyb\u0117 daryti Velokin\u0105 &scaron;iuo metu Lietuvoje N\u0116RA. atsipra&scaron;ome, projektas pasibaig\u0117<\/strong>\n<\/p>\n<table border=\"0\" style=\"border: 1px dotted #d3d3d3\" width=\"640\">\n<tbody>\n<tr>\n<td style=\"border: 1px dotted #d3d3d3\">\n\t\t\t\t<img decoding=\"async\" align=\"left\" alt=\"\" height=\"120\" src=\"http:\/\/velovilnius.lt\/wp-content\/uploads\/2010\/08\/logo31.jpg\" style=\"cursor: default\" \/>\n\t\t\t<\/td>\n<td align=\"justify\" style=\"border: 1px dotted #d3d3d3\">\n\t\t\t\tVelokinas &ndash; tai dvira\u010di\u0173 kinas, varomas \u017emogaus raumen\u0173 j\u0117ga. Tai ekonomi&scaron;kas, ekologi&scaron;kas ir sporti&scaron;kas kinas. Norintys gali prisijungti ir generuoti elektros energij\u0105, kuri\u0105 v\u0117liau panaudojame projektoriui arba garso aparat\u016brai maitinti elektros srove. Baland\u017eio m\u0117nes\u012f startav\u0119s kino teatre &ldquo;Pasaka&rdquo; Vilniuje, v\u0117liau vis\u0105 rugpj\u016b\u010dio m\u0117nes\u012f veik\u0117 po atviru dangumi viename Vilniaus kiem\u0173 vykstan\u010diose kino per\u017ei\u016brose. Velokinas susilauk\u0117 didelio visuomen\u0117s, vietin\u0117s ir u\u017esienio spaudos d\u0117mesio. Velokin\u0105 iniciavo Velo-city.lt kartu su dvira\u010di\u0173 remonto paslaugom Veloklinika.lt ir kino teatru &bdquo;Pasaka&ldquo;. Projekt\u0105 par\u0117m\u0117 RST programa &bdquo;Tiek, kiek reikia&ldquo; ir elektronikos dali\u0173 parduotuv\u0117s &bdquo;Lemona&ldquo;. Apie Velokin\u0105 n\u0117ra k\u0105 ir kalb\u0117ti, nes visk\u0105 papasakoja &scaron;is filmukas.\n\t\t\t<\/td>\n<\/tr>\n<\/tbody>\n<\/table>\n<table border=\"0\" style=\"border: 1px dotted #d3d3d3\" width=\"640\">\n<tbody>\n<tr>\n<td colspan=\"2\" style=\"border: 1px dotted #d3d3d3\">\n\t\t\t\t&nbsp;\n\t\t\t<\/td>\n<\/tr>\n<\/tbody>\n<\/table>\n<p>\n\t<a href=\"http:\/\/wiki.dviratis.lt\/tiki-index.php?page=velokinas\" target=\"_blank\" rel=\"noopener\">http:\/\/wiki.dviratis.lt\/tiki-index.php?page=velokinas<\/a> \/\/ \/\/ &nbsp; &nbsp; <a href=\"http:\/\/tv.delfi.lt\/video\/rd9kc4Ki\/\" target=\"_blank\" rel=\"noopener\">http:\/\/tv.delfi.lt\/video\/rd9kc4Ki\/<\/a>\n<\/p>\n<h1 style=\"font-size: 22px;font-weight: bold;color: #ffffff;padding: 0px;margin: 0px\">\n\tn<span style=\"color: rgb(51, 51, 51); font-size: 13px; line-height: 1.6em;\">Vilnie\u010diai dvira\u010di\u0173 entuziastai kvie\u010dia \u012f i&scaron;radingus ir ekologi&scaron;kus &bdquo;Velokino&ldquo; seansus. Juose elektros energij\u0105 kino projektoriui gamina patys \u017ei\u016brovai. Kaip? S\u0117da ant a&scaron;tuoni\u0173 specialiai &bdquo;patobulint\u0173&ldquo; dvira\u010di\u0173 ir intensyviai mina pedalus. Pirmasis seansas truko pusantros valandos, po jo dalyviai brauk\u0117 prakait\u0105 ir sak\u0117 nesitik\u0117j\u0119, kad gaminti elektr\u0105 bus taip sunku. Projekto organizatoriai planuoja surengti penkis &bdquo;Velokino&ldquo; seansus, juose savo j\u0117gas gal\u0117s i&scaron;bandyti visi norintys.&nbsp;<\/span><br \/>\n<\/h1>\n<h1>\n\tVelomanija<br \/>\n<\/h1>\n<table border=\"0\" width=\"640\">\n<tbody>\n<tr>\n<td>\n\t\t\t\t<a href=\"http:\/\/velovilnius.lt\/wp-content\/uploads\/2010\/08\/velomanija1.gif\"><img decoding=\"async\" alt=\"\" height=\"150\" hspace=\"18\" src=\"http:\/\/velovilnius.lt\/wp-content\/uploads\/2010\/08\/velomanija1.gif\" title=\"velomanija\" \/><\/a>\n\t\t\t<\/td>\n<td align=\"justify\">\n\t\t\t\t&ldquo;Velomanija&rdquo; yra kasmetinis renginys kiekvienais metais vykstantis vis kitame Lietuvos mieste (Velomanija 2009 Vilnius, Velomanija 2010 Klaip\u0117da). Projekte dalyvaujan\u010dios organizacijos i&scaron; &Scaron;vedijos, Lenkijos, \u010cekijos, Latvijos ir Lietuvos atstovauja jaunimo ir nevyriausybines organizacijas, kuri\u0173 veikla betarpi&scaron;kai susijusi su bevariklio, ekologinio transporto, aplinkosaugos sritimis. Pagrindinis projekto tikslas yra stiprinti ekologinio transporto pozicijas Lietuvoje ir ES &scaron;alyse, formuoti pilietin\u0119 pozicij\u0105 bevariklio transporto at\u017evilgiu ir skatinti tolerancij\u0105 tarp automobili\u0173 ir dvira\u010di\u0173 vairuotoj\u0173 did\u017eiuosiuose miestuose.\n\t\t\t<\/td>\n<\/tr>\n<\/tbody>\n<\/table>\n<p><br \/>\n<\/table><\/div>","pwapp_post_content_type":"postprocessed2","pwapp_preview_type":"excerpt","androapp_failover_post_content_type":"","share_text":"VeloKinas, Projektai\nvia https:\/\/velovilnius.lt\/de\/httpvelovilnius-ltlt675326-2velosostine\/velokinas\/","supercache":"androappsupercache","_links":{"self":[{"href":"https:\/\/velovilnius.lt\/de\/wp-json\/wp\/v2\/pages\/1006"}],"collection":[{"href":"https:\/\/velovilnius.lt\/de\/wp-json\/wp\/v2\/pages"}],"about":[{"href":"https:\/\/velovilnius.lt\/de\/wp-json\/wp\/v2\/types\/page"}],"author":[{"embeddable":true,"href":"https:\/\/velovilnius.lt\/de\/wp-json\/wp\/v2\/users\/1"}],"replies":[{"embeddable":true,"href":"https:\/\/velovilnius.lt\/de\/wp-json\/wp\/v2\/comments?post=1006"}],"version-history":[{"count":1,"href":"https:\/\/velovilnius.lt\/de\/wp-json\/wp\/v2\/pages\/1006\/revisions"}],"predecessor-version":[{"id":688380,"href":"https:\/\/velovilnius.lt\/de\/wp-json\/wp\/v2\/pages\/1006\/revisions\/688380"}],"up":[{"embeddable":true,"href":"https:\/\/velovilnius.lt\/de\/wp-json\/wp\/v2\/pages\/215323"}],"wp:attachment":[{"href":"https:\/\/velovilnius.lt\/de\/wp-json\/wp\/v2\/media?parent=1006"}],"wp:term":[{"taxonomy":"category","embeddable":true,"href":"https:\/\/velovilnius.lt\/de\/wp-json\/wp\/v2\/categories?post=1006"},{"taxonomy":"post_tag","embeddable":true,"href":"https:\/\/velovilnius.lt\/de\/wp-json\/wp\/v2\/tags?post=1006"}],"curies":[{"name":"wp","href":"https:\/\/api.w.org\/{rel}","templated":true}]}}