{"id":6459,"date":"2018-11-23T18:35:43","date_gmt":"2018-11-23T18:35:43","guid":{"rendered":"https:\/\/velovilnius.lt\/balticcycle\/en\/product\/cycling-map-latvia\/"},"modified":"2021-04-03T21:36:41","modified_gmt":"2021-04-03T19:36:41","slug":"cycling-map-latvia","status":"publish","type":"product","link":"https:\/\/velovilnius.lt\/balticcycle\/en\/product\/cycling-map-latvia\/","title":{"rendered":"Cycling Map Latvia (PAPER COPY)"},"content":{"rendered":"<div class=\"row\">\n<div class=\"col-md-12\">\n<h1 class=\"shop-detail-header\">Cycling routes Latvia. Active tourism map<\/h1>\n<p class=\"shop-detail-header\">(Velomar\u0161ruti Latvija. Akt\u012bv\u0101 t\u016brisma karte)<\/p>\n<ul>\n<li>Edition 2018<\/li>\n<li>Scale\u00a01:500&#8217;000<\/li>\n<li>Scale of the route maps 1:20&#8217;000 \u2013 1:100&#8217;000<\/li>\n<li>Size\u00a097 x 65 cm\/ 12,1 x 21,7 folded<\/li>\n<li>Map printed on syntetic material \u00a0Tyvek\u00ae, secure against water, sun and tearing<\/li>\n<li>Karte aicina iepaz\u012bt Latviju ar dabai draudz\u012bg\u0101ko transporta l\u012bdzekli \u2013 velosip\u0113du<\/li>\n<li><span>To find the most suitable route for you, look at the information on each route: route length, coverage and starting point coordinates.<\/span><\/li>\n<li>Taking into account the route, the natural landscape and cultural and historical values, the quality and accessibility of the infrastructure, the authors of the publication have chosen the 12 most interesting bicycle routes<\/li>\n<li>The information is supplemented with a detailed map of each route<\/li>\n<\/ul>\n<\/p><\/div>\n<\/p><\/div>\n<div class=\"row\">\n<div class=\"col-md-4\">\n<div class=\"bx-wrapper\">\n<div class=\"bx-viewport\">\n<div class=\"slider1\">\n<div class=\"bx-clone\"><\/div>\n<div><\/div>\n<div><\/div>\n<div><\/div>\n<div><\/div>\n<div><\/div>\n<div class=\"bx-clone\"><\/div>\n<\/p><\/div>\n<\/p><\/div>\n<div class=\"bx-controls bx-has-pager\">\n<div class=\"bx-pager bx-default-pager\">\n<div class=\"bx-pager-item\"><\/div>\n<\/p><\/div>\n<\/p><\/div>\n<\/p><\/div>\n<\/p><\/div>\n<div class=\"col-md-8 detailed\">\n<div>\n<table class=\"table table-bordered\">\n<tbody>\n<tr>\n<td><b>Publisher:<\/b><\/td>\n<td>Kar\u0161u izdevniec\u012bba J\u0101\u0146a s\u0113ta<\/td>\n<\/tr>\n<tr>\n<td><b>Scale:<\/b><\/td>\n<td>1:500&#8217;000<\/td>\n<\/tr>\n<tr>\n<td><b>Language:<\/b><\/td>\n<td>Latvian<\/td>\n<\/tr>\n<tr>\n<td><b>Country:<\/b><\/td>\n<td>Latvia<\/td>\n<\/tr>\n<tr>\n<td><b>EAN:<\/b><\/td>\n<td>9789984077451<\/td>\n<\/tr>\n<\/tbody>\n<\/table>\n<\/div>\n<div class=\"row\">\n<div class=\"col-md-12\"><\/div>\n<\/p><\/div>\n<\/p><\/div>\n<\/p><\/div>\n","protected":false},"excerpt":{"rendered":"<p>new bike map with long distance and local cycling routes in Latvia\u00a0<\/p>\n<p>(nice, but unfortunately all information on the map is in Latvian only \ud83d\ude41<\/p>\n","protected":false},"featured_media":6453,"comment_status":"open","ping_status":"closed","template":"","meta":{"inline_featured_image":false,"site-sidebar-layout":"default","site-content-layout":"default","ast-site-content-layout":"default","site-content-style":"default","site-sidebar-style":"default","ast-global-header-display":"","ast-banner-title-visibility":"","ast-main-header-display":"","ast-hfb-above-header-display":"","ast-hfb-below-header-display":"","ast-hfb-mobile-header-display":"","site-post-title":"","ast-breadcrumbs-content":"","ast-featured-img":"","footer-sml-layout":"","ast-disable-related-posts":"","theme-transparent-header-meta":"default","adv-header-id-meta":"","stick-header-meta":"","header-above-stick-meta":"","header-main-stick-meta":"","header-below-stick-meta":"","astra-migrate-meta-layouts":"default","ast-page-background-enabled":"default","ast-page-background-meta":{"desktop":{"background-color":"","background-image":"","background-repeat":"repeat","background-position":"center center","background-size":"auto","background-attachment":"scroll","background-type":"","background-media":"","overlay-type":"","overlay-color":"","overlay-opacity":"","overlay-gradient":""},"tablet":{"background-color":"","background-image":"","background-repeat":"repeat","background-position":"center center","background-size":"auto","background-attachment":"scroll","background-type":"","background-media":"","overlay-type":"","overlay-color":"","overlay-opacity":"","overlay-gradient":""},"mobile":{"background-color":"","background-image":"","background-repeat":"repeat","background-position":"center center","background-size":"auto","background-attachment":"scroll","background-type":"","background-media":"","overlay-type":"","overlay-color":"","overlay-opacity":"","overlay-gradient":""}},"ast-content-background-meta":{"desktop":{"background-color":"var(--ast-global-color-5)","background-image":"","background-repeat":"repeat","background-position":"center center","background-size":"auto","background-attachment":"scroll","background-type":"","background-media":"","overlay-type":"","overlay-color":"","overlay-opacity":"","overlay-gradient":""},"tablet":{"background-color":"var(--ast-global-color-5)","background-image":"","background-repeat":"repeat","background-position":"center center","background-size":"auto","background-attachment":"scroll","background-type":"","background-media":"","overlay-type":"","overlay-color":"","overlay-opacity":"","overlay-gradient":""},"mobile":{"background-color":"var(--ast-global-color-5)","background-image":"","background-repeat":"repeat","background-position":"center center","background-size":"auto","background-attachment":"scroll","background-type":"","background-media":"","overlay-type":"","overlay-color":"","overlay-opacity":"","overlay-gradient":""}},"jetpack_post_was_ever_published":false,"jetpack_publicize_message":"","jetpack_publicize_feature_enabled":true,"jetpack_social_post_already_shared":false,"jetpack_social_options":{"image_generator_settings":{"template":"highway","default_image_id":0,"font":"","enabled":false},"version":2},"_links_to":"","_links_to_target":""},"product_brand":[],"product_cat":[496,500,497],"product_tag":[547,546],"product_shipping_class":[],"class_list":{"0":"post-6459","1":"product","2":"type-product","3":"status-publish","4":"has-post-thumbnail","6":"product_cat-home","7":"product_cat-latvia-by-bicycle","8":"product_cat-maps-for-cycling-lithuania-latvia-estonia","9":"product_tag-cycle-map-latvia","10":"product_tag-latvia-by-bicycle","11":"desktop-align-center","12":"tablet-align-left","13":"mobile-align-left","15":"first","16":"outofstock","17":"shipping-taxable","18":"purchasable","19":"product-type-simple"},"ams_default_variation_id":0,"ams_product_points_reward":[],"ams_product_discount_percentage":0,"ams_price_to_display":10,"ams_acf":[],"jetpack_publicize_connections":[],"jetpack_sharing_enabled":true,"jetpack-related-posts":[{"id":6390,"url":"https:\/\/velovilnius.lt\/balticcycle\/en\/product\/cycle-map-kurzeme-in-english-2\/","url_meta":{"origin":6459,"position":0},"title":"Kurzeme Cycle Map in English (for download)","author":"admin","date":"Wednesday December  4th, 2013","format":false,"excerpt":"This map is available for DOWNLOAD \u00a0here FOR FREE! And feel free to donate to support our work!","rel":"","context":"Similar post","block_context":{"text":"Similar post","link":""},"img":{"alt_text":"","src":"https:\/\/i0.wp.com\/velovilnius.lt\/balticcycle\/files\/2013\/12\/p_1_1_8_118-Cycle-Map-Kurzeme-in-English.jpg?resize=350%2C200&ssl=1","width":350,"height":200},"classes":[]},{"id":6392,"url":"https:\/\/velovilnius.lt\/balticcycle\/en\/product\/cycle-map-zemgale-in-english-2\/","url_meta":{"origin":6459,"position":1},"title":"ZEMGALE. Cycle Map  in ENGLISH (for Download!)","author":"admin","date":"Wednesday December  4th, 2013","format":false,"excerpt":"This map is available for DOWNLOAD \u00a0here And feel free to donate to support our work!","rel":"","context":"Similar post","block_context":{"text":"Similar post","link":""},"img":{"alt_text":"","src":"","width":0,"height":0},"classes":[]},{"id":6402,"url":"https:\/\/velovilnius.lt\/balticcycle\/en\/product\/cycle-map-vidzeme-in-english-2\/","url_meta":{"origin":6459,"position":2},"title":"Vidzeme Cycle Map  in ENGLISH (for download)","author":"admin","date":"Wednesday December  4th, 2013","format":false,"excerpt":"This map is available for DOWNLOAD \u00a0here FOR FREE! And feel free to donate to support our work!","rel":"","context":"Similar post","block_context":{"text":"Similar post","link":""},"img":{"alt_text":"","src":"https:\/\/i0.wp.com\/velovilnius.lt\/balticcycle\/files\/2013\/12\/p_1_2_0_120-Cycle-Map-Vidzeme-in-ENGLISH.jpg?resize=350%2C200&ssl=1","width":350,"height":200},"classes":[]},{"id":6258,"url":"https:\/\/www.balticcycle.eu\/shop3\/en\/maps-for-cycling-lithuania-latvia-estonia\/1-cycle-map-estonia.html","url_meta":{"origin":6459,"position":3},"title":"Cycle Map ESTONIA (2019) PAPER COPY","author":"admin","date":"Wednesday August 28th, 2013","format":false,"excerpt":"Official map of the Estonian National Cycle Network. General information on cyling in Estonia: balticcycle.eu\/routes\/est","rel":"","context":"Similar post","block_context":{"text":"Similar post","link":""},"img":{"alt_text":"","src":"https:\/\/i0.wp.com\/velovilnius.lt\/balticcycle\/files\/2013\/08\/p_1_2_4_124-Cycle-Map-ESTONIA-2014.jpg?resize=350%2C200&ssl=1","width":350,"height":200},"classes":[]},{"id":6452,"url":"https:\/\/velovilnius.lt\/balticcycle\/en\/product\/latvia-bike-map-2015\/","url_meta":{"origin":6459,"position":4},"title":"Latvia Bike Map 2015","author":"admin","date":"Monday February  1st, 2016","format":false,"excerpt":"This Latvia Bikemap is a unique first-edition, which combines the best Latvian signposted cycling routes and Greenways, highlighting the uniqueness, cultural and natural heritage of Vidzeme, Kurzeme, Zemgale and Latgale regions. Vidzeme Tourism Association has prepared this map for all cycling enthusiasts, because we are the\u00a0coordinator for EuroVelo 13 cycling\u2026","rel":"","context":"Similar post","block_context":{"text":"Similar post","link":""},"img":{"alt_text":"","src":"","width":0,"height":0},"classes":[]},{"id":6263,"url":"https:\/\/www.balticcycle.eu\/shop3\/en\/latvia-by-bicycle\/2-latvia-by-bicycle.html","url_meta":{"origin":6459,"position":5},"title":"Latvia by bicycle! (2006) PAPER COPY","author":"admin","date":"Wednesday August 28th, 2013","format":false,"excerpt":"Klaipeda-Riga and Riga-Estonia","rel":"","context":"Similar post","block_context":{"text":"Similar post","link":""},"img":{"alt_text":"Latvia by bicycle! (2006) PAPER COPY","src":"https:\/\/i0.wp.com\/velovilnius.lt\/balticcycle\/files\/2013\/08\/p_7_7-Latvia-by-bicycle-2006-PAPER-COPY.jpg?resize=350%2C200&ssl=1","width":350,"height":200,"srcset":"https:\/\/i0.wp.com\/velovilnius.lt\/balticcycle\/files\/2013\/08\/p_7_7-Latvia-by-bicycle-2006-PAPER-COPY.jpg?resize=350%2C200&ssl=1 1x, https:\/\/i0.wp.com\/velovilnius.lt\/balticcycle\/files\/2013\/08\/p_7_7-Latvia-by-bicycle-2006-PAPER-COPY.jpg?resize=525%2C300&ssl=1 1.5x, https:\/\/i0.wp.com\/velovilnius.lt\/balticcycle\/files\/2013\/08\/p_7_7-Latvia-by-bicycle-2006-PAPER-COPY.jpg?resize=700%2C400&ssl=1 2x"},"classes":[]}],"jetpack_likes_enabled":true,"pwapp_after_post_content":"","pwapp_before_post_content":"","androapp_header":"","pwapp_author":{"ID":null,"name":"admin","slug":"admin"},"pwapp_terms":{"taxonomies":{"496":{"term_id":496,"name":"Home","slug":"home","term_group":0,"term_taxonomy_id":496,"taxonomy":"product_cat","description":"","parent":0,"count":10,"filter":"raw","i18n_config":{"name":{"ts":{"en":"Home"}}}},"500":{"term_id":500,"name":"Latvia by bicycle","slug":"latvia-by-bicycle","term_group":0,"term_taxonomy_id":500,"taxonomy":"product_cat","description":"<p><img src=\"http:\/\/www.balticcycle.eu\/shop3\/img\/cms\/Latvia_googlemap.png\" alt=\"Bike map Latvia\" width=\"300\" height=\"188\" \/><\/p>\n<p>for FREE background information (Texts, GPS-tracks, pictures) on Cycling in Latvia pls. look on:\u00a0<a href=\"https:\/\/velovilnius.lt\/balticcycle\/riga-vilnius\/riga-tallinn\/\" target=\"_blank\" class=\"btn btn-default\" rel=\"noopener noreferrer\">www.balticcycle.eu\/routes\/lat<\/a><\/p>\n<p><\/p>","parent":496,"count":16,"filter":"raw","i18n_config":{"name":{"ts":{"en":"Latvia by bicycle"}}}},"497":{"term_id":497,"name":"Maps for Cycling Lithuania, Latvia, Estonia","slug":"maps-for-cycling-lithuania-latvia-estonia","term_group":0,"term_taxonomy_id":497,"taxonomy":"product_cat","description":"<p>Cycle guides and cycle maps for Cycling the Baltic States...<\/p>\n<p>for background and overview information pls. look on <a href=\"https:\/\/balticcycle.eu\/routes\" target=\"_blank\" class=\"btn btn-default\" rel=\"noopener noreferrer\">www.balticcycle.eu\/routes<\/a>\u00a0(in English and German)<\/p>","parent":496,"count":27,"filter":"raw","i18n_config":{"name":{"ts":{"en":"Maps for Cycling Lithuania, Latvia, Estonia"}}}},"547":{"term_id":547,"name":"Cycle Map Latvia","slug":"cycle-map-latvia","term_group":0,"term_taxonomy_id":547,"taxonomy":"product_tag","description":"","parent":0,"count":1,"filter":"raw","i18n_config":{"name":{"ts":{"en":"Cycle Map Latvia"}}}},"546":{"term_id":546,"name":"Latvia by bicycle","slug":"latvia-by-bicycle","term_group":0,"term_taxonomy_id":546,"taxonomy":"product_tag","description":"","parent":0,"count":1,"filter":"raw","i18n_config":{"name":{"ts":{"en":"Latvia by bicycle"}}}}}},"pwapp_feed_image_dimension_type":"preview","featuredimage":"https:\/\/velovilnius.lt\/balticcycle\/files\/2018\/11\/p_1_5_2_152-Cycling-Map-Latvia.jpg","pwapp_post_image":"https:\/\/velovilnius.lt\/balticcycle\/files\/2018\/11\/p_1_5_2_152-Cycling-Map-Latvia.jpg","share_image":"https:\/\/velovilnius.lt\/balticcycle\/files\/2018\/11\/p_1_5_2_152-Cycling-Map-Latvia.jpg","featured_image_showhide":"show","featured_image":{"url":"https:\/\/velovilnius.lt\/balticcycle\/files\/2018\/11\/p_1_5_2_152-Cycling-Map-Latvia.jpg"},"pwapp_excerpt":"<p>new bike map with long distance and local cycling routes in Latvia\u00a0<\/p>\n<p>(nice, but unfortunately all information on the map is in Latvian only \ud83d\ude41<\/p>\n","pwapp_title":"Cycling Map Latvia (PAPER COPY)","androapp_image_list":[],"pwapp_post_content":"<style type=\"text\/css\">androapp img{\r\n    max-width: 100%;\r\n    height: auto;\r\n}\r\niframe{\r\n    max-width: 100%;    \r\n}\r\nfigure {\r\n    max-width: 100%;\r\n    height: auto;\r\n}\r\nimg{\r\n    max-width: 100% !important;\r\n    height: auto;\r\n}\r\ndiv {\r\n    max-width: 100% !important;\r\n}\r\nspan {\r\n    max-width:100%;\r\n    overflow: auto;\r\n}\r\naudio {\r\n    display:block;\r\n    visibility:visible !important;\r\n}\r\nvideo{\r\n    width:100%;\r\n    height:auto;\r\n}\r\n<\/style><div class='androapp'><div class=\"row\">\n<div class=\"col-md-12\">\n<h1 class=\"shop-detail-header\">Cycling routes Latvia. Active tourism map<\/h1>\n<p class=\"shop-detail-header\">(Velomar\u0161ruti Latvija. Akt\u012bv\u0101 t\u016brisma karte)<\/p>\n<ul>\n<li>Edition 2018<\/li>\n<li>Scale\u00a01:500&#8217;000<\/li>\n<li>Scale of the route maps 1:20&#8217;000 \u2013 1:100&#8217;000<\/li>\n<li>Size\u00a097 x 65 cm\/ 12,1 x 21,7 folded<\/li>\n<li>Map printed on syntetic material \u00a0Tyvek\u00ae, secure against water, sun and tearing<\/li>\n<li>Karte aicina iepaz\u012bt Latviju ar dabai draudz\u012bg\u0101ko transporta l\u012bdzekli \u2013 velosip\u0113du<\/li>\n<li><span>To find the most suitable route for you, look at the information on each route: route length, coverage and starting point coordinates.<\/span><\/li>\n<li>Taking into account the route, the natural landscape and cultural and historical values, the quality and accessibility of the infrastructure, the authors of the publication have chosen the 12 most interesting bicycle routes<\/li>\n<li>The information is supplemented with a detailed map of each route<\/li>\n<\/ul>\n<\/p><\/div>\n<\/p><\/div>\n<div class=\"row\">\n<div class=\"col-md-4\">\n<div class=\"bx-wrapper\">\n<div class=\"bx-viewport\">\n<div class=\"slider1\">\n<div class=\"bx-clone\"><\/div>\n<div><\/div>\n<div><\/div>\n<div><\/div>\n<div><\/div>\n<div><\/div>\n<div class=\"bx-clone\"><\/div>\n<\/p><\/div>\n<\/p><\/div>\n<div class=\"bx-controls bx-has-pager\">\n<div class=\"bx-pager bx-default-pager\">\n<div class=\"bx-pager-item\"><\/div>\n<\/p><\/div>\n<\/p><\/div>\n<\/p><\/div>\n<\/p><\/div>\n<div class=\"col-md-8 detailed\">\n<div>\n<table class=\"table table-bordered\">\n<tbody>\n<tr>\n<td><b>Publisher:<\/b><\/td>\n<td>Kar\u0161u izdevniec\u012bba J\u0101\u0146a s\u0113ta<\/td>\n<\/tr>\n<tr>\n<td><b>Scale:<\/b><\/td>\n<td>1:500&#8217;000<\/td>\n<\/tr>\n<tr>\n<td><b>Language:<\/b><\/td>\n<td>Latvian<\/td>\n<\/tr>\n<tr>\n<td><b>Country:<\/b><\/td>\n<td>Latvia<\/td>\n<\/tr>\n<tr>\n<td><b>EAN:<\/b><\/td>\n<td>9789984077451<\/td>\n<\/tr>\n<\/tbody>\n<\/table>\n<\/div>\n<div class=\"row\">\n<div class=\"col-md-12\"><\/div>\n<\/p><\/div>\n<\/p><\/div>\n<\/p><\/div>\n<\/div>","pwapp_post_content_type":"postprocessed","pwapp_preview_type":"excerpt","androapp_failover_post_content_type":"","share_text":"Cycling Map Latvia (PAPER COPY)\nvia https:\/\/velovilnius.lt\/balticcycle\/en\/product\/cycling-map-latvia\/","supercache":"androappsupercache","_links":{"self":[{"href":"https:\/\/velovilnius.lt\/balticcycle\/en\/wp-json\/wp\/v2\/product\/6459","targetHints":{"allow":["GET"]}}],"collection":[{"href":"https:\/\/velovilnius.lt\/balticcycle\/en\/wp-json\/wp\/v2\/product"}],"about":[{"href":"https:\/\/velovilnius.lt\/balticcycle\/en\/wp-json\/wp\/v2\/types\/product"}],"replies":[{"embeddable":true,"href":"https:\/\/velovilnius.lt\/balticcycle\/en\/wp-json\/wp\/v2\/comments?post=6459"}],"wp:featuredmedia":[{"embeddable":true,"href":"https:\/\/velovilnius.lt\/balticcycle\/en\/wp-json\/wp\/v2\/media\/6453"}],"wp:attachment":[{"href":"https:\/\/velovilnius.lt\/balticcycle\/en\/wp-json\/wp\/v2\/media?parent=6459"}],"wp:term":[{"taxonomy":"product_brand","embeddable":true,"href":"https:\/\/velovilnius.lt\/balticcycle\/en\/wp-json\/wp\/v2\/product_brand?post=6459"},{"taxonomy":"product_cat","embeddable":true,"href":"https:\/\/velovilnius.lt\/balticcycle\/en\/wp-json\/wp\/v2\/product_cat?post=6459"},{"taxonomy":"product_tag","embeddable":true,"href":"https:\/\/velovilnius.lt\/balticcycle\/en\/wp-json\/wp\/v2\/product_tag?post=6459"},{"taxonomy":"product_shipping_class","embeddable":true,"href":"https:\/\/velovilnius.lt\/balticcycle\/en\/wp-json\/wp\/v2\/product_shipping_class?post=6459"}],"curies":[{"name":"wp","href":"https:\/\/api.w.org\/{rel}","templated":true}]}}