{"id":6450,"date":"2016-01-04T18:43:54","date_gmt":"2016-01-04T18:43:54","guid":{"rendered":"https:\/\/velovilnius.lt\/balticcycle\/en\/product\/suvalkija-fahrradring-wegbeschreibung-deutsch\/"},"modified":"2020-02-25T13:42:40","modified_gmt":"2020-02-25T13:42:40","slug":"suvalkija-fahrradring-wegbeschreibung-deutsch","status":"publish","type":"product","link":"https:\/\/velovilnius.lt\/balticcycle\/en\/product\/suvalkija-fahrradring-wegbeschreibung-deutsch\/","title":{"rendered":"Suvalkija Cycle Circuit Route Description (in GERMAN). DIGITAL VERSION"},"content":{"rendered":"<p class=\"qtranxs-available-languages-message qtranxs-available-languages-message-en\">Sorry, this entry is only available in <a href=\"https:\/\/velovilnius.lt\/balticcycle\/de\/wp-json\/wp\/v2\/product\/6450\" class=\"qtranxs-available-language-link qtranxs-available-language-link-de\" title=\"Deutsch\">Deutsch<\/a>.<\/p>","protected":false},"excerpt":{"rendered":"<p>This description in available IN GERMAN online. For more information see on the German page.<\/p>\n","protected":false},"featured_media":6446,"comment_status":"open","ping_status":"closed","template":"","meta":{"inline_featured_image":false,"site-sidebar-layout":"default","site-content-layout":"default","ast-site-content-layout":"default","site-content-style":"default","site-sidebar-style":"default","ast-global-header-display":"","ast-banner-title-visibility":"","ast-main-header-display":"","ast-hfb-above-header-display":"","ast-hfb-below-header-display":"","ast-hfb-mobile-header-display":"","site-post-title":"","ast-breadcrumbs-content":"","ast-featured-img":"","footer-sml-layout":"","ast-disable-related-posts":"","theme-transparent-header-meta":"default","adv-header-id-meta":"","stick-header-meta":"","header-above-stick-meta":"","header-main-stick-meta":"","header-below-stick-meta":"","astra-migrate-meta-layouts":"default","ast-page-background-enabled":"default","ast-page-background-meta":{"desktop":{"background-color":"","background-image":"","background-repeat":"repeat","background-position":"center center","background-size":"auto","background-attachment":"scroll","background-type":"","background-media":"","overlay-type":"","overlay-color":"","overlay-opacity":"","overlay-gradient":""},"tablet":{"background-color":"","background-image":"","background-repeat":"repeat","background-position":"center center","background-size":"auto","background-attachment":"scroll","background-type":"","background-media":"","overlay-type":"","overlay-color":"","overlay-opacity":"","overlay-gradient":""},"mobile":{"background-color":"","background-image":"","background-repeat":"repeat","background-position":"center center","background-size":"auto","background-attachment":"scroll","background-type":"","background-media":"","overlay-type":"","overlay-color":"","overlay-opacity":"","overlay-gradient":""}},"ast-content-background-meta":{"desktop":{"background-color":"var(--ast-global-color-5)","background-image":"","background-repeat":"repeat","background-position":"center center","background-size":"auto","background-attachment":"scroll","background-type":"","background-media":"","overlay-type":"","overlay-color":"","overlay-opacity":"","overlay-gradient":""},"tablet":{"background-color":"var(--ast-global-color-5)","background-image":"","background-repeat":"repeat","background-position":"center center","background-size":"auto","background-attachment":"scroll","background-type":"","background-media":"","overlay-type":"","overlay-color":"","overlay-opacity":"","overlay-gradient":""},"mobile":{"background-color":"var(--ast-global-color-5)","background-image":"","background-repeat":"repeat","background-position":"center center","background-size":"auto","background-attachment":"scroll","background-type":"","background-media":"","overlay-type":"","overlay-color":"","overlay-opacity":"","overlay-gradient":""}},"jetpack_post_was_ever_published":false,"jetpack_publicize_message":"","jetpack_publicize_feature_enabled":true,"jetpack_social_post_already_shared":false,"jetpack_social_options":{"image_generator_settings":{"template":"highway","default_image_id":0,"font":"","enabled":false},"version":2},"_links_to":"","_links_to_target":""},"product_brand":[],"product_cat":[503,499,497],"product_tag":[544,545],"product_shipping_class":[],"class_list":{"0":"post-6450","1":"product","2":"type-product","3":"status-publish","4":"has-post-thumbnail","6":"product_cat-almost-free-publications-for-download","7":"product_cat-lithuania-by-bicycle","8":"product_cat-maps-for-cycling-lithuania-latvia-estonia","9":"product_tag-lt4","10":"product_tag-suvalkija","11":"desktop-align-center","12":"tablet-align-left","13":"mobile-align-left","15":"first","16":"instock","17":"downloadable","18":"virtual","19":"purchasable","20":"product-type-simple"},"ams_default_variation_id":0,"ams_product_points_reward":[],"ams_product_discount_percentage":0,"ams_price_to_display":1,"ams_acf":[],"jetpack_publicize_connections":[],"jetpack_sharing_enabled":true,"jetpack-related-posts":[{"id":6265,"url":"https:\/\/velovilnius.lt\/balticcycle\/en\/product\/cycle-route-map-lithuania\/","url_meta":{"origin":6450,"position":0},"title":"Cycle route map Lithuania","author":"admin","date":"Wednesday August 28th, 2013","format":false,"excerpt":"Overview map with recommended cycle routes. Real consequent bicycles pathes are still seldom.","rel":"","context":"Similar post","block_context":{"text":"Similar post","link":""},"img":{"alt_text":"Cycle route map Lithuania","src":"https:\/\/i0.wp.com\/velovilnius.lt\/balticcycle\/files\/2013\/08\/p_1_1-Cycle-route-map-Lithuania.jpg?resize=350%2C200&ssl=1","width":350,"height":200,"srcset":"https:\/\/i0.wp.com\/velovilnius.lt\/balticcycle\/files\/2013\/08\/p_1_1-Cycle-route-map-Lithuania.jpg?resize=350%2C200&ssl=1 1x, https:\/\/i0.wp.com\/velovilnius.lt\/balticcycle\/files\/2013\/08\/p_1_1-Cycle-route-map-Lithuania.jpg?resize=525%2C300&ssl=1 1.5x, https:\/\/i0.wp.com\/velovilnius.lt\/balticcycle\/files\/2013\/08\/p_1_1-Cycle-route-map-Lithuania.jpg?resize=700%2C400&ssl=1 2x"},"classes":[]},{"id":6271,"url":"https:\/\/velovilnius.lt\/balticcycle\/en\/product\/lt2-memelnemunasradweg-kaunas\/","url_meta":{"origin":6450,"position":1},"title":"LT2: Memel\/Nemunasradweg Kaunas-Klaipeda (Download)","author":"admin","date":"Wednesday August 28th, 2013","format":false,"excerpt":"Kaunas-\u0160il\u016bt\u0117-Klaip\u0117da","rel":"","context":"Similar post","block_context":{"text":"Similar post","link":""},"img":{"alt_text":"LT2: Memel\/Nemunasradweg Kaunas-","src":"https:\/\/i0.wp.com\/velovilnius.lt\/balticcycle\/files\/2013\/08\/p_5_5-LT2-MemelNemunasradweg-Kaunas.jpg?resize=350%2C200&ssl=1","width":350,"height":200,"srcset":"https:\/\/i0.wp.com\/velovilnius.lt\/balticcycle\/files\/2013\/08\/p_5_5-LT2-MemelNemunasradweg-Kaunas.jpg?resize=350%2C200&ssl=1 1x, https:\/\/i0.wp.com\/velovilnius.lt\/balticcycle\/files\/2013\/08\/p_5_5-LT2-MemelNemunasradweg-Kaunas.jpg?resize=525%2C300&ssl=1 1.5x, https:\/\/i0.wp.com\/velovilnius.lt\/balticcycle\/files\/2013\/08\/p_5_5-LT2-MemelNemunasradweg-Kaunas.jpg?resize=700%2C400&ssl=1 2x, https:\/\/i0.wp.com\/velovilnius.lt\/balticcycle\/files\/2013\/08\/p_5_5-LT2-MemelNemunasradweg-Kaunas.jpg?resize=1050%2C600&ssl=1 3x, https:\/\/i0.wp.com\/velovilnius.lt\/balticcycle\/files\/2013\/08\/p_5_5-LT2-MemelNemunasradweg-Kaunas.jpg?resize=1400%2C800&ssl=1 4x"},"classes":[]},{"id":6430,"url":"https:\/\/velovilnius.lt\/balticcycle\/en\/product\/litauen-ausgewahlte-fahrradrouten\/","url_meta":{"origin":6450,"position":2},"title":"[DE] Lithuania &#8211; selected bicycle routes (GERMAN version)","author":"admin","date":"Monday January  4th, 2016","format":false,"excerpt":"A publication made in order of the Lithuanian state tourism department gives you a very brief overview on some local routes. for more details see www.veloland.lt or www.balticcycle.eu\/lit","rel":"","context":"Similar post","block_context":{"text":"Similar post","link":""},"img":{"alt_text":"Lithuania - selected bicycle routes (GERMAN version)","src":"https:\/\/i0.wp.com\/velovilnius.lt\/balticcycle\/files\/2016\/01\/p_1_3_8_138-Lithuania-selected-bicycle-routes-GERMAN-version.jpg?resize=350%2C200&ssl=1","width":350,"height":200},"classes":[]},{"id":6469,"url":"https:\/\/velovilnius.lt\/balticcycle\/en\/product\/latvia-by-bicycle-2\/","url_meta":{"origin":6450,"position":3},"title":"Latvia by bicycle! (pdf for DOWNLOAD) DIGITAL VERSION","author":"admin","date":"Monday January  7th, 2019","format":false,"excerpt":"Klaipeda-Riga and Riga-Estonia","rel":"","context":"Similar post","block_context":{"text":"Similar post","link":""},"img":{"alt_text":"Latvia by bicycle! (pdf for DOWNLOAD) DIGITAL VERSION","src":"https:\/\/i0.wp.com\/velovilnius.lt\/balticcycle\/files\/2019\/01\/p_1_5_8_158-Latvia-by-bicycle-pdf-for-DOWNLOAD-DIGITAL-VERSION.jpg?resize=350%2C200&ssl=1","width":350,"height":200,"srcset":"https:\/\/i0.wp.com\/velovilnius.lt\/balticcycle\/files\/2019\/01\/p_1_5_8_158-Latvia-by-bicycle-pdf-for-DOWNLOAD-DIGITAL-VERSION.jpg?resize=350%2C200&ssl=1 1x, https:\/\/i0.wp.com\/velovilnius.lt\/balticcycle\/files\/2019\/01\/p_1_5_8_158-Latvia-by-bicycle-pdf-for-DOWNLOAD-DIGITAL-VERSION.jpg?resize=525%2C300&ssl=1 1.5x, https:\/\/i0.wp.com\/velovilnius.lt\/balticcycle\/files\/2019\/01\/p_1_5_8_158-Latvia-by-bicycle-pdf-for-DOWNLOAD-DIGITAL-VERSION.jpg?resize=700%2C400&ssl=1 2x"},"classes":[]},{"id":6434,"url":"https:\/\/velovilnius.lt\/balticcycle\/en\/product\/cycle-routes-in-kurzeme-booklet-in-german\/","url_meta":{"origin":6450,"position":4},"title":"Kurzeme Cycle routes. booklet in GERMAN","author":"admin","date":"Monday January  4th, 2016","format":false,"excerpt":"","rel":"","context":"Similar post","block_context":{"text":"Similar post","link":""},"img":{"alt_text":"Cycle routes in Kurzeme (booklet) in GERMAN","src":"https:\/\/i0.wp.com\/velovilnius.lt\/balticcycle\/files\/2016\/01\/p_1_4_1_141-Cycle-routes-in-Kurzeme-booklet-in-GERMAN.jpg?resize=350%2C200&ssl=1","width":350,"height":200},"classes":[]},{"id":6402,"url":"https:\/\/velovilnius.lt\/balticcycle\/en\/product\/cycle-map-vidzeme-in-english-2\/","url_meta":{"origin":6450,"position":5},"title":"Vidzeme Cycle Map  in ENGLISH (for download)","author":"admin","date":"Wednesday December  4th, 2013","format":false,"excerpt":"This map is available for DOWNLOAD \u00a0here FOR FREE! And feel free to donate to support our work!","rel":"","context":"Similar post","block_context":{"text":"Similar post","link":""},"img":{"alt_text":"","src":"https:\/\/i0.wp.com\/velovilnius.lt\/balticcycle\/files\/2013\/12\/p_1_2_0_120-Cycle-Map-Vidzeme-in-ENGLISH.jpg?resize=350%2C200&ssl=1","width":350,"height":200},"classes":[]}],"jetpack_likes_enabled":true,"pwapp_after_post_content":"","pwapp_before_post_content":"","androapp_header":"","pwapp_author":{"ID":null,"name":"admin","slug":"admin"},"pwapp_terms":{"taxonomies":{"503":{"term_id":503,"name":"ALMOST free - Publications for Download","slug":"almost-free-publications-for-download","term_group":0,"term_taxonomy_id":503,"taxonomy":"product_cat","description":"<p>Maps &amp; Cycle route descriptions for download!<\/p>\n<p>.pdf format<\/p>\n<p>For the minimal fee of 50ct!\u00a0<\/p>\n<p>SUPPORT OUR WORK!<\/p>","parent":496,"count":20,"filter":"raw","i18n_config":{"name":{"ts":{"en":"ALMOST free - Publications for Download"}}}},"499":{"term_id":499,"name":"LIthuania by bicycle","slug":"lithuania-by-bicycle","term_group":0,"term_taxonomy_id":499,"taxonomy":"product_cat","description":"<p><img src=\"http:\/\/www.balticcycle.eu\/shop3\/img\/cms\/Lithuania_google.png\" alt=\"\" width=\"400\" height=\"250\" \/><\/p>\n<p>for FREE background information (Texts, GPS tracks, pictures) on cycling in Lithuania pls. look on: <a href=\"http:\/\/www.balticcycle.eu\/routes\/lit\" target=\"_blank\" rel=\"noopener noreferrer\">www.balticcycle.eu\/routes\/lit<\/a><\/p>","parent":496,"count":11,"filter":"raw","i18n_config":{"name":{"ts":{"en":"LIthuania by bicycle"}}}},"497":{"term_id":497,"name":"Maps for Cycling Lithuania, Latvia, Estonia","slug":"maps-for-cycling-lithuania-latvia-estonia","term_group":0,"term_taxonomy_id":497,"taxonomy":"product_cat","description":"<p>Cycle guides and cycle maps for Cycling the Baltic States...<\/p>\n<p>for background and overview information pls. look on <a href=\"https:\/\/balticcycle.eu\/routes\" target=\"_blank\" class=\"btn btn-default\" rel=\"noopener noreferrer\">www.balticcycle.eu\/routes<\/a>\u00a0(in English and German)<\/p>","parent":496,"count":27,"filter":"raw","i18n_config":{"name":{"ts":{"en":"Maps for Cycling Lithuania, Latvia, Estonia"}}}},"544":{"term_id":544,"name":"LT4","slug":"lt4","term_group":0,"term_taxonomy_id":544,"taxonomy":"product_tag","description":"","parent":0,"count":1,"filter":"raw","i18n_config":{"name":{"ts":{"en":"LT4"}}}},"545":{"term_id":545,"name":"Suvalkija","slug":"suvalkija","term_group":0,"term_taxonomy_id":545,"taxonomy":"product_tag","description":"","parent":0,"count":1,"filter":"raw","i18n_config":{"name":{"ts":{"en":"Suvalkija"}}}}}},"pwapp_feed_image_dimension_type":"preview","featuredimage":"https:\/\/velovilnius.lt\/balticcycle\/files\/2016\/01\/p_1_6_8_168-Suvalkija.-Fahrradring-Wegbeschreibung-Deutsch.-DIGITAL-VERSION.jpg","pwapp_post_image":"https:\/\/velovilnius.lt\/balticcycle\/files\/2016\/01\/p_1_6_8_168-Suvalkija.-Fahrradring-Wegbeschreibung-Deutsch.-DIGITAL-VERSION.jpg","share_image":"https:\/\/velovilnius.lt\/balticcycle\/files\/2016\/01\/p_1_6_8_168-Suvalkija.-Fahrradring-Wegbeschreibung-Deutsch.-DIGITAL-VERSION.jpg","featured_image_showhide":"show","featured_image":{"url":"https:\/\/velovilnius.lt\/balticcycle\/files\/2016\/01\/p_1_6_8_168-Suvalkija.-Fahrradring-Wegbeschreibung-Deutsch.-DIGITAL-VERSION.jpg"},"pwapp_excerpt":"<p>This description in available IN GERMAN online. For more information see on the German page.<\/p>\n","pwapp_title":"Suvalkija Cycle Circuit Route Description (in GERMAN). DIGITAL VERSION","androapp_image_list":[],"pwapp_post_content":"<style type=\"text\/css\">androapp img{\r\n    max-width: 100%;\r\n    height: auto;\r\n}\r\niframe{\r\n    max-width: 100%;    \r\n}\r\nfigure {\r\n    max-width: 100%;\r\n    height: auto;\r\n}\r\nimg{\r\n    max-width: 100% !important;\r\n    height: auto;\r\n}\r\ndiv {\r\n    max-width: 100% !important;\r\n}\r\nspan {\r\n    max-width:100%;\r\n    overflow: auto;\r\n}\r\naudio {\r\n    display:block;\r\n    visibility:visible !important;\r\n}\r\nvideo{\r\n    width:100%;\r\n    height:auto;\r\n}\r\n<\/style><div class='androapp'><p class=\"qtranxs-available-languages-message qtranxs-available-languages-message-en\">Sorry, this entry is only available in <a href=\"https:\/\/velovilnius.lt\/balticcycle\/de\/wp-json\/wp\/v2\/product\/6450\" class=\"qtranxs-available-language-link qtranxs-available-language-link-de\" title=\"Deutsch\">Deutsch<\/a>.<\/p><\/div>","pwapp_post_content_type":"postprocessed","pwapp_preview_type":"excerpt","androapp_failover_post_content_type":"","share_text":"Suvalkija Cycle Circuit Route Description (in GERMAN). DIGITAL VERSION\nvia https:\/\/velovilnius.lt\/balticcycle\/en\/product\/suvalkija-fahrradring-wegbeschreibung-deutsch\/","supercache":"androappsupercache","_links":{"self":[{"href":"https:\/\/velovilnius.lt\/balticcycle\/en\/wp-json\/wp\/v2\/product\/6450","targetHints":{"allow":["GET"]}}],"collection":[{"href":"https:\/\/velovilnius.lt\/balticcycle\/en\/wp-json\/wp\/v2\/product"}],"about":[{"href":"https:\/\/velovilnius.lt\/balticcycle\/en\/wp-json\/wp\/v2\/types\/product"}],"replies":[{"embeddable":true,"href":"https:\/\/velovilnius.lt\/balticcycle\/en\/wp-json\/wp\/v2\/comments?post=6450"}],"wp:featuredmedia":[{"embeddable":true,"href":"https:\/\/velovilnius.lt\/balticcycle\/en\/wp-json\/wp\/v2\/media\/6446"}],"wp:attachment":[{"href":"https:\/\/velovilnius.lt\/balticcycle\/en\/wp-json\/wp\/v2\/media?parent=6450"}],"wp:term":[{"taxonomy":"product_brand","embeddable":true,"href":"https:\/\/velovilnius.lt\/balticcycle\/en\/wp-json\/wp\/v2\/product_brand?post=6450"},{"taxonomy":"product_cat","embeddable":true,"href":"https:\/\/velovilnius.lt\/balticcycle\/en\/wp-json\/wp\/v2\/product_cat?post=6450"},{"taxonomy":"product_tag","embeddable":true,"href":"https:\/\/velovilnius.lt\/balticcycle\/en\/wp-json\/wp\/v2\/product_tag?post=6450"},{"taxonomy":"product_shipping_class","embeddable":true,"href":"https:\/\/velovilnius.lt\/balticcycle\/en\/wp-json\/wp\/v2\/product_shipping_class?post=6450"}],"curies":[{"name":"wp","href":"https:\/\/api.w.org\/{rel}","templated":true}]}}