{"id":6445,"date":"2016-01-04T18:38:41","date_gmt":"2016-01-04T18:38:41","guid":{"rendered":"https:\/\/velovilnius.lt\/balticcycle\/en\/product\/kustenradweg-litauen-wegbeschreibung-auf-deutsch\/"},"modified":"2020-02-25T13:37:57","modified_gmt":"2020-02-25T13:37:57","slug":"kustenradweg-litauen-wegbeschreibung-auf-deutsch","status":"publish","type":"product","link":"https:\/\/velovilnius.lt\/balticcycle\/de\/product\/kustenradweg-litauen-wegbeschreibung-auf-deutsch\/","title":{"rendered":"K\u00fcstenradweg Litauen Wegbeschreibung AUF DEUTSCH"},"content":{"rendered":"<p>Der K\u00fcstenradweg Litauen ist insgesamt 216 km lang und besteht aus drei Teilen, die sich miteinander kombinieren lassen:<br \/>\n&#8211; Klaipeda \u2013 Nida (Kurische Nehrung): 52 km<br \/>\n&#8211; Klaipeda \u2013 Palanga \u2013 lettische Grenze (Ostseek\u00fcste): 49 km<br \/>\n&#8211; Klaipeda \u2013 Rusne (Memeldelta): 115 km<br \/>\nDer Radweg ist durchgehend mit blauen Schildern mit einem Fahrradsymbol und der Nr. 10 ausgeschildert. Die \u201e10\u201c steht f\u00fcr die EuroVelo-Route Nr. 10, die einmal komplett um die Ostsee f\u00fchrt. Der K\u00fcstenradweg Litauen ist Teil dieser EuroVelo-Route. Auf der Kurischen Nehrung und an der Ostseek\u00fcste n\u00f6rdlich von Klaipeda verl\u00e4uft die Strecke gr\u00f6\u00dftenteils auf asphaltierten Radwegen, die h\u00e4ufig abseits jeglicher Verkehrsstra\u00dfen durch die Landschaft f\u00fchren. Der Abschnitt s\u00fcdlich Klaipedas ins Memeldelta verl\u00e4uft auf \u00f6ffentlichen, in der Regel aber nur wenig befahrenen Stra\u00dfen, die nicht immer asphaltiert sind.<\/p>\n","protected":false},"excerpt":{"rendered":"<p>&#8211; Klaipeda \u2013 Nida (Kurische Nehrung): 52 km<br \/>\n&#8211; Klaipeda \u2013 Palanga \u2013 lettische Grenze (Ostseek\u00fcste): 49 km<br \/>\n&#8211; Klaipeda \u2013 Rusne (Memeldelta): 115 km<\/p>\n","protected":false},"featured_media":6442,"comment_status":"open","ping_status":"closed","template":"","meta":{"inline_featured_image":false,"site-sidebar-layout":"default","site-content-layout":"default","ast-site-content-layout":"default","site-content-style":"default","site-sidebar-style":"default","ast-global-header-display":"","ast-banner-title-visibility":"","ast-main-header-display":"","ast-hfb-above-header-display":"","ast-hfb-below-header-display":"","ast-hfb-mobile-header-display":"","site-post-title":"","ast-breadcrumbs-content":"","ast-featured-img":"","footer-sml-layout":"","ast-disable-related-posts":"","theme-transparent-header-meta":"default","adv-header-id-meta":"","stick-header-meta":"","header-above-stick-meta":"","header-main-stick-meta":"","header-below-stick-meta":"","astra-migrate-meta-layouts":"default","ast-page-background-enabled":"default","ast-page-background-meta":{"desktop":{"background-color":"","background-image":"","background-repeat":"repeat","background-position":"center center","background-size":"auto","background-attachment":"scroll","background-type":"","background-media":"","overlay-type":"","overlay-color":"","overlay-opacity":"","overlay-gradient":""},"tablet":{"background-color":"","background-image":"","background-repeat":"repeat","background-position":"center center","background-size":"auto","background-attachment":"scroll","background-type":"","background-media":"","overlay-type":"","overlay-color":"","overlay-opacity":"","overlay-gradient":""},"mobile":{"background-color":"","background-image":"","background-repeat":"repeat","background-position":"center center","background-size":"auto","background-attachment":"scroll","background-type":"","background-media":"","overlay-type":"","overlay-color":"","overlay-opacity":"","overlay-gradient":""}},"ast-content-background-meta":{"desktop":{"background-color":"var(--ast-global-color-5)","background-image":"","background-repeat":"repeat","background-position":"center center","background-size":"auto","background-attachment":"scroll","background-type":"","background-media":"","overlay-type":"","overlay-color":"","overlay-opacity":"","overlay-gradient":""},"tablet":{"background-color":"var(--ast-global-color-5)","background-image":"","background-repeat":"repeat","background-position":"center center","background-size":"auto","background-attachment":"scroll","background-type":"","background-media":"","overlay-type":"","overlay-color":"","overlay-opacity":"","overlay-gradient":""},"mobile":{"background-color":"var(--ast-global-color-5)","background-image":"","background-repeat":"repeat","background-position":"center center","background-size":"auto","background-attachment":"scroll","background-type":"","background-media":"","overlay-type":"","overlay-color":"","overlay-opacity":"","overlay-gradient":""}},"jetpack_post_was_ever_published":false,"jetpack_publicize_message":"","jetpack_publicize_feature_enabled":true,"jetpack_social_post_already_shared":false,"jetpack_social_options":{"image_generator_settings":{"template":"highway","default_image_id":0,"font":"","enabled":false},"version":2},"_links_to":"","_links_to_target":""},"product_brand":[],"product_cat":[503,499,497],"product_tag":[523],"product_shipping_class":[],"class_list":{"0":"post-6445","1":"product","2":"type-product","3":"status-publish","4":"has-post-thumbnail","6":"product_cat-almost-free-publications-for-download","7":"product_cat-lithuania-by-bicycle","8":"product_cat-maps-for-cycling-lithuania-latvia-estonia","9":"product_tag-lt5","10":"desktop-align-center","11":"tablet-align-left","12":"mobile-align-left","14":"first","15":"instock","16":"downloadable","17":"virtual","18":"purchasable","19":"product-type-simple"},"ams_default_variation_id":0,"ams_product_points_reward":[],"ams_product_discount_percentage":0,"ams_price_to_display":1,"ams_acf":[],"jetpack_publicize_connections":[],"jetpack_sharing_enabled":true,"jetpack-related-posts":[{"id":6271,"url":"https:\/\/velovilnius.lt\/balticcycle\/de\/product\/lt2-memelnemunasradweg-kaunas\/","url_meta":{"origin":6445,"position":0},"title":"LT2: Memel\/Nemunasradweg Kaunas-Klaipeda (Download)","author":"admin","date":"Mittwoch, 28UTCWed, 28 Aug 2013 14:45:43 +0000 28. August 2013","format":false,"excerpt":"Kaunas-\u0160il\u016bt\u0117-Klaip\u0117da","rel":"","context":"\u00c4hnlicher Beitrag","block_context":{"text":"\u00c4hnlicher Beitrag","link":""},"img":{"alt_text":"LT2: Memel\/Nemunasradweg Kaunas-","src":"https:\/\/i0.wp.com\/velovilnius.lt\/balticcycle\/files\/2013\/08\/p_5_5-LT2-MemelNemunasradweg-Kaunas.jpg?resize=350%2C200&ssl=1","width":350,"height":200,"srcset":"https:\/\/i0.wp.com\/velovilnius.lt\/balticcycle\/files\/2013\/08\/p_5_5-LT2-MemelNemunasradweg-Kaunas.jpg?resize=350%2C200&ssl=1 1x, https:\/\/i0.wp.com\/velovilnius.lt\/balticcycle\/files\/2013\/08\/p_5_5-LT2-MemelNemunasradweg-Kaunas.jpg?resize=525%2C300&ssl=1 1.5x, https:\/\/i0.wp.com\/velovilnius.lt\/balticcycle\/files\/2013\/08\/p_5_5-LT2-MemelNemunasradweg-Kaunas.jpg?resize=700%2C400&ssl=1 2x, https:\/\/i0.wp.com\/velovilnius.lt\/balticcycle\/files\/2013\/08\/p_5_5-LT2-MemelNemunasradweg-Kaunas.jpg?resize=1050%2C600&ssl=1 3x, https:\/\/i0.wp.com\/velovilnius.lt\/balticcycle\/files\/2013\/08\/p_5_5-LT2-MemelNemunasradweg-Kaunas.jpg?resize=1400%2C800&ssl=1 4x"},"classes":[]},{"id":6417,"url":"https:\/\/velovilnius.lt\/balticcycle\/de\/product\/cycle-route-in-kurzeme-booklet\/","url_meta":{"origin":6445,"position":1},"title":"Kurzeme. Cycle routes. booklet in ENGLISH  (pdf FOR DOWNLOAD)","author":"admin","date":"Donnerstag, 19UTCThu, 19 Feb 2015 21:31:11 +0000 19. Februar 2015","format":false,"excerpt":"Description of the cycle routes from the map - download it and support us with a symbolic fee","rel":"","context":"\u00c4hnlicher Beitrag","block_context":{"text":"\u00c4hnlicher Beitrag","link":""},"img":{"alt_text":"Cycle route in Kurzeme (booklet)","src":"https:\/\/i0.wp.com\/velovilnius.lt\/balticcycle\/files\/2015\/02\/p_1_2_7_127-Cycle-route-in-Kurzeme-booklet.jpg?resize=350%2C200&ssl=1","width":350,"height":200},"classes":[]},{"id":6263,"url":"https:\/\/www.balticcycle.eu\/shop3\/en\/latvia-by-bicycle\/2-latvia-by-bicycle.html","url_meta":{"origin":6445,"position":2},"title":"Latvia by bicycle! (2006) PAPER COPY","author":"admin","date":"Mittwoch, 28UTCWed, 28 Aug 2013 14:30:42 +0000 28. August 2013","format":false,"excerpt":"Klaipeda-Riga and Riga-Estonia","rel":"","context":"\u00c4hnlicher Beitrag","block_context":{"text":"\u00c4hnlicher Beitrag","link":""},"img":{"alt_text":"Latvia by bicycle! (2006) PAPER COPY","src":"https:\/\/i0.wp.com\/velovilnius.lt\/balticcycle\/files\/2013\/08\/p_7_7-Latvia-by-bicycle-2006-PAPER-COPY.jpg?resize=350%2C200&ssl=1","width":350,"height":200,"srcset":"https:\/\/i0.wp.com\/velovilnius.lt\/balticcycle\/files\/2013\/08\/p_7_7-Latvia-by-bicycle-2006-PAPER-COPY.jpg?resize=350%2C200&ssl=1 1x, https:\/\/i0.wp.com\/velovilnius.lt\/balticcycle\/files\/2013\/08\/p_7_7-Latvia-by-bicycle-2006-PAPER-COPY.jpg?resize=525%2C300&ssl=1 1.5x, https:\/\/i0.wp.com\/velovilnius.lt\/balticcycle\/files\/2013\/08\/p_7_7-Latvia-by-bicycle-2006-PAPER-COPY.jpg?resize=700%2C400&ssl=1 2x"},"classes":[]},{"id":6286,"url":"https:\/\/velovilnius.lt\/balticcycle\/de\/product\/film-dvd-estonia-a-land-of-simple-treasure\/","url_meta":{"origin":6445,"position":3},"title":"Film (DVD) &#8222;Estonia &#8211; A land of simple treasure&#8220;","author":"admin","date":"Donnerstag, 29UTCThu, 29 Aug 2013 11:29:44 +0000 29. August 2013","format":false,"excerpt":"\"Da der Film auf Englisch ist, hier auch die Beschreibung auf Englisch:\u00a0A \"\"must\"\" for all fans of Eestimaa!\u00a0This film takes us through all regions and seasons in Estonia, accompied by beautiful Estonian music.\u00a0This film will help you plan your journey and recall the sights you have already seen.\u00a0Made by Rein\u2026","rel":"","context":"\u00c4hnlicher Beitrag","block_context":{"text":"\u00c4hnlicher Beitrag","link":""},"img":{"alt_text":"","src":"","width":0,"height":0},"classes":[]},{"id":6469,"url":"https:\/\/velovilnius.lt\/balticcycle\/de\/product\/latvia-by-bicycle-2\/","url_meta":{"origin":6445,"position":4},"title":"Latvia by bicycle! (pdf for DOWNLOAD) DIGITAL VERSION","author":"admin","date":"Montag, 07UTCMon, 07 Jan 2019 16:38:10 +0000  7. Januar 2019","format":false,"excerpt":"Klaipeda-Riga and Riga-Estonia","rel":"","context":"\u00c4hnlicher Beitrag","block_context":{"text":"\u00c4hnlicher Beitrag","link":""},"img":{"alt_text":"Latvia by bicycle! (pdf for DOWNLOAD) DIGITAL VERSION","src":"https:\/\/i0.wp.com\/velovilnius.lt\/balticcycle\/files\/2019\/01\/p_1_5_8_158-Latvia-by-bicycle-pdf-for-DOWNLOAD-DIGITAL-VERSION.jpg?resize=350%2C200&ssl=1","width":350,"height":200,"srcset":"https:\/\/i0.wp.com\/velovilnius.lt\/balticcycle\/files\/2019\/01\/p_1_5_8_158-Latvia-by-bicycle-pdf-for-DOWNLOAD-DIGITAL-VERSION.jpg?resize=350%2C200&ssl=1 1x, https:\/\/i0.wp.com\/velovilnius.lt\/balticcycle\/files\/2019\/01\/p_1_5_8_158-Latvia-by-bicycle-pdf-for-DOWNLOAD-DIGITAL-VERSION.jpg?resize=525%2C300&ssl=1 1.5x, https:\/\/i0.wp.com\/velovilnius.lt\/balticcycle\/files\/2019\/01\/p_1_5_8_158-Latvia-by-bicycle-pdf-for-DOWNLOAD-DIGITAL-VERSION.jpg?resize=700%2C400&ssl=1 2x"},"classes":[]},{"id":6265,"url":"https:\/\/velovilnius.lt\/balticcycle\/de\/product\/cycle-route-map-lithuania\/","url_meta":{"origin":6445,"position":5},"title":"Cycle route map Lithuania","author":"admin","date":"Mittwoch, 28UTCWed, 28 Aug 2013 14:38:54 +0000 28. August 2013","format":false,"excerpt":"Overview map with recommended cycle route. Real consequent bicycles pathes are still seldom.","rel":"","context":"\u00c4hnlicher Beitrag","block_context":{"text":"\u00c4hnlicher Beitrag","link":""},"img":{"alt_text":"Cycle route map Lithuania","src":"https:\/\/i0.wp.com\/velovilnius.lt\/balticcycle\/files\/2013\/08\/p_1_1-Cycle-route-map-Lithuania.jpg?resize=350%2C200&ssl=1","width":350,"height":200,"srcset":"https:\/\/i0.wp.com\/velovilnius.lt\/balticcycle\/files\/2013\/08\/p_1_1-Cycle-route-map-Lithuania.jpg?resize=350%2C200&ssl=1 1x, https:\/\/i0.wp.com\/velovilnius.lt\/balticcycle\/files\/2013\/08\/p_1_1-Cycle-route-map-Lithuania.jpg?resize=525%2C300&ssl=1 1.5x, https:\/\/i0.wp.com\/velovilnius.lt\/balticcycle\/files\/2013\/08\/p_1_1-Cycle-route-map-Lithuania.jpg?resize=700%2C400&ssl=1 2x"},"classes":[]}],"jetpack_likes_enabled":true,"pwapp_after_post_content":"","pwapp_before_post_content":"","androapp_header":"","pwapp_author":{"ID":null,"name":"admin","slug":"admin"},"pwapp_terms":{"taxonomies":{"503":{"term_id":503,"name":"ALMOST free - Publications for Download","slug":"almost-free-publications-for-download","term_group":0,"term_taxonomy_id":503,"taxonomy":"product_cat","description":"<p>Maps &amp; Cycle route descriptions for download!<\/p>\n<p>.pdf format<\/p>\n<p>For the minimal fee of 50ct!\u00a0<\/p>\n<p>SUPPORT OUR WORK!<\/p>","parent":496,"count":20,"filter":"raw","i18n_config":{"name":{"ts":{"en":"ALMOST free - Publications for Download"}}}},"499":{"term_id":499,"name":"LIthuania by bicycle","slug":"lithuania-by-bicycle","term_group":0,"term_taxonomy_id":499,"taxonomy":"product_cat","description":"<p><img src=\"http:\/\/www.balticcycle.eu\/shop3\/img\/cms\/Lithuania_google.png\" alt=\"\" width=\"400\" height=\"250\" \/><\/p>\n<p>for FREE background information (Texts, GPS tracks, pictures) on cycling in Lithuania pls. look on: <a href=\"http:\/\/www.balticcycle.eu\/routes\/lit\" target=\"_blank\" rel=\"noopener noreferrer\">www.balticcycle.eu\/routes\/lit<\/a><\/p>","parent":496,"count":11,"filter":"raw","i18n_config":{"name":{"ts":{"en":"LIthuania by bicycle"}}}},"497":{"term_id":497,"name":"Maps for Cycling Lithuania, Latvia, Estonia","slug":"maps-for-cycling-lithuania-latvia-estonia","term_group":0,"term_taxonomy_id":497,"taxonomy":"product_cat","description":"<p>Cycle guides and cycle maps for Cycling the Baltic States...<\/p>\n<p>for background and overview information pls. look on <a href=\"https:\/\/balticcycle.eu\/routes\" target=\"_blank\" class=\"btn btn-default\" rel=\"noopener noreferrer\">www.balticcycle.eu\/routes<\/a>\u00a0(in English and German)<\/p>","parent":496,"count":27,"filter":"raw","i18n_config":{"name":{"ts":{"en":"Maps for Cycling Lithuania, Latvia, Estonia"}}}},"523":{"term_id":523,"name":"LT5","slug":"lt5","term_group":0,"term_taxonomy_id":523,"taxonomy":"product_tag","description":"","parent":0,"count":2,"filter":"raw","i18n_config":{"name":{"ts":{"en":"LT5"}}}}}},"pwapp_feed_image_dimension_type":"preview","featuredimage":"https:\/\/velovilnius.lt\/balticcycle\/files\/2016\/01\/p_1_4_5_145-Kustenradweg-Litauen-Wegbeschreibung-AUF-DEUTSCH.jpg","pwapp_post_image":"https:\/\/velovilnius.lt\/balticcycle\/files\/2016\/01\/p_1_4_5_145-Kustenradweg-Litauen-Wegbeschreibung-AUF-DEUTSCH.jpg","share_image":"https:\/\/velovilnius.lt\/balticcycle\/files\/2016\/01\/p_1_4_5_145-Kustenradweg-Litauen-Wegbeschreibung-AUF-DEUTSCH.jpg","featured_image_showhide":"show","featured_image":{"url":"https:\/\/velovilnius.lt\/balticcycle\/files\/2016\/01\/p_1_4_5_145-Kustenradweg-Litauen-Wegbeschreibung-AUF-DEUTSCH.jpg"},"pwapp_excerpt":"<p>&#8211; Klaipeda \u2013 Nida (Kurische Nehrung): 52 km<br \/>\n&#8211; Klaipeda \u2013 Palanga \u2013 lettische Grenze (Ostseek\u00fcste): 49 km<br \/>\n&#8211; Klaipeda \u2013 Rusne (Memeldelta): 115 km<\/p>\n","pwapp_title":"K\u00fcstenradweg Litauen Wegbeschreibung AUF DEUTSCH","androapp_image_list":[],"pwapp_post_content":"<style type=\"text\/css\">androapp img{\r\n    max-width: 100%;\r\n    height: auto;\r\n}\r\niframe{\r\n    max-width: 100%;    \r\n}\r\nfigure {\r\n    max-width: 100%;\r\n    height: auto;\r\n}\r\nimg{\r\n    max-width: 100% !important;\r\n    height: auto;\r\n}\r\ndiv {\r\n    max-width: 100% !important;\r\n}\r\nspan {\r\n    max-width:100%;\r\n    overflow: auto;\r\n}\r\naudio {\r\n    display:block;\r\n    visibility:visible !important;\r\n}\r\nvideo{\r\n    width:100%;\r\n    height:auto;\r\n}\r\n<\/style><div class='androapp'><p>Der K\u00fcstenradweg Litauen ist insgesamt 216 km lang und besteht aus drei Teilen, die sich miteinander kombinieren lassen:<br \/>\n&#8211; Klaipeda \u2013 Nida (Kurische Nehrung): 52 km<br \/>\n&#8211; Klaipeda \u2013 Palanga \u2013 lettische Grenze (Ostseek\u00fcste): 49 km<br \/>\n&#8211; Klaipeda \u2013 Rusne (Memeldelta): 115 km<br \/>\nDer Radweg ist durchgehend mit blauen Schildern mit einem Fahrradsymbol und der Nr. 10 ausgeschildert. Die \u201e10\u201c steht f\u00fcr die EuroVelo-Route Nr. 10, die einmal komplett um die Ostsee f\u00fchrt. Der K\u00fcstenradweg Litauen ist Teil dieser EuroVelo-Route. Auf der Kurischen Nehrung und an der Ostseek\u00fcste n\u00f6rdlich von Klaipeda verl\u00e4uft die Strecke gr\u00f6\u00dftenteils auf asphaltierten Radwegen, die h\u00e4ufig abseits jeglicher Verkehrsstra\u00dfen durch die Landschaft f\u00fchren. Der Abschnitt s\u00fcdlich Klaipedas ins Memeldelta verl\u00e4uft auf \u00f6ffentlichen, in der Regel aber nur wenig befahrenen Stra\u00dfen, die nicht immer asphaltiert sind.<\/p>\n<\/div>","pwapp_post_content_type":"postprocessed","pwapp_preview_type":"excerpt","androapp_failover_post_content_type":"","share_text":"K\u00fcstenradweg Litauen Wegbeschreibung AUF DEUTSCH\nvia https:\/\/velovilnius.lt\/balticcycle\/de\/product\/kustenradweg-litauen-wegbeschreibung-auf-deutsch\/","supercache":"androappsupercache","_links":{"self":[{"href":"https:\/\/velovilnius.lt\/balticcycle\/de\/wp-json\/wp\/v2\/product\/6445","targetHints":{"allow":["GET"]}}],"collection":[{"href":"https:\/\/velovilnius.lt\/balticcycle\/de\/wp-json\/wp\/v2\/product"}],"about":[{"href":"https:\/\/velovilnius.lt\/balticcycle\/de\/wp-json\/wp\/v2\/types\/product"}],"replies":[{"embeddable":true,"href":"https:\/\/velovilnius.lt\/balticcycle\/de\/wp-json\/wp\/v2\/comments?post=6445"}],"wp:featuredmedia":[{"embeddable":true,"href":"https:\/\/velovilnius.lt\/balticcycle\/de\/wp-json\/wp\/v2\/media\/6442"}],"wp:attachment":[{"href":"https:\/\/velovilnius.lt\/balticcycle\/de\/wp-json\/wp\/v2\/media?parent=6445"}],"wp:term":[{"taxonomy":"product_brand","embeddable":true,"href":"https:\/\/velovilnius.lt\/balticcycle\/de\/wp-json\/wp\/v2\/product_brand?post=6445"},{"taxonomy":"product_cat","embeddable":true,"href":"https:\/\/velovilnius.lt\/balticcycle\/de\/wp-json\/wp\/v2\/product_cat?post=6445"},{"taxonomy":"product_tag","embeddable":true,"href":"https:\/\/velovilnius.lt\/balticcycle\/de\/wp-json\/wp\/v2\/product_tag?post=6445"},{"taxonomy":"product_shipping_class","embeddable":true,"href":"https:\/\/velovilnius.lt\/balticcycle\/de\/wp-json\/wp\/v2\/product_shipping_class?post=6445"}],"curies":[{"name":"wp","href":"https:\/\/api.w.org\/{rel}","templated":true}]}}