{"id":6441,"date":"2016-01-04T18:10:30","date_gmt":"2016-01-04T18:10:30","guid":{"rendered":"https:\/\/velovilnius.lt\/balticcycle\/en\/product\/fahrradrouten-in-zemgale-auf-deutsch\/"},"modified":"2020-02-25T13:43:10","modified_gmt":"2020-02-25T13:43:10","slug":"fahrradrouten-in-zemgale-auf-deutsch","status":"publish","type":"product","link":"https:\/\/velovilnius.lt\/balticcycle\/de\/product\/fahrradrouten-in-zemgale-auf-deutsch\/","title":{"rendered":"ZEMGALE. Fahrradrouten. Buch auf DEUTSCH"},"content":{"rendered":"Fahrradrouten in S\u00fcdlettland","protected":false},"excerpt":{"rendered":"<p>Fahrradrouten in S\u00fcdlettland<\/p>\n","protected":false},"featured_media":6440,"comment_status":"open","ping_status":"closed","template":"","meta":{"inline_featured_image":false,"site-sidebar-layout":"default","site-content-layout":"default","ast-site-content-layout":"default","site-content-style":"default","site-sidebar-style":"default","ast-global-header-display":"","ast-banner-title-visibility":"","ast-main-header-display":"","ast-hfb-above-header-display":"","ast-hfb-below-header-display":"","ast-hfb-mobile-header-display":"","site-post-title":"","ast-breadcrumbs-content":"","ast-featured-img":"","footer-sml-layout":"","ast-disable-related-posts":"","theme-transparent-header-meta":"default","adv-header-id-meta":"","stick-header-meta":"","header-above-stick-meta":"","header-main-stick-meta":"","header-below-stick-meta":"","astra-migrate-meta-layouts":"default","ast-page-background-enabled":"default","ast-page-background-meta":{"desktop":{"background-color":"","background-image":"","background-repeat":"repeat","background-position":"center center","background-size":"auto","background-attachment":"scroll","background-type":"","background-media":"","overlay-type":"","overlay-color":"","overlay-opacity":"","overlay-gradient":""},"tablet":{"background-color":"","background-image":"","background-repeat":"repeat","background-position":"center center","background-size":"auto","background-attachment":"scroll","background-type":"","background-media":"","overlay-type":"","overlay-color":"","overlay-opacity":"","overlay-gradient":""},"mobile":{"background-color":"","background-image":"","background-repeat":"repeat","background-position":"center center","background-size":"auto","background-attachment":"scroll","background-type":"","background-media":"","overlay-type":"","overlay-color":"","overlay-opacity":"","overlay-gradient":""}},"ast-content-background-meta":{"desktop":{"background-color":"var(--ast-global-color-5)","background-image":"","background-repeat":"repeat","background-position":"center center","background-size":"auto","background-attachment":"scroll","background-type":"","background-media":"","overlay-type":"","overlay-color":"","overlay-opacity":"","overlay-gradient":""},"tablet":{"background-color":"var(--ast-global-color-5)","background-image":"","background-repeat":"repeat","background-position":"center center","background-size":"auto","background-attachment":"scroll","background-type":"","background-media":"","overlay-type":"","overlay-color":"","overlay-opacity":"","overlay-gradient":""},"mobile":{"background-color":"var(--ast-global-color-5)","background-image":"","background-repeat":"repeat","background-position":"center center","background-size":"auto","background-attachment":"scroll","background-type":"","background-media":"","overlay-type":"","overlay-color":"","overlay-opacity":"","overlay-gradient":""}},"jetpack_post_was_ever_published":false,"jetpack_publicize_message":"","jetpack_publicize_feature_enabled":true,"jetpack_social_post_already_shared":false,"jetpack_social_options":{"image_generator_settings":{"template":"highway","default_image_id":0,"font":"","enabled":false},"version":2},"_links_to":"","_links_to_target":""},"product_brand":[],"product_cat":[503,500,497],"product_tag":[533],"product_shipping_class":[],"class_list":{"0":"post-6441","1":"product","2":"type-product","3":"status-publish","4":"has-post-thumbnail","6":"product_cat-almost-free-publications-for-download","7":"product_cat-latvia-by-bicycle","8":"product_cat-maps-for-cycling-lithuania-latvia-estonia","9":"product_tag-latvia","10":"desktop-align-center","11":"tablet-align-left","12":"mobile-align-left","14":"first","15":"instock","16":"downloadable","17":"virtual","18":"purchasable","19":"product-type-simple"},"ams_default_variation_id":0,"ams_product_points_reward":[],"ams_product_discount_percentage":0,"ams_price_to_display":0.75,"ams_acf":[],"jetpack_publicize_connections":[],"jetpack_sharing_enabled":true,"jetpack-related-posts":[{"id":6439,"url":"https:\/\/velovilnius.lt\/balticcycle\/de\/product\/fahrradrouten-in-vidzeme-auf-deutsch\/","url_meta":{"origin":6441,"position":0},"title":"VIDZEME. Fahrradrouten. Buch  AUF DEUTSCH","author":"admin","date":"Montag, 04UTCMon, 04 Jan 2016 18:03:34 +0000  4. Januar 2016","format":false,"excerpt":"","rel":"","context":"\u00c4hnlicher Beitrag","block_context":{"text":"\u00c4hnlicher Beitrag","link":""},"img":{"alt_text":"Fahrradrouten in VIDZEME AUF DEUTSCH","src":"https:\/\/i0.wp.com\/velovilnius.lt\/balticcycle\/files\/2016\/01\/p_1_4_2_142-Fahrradrouten-in-VIDZEME-AUF-DEUTSCH.jpg?resize=350%2C200&ssl=1","width":350,"height":200,"srcset":"https:\/\/i0.wp.com\/velovilnius.lt\/balticcycle\/files\/2016\/01\/p_1_4_2_142-Fahrradrouten-in-VIDZEME-AUF-DEUTSCH.jpg?resize=350%2C200&ssl=1 1x, https:\/\/i0.wp.com\/velovilnius.lt\/balticcycle\/files\/2016\/01\/p_1_4_2_142-Fahrradrouten-in-VIDZEME-AUF-DEUTSCH.jpg?resize=525%2C300&ssl=1 1.5x"},"classes":[]},{"id":6437,"url":"https:\/\/velovilnius.lt\/balticcycle\/de\/product\/tour-de-latest-guide-auf-deutsch\/","url_meta":{"origin":6441,"position":1},"title":"Tour de LatEst Guide AUF DEUTSCH (und Finnisch)","author":"admin","date":"Montag, 04UTCMon, 04 Jan 2016 17:52:28 +0000  4. Januar 2016","format":false,"excerpt":"","rel":"","context":"\u00c4hnlicher Beitrag","block_context":{"text":"\u00c4hnlicher Beitrag","link":""},"img":{"alt_text":"Tour de LatEst Guide AUF DEUTSCH","src":"https:\/\/i0.wp.com\/velovilnius.lt\/balticcycle\/files\/2016\/01\/p_1_4_0_140-Tour-de-LatEst-Guide-AUF-DEUTSCH.jpg?resize=350%2C200&ssl=1","width":350,"height":200},"classes":[]},{"id":6410,"url":"https:\/\/velovilnius.lt\/balticcycle\/de\/product\/cycle-route-in-zemgale-booklet\/","url_meta":{"origin":6441,"position":2},"title":"Zemgale. Cycle routes. booklet in ENGLISH","author":"admin","date":"Donnerstag, 19UTCThu, 19 Feb 2015 20:37:11 +0000 19. Februar 2015","format":false,"excerpt":"booklet to the map now available for download for FREE","rel":"","context":"\u00c4hnlicher Beitrag","block_context":{"text":"\u00c4hnlicher Beitrag","link":""},"img":{"alt_text":"Cycle routes in Zemgale (booklet) ENGLISH","src":"https:\/\/i0.wp.com\/velovilnius.lt\/balticcycle\/files\/2015\/02\/p_1_2_9_129-Cycle-routes-in-Zemgale-booklet-ENGLISH.jpg?resize=350%2C200&ssl=1","width":350,"height":200},"classes":[]},{"id":6392,"url":"https:\/\/velovilnius.lt\/balticcycle\/de\/product\/cycle-map-zemgale-in-english-2\/","url_meta":{"origin":6441,"position":3},"title":"ZEMGALE. Cycle Map  in ENGLISH (for Download!)","author":"admin","date":"Mittwoch, 04UTCWed, 04 Dec 2013 19:05:52 +0000  4. Dezember 2013","format":false,"excerpt":"This map is available for DOWNLOAD \u00a0here FOR FREE! Soon, we will be able to offer paper copies (if you cover the sending costs) And feel free to donate to support our work!","rel":"","context":"\u00c4hnlicher Beitrag","block_context":{"text":"\u00c4hnlicher Beitrag","link":""},"img":{"alt_text":"","src":"","width":0,"height":0},"classes":[]},{"id":6450,"url":"https:\/\/velovilnius.lt\/balticcycle\/de\/product\/suvalkija-fahrradring-wegbeschreibung-deutsch\/","url_meta":{"origin":6441,"position":4},"title":"Fahrradring Suvalkija. Routenbeschreibung (auf Deutsch). DIGITAL VERSION","author":"admin","date":"Montag, 04UTCMon, 04 Jan 2016 18:43:54 +0000  4. Januar 2016","format":false,"excerpt":"This description in available IN GERMAN online. For more information see on the German page.","rel":"","context":"\u00c4hnlicher Beitrag","block_context":{"text":"\u00c4hnlicher Beitrag","link":""},"img":{"alt_text":"Suvalkija. Fahrradring Wegbeschreibung Deutsch. DIGITAL VERSION","src":"https:\/\/i0.wp.com\/velovilnius.lt\/balticcycle\/files\/2016\/01\/p_1_6_8_168-Suvalkija.-Fahrradring-Wegbeschreibung-Deutsch.-DIGITAL-VERSION.jpg?resize=350%2C200&ssl=1","width":350,"height":200,"srcset":"https:\/\/i0.wp.com\/velovilnius.lt\/balticcycle\/files\/2016\/01\/p_1_6_8_168-Suvalkija.-Fahrradring-Wegbeschreibung-Deutsch.-DIGITAL-VERSION.jpg?resize=350%2C200&ssl=1 1x, https:\/\/i0.wp.com\/velovilnius.lt\/balticcycle\/files\/2016\/01\/p_1_6_8_168-Suvalkija.-Fahrradring-Wegbeschreibung-Deutsch.-DIGITAL-VERSION.jpg?resize=525%2C300&ssl=1 1.5x, https:\/\/i0.wp.com\/velovilnius.lt\/balticcycle\/files\/2016\/01\/p_1_6_8_168-Suvalkija.-Fahrradring-Wegbeschreibung-Deutsch.-DIGITAL-VERSION.jpg?resize=700%2C400&ssl=1 2x, https:\/\/i0.wp.com\/velovilnius.lt\/balticcycle\/files\/2016\/01\/p_1_6_8_168-Suvalkija.-Fahrradring-Wegbeschreibung-Deutsch.-DIGITAL-VERSION.jpg?resize=1050%2C600&ssl=1 3x"},"classes":[]},{"id":6445,"url":"https:\/\/velovilnius.lt\/balticcycle\/de\/product\/kustenradweg-litauen-wegbeschreibung-auf-deutsch\/","url_meta":{"origin":6441,"position":5},"title":"K\u00fcstenradweg Litauen Wegbeschreibung AUF DEUTSCH","author":"admin","date":"Montag, 04UTCMon, 04 Jan 2016 18:38:41 +0000  4. Januar 2016","format":false,"excerpt":"- Klaipeda \u2013 Nida (Kurische Nehrung): 52 km - Klaipeda \u2013 Palanga \u2013 lettische Grenze (Ostseek\u00fcste): 49 km - Klaipeda \u2013 Rusne (Memeldelta): 115 km","rel":"","context":"\u00c4hnlicher Beitrag","block_context":{"text":"\u00c4hnlicher Beitrag","link":""},"img":{"alt_text":"K\u00fcstenradweg Litauen Wegbeschreibung AUF DEUTSCH","src":"https:\/\/i0.wp.com\/velovilnius.lt\/balticcycle\/files\/2016\/01\/p_1_4_5_145-Kustenradweg-Litauen-Wegbeschreibung-AUF-DEUTSCH.jpg?resize=350%2C200&ssl=1","width":350,"height":200,"srcset":"https:\/\/i0.wp.com\/velovilnius.lt\/balticcycle\/files\/2016\/01\/p_1_4_5_145-Kustenradweg-Litauen-Wegbeschreibung-AUF-DEUTSCH.jpg?resize=350%2C200&ssl=1 1x, https:\/\/i0.wp.com\/velovilnius.lt\/balticcycle\/files\/2016\/01\/p_1_4_5_145-Kustenradweg-Litauen-Wegbeschreibung-AUF-DEUTSCH.jpg?resize=525%2C300&ssl=1 1.5x, https:\/\/i0.wp.com\/velovilnius.lt\/balticcycle\/files\/2016\/01\/p_1_4_5_145-Kustenradweg-Litauen-Wegbeschreibung-AUF-DEUTSCH.jpg?resize=700%2C400&ssl=1 2x"},"classes":[]}],"jetpack_likes_enabled":true,"pwapp_after_post_content":"","pwapp_before_post_content":"","androapp_header":"","pwapp_author":{"ID":null,"name":"admin","slug":"admin"},"pwapp_terms":{"taxonomies":{"503":{"term_id":503,"name":"ALMOST free - Publications for Download","slug":"almost-free-publications-for-download","term_group":0,"term_taxonomy_id":503,"taxonomy":"product_cat","description":"<p>Maps &amp; Cycle route descriptions for download!<\/p>\n<p>.pdf format<\/p>\n<p>For the minimal fee of 50ct!\u00a0<\/p>\n<p>SUPPORT OUR WORK!<\/p>","parent":496,"count":20,"filter":"raw","i18n_config":{"name":{"ts":{"en":"ALMOST free - Publications for Download"}}}},"500":{"term_id":500,"name":"Latvia by bicycle","slug":"latvia-by-bicycle","term_group":0,"term_taxonomy_id":500,"taxonomy":"product_cat","description":"<p><img src=\"http:\/\/www.balticcycle.eu\/shop3\/img\/cms\/Latvia_googlemap.png\" alt=\"Bike map Latvia\" width=\"300\" height=\"188\" \/><\/p>\n<p>for FREE background information (Texts, GPS-tracks, pictures) on Cycling in Latvia pls. look on:\u00a0<a href=\"https:\/\/velovilnius.lt\/balticcycle\/riga-vilnius\/riga-tallinn\/\" target=\"_blank\" class=\"btn btn-default\" rel=\"noopener noreferrer\">www.balticcycle.eu\/routes\/lat<\/a><\/p>\n<p><\/p>","parent":496,"count":16,"filter":"raw","i18n_config":{"name":{"ts":{"en":"Latvia by bicycle"}}}},"497":{"term_id":497,"name":"Maps for Cycling Lithuania, Latvia, Estonia","slug":"maps-for-cycling-lithuania-latvia-estonia","term_group":0,"term_taxonomy_id":497,"taxonomy":"product_cat","description":"<p>Cycle guides and cycle maps for Cycling the Baltic States...<\/p>\n<p>for background and overview information pls. look on <a href=\"https:\/\/balticcycle.eu\/routes\" target=\"_blank\" class=\"btn btn-default\" rel=\"noopener noreferrer\">www.balticcycle.eu\/routes<\/a>\u00a0(in English and German)<\/p>","parent":496,"count":27,"filter":"raw","i18n_config":{"name":{"ts":{"en":"Maps for Cycling Lithuania, Latvia, Estonia"}}}},"533":{"term_id":533,"name":"Latvia","slug":"latvia","term_group":0,"term_taxonomy_id":533,"taxonomy":"product_tag","description":"","parent":0,"count":5,"filter":"raw","i18n_config":{"name":{"ts":{"en":"Latvia"}}}}}},"pwapp_feed_image_dimension_type":"preview","featuredimage":"https:\/\/velovilnius.lt\/balticcycle\/files\/2016\/01\/p_1_4_3_143-Fahrradrouten-in-ZEMGALE-auf-DEUTSCH.jpg","pwapp_post_image":"https:\/\/velovilnius.lt\/balticcycle\/files\/2016\/01\/p_1_4_3_143-Fahrradrouten-in-ZEMGALE-auf-DEUTSCH.jpg","share_image":"https:\/\/velovilnius.lt\/balticcycle\/files\/2016\/01\/p_1_4_3_143-Fahrradrouten-in-ZEMGALE-auf-DEUTSCH.jpg","featured_image_showhide":"show","featured_image":{"url":"https:\/\/velovilnius.lt\/balticcycle\/files\/2016\/01\/p_1_4_3_143-Fahrradrouten-in-ZEMGALE-auf-DEUTSCH.jpg"},"pwapp_excerpt":"<p>Fahrradrouten in S\u00fcdlettland<\/p>\n","pwapp_title":"ZEMGALE. Fahrradrouten. Buch auf DEUTSCH","androapp_image_list":[],"pwapp_post_content":"<style type=\"text\/css\">androapp img{\r\n    max-width: 100%;\r\n    height: auto;\r\n}\r\niframe{\r\n    max-width: 100%;    \r\n}\r\nfigure {\r\n    max-width: 100%;\r\n    height: auto;\r\n}\r\nimg{\r\n    max-width: 100% !important;\r\n    height: auto;\r\n}\r\ndiv {\r\n    max-width: 100% !important;\r\n}\r\nspan {\r\n    max-width:100%;\r\n    overflow: auto;\r\n}\r\naudio {\r\n    display:block;\r\n    visibility:visible !important;\r\n}\r\nvideo{\r\n    width:100%;\r\n    height:auto;\r\n}\r\n<\/style><div class='androapp'>Fahrradrouten in S\u00fcdlettland<\/div>","pwapp_post_content_type":"postprocessed","pwapp_preview_type":"excerpt","androapp_failover_post_content_type":"","share_text":"ZEMGALE. Fahrradrouten. Buch auf DEUTSCH\nvia https:\/\/velovilnius.lt\/balticcycle\/de\/product\/fahrradrouten-in-zemgale-auf-deutsch\/","supercache":"androappsupercache","_links":{"self":[{"href":"https:\/\/velovilnius.lt\/balticcycle\/de\/wp-json\/wp\/v2\/product\/6441","targetHints":{"allow":["GET"]}}],"collection":[{"href":"https:\/\/velovilnius.lt\/balticcycle\/de\/wp-json\/wp\/v2\/product"}],"about":[{"href":"https:\/\/velovilnius.lt\/balticcycle\/de\/wp-json\/wp\/v2\/types\/product"}],"replies":[{"embeddable":true,"href":"https:\/\/velovilnius.lt\/balticcycle\/de\/wp-json\/wp\/v2\/comments?post=6441"}],"wp:featuredmedia":[{"embeddable":true,"href":"https:\/\/velovilnius.lt\/balticcycle\/de\/wp-json\/wp\/v2\/media\/6440"}],"wp:attachment":[{"href":"https:\/\/velovilnius.lt\/balticcycle\/de\/wp-json\/wp\/v2\/media?parent=6441"}],"wp:term":[{"taxonomy":"product_brand","embeddable":true,"href":"https:\/\/velovilnius.lt\/balticcycle\/de\/wp-json\/wp\/v2\/product_brand?post=6441"},{"taxonomy":"product_cat","embeddable":true,"href":"https:\/\/velovilnius.lt\/balticcycle\/de\/wp-json\/wp\/v2\/product_cat?post=6441"},{"taxonomy":"product_tag","embeddable":true,"href":"https:\/\/velovilnius.lt\/balticcycle\/de\/wp-json\/wp\/v2\/product_tag?post=6441"},{"taxonomy":"product_shipping_class","embeddable":true,"href":"https:\/\/velovilnius.lt\/balticcycle\/de\/wp-json\/wp\/v2\/product_shipping_class?post=6441"}],"curies":[{"name":"wp","href":"https:\/\/api.w.org\/{rel}","templated":true}]}}