{"id":6439,"date":"2016-01-04T18:03:34","date_gmt":"2016-01-04T18:03:34","guid":{"rendered":"https:\/\/velovilnius.lt\/balticcycle\/en\/product\/fahrradrouten-in-vidzeme-auf-deutsch\/"},"modified":"2020-02-25T14:21:12","modified_gmt":"2020-02-25T14:21:12","slug":"fahrradrouten-in-vidzeme-auf-deutsch","status":"publish","type":"product","link":"https:\/\/velovilnius.lt\/balticcycle\/de\/product\/fahrradrouten-in-vidzeme-auf-deutsch\/","title":{"rendered":"VIDZEME. Fahrradrouten. Buch  AUF DEUTSCH"},"content":{"rendered":"","protected":false},"excerpt":{"rendered":"","protected":false},"featured_media":6438,"comment_status":"open","ping_status":"closed","template":"","meta":{"inline_featured_image":false,"site-sidebar-layout":"default","site-content-layout":"default","ast-site-content-layout":"default","site-content-style":"default","site-sidebar-style":"default","ast-global-header-display":"","ast-banner-title-visibility":"","ast-main-header-display":"","ast-hfb-above-header-display":"","ast-hfb-below-header-display":"","ast-hfb-mobile-header-display":"","site-post-title":"","ast-breadcrumbs-content":"","ast-featured-img":"","footer-sml-layout":"","ast-disable-related-posts":"","theme-transparent-header-meta":"default","adv-header-id-meta":"","stick-header-meta":"","header-above-stick-meta":"","header-main-stick-meta":"","header-below-stick-meta":"","astra-migrate-meta-layouts":"default","ast-page-background-enabled":"default","ast-page-background-meta":{"desktop":{"background-color":"","background-image":"","background-repeat":"repeat","background-position":"center center","background-size":"auto","background-attachment":"scroll","background-type":"","background-media":"","overlay-type":"","overlay-color":"","overlay-opacity":"","overlay-gradient":""},"tablet":{"background-color":"","background-image":"","background-repeat":"repeat","background-position":"center center","background-size":"auto","background-attachment":"scroll","background-type":"","background-media":"","overlay-type":"","overlay-color":"","overlay-opacity":"","overlay-gradient":""},"mobile":{"background-color":"","background-image":"","background-repeat":"repeat","background-position":"center center","background-size":"auto","background-attachment":"scroll","background-type":"","background-media":"","overlay-type":"","overlay-color":"","overlay-opacity":"","overlay-gradient":""}},"ast-content-background-meta":{"desktop":{"background-color":"var(--ast-global-color-5)","background-image":"","background-repeat":"repeat","background-position":"center center","background-size":"auto","background-attachment":"scroll","background-type":"","background-media":"","overlay-type":"","overlay-color":"","overlay-opacity":"","overlay-gradient":""},"tablet":{"background-color":"var(--ast-global-color-5)","background-image":"","background-repeat":"repeat","background-position":"center center","background-size":"auto","background-attachment":"scroll","background-type":"","background-media":"","overlay-type":"","overlay-color":"","overlay-opacity":"","overlay-gradient":""},"mobile":{"background-color":"var(--ast-global-color-5)","background-image":"","background-repeat":"repeat","background-position":"center center","background-size":"auto","background-attachment":"scroll","background-type":"","background-media":"","overlay-type":"","overlay-color":"","overlay-opacity":"","overlay-gradient":""}},"jetpack_post_was_ever_published":false,"jetpack_publicize_message":"","jetpack_publicize_feature_enabled":true,"jetpack_social_post_already_shared":false,"jetpack_social_options":{"image_generator_settings":{"template":"highway","default_image_id":0,"font":"","enabled":false},"version":2},"_links_to":"","_links_to_target":""},"product_brand":[],"product_cat":[503,500,497],"product_tag":[],"product_shipping_class":[],"class_list":{"0":"post-6439","1":"product","2":"type-product","3":"status-publish","4":"has-post-thumbnail","6":"product_cat-almost-free-publications-for-download","7":"product_cat-latvia-by-bicycle","8":"product_cat-maps-for-cycling-lithuania-latvia-estonia","9":"desktop-align-center","10":"tablet-align-left","11":"mobile-align-left","13":"first","14":"instock","15":"downloadable","16":"virtual","17":"purchasable","18":"product-type-simple"},"ams_default_variation_id":0,"ams_product_points_reward":[],"ams_product_discount_percentage":0,"ams_price_to_display":0.75,"ams_acf":[],"jetpack_publicize_connections":[],"jetpack_sharing_enabled":true,"jetpack-related-posts":[{"id":6441,"url":"https:\/\/velovilnius.lt\/balticcycle\/de\/product\/fahrradrouten-in-zemgale-auf-deutsch\/","url_meta":{"origin":6439,"position":0},"title":"ZEMGALE. Fahrradrouten. Buch auf DEUTSCH","author":"admin","date":"Montag, 04UTCMon, 04 Jan 2016 18:10:30 +0000  4. Januar 2016","format":false,"excerpt":"Fahrradrouten in S\u00fcdlettland","rel":"","context":"\u00c4hnlicher Beitrag","block_context":{"text":"\u00c4hnlicher Beitrag","link":""},"img":{"alt_text":"Fahrradrouten in ZEMGALE auf DEUTSCH","src":"https:\/\/i0.wp.com\/velovilnius.lt\/balticcycle\/files\/2016\/01\/p_1_4_3_143-Fahrradrouten-in-ZEMGALE-auf-DEUTSCH.jpg?resize=350%2C200&ssl=1","width":350,"height":200,"srcset":"https:\/\/i0.wp.com\/velovilnius.lt\/balticcycle\/files\/2016\/01\/p_1_4_3_143-Fahrradrouten-in-ZEMGALE-auf-DEUTSCH.jpg?resize=350%2C200&ssl=1 1x, https:\/\/i0.wp.com\/velovilnius.lt\/balticcycle\/files\/2016\/01\/p_1_4_3_143-Fahrradrouten-in-ZEMGALE-auf-DEUTSCH.jpg?resize=525%2C300&ssl=1 1.5x"},"classes":[]},{"id":6437,"url":"https:\/\/velovilnius.lt\/balticcycle\/de\/product\/tour-de-latest-guide-auf-deutsch\/","url_meta":{"origin":6439,"position":1},"title":"Tour de LatEst Guide AUF DEUTSCH (und Finnisch)","author":"admin","date":"Montag, 04UTCMon, 04 Jan 2016 17:52:28 +0000  4. Januar 2016","format":false,"excerpt":"","rel":"","context":"\u00c4hnlicher Beitrag","block_context":{"text":"\u00c4hnlicher Beitrag","link":""},"img":{"alt_text":"Tour de LatEst Guide AUF DEUTSCH","src":"https:\/\/i0.wp.com\/velovilnius.lt\/balticcycle\/files\/2016\/01\/p_1_4_0_140-Tour-de-LatEst-Guide-AUF-DEUTSCH.jpg?resize=350%2C200&ssl=1","width":350,"height":200},"classes":[]},{"id":6445,"url":"https:\/\/velovilnius.lt\/balticcycle\/de\/product\/kustenradweg-litauen-wegbeschreibung-auf-deutsch\/","url_meta":{"origin":6439,"position":2},"title":"K\u00fcstenradweg Litauen Wegbeschreibung AUF DEUTSCH","author":"admin","date":"Montag, 04UTCMon, 04 Jan 2016 18:38:41 +0000  4. Januar 2016","format":false,"excerpt":"- Klaipeda \u2013 Nida (Kurische Nehrung): 52 km - Klaipeda \u2013 Palanga \u2013 lettische Grenze (Ostseek\u00fcste): 49 km - Klaipeda \u2013 Rusne (Memeldelta): 115 km","rel":"","context":"\u00c4hnlicher Beitrag","block_context":{"text":"\u00c4hnlicher Beitrag","link":""},"img":{"alt_text":"K\u00fcstenradweg Litauen Wegbeschreibung AUF DEUTSCH","src":"https:\/\/i0.wp.com\/velovilnius.lt\/balticcycle\/files\/2016\/01\/p_1_4_5_145-Kustenradweg-Litauen-Wegbeschreibung-AUF-DEUTSCH.jpg?resize=350%2C200&ssl=1","width":350,"height":200,"srcset":"https:\/\/i0.wp.com\/velovilnius.lt\/balticcycle\/files\/2016\/01\/p_1_4_5_145-Kustenradweg-Litauen-Wegbeschreibung-AUF-DEUTSCH.jpg?resize=350%2C200&ssl=1 1x, https:\/\/i0.wp.com\/velovilnius.lt\/balticcycle\/files\/2016\/01\/p_1_4_5_145-Kustenradweg-Litauen-Wegbeschreibung-AUF-DEUTSCH.jpg?resize=525%2C300&ssl=1 1.5x, https:\/\/i0.wp.com\/velovilnius.lt\/balticcycle\/files\/2016\/01\/p_1_4_5_145-Kustenradweg-Litauen-Wegbeschreibung-AUF-DEUTSCH.jpg?resize=700%2C400&ssl=1 2x"},"classes":[]},{"id":6424,"url":"https:\/\/velovilnius.lt\/balticcycle\/de\/product\/cycle-route-in-vidzeme-booklet\/","url_meta":{"origin":6439,"position":3},"title":"Vidzeme. Cycle routes. booklet ENGLISH","author":"admin","date":"Samstag, 21UTCSat, 21 Feb 2015 15:31:05 +0000 21. Februar 2015","format":false,"excerpt":"Log in here to download the English version or follow the link","rel":"","context":"\u00c4hnlicher Beitrag","block_context":{"text":"\u00c4hnlicher Beitrag","link":""},"img":{"alt_text":"","src":"","width":0,"height":0},"classes":[]},{"id":6402,"url":"https:\/\/velovilnius.lt\/balticcycle\/de\/product\/cycle-map-vidzeme-in-english-2\/","url_meta":{"origin":6439,"position":4},"title":"Vidzeme Cycle Map  in ENGLISH (for download)","author":"admin","date":"Mittwoch, 04UTCWed, 04 Dec 2013 19:15:19 +0000  4. Dezember 2013","format":false,"excerpt":"This map is available for DOWNLOAD \u00a0here FOR FREE! And feel free to donate to support our work!","rel":"","context":"\u00c4hnlicher Beitrag","block_context":{"text":"\u00c4hnlicher Beitrag","link":""},"img":{"alt_text":"","src":"https:\/\/i0.wp.com\/velovilnius.lt\/balticcycle\/files\/2013\/12\/p_1_2_0_120-Cycle-Map-Vidzeme-in-ENGLISH.jpg?resize=350%2C200&ssl=1","width":350,"height":200},"classes":[]},{"id":6452,"url":"https:\/\/velovilnius.lt\/balticcycle\/de\/product\/latvia-bike-map-2015\/","url_meta":{"origin":6439,"position":5},"title":"Latvia Bike Map 2015","author":"admin","date":"Montag, 01UTCMon, 01 Feb 2016 09:18:21 +0000  1. Februar 2016","format":false,"excerpt":"\u00a0This Latvia Bikemap is a unique first-edition, which combines the best Latvian signposted cycling routes and Greenways, highlighting the uniqueness, cultural and natural heritage of Vidzeme, Kurzeme, Zemgale and Latgale regions. Vidzeme Tourism Association has prepared this map for all cycling enthusiasts, because we are the\u00a0coordinator for EuroVelo 13 cycling\u2026","rel":"","context":"\u00c4hnlicher Beitrag","block_context":{"text":"\u00c4hnlicher Beitrag","link":""},"img":{"alt_text":"","src":"","width":0,"height":0},"classes":[]}],"jetpack_likes_enabled":true,"pwapp_after_post_content":"","pwapp_before_post_content":"","androapp_header":"","pwapp_author":{"ID":null,"name":"admin","slug":"admin"},"pwapp_terms":{"taxonomies":{"503":{"term_id":503,"name":"ALMOST free - Publications for Download","slug":"almost-free-publications-for-download","term_group":0,"term_taxonomy_id":503,"taxonomy":"product_cat","description":"<p>Maps &amp; Cycle route descriptions for download!<\/p>\n<p>.pdf format<\/p>\n<p>For the minimal fee of 50ct!\u00a0<\/p>\n<p>SUPPORT OUR WORK!<\/p>","parent":496,"count":20,"filter":"raw","i18n_config":{"name":{"ts":{"en":"ALMOST free - Publications for Download"}}}},"500":{"term_id":500,"name":"Latvia by bicycle","slug":"latvia-by-bicycle","term_group":0,"term_taxonomy_id":500,"taxonomy":"product_cat","description":"<p><img src=\"http:\/\/www.balticcycle.eu\/shop3\/img\/cms\/Latvia_googlemap.png\" alt=\"Bike map Latvia\" width=\"300\" height=\"188\" \/><\/p>\n<p>for FREE background information (Texts, GPS-tracks, pictures) on Cycling in Latvia pls. look on:\u00a0<a href=\"https:\/\/velovilnius.lt\/balticcycle\/riga-vilnius\/riga-tallinn\/\" target=\"_blank\" class=\"btn btn-default\" rel=\"noopener noreferrer\">www.balticcycle.eu\/routes\/lat<\/a><\/p>\n<p><\/p>","parent":496,"count":16,"filter":"raw","i18n_config":{"name":{"ts":{"en":"Latvia by bicycle"}}}},"497":{"term_id":497,"name":"Maps for Cycling Lithuania, Latvia, Estonia","slug":"maps-for-cycling-lithuania-latvia-estonia","term_group":0,"term_taxonomy_id":497,"taxonomy":"product_cat","description":"<p>Cycle guides and cycle maps for Cycling the Baltic States...<\/p>\n<p>for background and overview information pls. look on <a href=\"https:\/\/balticcycle.eu\/routes\" target=\"_blank\" class=\"btn btn-default\" rel=\"noopener noreferrer\">www.balticcycle.eu\/routes<\/a>\u00a0(in English and German)<\/p>","parent":496,"count":27,"filter":"raw","i18n_config":{"name":{"ts":{"en":"Maps for Cycling Lithuania, Latvia, Estonia"}}}}}},"pwapp_feed_image_dimension_type":"preview","featuredimage":"https:\/\/velovilnius.lt\/balticcycle\/files\/2016\/01\/p_1_4_2_142-Fahrradrouten-in-VIDZEME-AUF-DEUTSCH.jpg","pwapp_post_image":"https:\/\/velovilnius.lt\/balticcycle\/files\/2016\/01\/p_1_4_2_142-Fahrradrouten-in-VIDZEME-AUF-DEUTSCH.jpg","share_image":"https:\/\/velovilnius.lt\/balticcycle\/files\/2016\/01\/p_1_4_2_142-Fahrradrouten-in-VIDZEME-AUF-DEUTSCH.jpg","featured_image_showhide":"show","featured_image":{"url":"https:\/\/velovilnius.lt\/balticcycle\/files\/2016\/01\/p_1_4_2_142-Fahrradrouten-in-VIDZEME-AUF-DEUTSCH.jpg"},"pwapp_excerpt":"","pwapp_title":"VIDZEME. Fahrradrouten. Buch  AUF DEUTSCH","androapp_image_list":[],"pwapp_post_content":"<style type=\"text\/css\">androapp img{\r\n    max-width: 100%;\r\n    height: auto;\r\n}\r\niframe{\r\n    max-width: 100%;    \r\n}\r\nfigure {\r\n    max-width: 100%;\r\n    height: auto;\r\n}\r\nimg{\r\n    max-width: 100% !important;\r\n    height: auto;\r\n}\r\ndiv {\r\n    max-width: 100% !important;\r\n}\r\nspan {\r\n    max-width:100%;\r\n    overflow: auto;\r\n}\r\naudio {\r\n    display:block;\r\n    visibility:visible !important;\r\n}\r\nvideo{\r\n    width:100%;\r\n    height:auto;\r\n}\r\n<\/style><div class='androapp'><\/div>","pwapp_post_content_type":"postprocessed","pwapp_preview_type":"excerpt","androapp_failover_post_content_type":"","share_text":"VIDZEME. Fahrradrouten. Buch  AUF DEUTSCH\nvia https:\/\/velovilnius.lt\/balticcycle\/de\/product\/fahrradrouten-in-vidzeme-auf-deutsch\/","supercache":"androappsupercache","_links":{"self":[{"href":"https:\/\/velovilnius.lt\/balticcycle\/de\/wp-json\/wp\/v2\/product\/6439","targetHints":{"allow":["GET"]}}],"collection":[{"href":"https:\/\/velovilnius.lt\/balticcycle\/de\/wp-json\/wp\/v2\/product"}],"about":[{"href":"https:\/\/velovilnius.lt\/balticcycle\/de\/wp-json\/wp\/v2\/types\/product"}],"replies":[{"embeddable":true,"href":"https:\/\/velovilnius.lt\/balticcycle\/de\/wp-json\/wp\/v2\/comments?post=6439"}],"wp:featuredmedia":[{"embeddable":true,"href":"https:\/\/velovilnius.lt\/balticcycle\/de\/wp-json\/wp\/v2\/media\/6438"}],"wp:attachment":[{"href":"https:\/\/velovilnius.lt\/balticcycle\/de\/wp-json\/wp\/v2\/media?parent=6439"}],"wp:term":[{"taxonomy":"product_brand","embeddable":true,"href":"https:\/\/velovilnius.lt\/balticcycle\/de\/wp-json\/wp\/v2\/product_brand?post=6439"},{"taxonomy":"product_cat","embeddable":true,"href":"https:\/\/velovilnius.lt\/balticcycle\/de\/wp-json\/wp\/v2\/product_cat?post=6439"},{"taxonomy":"product_tag","embeddable":true,"href":"https:\/\/velovilnius.lt\/balticcycle\/de\/wp-json\/wp\/v2\/product_tag?post=6439"},{"taxonomy":"product_shipping_class","embeddable":true,"href":"https:\/\/velovilnius.lt\/balticcycle\/de\/wp-json\/wp\/v2\/product_shipping_class?post=6439"}],"curies":[{"name":"wp","href":"https:\/\/api.w.org\/{rel}","templated":true}]}}