{"id":6402,"date":"2013-12-04T19:15:19","date_gmt":"2013-12-04T19:15:19","guid":{"rendered":"https:\/\/velovilnius.lt\/balticcycle\/en\/product\/cycle-map-vidzeme-in-english\/"},"modified":"2020-02-25T14:05:44","modified_gmt":"2020-02-25T14:05:44","slug":"cycle-map-vidzeme-in-english-2","status":"publish","type":"product","link":"https:\/\/velovilnius.lt\/balticcycle\/de\/product\/cycle-map-vidzeme-in-english-2\/","title":{"rendered":"Vidzeme Cycle Map  in ENGLISH (for download)"},"content":{"rendered":"<p>2013 new cycle maps of Latvia cover:\u00a0<\/p>\n<p><strong>Northern Latvia &#8211; Vidzeme<\/strong><\/p>\n<ul>\n<li>Planned EuroVelo 10 and EuroVelo 13 routes<\/li>\n<li>National, regional and local cycle routes<\/li>\n<li>sites along the cycle routes<\/li>\n<li>Map in scale 1:500.000<\/li>\n<\/ul>\n<p>\u00a0<\/p>\n<p><strong>Western Latvia &#8211; Kurzeme:<\/strong><\/p>\n<ul>\n<li>22 cycling routes\u00a0<\/li>\n<li>Planned EuroVelo 10 and EuroVelo 13 routes<\/li>\n<li>Local and regional cycle routes<\/li>\n<li>38 nature sites, 8 active tourism sites, 59 sites of cultural and historical heritage, 23 sites of culture and traditions, 7 sites for gastronomic tourism (cheers \ud83d\ude42<\/li>\n<li>Map in scale 1:500.000<\/li>\n<\/ul>\n<p><strong>Southern Latvia &#8211; Zemgale<\/strong><\/p>\n<p>\u00a0<\/p>\n<div>\n<ul>\n<li>18 local routes with sites\u00a0<\/li>\n<li>Map in scale 1:400.000<\/li>\n<\/ul>\n<p><strong><br \/><\/strong><\/div>\n<p><em>And of cause places of interest<\/em><\/p>\n<p>Vidzeme seaside stands out with picturesque landscapes and a large variety of nature objects. There are high sand dunes and sandstone cliffs, as\u00a0well as a stony beach and the peculiar randu or seaside meadows.\u00a0You will cross several unique nature territories \u2013 Seaside Nature Park,\u00a0Northern Vidzeme Biosphere Reserve, the most beautiful rivers in Latvia\u00a0and districts with their own unique cultural heritage.<\/p>\n<p>Latvia is an excellent starting point for cycling tours to Estonia and\u00a0Lithuania. From Sigulda to Alla\u017emui\u017ea the Latvian route No 7 is connected\u00a0with the Tour de LatEst route. Here you can choose, whether to continue\u00a0the road to Lithuania or take the 1296 km long marked road to Estonia.<\/p>\n<p>Daugava Cycling Route starts along the right bank of the Daugava River from\u00a0Ik\u0161\u0137ile, Ogre and \u0136egums and goes all the way to Lithuania. In Il\u016bkste, before\u00a0Daugavpils, take the direction towards Subate and Roki\u0161kis (Lithuania).<\/p>\n<p>The map has been published thank to\u00a0<a title=\"CentralBalticCycling\" href=\"http:\/\/www.vidzeme.com\/en\/vta-projects\/central-baltic-cycling\/91-central-baltic-cycling.html\" target=\"_blank\" rel=\"noopener\">CentralBalticCycling<\/a>\u00a0project.<\/p>\n<p>You can\u00a0<a title=\"download the map in pdf format here!\" href=\"https:\/\/velovilnius.lt\/balticcycle\/files\/2013\/12\/old.vidzeme.com_faili_20130212152023781.pdf\">download the map in pdf format here!<\/a><\/p>\n<p>Other languages available:\u00a0<a title=\"Latvian\" href=\"https:\/\/velovilnius.lt\/balticcycle\/files\/2013\/12\/old.vidzeme.com_faili_20130212151722243.pdf\">Latvian<\/a>\u00a0<a title=\"German\" href=\"https:\/\/velovilnius.lt\/balticcycle\/files\/2013\/12\/old.vidzeme.com_faili_20130212152332995.pdf\">German<\/a>\u00a0<a title=\"Russian\" href=\"https:\/\/velovilnius.lt\/balticcycle\/files\/2013\/12\/old.vidzeme.com_faili_20130212152332995.pdf\">Russian<\/a>\u00a0<a title=\"Dutch\" href=\"https:\/\/velovilnius.lt\/balticcycle\/files\/2013\/12\/old.vidzeme.com_faili_20130212153021728.pdf\">Dutch<\/a>\u00a0<a title=\"Estonian\" href=\"https:\/\/velovilnius.lt\/balticcycle\/files\/2013\/12\/old.vidzeme.com_faili_20130212153438355.pdf\">Estonian<\/a>\u00a0<a title=\"Swedish\" href=\"https:\/\/velovilnius.lt\/balticcycle\/files\/2013\/12\/old.vidzeme.com_faili_20130212154153238.pdf\">Swedish<\/a><a title=\"Finnish\" href=\"https:\/\/velovilnius.lt\/balticcycle\/files\/2013\/12\/old.vidzeme.com_faili_20130212153736635.pdf\">Finnish<\/a><\/p>\n<p><span>Paperback versions are available in Vidzeme tourism information centres, as well as distributed in local and international tourism fairs.<\/span><\/p>\n<p>You can also request the maps by post by\u00a0<a title=\"contacting us!\" href=\"http:\/\/www.vidzeme.com\/en\/about-association\/contact-us\/\" target=\"_blank\" rel=\"noopener\">contacting us!<\/a><\/p>","protected":false},"excerpt":{"rendered":"<p>This map is available for DOWNLOAD \u00a0here FOR FREE!<\/p>\n<p>And feel free to donate to support our work!<\/p>\n","protected":false},"featured_media":6393,"comment_status":"open","ping_status":"closed","template":"","meta":{"inline_featured_image":false,"site-sidebar-layout":"default","site-content-layout":"default","ast-site-content-layout":"default","site-content-style":"default","site-sidebar-style":"default","ast-global-header-display":"","ast-banner-title-visibility":"","ast-main-header-display":"","ast-hfb-above-header-display":"","ast-hfb-below-header-display":"","ast-hfb-mobile-header-display":"","site-post-title":"","ast-breadcrumbs-content":"","ast-featured-img":"","footer-sml-layout":"","ast-disable-related-posts":"","theme-transparent-header-meta":"default","adv-header-id-meta":"","stick-header-meta":"","header-above-stick-meta":"","header-main-stick-meta":"","header-below-stick-meta":"","astra-migrate-meta-layouts":"default","ast-page-background-enabled":"default","ast-page-background-meta":{"desktop":{"background-color":"","background-image":"","background-repeat":"repeat","background-position":"center center","background-size":"auto","background-attachment":"scroll","background-type":"","background-media":"","overlay-type":"","overlay-color":"","overlay-opacity":"","overlay-gradient":""},"tablet":{"background-color":"","background-image":"","background-repeat":"repeat","background-position":"center center","background-size":"auto","background-attachment":"scroll","background-type":"","background-media":"","overlay-type":"","overlay-color":"","overlay-opacity":"","overlay-gradient":""},"mobile":{"background-color":"","background-image":"","background-repeat":"repeat","background-position":"center center","background-size":"auto","background-attachment":"scroll","background-type":"","background-media":"","overlay-type":"","overlay-color":"","overlay-opacity":"","overlay-gradient":""}},"ast-content-background-meta":{"desktop":{"background-color":"var(--ast-global-color-5)","background-image":"","background-repeat":"repeat","background-position":"center center","background-size":"auto","background-attachment":"scroll","background-type":"","background-media":"","overlay-type":"","overlay-color":"","overlay-opacity":"","overlay-gradient":""},"tablet":{"background-color":"var(--ast-global-color-5)","background-image":"","background-repeat":"repeat","background-position":"center center","background-size":"auto","background-attachment":"scroll","background-type":"","background-media":"","overlay-type":"","overlay-color":"","overlay-opacity":"","overlay-gradient":""},"mobile":{"background-color":"var(--ast-global-color-5)","background-image":"","background-repeat":"repeat","background-position":"center center","background-size":"auto","background-attachment":"scroll","background-type":"","background-media":"","overlay-type":"","overlay-color":"","overlay-opacity":"","overlay-gradient":""}},"jetpack_post_was_ever_published":false,"jetpack_publicize_message":"","jetpack_publicize_feature_enabled":true,"jetpack_social_post_already_shared":false,"jetpack_social_options":{"image_generator_settings":{"template":"highway","default_image_id":0,"font":"","enabled":false},"version":2},"_links_to":"","_links_to_target":""},"product_brand":[],"product_cat":[503,500,497],"product_tag":[533],"product_shipping_class":[],"class_list":{"0":"post-6402","1":"product","2":"type-product","3":"status-publish","4":"has-post-thumbnail","6":"product_cat-almost-free-publications-for-download","7":"product_cat-latvia-by-bicycle","8":"product_cat-maps-for-cycling-lithuania-latvia-estonia","9":"product_tag-latvia","10":"desktop-align-center","11":"tablet-align-left","12":"mobile-align-left","14":"first","15":"instock","16":"downloadable","17":"virtual","18":"purchasable","19":"product-type-simple"},"ams_default_variation_id":0,"ams_product_points_reward":[],"ams_product_discount_percentage":0,"ams_price_to_display":1,"ams_acf":[],"jetpack_publicize_connections":[],"jetpack_sharing_enabled":true,"jetpack-related-posts":[{"id":6390,"url":"https:\/\/velovilnius.lt\/balticcycle\/de\/product\/cycle-map-kurzeme-in-english-2\/","url_meta":{"origin":6402,"position":0},"title":"Kurzeme Cycle Map in English (for download)","author":"admin","date":"Mittwoch, 04UTCWed, 04 Dec 2013 18:59:13 +0000  4. Dezember 2013","format":false,"excerpt":"This map is available for DOWNLOAD \u00a0here FOR FREE! And feel free to donate to support our work!","rel":"","context":"\u00c4hnlicher Beitrag","block_context":{"text":"\u00c4hnlicher Beitrag","link":""},"img":{"alt_text":"","src":"https:\/\/i0.wp.com\/velovilnius.lt\/balticcycle\/files\/2013\/12\/p_1_1_8_118-Cycle-Map-Kurzeme-in-English.jpg?resize=350%2C200&ssl=1","width":350,"height":200},"classes":[]},{"id":6392,"url":"https:\/\/velovilnius.lt\/balticcycle\/de\/product\/cycle-map-zemgale-in-english-2\/","url_meta":{"origin":6402,"position":1},"title":"ZEMGALE. Cycle Map  in ENGLISH (for Download!)","author":"admin","date":"Mittwoch, 04UTCWed, 04 Dec 2013 19:05:52 +0000  4. Dezember 2013","format":false,"excerpt":"This map is available for DOWNLOAD \u00a0here FOR FREE! Soon, we will be able to offer paper copies (if you cover the sending costs) And feel free to donate to support our work!","rel":"","context":"\u00c4hnlicher Beitrag","block_context":{"text":"\u00c4hnlicher Beitrag","link":""},"img":{"alt_text":"","src":"","width":0,"height":0},"classes":[]},{"id":6452,"url":"https:\/\/velovilnius.lt\/balticcycle\/de\/product\/latvia-bike-map-2015\/","url_meta":{"origin":6402,"position":2},"title":"Latvia Bike Map 2015","author":"admin","date":"Montag, 01UTCMon, 01 Feb 2016 09:18:21 +0000  1. Februar 2016","format":false,"excerpt":"\u00a0This Latvia Bikemap is a unique first-edition, which combines the best Latvian signposted cycling routes and Greenways, highlighting the uniqueness, cultural and natural heritage of Vidzeme, Kurzeme, Zemgale and Latgale regions. Vidzeme Tourism Association has prepared this map for all cycling enthusiasts, because we are the\u00a0coordinator for EuroVelo 13 cycling\u2026","rel":"","context":"\u00c4hnlicher Beitrag","block_context":{"text":"\u00c4hnlicher Beitrag","link":""},"img":{"alt_text":"","src":"","width":0,"height":0},"classes":[]},{"id":6258,"url":"https:\/\/www.balticcycle.eu\/shop3\/en\/maps-for-cycling-lithuania-latvia-estonia\/1-cycle-map-estonia.html","url_meta":{"origin":6402,"position":3},"title":"Cycle Map ESTONIA (2023) PAPER COPY","author":"admin","date":"Mittwoch, 28UTCWed, 28 Aug 2013 13:19:40 +0000 28. August 2013","format":false,"excerpt":"Official map of the Estonian National Cycle Network. General information on cyling in Estonia: balticcycle.eu\/routes\/est","rel":"","context":"\u00c4hnlicher Beitrag","block_context":{"text":"\u00c4hnlicher Beitrag","link":""},"img":{"alt_text":"","src":"https:\/\/i0.wp.com\/velovilnius.lt\/balticcycle\/files\/2013\/08\/p_1_2_4_124-Cycle-Map-ESTONIA-2014.jpg?resize=350%2C200&ssl=1","width":350,"height":200},"classes":[]},{"id":6267,"url":"https:\/\/www.balticcycle.eu\/shop3\/en\/maps-for-cycling-lithuania-latvia-estonia\/4-lt1-warsaw-vilnius-by-bicycle-.html","url_meta":{"origin":6402,"position":4},"title":"LT1 Warsaw-Vilnius by bicycle (PAPER COPY)","author":"admin","date":"Mittwoch, 28UTCWed, 28 Aug 2013 14:43:28 +0000 28. August 2013","format":false,"excerpt":"discover the Forests of the Lithuanian South! This booklet was made by our - 159 cyclist from 16 countries- riding in the BaltiCCycle 2003 from Warsaw to Vilnius. It contains schemes of the route (no maps), information on sightseeing and accommodation. Discover a region of wild nature! The route shall\u2026","rel":"","context":"\u00c4hnlicher Beitrag","block_context":{"text":"\u00c4hnlicher Beitrag","link":""},"img":{"alt_text":"LT1 Warsaw-Vilnius by bicycle (PAPER COPY)","src":"https:\/\/i0.wp.com\/velovilnius.lt\/balticcycle\/files\/2013\/08\/p_8_8-LT1-Warsaw-Vilnius-by-bicycle-PAPER-COPY.jpg?resize=350%2C200&ssl=1","width":350,"height":200},"classes":[]},{"id":6424,"url":"https:\/\/velovilnius.lt\/balticcycle\/de\/product\/cycle-route-in-vidzeme-booklet\/","url_meta":{"origin":6402,"position":5},"title":"Vidzeme. Cycle routes. booklet ENGLISH","author":"admin","date":"Samstag, 21UTCSat, 21 Feb 2015 15:31:05 +0000 21. Februar 2015","format":false,"excerpt":"Log in here to download the English version or follow the link","rel":"","context":"\u00c4hnlicher Beitrag","block_context":{"text":"\u00c4hnlicher Beitrag","link":""},"img":{"alt_text":"","src":"","width":0,"height":0},"classes":[]}],"jetpack_likes_enabled":true,"pwapp_after_post_content":"","pwapp_before_post_content":"","androapp_header":"","pwapp_author":{"ID":null,"name":"admin","slug":"admin"},"pwapp_terms":{"taxonomies":{"503":{"term_id":503,"name":"ALMOST free - Publications for Download","slug":"almost-free-publications-for-download","term_group":0,"term_taxonomy_id":503,"taxonomy":"product_cat","description":"<p>Maps &amp; Cycle route descriptions for download!<\/p>\n<p>.pdf format<\/p>\n<p>For the minimal fee of 50ct!\u00a0<\/p>\n<p>SUPPORT OUR WORK!<\/p>","parent":496,"count":20,"filter":"raw","i18n_config":{"name":{"ts":{"en":"ALMOST free - Publications for Download"}}}},"500":{"term_id":500,"name":"Latvia by bicycle","slug":"latvia-by-bicycle","term_group":0,"term_taxonomy_id":500,"taxonomy":"product_cat","description":"<p><img src=\"http:\/\/www.balticcycle.eu\/shop3\/img\/cms\/Latvia_googlemap.png\" alt=\"Bike map Latvia\" width=\"300\" height=\"188\" \/><\/p>\n<p>for FREE background information (Texts, GPS-tracks, pictures) on Cycling in Latvia pls. look on:\u00a0<a href=\"https:\/\/velovilnius.lt\/balticcycle\/riga-vilnius\/riga-tallinn\/\" target=\"_blank\" class=\"btn btn-default\" rel=\"noopener noreferrer\">www.balticcycle.eu\/routes\/lat<\/a><\/p>\n<p><\/p>","parent":496,"count":16,"filter":"raw","i18n_config":{"name":{"ts":{"en":"Latvia by bicycle"}}}},"497":{"term_id":497,"name":"Maps for Cycling Lithuania, Latvia, Estonia","slug":"maps-for-cycling-lithuania-latvia-estonia","term_group":0,"term_taxonomy_id":497,"taxonomy":"product_cat","description":"<p>Cycle guides and cycle maps for Cycling the Baltic States...<\/p>\n<p>for background and overview information pls. look on <a href=\"https:\/\/balticcycle.eu\/routes\" target=\"_blank\" class=\"btn btn-default\" rel=\"noopener noreferrer\">www.balticcycle.eu\/routes<\/a>\u00a0(in English and German)<\/p>","parent":496,"count":27,"filter":"raw","i18n_config":{"name":{"ts":{"en":"Maps for Cycling Lithuania, Latvia, Estonia"}}}},"533":{"term_id":533,"name":"Latvia","slug":"latvia","term_group":0,"term_taxonomy_id":533,"taxonomy":"product_tag","description":"","parent":0,"count":5,"filter":"raw","i18n_config":{"name":{"ts":{"en":"Latvia"}}}}}},"pwapp_feed_image_dimension_type":"preview","featuredimage":"https:\/\/velovilnius.lt\/balticcycle\/files\/2013\/12\/p_1_2_0_120-Cycle-Map-Vidzeme-in-ENGLISH.jpg","pwapp_post_image":"https:\/\/velovilnius.lt\/balticcycle\/files\/2013\/12\/p_1_2_0_120-Cycle-Map-Vidzeme-in-ENGLISH.jpg","share_image":"https:\/\/velovilnius.lt\/balticcycle\/files\/2013\/12\/p_1_2_0_120-Cycle-Map-Vidzeme-in-ENGLISH.jpg","featured_image_showhide":"show","featured_image":{"url":"https:\/\/velovilnius.lt\/balticcycle\/files\/2013\/12\/p_1_2_0_120-Cycle-Map-Vidzeme-in-ENGLISH.jpg"},"pwapp_excerpt":"<p>This map is available for DOWNLOAD \u00a0here FOR FREE!<\/p>\n<p>And feel free to donate to support our work!<\/p>\n","pwapp_title":"Vidzeme Cycle Map  in ENGLISH (for download)","androapp_image_list":[],"pwapp_post_content":"<style type=\"text\/css\">androapp img{\r\n    max-width: 100%;\r\n    height: auto;\r\n}\r\niframe{\r\n    max-width: 100%;    \r\n}\r\nfigure {\r\n    max-width: 100%;\r\n    height: auto;\r\n}\r\nimg{\r\n    max-width: 100% !important;\r\n    height: auto;\r\n}\r\ndiv {\r\n    max-width: 100% !important;\r\n}\r\nspan {\r\n    max-width:100%;\r\n    overflow: auto;\r\n}\r\naudio {\r\n    display:block;\r\n    visibility:visible !important;\r\n}\r\nvideo{\r\n    width:100%;\r\n    height:auto;\r\n}\r\n<\/style><div class='androapp'><p>2013 new cycle maps of Latvia cover:\u00a0<\/p>\n<p><strong>Northern Latvia &#8211; Vidzeme<\/strong><\/p>\n<ul>\n<li>Planned EuroVelo 10 and EuroVelo 13 routes<\/li>\n<li>National, regional and local cycle routes<\/li>\n<li>sites along the cycle routes<\/li>\n<li>Map in scale 1:500.000<\/li>\n<\/ul>\n<p>\u00a0<\/p>\n<p><strong>Western Latvia &#8211; Kurzeme:<\/strong><\/p>\n<ul>\n<li>22 cycling routes\u00a0<\/li>\n<li>Planned EuroVelo 10 and EuroVelo 13 routes<\/li>\n<li>Local and regional cycle routes<\/li>\n<li>38 nature sites, 8 active tourism sites, 59 sites of cultural and historical heritage, 23 sites of culture and traditions, 7 sites for gastronomic tourism (cheers \ud83d\ude42<\/li>\n<li>Map in scale 1:500.000<\/li>\n<\/ul>\n<p><strong>Southern Latvia &#8211; Zemgale<\/strong><\/p>\n<p>\u00a0<\/p>\n<div>\n<ul>\n<li>18 local routes with sites\u00a0<\/li>\n<li>Map in scale 1:400.000<\/li>\n<\/ul>\n<p><strong><br \/><\/strong><\/div>\n<p><em>And of cause places of interest<\/em><\/p>\n<p>Vidzeme seaside stands out with picturesque landscapes and a large variety of nature objects. There are high sand dunes and sandstone cliffs, as\u00a0well as a stony beach and the peculiar randu or seaside meadows.\u00a0You will cross several unique nature territories \u2013 Seaside Nature Park,\u00a0Northern Vidzeme Biosphere Reserve, the most beautiful rivers in Latvia\u00a0and districts with their own unique cultural heritage.<\/p>\n<p>Latvia is an excellent starting point for cycling tours to Estonia and\u00a0Lithuania. From Sigulda to Alla\u017emui\u017ea the Latvian route No 7 is connected\u00a0with the Tour de LatEst route. Here you can choose, whether to continue\u00a0the road to Lithuania or take the 1296 km long marked road to Estonia.<\/p>\n<p>Daugava Cycling Route starts along the right bank of the Daugava River from\u00a0Ik\u0161\u0137ile, Ogre and \u0136egums and goes all the way to Lithuania. In Il\u016bkste, before\u00a0Daugavpils, take the direction towards Subate and Roki\u0161kis (Lithuania).<\/p>\n<p>The map has been published thank to\u00a0<a title=\"CentralBalticCycling\" href=\"http:\/\/www.vidzeme.com\/en\/vta-projects\/central-baltic-cycling\/91-central-baltic-cycling.html\" target=\"_blank\" rel=\"noopener\">CentralBalticCycling<\/a>\u00a0project.<\/p>\n<p>You can\u00a0<a title=\"download the map in pdf format here!\" href=\"https:\/\/velovilnius.lt\/balticcycle\/files\/2013\/12\/old.vidzeme.com_faili_20130212152023781.pdf\">download the map in pdf format here!<\/a><\/p>\n<p>Other languages available:\u00a0<a title=\"Latvian\" href=\"https:\/\/velovilnius.lt\/balticcycle\/files\/2013\/12\/old.vidzeme.com_faili_20130212151722243.pdf\">Latvian<\/a>\u00a0<a title=\"German\" href=\"https:\/\/velovilnius.lt\/balticcycle\/files\/2013\/12\/old.vidzeme.com_faili_20130212152332995.pdf\">German<\/a>\u00a0<a title=\"Russian\" href=\"https:\/\/velovilnius.lt\/balticcycle\/files\/2013\/12\/old.vidzeme.com_faili_20130212152332995.pdf\">Russian<\/a>\u00a0<a title=\"Dutch\" href=\"https:\/\/velovilnius.lt\/balticcycle\/files\/2013\/12\/old.vidzeme.com_faili_20130212153021728.pdf\">Dutch<\/a>\u00a0<a title=\"Estonian\" href=\"https:\/\/velovilnius.lt\/balticcycle\/files\/2013\/12\/old.vidzeme.com_faili_20130212153438355.pdf\">Estonian<\/a>\u00a0<a title=\"Swedish\" href=\"https:\/\/velovilnius.lt\/balticcycle\/files\/2013\/12\/old.vidzeme.com_faili_20130212154153238.pdf\">Swedish<\/a><a title=\"Finnish\" href=\"https:\/\/velovilnius.lt\/balticcycle\/files\/2013\/12\/old.vidzeme.com_faili_20130212153736635.pdf\">Finnish<\/a><\/p>\n<p><span>Paperback versions are available in Vidzeme tourism information centres, as well as distributed in local and international tourism fairs.<\/span><\/p>\n<p>You can also request the maps by post by\u00a0<a title=\"contacting us!\" href=\"http:\/\/www.vidzeme.com\/en\/about-association\/contact-us\/\" target=\"_blank\" rel=\"noopener\">contacting us!<\/a><\/p><\/div>","pwapp_post_content_type":"postprocessed","pwapp_preview_type":"excerpt","androapp_failover_post_content_type":"","share_text":"Vidzeme Cycle Map  in ENGLISH (for download)\nvia https:\/\/velovilnius.lt\/balticcycle\/de\/product\/cycle-map-vidzeme-in-english-2\/","supercache":"androappsupercache","_links":{"self":[{"href":"https:\/\/velovilnius.lt\/balticcycle\/de\/wp-json\/wp\/v2\/product\/6402","targetHints":{"allow":["GET"]}}],"collection":[{"href":"https:\/\/velovilnius.lt\/balticcycle\/de\/wp-json\/wp\/v2\/product"}],"about":[{"href":"https:\/\/velovilnius.lt\/balticcycle\/de\/wp-json\/wp\/v2\/types\/product"}],"replies":[{"embeddable":true,"href":"https:\/\/velovilnius.lt\/balticcycle\/de\/wp-json\/wp\/v2\/comments?post=6402"}],"wp:featuredmedia":[{"embeddable":true,"href":"https:\/\/velovilnius.lt\/balticcycle\/de\/wp-json\/wp\/v2\/media\/6393"}],"wp:attachment":[{"href":"https:\/\/velovilnius.lt\/balticcycle\/de\/wp-json\/wp\/v2\/media?parent=6402"}],"wp:term":[{"taxonomy":"product_brand","embeddable":true,"href":"https:\/\/velovilnius.lt\/balticcycle\/de\/wp-json\/wp\/v2\/product_brand?post=6402"},{"taxonomy":"product_cat","embeddable":true,"href":"https:\/\/velovilnius.lt\/balticcycle\/de\/wp-json\/wp\/v2\/product_cat?post=6402"},{"taxonomy":"product_tag","embeddable":true,"href":"https:\/\/velovilnius.lt\/balticcycle\/de\/wp-json\/wp\/v2\/product_tag?post=6402"},{"taxonomy":"product_shipping_class","embeddable":true,"href":"https:\/\/velovilnius.lt\/balticcycle\/de\/wp-json\/wp\/v2\/product_shipping_class?post=6402"}],"curies":[{"name":"wp","href":"https:\/\/api.w.org\/{rel}","templated":true}]}}