{"id":6271,"date":"2013-08-28T14:45:43","date_gmt":"2013-08-28T14:45:43","guid":{"rendered":"https:\/\/velovilnius.lt\/balticcycle\/en\/product\/lt2-memelnemunasradweg-kaunas\/"},"modified":"2023-05-02T17:44:11","modified_gmt":"2023-05-02T15:44:11","slug":"lt2-memelnemunasradweg-kaunas","status":"publish","type":"product","link":"https:\/\/velovilnius.lt\/balticcycle\/de\/product\/lt2-memelnemunasradweg-kaunas\/","title":{"rendered":"LT2: Memel\/Nemunasradweg Kaunas-Klaipeda (Download)"},"content":{"rendered":"<h1><span style=\"color:#ff0000;\">SINCE 2016-04-12 there is a digital version (pdf) with the original texts and maps online<\/span><\/h1>\n<h1><span style=\"color:#ff0000;\">IN GERMAN ONLY<\/span><\/h1>\n<p>Information on the route here:\u00a0<a href=\"http:\/\/velovilnius.lt\/balticcycle\/riga-vilnius\/riga-vilnius-2\/lt2-nieman-cycle-trail-vilnius-kaunas-jurbarkas-silute\/\" target=\"_blank\" rel=\"noopener noreferrer\">http:\/\/velovilnius.lt\/balticcycle\/riga-vilnius\/riga-vilnius-2\/lt2-nieman-cycle-trail-vilnius-kaunas-jurbarkas-silute\/<\/a><\/p>\n<p>\u00a0BaltiCCycle Guides Made within the project &#8220;Nieman Cycle Trail&#8221;, <\/p>\n<p>\u00a0it describes the route between Kaunas and Klaipeda in Lithuania &#8211; and connects history and stories with nature <\/p>\n<p>ATTENTION! A seperat Cycle trail is just to be build, <span style=\"font-weight:bold;\">ONLY GERMAN VERSION AVAILABLE<\/span> <\/p>\n<p><a href=\"http:\/\/www.balticcycle.eu\/routes\/lit#lt2\" target=\"_blank\" rel=\"noopener\">For information on cycling on this route\u00a0 here<\/a><\/p>\n<p><img decoding=\"async\" style=\"float:left;width:1000px;height:601px;\" src=\"http:\/\/wiki.dviratis.lt\/show_image.php?id=70&amp;scaled&amp;scalesize=0\" alt=\"\" \/><\/p>","protected":false},"excerpt":{"rendered":"<p>Kaunas-\u0160il\u016bt\u0117-Klaip\u0117da<\/p>\n","protected":false},"featured_media":6270,"comment_status":"open","ping_status":"closed","template":"","meta":{"inline_featured_image":false,"site-sidebar-layout":"default","site-content-layout":"default","ast-site-content-layout":"default","site-content-style":"default","site-sidebar-style":"default","ast-global-header-display":"","ast-banner-title-visibility":"","ast-main-header-display":"","ast-hfb-above-header-display":"","ast-hfb-below-header-display":"","ast-hfb-mobile-header-display":"","site-post-title":"","ast-breadcrumbs-content":"","ast-featured-img":"","footer-sml-layout":"","ast-disable-related-posts":"","theme-transparent-header-meta":"default","adv-header-id-meta":"","stick-header-meta":"","header-above-stick-meta":"","header-main-stick-meta":"","header-below-stick-meta":"","astra-migrate-meta-layouts":"default","ast-page-background-enabled":"default","ast-page-background-meta":{"desktop":{"background-color":"","background-image":"","background-repeat":"repeat","background-position":"center center","background-size":"auto","background-attachment":"scroll","background-type":"","background-media":"","overlay-type":"","overlay-color":"","overlay-opacity":"","overlay-gradient":""},"tablet":{"background-color":"","background-image":"","background-repeat":"repeat","background-position":"center center","background-size":"auto","background-attachment":"scroll","background-type":"","background-media":"","overlay-type":"","overlay-color":"","overlay-opacity":"","overlay-gradient":""},"mobile":{"background-color":"","background-image":"","background-repeat":"repeat","background-position":"center center","background-size":"auto","background-attachment":"scroll","background-type":"","background-media":"","overlay-type":"","overlay-color":"","overlay-opacity":"","overlay-gradient":""}},"ast-content-background-meta":{"desktop":{"background-color":"var(--ast-global-color-5)","background-image":"","background-repeat":"repeat","background-position":"center center","background-size":"auto","background-attachment":"scroll","background-type":"","background-media":"","overlay-type":"","overlay-color":"","overlay-opacity":"","overlay-gradient":""},"tablet":{"background-color":"var(--ast-global-color-5)","background-image":"","background-repeat":"repeat","background-position":"center center","background-size":"auto","background-attachment":"scroll","background-type":"","background-media":"","overlay-type":"","overlay-color":"","overlay-opacity":"","overlay-gradient":""},"mobile":{"background-color":"var(--ast-global-color-5)","background-image":"","background-repeat":"repeat","background-position":"center center","background-size":"auto","background-attachment":"scroll","background-type":"","background-media":"","overlay-type":"","overlay-color":"","overlay-opacity":"","overlay-gradient":""}},"jetpack_post_was_ever_published":false,"jetpack_publicize_message":"","jetpack_publicize_feature_enabled":true,"jetpack_social_post_already_shared":false,"jetpack_social_options":{"image_generator_settings":{"template":"highway","enabled":false},"version":2},"_links_to":"","_links_to_target":""},"product_cat":[496,497,499],"product_tag":[516,514,517],"product_shipping_class":[],"ams_default_variation_id":0,"ams_product_points_reward":[],"ams_product_discount_percentage":0,"ams_price_to_display":1,"jetpack_publicize_connections":[],"ams_acf":[],"jetpack_sharing_enabled":true,"jetpack-related-posts":[],"jetpack_likes_enabled":true,"pwapp_after_post_content":"","pwapp_before_post_content":"","androapp_header":"","pwapp_author":{"ID":null,"name":"admin","slug":"admin"},"pwapp_terms":{"taxonomies":{"496":{"term_id":496,"name":"Home","slug":"home","term_group":0,"term_taxonomy_id":496,"taxonomy":"product_cat","description":"","parent":0,"count":10,"filter":"raw","i18n_config":{"name":{"ts":{"en":"Home"}}}},"497":{"term_id":497,"name":"Maps for Cycling Lithuania, Latvia, Estonia","slug":"maps-for-cycling-lithuania-latvia-estonia","term_group":0,"term_taxonomy_id":497,"taxonomy":"product_cat","description":"<p>Cycle guides and cycle maps for Cycling the Baltic States...<\/p>\n<p>for background and overview information pls. look on <a href=\"https:\/\/balticcycle.eu\/routes\" target=\"_blank\" class=\"btn btn-default\" rel=\"noopener noreferrer\">www.balticcycle.eu\/routes<\/a>\u00a0(in English and German)<\/p>","parent":496,"count":27,"filter":"raw","i18n_config":{"name":{"ts":{"en":"Maps for Cycling Lithuania, Latvia, Estonia"}}}},"499":{"term_id":499,"name":"LIthuania by bicycle","slug":"lithuania-by-bicycle","term_group":0,"term_taxonomy_id":499,"taxonomy":"product_cat","description":"<p><img src=\"http:\/\/www.balticcycle.eu\/shop3\/img\/cms\/Lithuania_google.png\" alt=\"\" width=\"400\" height=\"250\" \/><\/p>\n<p>for FREE background information (Texts, GPS tracks, pictures) on cycling in Lithuania pls. look on: <a href=\"http:\/\/www.balticcycle.eu\/routes\/lit\" target=\"_blank\" rel=\"noopener noreferrer\">www.balticcycle.eu\/routes\/lit<\/a><\/p>","parent":496,"count":11,"filter":"raw","i18n_config":{"name":{"ts":{"en":"LIthuania by bicycle"}}}},"516":{"term_id":516,"name":"Kaunas-Klaip\u0117da","slug":"kaunas-klaipeda","term_group":0,"term_taxonomy_id":516,"taxonomy":"product_tag","description":"","parent":0,"count":1,"filter":"raw","i18n_config":{"name":{"ts":{"en":"Kaunas-Klaip\u0117da"}}}},"514":{"term_id":514,"name":"LT2","slug":"lt2","term_group":0,"term_taxonomy_id":514,"taxonomy":"product_tag","description":"","parent":0,"count":2,"filter":"raw","i18n_config":{"name":{"ts":{"en":"LT2"}}}},"517":{"term_id":517,"name":"Nieman Cycle Trail","slug":"nieman-cycle-trail","term_group":0,"term_taxonomy_id":517,"taxonomy":"product_tag","description":"","parent":0,"count":1,"filter":"raw","i18n_config":{"name":{"ts":{"en":"Nieman Cycle Trail"}}}}}},"pwapp_feed_image_dimension_type":"preview","featuredimage":"https:\/\/velovilnius.lt\/balticcycle\/files\/2013\/08\/p_5_5-LT2-MemelNemunasradweg-Kaunas.jpg","pwapp_post_image":"https:\/\/velovilnius.lt\/balticcycle\/files\/2013\/08\/p_5_5-LT2-MemelNemunasradweg-Kaunas.jpg","share_image":"https:\/\/velovilnius.lt\/balticcycle\/files\/2013\/08\/p_5_5-LT2-MemelNemunasradweg-Kaunas.jpg","featured_image_showhide":"show","featured_image":{"url":"https:\/\/velovilnius.lt\/balticcycle\/files\/2013\/08\/p_5_5-LT2-MemelNemunasradweg-Kaunas.jpg"},"pwapp_excerpt":"<p>Kaunas-\u0160il\u016bt\u0117-Klaip\u0117da<\/p>\n","pwapp_title":"LT2: Memel\/Nemunasradweg Kaunas-Klaipeda (Download)","androapp_image_list":[{"src":"http:\/\/wiki.dviratis.lt\/show_image.php?id=70&amp;scaled&amp;scalesize=0","height":200}],"pwapp_post_content":"<style type=\"text\/css\">androapp img{\r\n    max-width: 100%;\r\n    height: auto;\r\n}\r\niframe{\r\n    max-width: 100%;    \r\n}\r\nfigure {\r\n    max-width: 100%;\r\n    height: auto;\r\n}\r\nimg{\r\n    max-width: 100% !important;\r\n    height: auto;\r\n}\r\ndiv {\r\n    max-width: 100% !important;\r\n}\r\nspan {\r\n    max-width:100%;\r\n    overflow: auto;\r\n}\r\naudio {\r\n    display:block;\r\n    visibility:visible !important;\r\n}\r\nvideo{\r\n    width:100%;\r\n    height:auto;\r\n}\r\n<\/style><div class='androapp'><h1><span style=\"color:#ff0000;\">SINCE 2016-04-12 there is a digital version (pdf) with the original texts and maps online<\/span><\/h1>\n<h1><span style=\"color:#ff0000;\">IN GERMAN ONLY<\/span><\/h1>\n<p>Information on the route here:\u00a0<a href=\"http:\/\/velovilnius.lt\/balticcycle\/riga-vilnius\/riga-vilnius-2\/lt2-nieman-cycle-trail-vilnius-kaunas-jurbarkas-silute\/\" target=\"_blank\" rel=\"noopener noreferrer\">http:\/\/velovilnius.lt\/balticcycle\/riga-vilnius\/riga-vilnius-2\/lt2-nieman-cycle-trail-vilnius-kaunas-jurbarkas-silute\/<\/a><\/p>\n<p>\u00a0BaltiCCycle Guides Made within the project &#8220;Nieman Cycle Trail&#8221;, <\/p>\n<p>\u00a0it describes the route between Kaunas and Klaipeda in Lithuania &#8211; and connects history and stories with nature <\/p>\n<p>ATTENTION! A seperat Cycle trail is just to be build, <span style=\"font-weight:bold;\">ONLY GERMAN VERSION AVAILABLE<\/span> <\/p>\n<p><a href=\"http:\/\/www.balticcycle.eu\/routes\/lit#lt2\" target=\"_blank\" rel=\"noopener\">For information on cycling on this route\u00a0 here<\/a><\/p>\n<p><img decoding=\"async\" style=\"float:left;width:1000px;height:601px;\" src=\"http:\/\/wiki.dviratis.lt\/show_image.php?id=70&amp;scaled&amp;scalesize=0\" alt=\"\" \/><\/p><\/div>","pwapp_post_content_type":"postprocessed","pwapp_preview_type":"excerpt","androapp_failover_post_content_type":"","share_text":"LT2: Memel\/Nemunasradweg Kaunas-Klaipeda (Download)\nvia https:\/\/velovilnius.lt\/balticcycle\/de\/product\/lt2-memelnemunasradweg-kaunas\/","supercache":"androappsupercache","_links":{"self":[{"href":"https:\/\/velovilnius.lt\/balticcycle\/de\/wp-json\/wp\/v2\/product\/6271"}],"collection":[{"href":"https:\/\/velovilnius.lt\/balticcycle\/de\/wp-json\/wp\/v2\/product"}],"about":[{"href":"https:\/\/velovilnius.lt\/balticcycle\/de\/wp-json\/wp\/v2\/types\/product"}],"replies":[{"embeddable":true,"href":"https:\/\/velovilnius.lt\/balticcycle\/de\/wp-json\/wp\/v2\/comments?post=6271"}],"wp:featuredmedia":[{"embeddable":true,"href":"https:\/\/velovilnius.lt\/balticcycle\/de\/wp-json\/wp\/v2\/media\/6270"}],"wp:attachment":[{"href":"https:\/\/velovilnius.lt\/balticcycle\/de\/wp-json\/wp\/v2\/media?parent=6271"}],"wp:term":[{"taxonomy":"product_cat","embeddable":true,"href":"https:\/\/velovilnius.lt\/balticcycle\/de\/wp-json\/wp\/v2\/product_cat?post=6271"},{"taxonomy":"product_tag","embeddable":true,"href":"https:\/\/velovilnius.lt\/balticcycle\/de\/wp-json\/wp\/v2\/product_tag?post=6271"},{"taxonomy":"product_shipping_class","embeddable":true,"href":"https:\/\/velovilnius.lt\/balticcycle\/de\/wp-json\/wp\/v2\/product_shipping_class?post=6271"}],"curies":[{"name":"wp","href":"https:\/\/api.w.org\/{rel}","templated":true}]}}