{"id":6269,"date":"2013-08-28T14:44:42","date_gmt":"2013-08-28T14:44:42","guid":{"rendered":"https:\/\/velovilnius.lt\/balticcycle\/en\/product\/lt2-between-vilnius-and-kaunas\/"},"modified":"2020-02-26T05:09:50","modified_gmt":"2020-02-26T05:09:50","slug":"lt2-between-vilnius-and-kaunas","status":"publish","type":"product","link":"https:\/\/velovilnius.lt\/balticcycle\/de\/product\/lt2-between-vilnius-and-kaunas\/","title":{"rendered":"LT2 Between Vilnius and Kaunas. DIGITAL VERSION"},"content":{"rendered":"<p><strong>AS WE RAN OUT OF PAPER COPIES,\u00a0<\/strong><\/p>\n<p><strong>here is now a version you can download (soon)<\/strong><\/p>\n<p>The little booklet describes the &#8222;&#8220;missing link&#8220;&#8220; from Vilnius to Kaunas to the &#8222;&#8220;Nieman Cycle Trail&#8220;&#8220;,\u00a0<br \/>a5 wide , 36 pages, <\/p>\n<p>all Information for sightseeing and service<\/p>\n<p><a href=\"http:\/\/www.balticcycle.eu\/routes\/lit#lt2\" target=\"_blank\" rel=\"noopener\">more informationen on this cycle route \/ region <strong>here<\/strong><\/a><\/p>\n<p>\u00a0<\/p>\n<p>And here a sample: (not pretty, but pretty useful) <br \/><img decoding=\"async\" src=\"http:\/\/wiki.dviratis.lt\/show_image.php?id=72&amp;scaled&amp;scalesize=30%25\" alt=\"\" \/> \/<\/p>\n<p>&#8220; &#8222;<\/p>","protected":false},"excerpt":{"rendered":"<p>The &#8222;&#8220;missing link&#8220;&#8220; from Vilnius to Kaunas<\/p>\n","protected":false},"featured_media":6268,"comment_status":"open","ping_status":"closed","template":"","meta":{"inline_featured_image":false,"site-sidebar-layout":"default","site-content-layout":"default","ast-site-content-layout":"default","site-content-style":"default","site-sidebar-style":"default","ast-global-header-display":"","ast-banner-title-visibility":"","ast-main-header-display":"","ast-hfb-above-header-display":"","ast-hfb-below-header-display":"","ast-hfb-mobile-header-display":"","site-post-title":"","ast-breadcrumbs-content":"","ast-featured-img":"","footer-sml-layout":"","ast-disable-related-posts":"","theme-transparent-header-meta":"default","adv-header-id-meta":"","stick-header-meta":"","header-above-stick-meta":"","header-main-stick-meta":"","header-below-stick-meta":"","astra-migrate-meta-layouts":"default","ast-page-background-enabled":"default","ast-page-background-meta":{"desktop":{"background-color":"","background-image":"","background-repeat":"repeat","background-position":"center center","background-size":"auto","background-attachment":"scroll","background-type":"","background-media":"","overlay-type":"","overlay-color":"","overlay-opacity":"","overlay-gradient":""},"tablet":{"background-color":"","background-image":"","background-repeat":"repeat","background-position":"center center","background-size":"auto","background-attachment":"scroll","background-type":"","background-media":"","overlay-type":"","overlay-color":"","overlay-opacity":"","overlay-gradient":""},"mobile":{"background-color":"","background-image":"","background-repeat":"repeat","background-position":"center center","background-size":"auto","background-attachment":"scroll","background-type":"","background-media":"","overlay-type":"","overlay-color":"","overlay-opacity":"","overlay-gradient":""}},"ast-content-background-meta":{"desktop":{"background-color":"var(--ast-global-color-5)","background-image":"","background-repeat":"repeat","background-position":"center center","background-size":"auto","background-attachment":"scroll","background-type":"","background-media":"","overlay-type":"","overlay-color":"","overlay-opacity":"","overlay-gradient":""},"tablet":{"background-color":"var(--ast-global-color-5)","background-image":"","background-repeat":"repeat","background-position":"center center","background-size":"auto","background-attachment":"scroll","background-type":"","background-media":"","overlay-type":"","overlay-color":"","overlay-opacity":"","overlay-gradient":""},"mobile":{"background-color":"var(--ast-global-color-5)","background-image":"","background-repeat":"repeat","background-position":"center center","background-size":"auto","background-attachment":"scroll","background-type":"","background-media":"","overlay-type":"","overlay-color":"","overlay-opacity":"","overlay-gradient":""}},"jetpack_post_was_ever_published":false,"jetpack_publicize_message":"","jetpack_publicize_feature_enabled":true,"jetpack_social_post_already_shared":false,"jetpack_social_options":{"image_generator_settings":{"template":"highway","default_image_id":0,"font":"","enabled":false},"version":2},"_links_to":"","_links_to_target":""},"product_brand":[],"product_cat":[499,497],"product_tag":[514,515],"product_shipping_class":[],"class_list":{"0":"post-6269","1":"product","2":"type-product","3":"status-publish","4":"has-post-thumbnail","6":"product_cat-lithuania-by-bicycle","7":"product_cat-maps-for-cycling-lithuania-latvia-estonia","8":"product_tag-lt2","9":"product_tag-vilnius-kaunas","10":"desktop-align-center","11":"tablet-align-left","12":"mobile-align-left","14":"first","15":"instock","16":"downloadable","17":"virtual","18":"purchasable","19":"product-type-simple"},"ams_default_variation_id":0,"ams_product_points_reward":[],"ams_product_discount_percentage":0,"ams_price_to_display":1,"ams_acf":[],"jetpack_publicize_connections":[],"jetpack_sharing_enabled":true,"jetpack-related-posts":[{"id":6271,"url":"https:\/\/velovilnius.lt\/balticcycle\/de\/product\/lt2-memelnemunasradweg-kaunas\/","url_meta":{"origin":6269,"position":0},"title":"LT2: Memel\/Nemunasradweg Kaunas-Klaipeda (Download)","author":"admin","date":"Mittwoch, 28UTCWed, 28 Aug 2013 14:45:43 +0000 28. August 2013","format":false,"excerpt":"Kaunas-\u0160il\u016bt\u0117-Klaip\u0117da","rel":"","context":"\u00c4hnlicher Beitrag","block_context":{"text":"\u00c4hnlicher Beitrag","link":""},"img":{"alt_text":"LT2: Memel\/Nemunasradweg Kaunas-","src":"https:\/\/i0.wp.com\/velovilnius.lt\/balticcycle\/files\/2013\/08\/p_5_5-LT2-MemelNemunasradweg-Kaunas.jpg?resize=350%2C200&ssl=1","width":350,"height":200,"srcset":"https:\/\/i0.wp.com\/velovilnius.lt\/balticcycle\/files\/2013\/08\/p_5_5-LT2-MemelNemunasradweg-Kaunas.jpg?resize=350%2C200&ssl=1 1x, https:\/\/i0.wp.com\/velovilnius.lt\/balticcycle\/files\/2013\/08\/p_5_5-LT2-MemelNemunasradweg-Kaunas.jpg?resize=525%2C300&ssl=1 1.5x, https:\/\/i0.wp.com\/velovilnius.lt\/balticcycle\/files\/2013\/08\/p_5_5-LT2-MemelNemunasradweg-Kaunas.jpg?resize=700%2C400&ssl=1 2x, https:\/\/i0.wp.com\/velovilnius.lt\/balticcycle\/files\/2013\/08\/p_5_5-LT2-MemelNemunasradweg-Kaunas.jpg?resize=1050%2C600&ssl=1 3x, https:\/\/i0.wp.com\/velovilnius.lt\/balticcycle\/files\/2013\/08\/p_5_5-LT2-MemelNemunasradweg-Kaunas.jpg?resize=1400%2C800&ssl=1 4x"},"classes":[]},{"id":6267,"url":"https:\/\/www.balticcycle.eu\/shop3\/en\/maps-for-cycling-lithuania-latvia-estonia\/4-lt1-warsaw-vilnius-by-bicycle-.html","url_meta":{"origin":6269,"position":1},"title":"LT1 Warsaw-Vilnius by bicycle (PAPER COPY)","author":"admin","date":"Mittwoch, 28UTCWed, 28 Aug 2013 14:43:28 +0000 28. August 2013","format":false,"excerpt":"discover the Forests of the Lithuanian South! This booklet was made by our - 159 cyclist from 16 countries- riding in the BaltiCCycle 2003 from Warsaw to Vilnius. It contains schemes of the route (no maps), information on sightseeing and accommodation. Discover a region of wild nature! The route shall\u2026","rel":"","context":"\u00c4hnlicher Beitrag","block_context":{"text":"\u00c4hnlicher Beitrag","link":""},"img":{"alt_text":"LT1 Warsaw-Vilnius by bicycle (PAPER COPY)","src":"https:\/\/i0.wp.com\/velovilnius.lt\/balticcycle\/files\/2013\/08\/p_8_8-LT1-Warsaw-Vilnius-by-bicycle-PAPER-COPY.jpg?resize=350%2C200&ssl=1","width":350,"height":200},"classes":[]},{"id":6273,"url":"https:\/\/www.balticcycle.eu\/shop3\/en\/maps-for-cycling-lithuania-latvia-estonia\/8-riga-vilnius-by-bicycle-english.html","url_meta":{"origin":6269,"position":2},"title":"Riga-Vilnius by bicycle (PAPER COPY)","author":"admin","date":"Mittwoch, 28UTCWed, 28 Aug 2013 14:47:57 +0000 28. August 2013","format":false,"excerpt":"North East Lithuania and South East Latvia","rel":"","context":"\u00c4hnlicher Beitrag","block_context":{"text":"\u00c4hnlicher Beitrag","link":""},"img":{"alt_text":"Riga-Vilnius by bicycle (PAPER COPY)","src":"https:\/\/i0.wp.com\/velovilnius.lt\/balticcycle\/files\/2013\/08\/p_3_3-Riga-Vilnius-by-bicycle-PAPER-COPY.jpg?resize=350%2C200&ssl=1","width":350,"height":200,"srcset":"https:\/\/i0.wp.com\/velovilnius.lt\/balticcycle\/files\/2013\/08\/p_3_3-Riga-Vilnius-by-bicycle-PAPER-COPY.jpg?resize=350%2C200&ssl=1 1x, https:\/\/i0.wp.com\/velovilnius.lt\/balticcycle\/files\/2013\/08\/p_3_3-Riga-Vilnius-by-bicycle-PAPER-COPY.jpg?resize=525%2C300&ssl=1 1.5x"},"classes":[]},{"id":6263,"url":"https:\/\/www.balticcycle.eu\/shop3\/en\/latvia-by-bicycle\/2-latvia-by-bicycle.html","url_meta":{"origin":6269,"position":3},"title":"Latvia by bicycle! (2006) PAPER COPY","author":"admin","date":"Mittwoch, 28UTCWed, 28 Aug 2013 14:30:42 +0000 28. August 2013","format":false,"excerpt":"Klaipeda-Riga and Riga-Estonia","rel":"","context":"\u00c4hnlicher Beitrag","block_context":{"text":"\u00c4hnlicher Beitrag","link":""},"img":{"alt_text":"Latvia by bicycle! (2006) PAPER COPY","src":"https:\/\/i0.wp.com\/velovilnius.lt\/balticcycle\/files\/2013\/08\/p_7_7-Latvia-by-bicycle-2006-PAPER-COPY.jpg?resize=350%2C200&ssl=1","width":350,"height":200,"srcset":"https:\/\/i0.wp.com\/velovilnius.lt\/balticcycle\/files\/2013\/08\/p_7_7-Latvia-by-bicycle-2006-PAPER-COPY.jpg?resize=350%2C200&ssl=1 1x, https:\/\/i0.wp.com\/velovilnius.lt\/balticcycle\/files\/2013\/08\/p_7_7-Latvia-by-bicycle-2006-PAPER-COPY.jpg?resize=525%2C300&ssl=1 1.5x, https:\/\/i0.wp.com\/velovilnius.lt\/balticcycle\/files\/2013\/08\/p_7_7-Latvia-by-bicycle-2006-PAPER-COPY.jpg?resize=700%2C400&ssl=1 2x"},"classes":[]},{"id":6469,"url":"https:\/\/velovilnius.lt\/balticcycle\/de\/product\/latvia-by-bicycle-2\/","url_meta":{"origin":6269,"position":4},"title":"Latvia by bicycle! (pdf for DOWNLOAD) DIGITAL VERSION","author":"admin","date":"Montag, 07UTCMon, 07 Jan 2019 16:38:10 +0000  7. Januar 2019","format":false,"excerpt":"Klaipeda-Riga and Riga-Estonia","rel":"","context":"\u00c4hnlicher Beitrag","block_context":{"text":"\u00c4hnlicher Beitrag","link":""},"img":{"alt_text":"Latvia by bicycle! (pdf for DOWNLOAD) DIGITAL VERSION","src":"https:\/\/i0.wp.com\/velovilnius.lt\/balticcycle\/files\/2019\/01\/p_1_5_8_158-Latvia-by-bicycle-pdf-for-DOWNLOAD-DIGITAL-VERSION.jpg?resize=350%2C200&ssl=1","width":350,"height":200,"srcset":"https:\/\/i0.wp.com\/velovilnius.lt\/balticcycle\/files\/2019\/01\/p_1_5_8_158-Latvia-by-bicycle-pdf-for-DOWNLOAD-DIGITAL-VERSION.jpg?resize=350%2C200&ssl=1 1x, https:\/\/i0.wp.com\/velovilnius.lt\/balticcycle\/files\/2019\/01\/p_1_5_8_158-Latvia-by-bicycle-pdf-for-DOWNLOAD-DIGITAL-VERSION.jpg?resize=525%2C300&ssl=1 1.5x, https:\/\/i0.wp.com\/velovilnius.lt\/balticcycle\/files\/2019\/01\/p_1_5_8_158-Latvia-by-bicycle-pdf-for-DOWNLOAD-DIGITAL-VERSION.jpg?resize=700%2C400&ssl=1 2x"},"classes":[]},{"id":6424,"url":"https:\/\/velovilnius.lt\/balticcycle\/de\/product\/cycle-route-in-vidzeme-booklet\/","url_meta":{"origin":6269,"position":5},"title":"Vidzeme. Cycle routes. booklet ENGLISH","author":"admin","date":"Samstag, 21UTCSat, 21 Feb 2015 15:31:05 +0000 21. Februar 2015","format":false,"excerpt":"Log in here to download the English version or follow the link","rel":"","context":"\u00c4hnlicher Beitrag","block_context":{"text":"\u00c4hnlicher Beitrag","link":""},"img":{"alt_text":"","src":"","width":0,"height":0},"classes":[]}],"jetpack_likes_enabled":true,"pwapp_after_post_content":"","pwapp_before_post_content":"","androapp_header":"","pwapp_author":{"ID":null,"name":"admin","slug":"admin"},"pwapp_terms":{"taxonomies":{"499":{"term_id":499,"name":"LIthuania by bicycle","slug":"lithuania-by-bicycle","term_group":0,"term_taxonomy_id":499,"taxonomy":"product_cat","description":"<p><img src=\"http:\/\/www.balticcycle.eu\/shop3\/img\/cms\/Lithuania_google.png\" alt=\"\" width=\"400\" height=\"250\" \/><\/p>\n<p>for FREE background information (Texts, GPS tracks, pictures) on cycling in Lithuania pls. look on: <a href=\"http:\/\/www.balticcycle.eu\/routes\/lit\" target=\"_blank\" rel=\"noopener noreferrer\">www.balticcycle.eu\/routes\/lit<\/a><\/p>","parent":496,"count":11,"filter":"raw","i18n_config":{"name":{"ts":{"en":"LIthuania by bicycle"}}}},"497":{"term_id":497,"name":"Maps for Cycling Lithuania, Latvia, Estonia","slug":"maps-for-cycling-lithuania-latvia-estonia","term_group":0,"term_taxonomy_id":497,"taxonomy":"product_cat","description":"<p>Cycle guides and cycle maps for Cycling the Baltic States...<\/p>\n<p>for background and overview information pls. look on <a href=\"https:\/\/balticcycle.eu\/routes\" target=\"_blank\" class=\"btn btn-default\" rel=\"noopener noreferrer\">www.balticcycle.eu\/routes<\/a>\u00a0(in English and German)<\/p>","parent":496,"count":27,"filter":"raw","i18n_config":{"name":{"ts":{"en":"Maps for Cycling Lithuania, Latvia, Estonia"}}}},"514":{"term_id":514,"name":"LT2","slug":"lt2","term_group":0,"term_taxonomy_id":514,"taxonomy":"product_tag","description":"","parent":0,"count":2,"filter":"raw","i18n_config":{"name":{"ts":{"en":"LT2"}}}},"515":{"term_id":515,"name":"Vilnius-Kaunas","slug":"vilnius-kaunas","term_group":0,"term_taxonomy_id":515,"taxonomy":"product_tag","description":"","parent":0,"count":1,"filter":"raw","i18n_config":{"name":{"ts":{"en":"Vilnius-Kaunas"}}}}}},"pwapp_feed_image_dimension_type":"preview","featuredimage":"https:\/\/velovilnius.lt\/balticcycle\/files\/2013\/08\/p_6_6-LT2-Between-Vilnius-and-Kaunas.-DIGITAL-VERSION.jpg","pwapp_post_image":"https:\/\/velovilnius.lt\/balticcycle\/files\/2013\/08\/p_6_6-LT2-Between-Vilnius-and-Kaunas.-DIGITAL-VERSION.jpg","share_image":"https:\/\/velovilnius.lt\/balticcycle\/files\/2013\/08\/p_6_6-LT2-Between-Vilnius-and-Kaunas.-DIGITAL-VERSION.jpg","featured_image_showhide":"show","featured_image":{"url":"https:\/\/velovilnius.lt\/balticcycle\/files\/2013\/08\/p_6_6-LT2-Between-Vilnius-and-Kaunas.-DIGITAL-VERSION.jpg"},"pwapp_excerpt":"<p>The &#8222;&#8220;missing link&#8220;&#8220; from Vilnius to Kaunas<\/p>\n","pwapp_title":"LT2 Between Vilnius and Kaunas. DIGITAL VERSION","androapp_image_list":[{"src":"http:\/\/wiki.dviratis.lt\/show_image.php?id=72&amp;scaled&amp;scalesize=30%25","height":200}],"pwapp_post_content":"<style type=\"text\/css\">androapp img{\r\n    max-width: 100%;\r\n    height: auto;\r\n}\r\niframe{\r\n    max-width: 100%;    \r\n}\r\nfigure {\r\n    max-width: 100%;\r\n    height: auto;\r\n}\r\nimg{\r\n    max-width: 100% !important;\r\n    height: auto;\r\n}\r\ndiv {\r\n    max-width: 100% !important;\r\n}\r\nspan {\r\n    max-width:100%;\r\n    overflow: auto;\r\n}\r\naudio {\r\n    display:block;\r\n    visibility:visible !important;\r\n}\r\nvideo{\r\n    width:100%;\r\n    height:auto;\r\n}\r\n<\/style><div class='androapp'><p><strong>AS WE RAN OUT OF PAPER COPIES,\u00a0<\/strong><\/p>\n<p><strong>here is now a version you can download (soon)<\/strong><\/p>\n<p>The little booklet describes the &#8222;&#8220;missing link&#8220;&#8220; from Vilnius to Kaunas to the &#8222;&#8220;Nieman Cycle Trail&#8220;&#8220;,\u00a0<br \/>a5 wide , 36 pages, <\/p>\n<p>all Information for sightseeing and service<\/p>\n<p><a href=\"http:\/\/www.balticcycle.eu\/routes\/lit#lt2\" target=\"_blank\" rel=\"noopener\">more informationen on this cycle route \/ region <strong>here<\/strong><\/a><\/p>\n<p>\u00a0<\/p>\n<p>And here a sample: (not pretty, but pretty useful) <br \/><img decoding=\"async\" src=\"http:\/\/wiki.dviratis.lt\/show_image.php?id=72&amp;scaled&amp;scalesize=30%25\" alt=\"\" \/> \/<\/p>\n<p>&#8220; &#8222;<\/p><\/div>","pwapp_post_content_type":"postprocessed","pwapp_preview_type":"excerpt","androapp_failover_post_content_type":"","share_text":"LT2 Between Vilnius and Kaunas. DIGITAL VERSION\nvia https:\/\/velovilnius.lt\/balticcycle\/de\/product\/lt2-between-vilnius-and-kaunas\/","supercache":"androappsupercache","_links":{"self":[{"href":"https:\/\/velovilnius.lt\/balticcycle\/de\/wp-json\/wp\/v2\/product\/6269","targetHints":{"allow":["GET"]}}],"collection":[{"href":"https:\/\/velovilnius.lt\/balticcycle\/de\/wp-json\/wp\/v2\/product"}],"about":[{"href":"https:\/\/velovilnius.lt\/balticcycle\/de\/wp-json\/wp\/v2\/types\/product"}],"replies":[{"embeddable":true,"href":"https:\/\/velovilnius.lt\/balticcycle\/de\/wp-json\/wp\/v2\/comments?post=6269"}],"wp:featuredmedia":[{"embeddable":true,"href":"https:\/\/velovilnius.lt\/balticcycle\/de\/wp-json\/wp\/v2\/media\/6268"}],"wp:attachment":[{"href":"https:\/\/velovilnius.lt\/balticcycle\/de\/wp-json\/wp\/v2\/media?parent=6269"}],"wp:term":[{"taxonomy":"product_brand","embeddable":true,"href":"https:\/\/velovilnius.lt\/balticcycle\/de\/wp-json\/wp\/v2\/product_brand?post=6269"},{"taxonomy":"product_cat","embeddable":true,"href":"https:\/\/velovilnius.lt\/balticcycle\/de\/wp-json\/wp\/v2\/product_cat?post=6269"},{"taxonomy":"product_tag","embeddable":true,"href":"https:\/\/velovilnius.lt\/balticcycle\/de\/wp-json\/wp\/v2\/product_tag?post=6269"},{"taxonomy":"product_shipping_class","embeddable":true,"href":"https:\/\/velovilnius.lt\/balticcycle\/de\/wp-json\/wp\/v2\/product_shipping_class?post=6269"}],"curies":[{"name":"wp","href":"https:\/\/api.w.org\/{rel}","templated":true}]}}