{"id":96,"date":"2013-08-16T08:10:20","date_gmt":"2013-08-16T08:10:20","guid":{"rendered":"http:\/\/velovilnius.lt\/balticcycle\/?page_id=96"},"modified":"2019-01-16T17:10:58","modified_gmt":"2019-01-16T17:10:58","slug":"cycle-travel-fahrradreisen","status":"publish","type":"page","link":"https:\/\/velovilnius.lt\/balticcycle\/de\/service\/cycle-travel-fahrradreisen\/","title":{"rendered":"Fahrradreisen"},"content":{"rendered":"<strong>Fahrradreisen in den Baltischen Staaten<\/strong><\/p>\n<p>Es gibt eine gro\u00dfe Bandbreite von verschiedenen\u00a0<strong>vororganisierten Re<\/strong><b>isen,\u00a0<\/b>die Sie \u00fcber BaltiCCycle buchen k\u00f6nnen:<\/p>\n<p><strong>a) im Kommen sind\u00a0<em>&#8220;ungef\u00fchrte Reisen&#8221;<\/em>.<\/strong><\/p>\n<p>b)die<strong>\u00a0&#8220;klassische&#8221; Bus-Radreise<\/strong><\/p>\n<p>&nbsp;<\/p>\n<p>Zwei Firmen im \u00a0BaltiCCycle.eu Netzwerk bieten Radreisen an:<\/p>\n<p><a href=\"http:\/\/www.balticbiketravel.eu\" target=\"_blank\" rel=\"noopener\">www.balticbiketravel.eu<\/a> in Klaipeda<\/p>\n<p>und<\/p>\n<p><a href=\"http:\/\/www.citybike.ee\" target=\"_blank\" rel=\"noopener\">www.citybike.ee<\/a> in Tallinn<\/p>\n<p>Wir k\u00f6nnen Ihnen &#8211; zu einem sehr guten Preis &#8211; Radreisen anbieten, die von Radreiseprofis hier in Baltischen Staaten erstellt werden.<\/p>\n<p>Wie beim Bestellen von Karten und Wegbeschreibungen k\u00f6nnen Sie sich die m\u00f6glichen Fahrpl\u00e4ne anschauen und sie direkt buchen:<\/p>\n<p>&nbsp;<\/p>\n<p>&nbsp;<\/p>\n<p><span class=\"submenu\">\u00a0<\/span>Des weiteren gibt es die M\u00f6glichkeit, sie individuell Unterk\u00fcnfte buchen zu lassen.<br \/>\nF\u00fcllen Sie bitte das Formular aus.Und: Es gibt <strong> strenge Auflagen gegen Dauerwerbem\u00fcll <\/strong> (&#8220;Spam&#8221;).<br \/>\nF\u00fcr Detailfragen der Routenplanung stehe ich gerne weiterhin pers\u00f6nlich zur Verf\u00fcgung.<\/p>\n<p>&nbsp;<\/p>\n<p><a href=\"http:\/\/www.bicycle.lt\/de\/main\/unterkunft \" target=\"_blank\" rel=\"noopener\">http:\/\/www.bicycle.lt\/de\/main\/unterkunft <\/a><\/p>\n<h3>Formular f\u00fcr Unterkunfts- und Reiseanfragen<\/h3>\n<p>(auf DEUTSCH)<br \/>\n<a href=\"http:\/\/www.bicycle.lt\/de\/main\/unterkunft\" target=\"_blank\" rel=\"noopener\">http:\/\/www.bicycle.lt\/de\/main\/unterkunft<\/a><br \/>\n{C}<!--iframe width=\"400\" height=\"500\" scrolling=\"yes\" src=\"http:\/\/www.bicycle.lt\/de\/main\/unterkunft\"><\/iframe--><\/p>\n<h3>Fertige Radreisepl\u00e4ne<\/h3>\n<ul>\n<li>zur Orientierung oder zum Direkt-Buchen im Internetladen (auf DEUTSCH): <a href=\"http:\/\/shop.balticcycle.eu\/index.php?cPath=38&amp;language=de\" target=\"_blank\" rel=\"noopener\">http:\/\/shop.balticcycle.eu\/index.php?cPath=38&amp;language=de<\/a><\/li>\n<\/ul>\n<p>&nbsp;<\/p>\n<p>&nbsp;<\/p>\n<p>&nbsp;<\/p>\n<p style=\"text-align: justify;\"><u><strong>Wie funktioniert&#8217;s?<\/strong><\/u><\/p>\n<p style=\"text-align: justify;\">Sie bekommen zwar eine genaue Einf\u00fchrung in die Gepflogenheiten des Landes und die Reiseorganisation ist immer f\u00fcr Sie da, aber Sie fahren ohne sekundengenaue Reiseleitung fahren Sie alleine: Die Reiseanbieter k\u00fcmmern sich um die Unterk\u00fcnfte, genaue Wegbeschreibungen und Karten (wie die im BaltiCCycle.eu SHOP &#8211; wenn Sie lieber ganz alleine fahren).<br \/>\nManchmal gibt es diese Reisen\u00a0<em>zu festen Termine<\/em>, d.h. man trifft gleich gesinnte in den Unterk\u00fcnften auf der Reise &#8211; und kann sich selbst entscheiden wieviel man mit ihnen zu tun haben will &#8230;<\/p>\n<p>&nbsp;<\/p>\n<table class=\"productListing\" style=\"font-size: 12px; -webkit-border-horizontal-spacing: 1px; -webkit-border-vertical-spacing: 1px; border: 1px solid #1e5b00;\" border=\"0\" width=\"100%\" cellspacing=\"0\" cellpadding=\"2\">\n<tbody>\n<tr class=\"productListing-even\" style=\"background-image: initial; background-attachment: initial; background-origin: initial; background-clip: initial; background-color: #f3f8e4; background-position: initial initial; background-repeat: initial initial;\">\n<td class=\"productListing-data\" style=\"font-family: Tahoma, Helvetica, Verdana, sans-serif; font-size: 10px;\" align=\"center\"><\/td>\n<td class=\"productListing-data\" style=\"font-family: Tahoma, Helvetica, Verdana, sans-serif; font-size: 10px;\"><\/td>\n<td class=\"productListing-data\" style=\"font-family: Tahoma, Helvetica, Verdana, sans-serif; font-size: 10px;\" align=\"right\"><\/td>\n<\/tr>\n<\/tbody>\n<\/table>\n<p>&nbsp;<\/p>\n<p><u><strong>Wat isses?<\/strong><\/u><\/p>\n<p>Voll gef\u00fchrte, voll organisierte Rad- und Busreisen, mit Reiseleitung, Bustransfer usw.<\/p>\n<p>Zwar h\u00e4ngen die im &#8220;Ausland&#8221; (jetzt vom Baltikum gesehen) in ihrer Ausrichtung (Form und Preis) sehr stark vom Anbieter ab, zumeist werden sie aber von Profis hier vor Ort organisiert und dann nur an die &#8220;westlichen Zwischenh\u00e4ndler&#8221; weiterverkauft.<\/p>\n<p>Sie k\u00f6nnen frei kombiniert und angepasst werden.<\/p>\n<p>Alles bei uns wird von Experten vor Ort gemacht &#8211; Im BaltiCCycle.eu- Netzwerk sind allesamt \u00fcberzeugte Radfahrer. Sie orientieren sie sich an den beliebtesten und sch\u00f6nsten Routen.<\/p>\n<div class=\"pt-cv-wrapper\"><div class=\"pt-cv-view pt-cv-grid pt-cv-colsys\" id=\"pt-cv-view-dbaadabpcn\"><div data-id=\"pt-cv-page-1\" class=\"pt-cv-page\" data-cvc=\"2\"><div class=\"col-md-6 col-sm-6 col-xs-12 pt-cv-content-item pt-cv-1-col\" ><div class='pt-cv-ifield'><a href=\"https:\/\/velovilnius.lt\/balticcycle\/de\/klaipeda\/\" class=\"_self pt-cv-href-thumbnail pt-cv-thumb-default\" target=\"_self\"><img loading=\"lazy\" decoding=\"async\" width=\"300\" height=\"225\" src=\"https:\/\/velovilnius.lt\/balticcycle\/files\/2017\/02\/DU-RATAI-BaltiCCycle-rental-centre-in-Klaipeda-LT-028-300x225.jpg\" class=\"pt-cv-thumbnail\" alt=\"\" srcset=\"https:\/\/velovilnius.lt\/balticcycle\/files\/2017\/02\/DU-RATAI-BaltiCCycle-rental-centre-in-Klaipeda-LT-028-300x225.jpg 300w, https:\/\/velovilnius.lt\/balticcycle\/files\/2017\/02\/DU-RATAI-BaltiCCycle-rental-centre-in-Klaipeda-LT-028-20x15.jpg 20w, https:\/\/velovilnius.lt\/balticcycle\/files\/2017\/02\/DU-RATAI-BaltiCCycle-rental-centre-in-Klaipeda-LT-028-512x384.jpg 512w, https:\/\/velovilnius.lt\/balticcycle\/files\/2017\/02\/DU-RATAI-BaltiCCycle-rental-centre-in-Klaipeda-LT-028-100x75.jpg 100w, https:\/\/velovilnius.lt\/balticcycle\/files\/2017\/02\/DU-RATAI-BaltiCCycle-rental-centre-in-Klaipeda-LT-028.jpg 640w\" sizes=\"(max-width: 300px) 100vw, 300px\" data-attachment-id=\"1605\" data-permalink=\"https:\/\/velovilnius.lt\/balticcycle\/de\/klaipeda\/du-ratai-balticcycle-rental-centre-in-klaipeda-lt-028\/\" data-orig-file=\"https:\/\/velovilnius.lt\/balticcycle\/files\/2017\/02\/DU-RATAI-BaltiCCycle-rental-centre-in-Klaipeda-LT-028.jpg\" data-orig-size=\"640,480\" data-comments-opened=\"0\" data-image-meta=\"{&quot;aperture&quot;:&quot;0&quot;,&quot;credit&quot;:&quot;&quot;,&quot;camera&quot;:&quot;&quot;,&quot;caption&quot;:&quot;&quot;,&quot;created_timestamp&quot;:&quot;0&quot;,&quot;copyright&quot;:&quot;&quot;,&quot;focal_length&quot;:&quot;0&quot;,&quot;iso&quot;:&quot;0&quot;,&quot;shutter_speed&quot;:&quot;0&quot;,&quot;title&quot;:&quot;&quot;,&quot;orientation&quot;:&quot;0&quot;}\" data-image-title=\"DU RATAI-BaltiCCycle rental centre in Klaipeda, LT 028\" data-image-description=\"\" data-image-caption=\"\" data-medium-file=\"https:\/\/velovilnius.lt\/balticcycle\/files\/2017\/02\/DU-RATAI-BaltiCCycle-rental-centre-in-Klaipeda-LT-028-300x225.jpg\" data-large-file=\"https:\/\/velovilnius.lt\/balticcycle\/files\/2017\/02\/DU-RATAI-BaltiCCycle-rental-centre-in-Klaipeda-LT-028-640x480.jpg\" \/><\/a>\n<h4 class=\"pt-cv-title\"><a href=\"https:\/\/velovilnius.lt\/balticcycle\/de\/klaipeda\/\" class=\"_self\" target=\"_self\">Unser Partner in Klaipeda (Kurische Nehrung, Palanga): Du ratai \/ Baltic Bike Travel<\/a><\/h4>\n<div class=\"pt-cv-content\">in Klaipeda conditions: city tour only by request Stadttour nach Anfrage (beliebt z. B. bei Kreuzfahrttouristen) Litauische K\u00fcste \/\u00a0Lithuanian Coast: ...<br \/><div class=\"pt-cv-rmwrap\"><a href=\"https:\/\/velovilnius.lt\/balticcycle\/de\/klaipeda\/\" class=\"_self pt-cv-readmore btn btn-success\" target=\"_self\">Weiterlesen<\/a><\/div><\/div><\/div><\/div>\n<div class=\"col-md-6 col-sm-6 col-xs-12 pt-cv-content-item pt-cv-1-col\" ><div class='pt-cv-ifield'><a href=\"https:\/\/velovilnius.lt\/balticcycle\/de\/radreisearchiv\/\" class=\"_self pt-cv-href-thumbnail pt-cv-thumb-default\" target=\"_self\"><\/a>\n<h4 class=\"pt-cv-title\"><a href=\"https:\/\/velovilnius.lt\/balticcycle\/de\/radreisearchiv\/\" class=\"_self\" target=\"_self\">Radreisearchiv<\/a><\/h4>\n<div class=\"pt-cv-content\">Einen vereinfachten &Uuml;berblick zu den m&ouml;glichen Radreiserouten gibt es jetzt hier Dies sind die beliebtesten und sch&ouml;nsten Routen: Wir bieten ...<br \/><div class=\"pt-cv-rmwrap\"><a href=\"https:\/\/velovilnius.lt\/balticcycle\/de\/radreisearchiv\/\" class=\"_self pt-cv-readmore btn btn-success\" target=\"_self\">Weiterlesen<\/a><\/div><\/div><\/div><\/div><\/div><\/div><\/div>","protected":false},"excerpt":{"rendered":"<p>Fahrradreisen in den Baltischen Staaten Es gibt eine gro\u00dfe Bandbreite von verschiedenen\u00a0vororganisierten Reisen,\u00a0die Sie \u00fcber BaltiCCycle buchen k\u00f6nnen: a) im Kommen sind\u00a0&#8220;ungef\u00fchrte Reisen&#8221;. b)die\u00a0&#8220;klassische&#8221; Bus-Radreise &nbsp; Zwei Firmen im \u00a0BaltiCCycle.eu Netzwerk bieten Radreisen an: www.balticbiketravel.eu in Klaipeda und www.citybike.ee in Tallinn Wir k\u00f6nnen Ihnen &#8211; zu einem sehr guten Preis &#8211; Radreisen anbieten, die von [&hellip;]<\/p>\n","protected":false},"author":1,"featured_media":0,"parent":90,"menu_order":0,"comment_status":"closed","ping_status":"closed","template":"","meta":{"inline_featured_image":false,"site-sidebar-layout":"default","site-content-layout":"","ast-site-content-layout":"default","site-content-style":"default","site-sidebar-style":"default","ast-global-header-display":"","ast-banner-title-visibility":"","ast-main-header-display":"","ast-hfb-above-header-display":"","ast-hfb-below-header-display":"","ast-hfb-mobile-header-display":"","site-post-title":"","ast-breadcrumbs-content":"","ast-featured-img":"","footer-sml-layout":"","ast-disable-related-posts":"","theme-transparent-header-meta":"","adv-header-id-meta":"","stick-header-meta":"","header-above-stick-meta":"","header-main-stick-meta":"","header-below-stick-meta":"","astra-migrate-meta-layouts":"default","ast-page-background-enabled":"default","ast-page-background-meta":{"desktop":{"background-color":"","background-image":"","background-repeat":"repeat","background-position":"center center","background-size":"auto","background-attachment":"scroll","background-type":"","background-media":"","overlay-type":"","overlay-color":"","overlay-opacity":"","overlay-gradient":""},"tablet":{"background-color":"","background-image":"","background-repeat":"repeat","background-position":"center center","background-size":"auto","background-attachment":"scroll","background-type":"","background-media":"","overlay-type":"","overlay-color":"","overlay-opacity":"","overlay-gradient":""},"mobile":{"background-color":"","background-image":"","background-repeat":"repeat","background-position":"center center","background-size":"auto","background-attachment":"scroll","background-type":"","background-media":"","overlay-type":"","overlay-color":"","overlay-opacity":"","overlay-gradient":""}},"ast-content-background-meta":{"desktop":{"background-color":"var(--ast-global-color-5)","background-image":"","background-repeat":"repeat","background-position":"center center","background-size":"auto","background-attachment":"scroll","background-type":"","background-media":"","overlay-type":"","overlay-color":"","overlay-opacity":"","overlay-gradient":""},"tablet":{"background-color":"var(--ast-global-color-5)","background-image":"","background-repeat":"repeat","background-position":"center center","background-size":"auto","background-attachment":"scroll","background-type":"","background-media":"","overlay-type":"","overlay-color":"","overlay-opacity":"","overlay-gradient":""},"mobile":{"background-color":"var(--ast-global-color-5)","background-image":"","background-repeat":"repeat","background-position":"center center","background-size":"auto","background-attachment":"scroll","background-type":"","background-media":"","overlay-type":"","overlay-color":"","overlay-opacity":"","overlay-gradient":""}},"jetpack_post_was_ever_published":false,"footnotes":"","_links_to":"","_links_to_target":""},"categories":[],"tags":[],"ams_acf":[],"jetpack_shortlink":"https:\/\/wp.me\/P4oO1r-1y","jetpack_sharing_enabled":true,"jetpack-related-posts":[],"jetpack_likes_enabled":true,"pwapp_after_post_content":"","pwapp_before_post_content":"","androapp_header":"","pwapp_author":{"ID":1,"name":"admin","slug":"admin"},"pwapp_terms":[],"pwapp_feed_image_dimension_type":"preview","pwapp_post_image":null,"share_image":null,"featured_image_showhide":"show","pwapp_excerpt":"<p>Fahrradreisen in den Baltischen Staaten Es gibt eine gro\u00dfe Bandbreite von verschiedenen\u00a0vororganisierten Reisen,\u00a0die Sie \u00fcber BaltiCCycle buchen k\u00f6nnen: a) im Kommen sind\u00a0&#8220;ungef\u00fchrte Reisen&#8221;. b)die\u00a0&#8220;klassische&#8221; Bus-Radreise &nbsp; Zwei Firmen im \u00a0BaltiCCycle.eu Netzwerk bieten Radreisen an: www.balticbiketravel.eu in Klaipeda und www.citybike.ee in Tallinn Wir k\u00f6nnen Ihnen &#8211; zu einem sehr guten Preis &#8211; Radreisen anbieten, die von [&hellip;]<\/p>\n","pwapp_title":"Fahrradreisen","androapp_image_list":[{"src":"https:\/\/velovilnius.lt\/balticcycle\/files\/2017\/02\/DU-RATAI-BaltiCCycle-rental-centre-in-Klaipeda-LT-028-300x225.jpg","height":200}],"pwapp_post_content":"<style type=\"text\/css\">androapp img{\r\n    max-width: 100%;\r\n    height: auto;\r\n}\r\niframe{\r\n    max-width: 100%;    \r\n}\r\nfigure {\r\n    max-width: 100%;\r\n    height: auto;\r\n}\r\nimg{\r\n    max-width: 100% !important;\r\n    height: auto;\r\n}\r\ndiv {\r\n    max-width: 100% !important;\r\n}\r\nspan {\r\n    max-width:100%;\r\n    overflow: auto;\r\n}\r\naudio {\r\n    display:block;\r\n    visibility:visible !important;\r\n}\r\nvideo{\r\n    width:100%;\r\n    height:auto;\r\n}\r\n<\/style><div class='androapp'><strong>Fahrradreisen in den Baltischen Staaten<\/strong><\/p>\n<p>Es gibt eine gro\u00dfe Bandbreite von verschiedenen\u00a0<strong>vororganisierten Re<\/strong><b>isen,\u00a0<\/b>die Sie \u00fcber BaltiCCycle buchen k\u00f6nnen:<\/p>\n<p><strong>a) im Kommen sind\u00a0<em>&#8220;ungef\u00fchrte Reisen&#8221;<\/em>.<\/strong><\/p>\n<p>b)die<strong>\u00a0&#8220;klassische&#8221; Bus-Radreise<\/strong><\/p>\n<p>&nbsp;<\/p>\n<p>Zwei Firmen im \u00a0BaltiCCycle.eu Netzwerk bieten Radreisen an:<\/p>\n<p><a href=\"http:\/\/www.balticbiketravel.eu\" target=\"_blank\" rel=\"noopener\">www.balticbiketravel.eu<\/a> in Klaipeda<\/p>\n<p>und<\/p>\n<p><a href=\"http:\/\/www.citybike.ee\" target=\"_blank\" rel=\"noopener\">www.citybike.ee<\/a> in Tallinn<\/p>\n<p>Wir k\u00f6nnen Ihnen &#8211; zu einem sehr guten Preis &#8211; Radreisen anbieten, die von Radreiseprofis hier in Baltischen Staaten erstellt werden.<\/p>\n<p>Wie beim Bestellen von Karten und Wegbeschreibungen k\u00f6nnen Sie sich die m\u00f6glichen Fahrpl\u00e4ne anschauen und sie direkt buchen:<\/p>\n<p>&nbsp;<\/p>\n<p>&nbsp;<\/p>\n<p><span class=\"submenu\">\u00a0<\/span>Des weiteren gibt es die M\u00f6glichkeit, sie individuell Unterk\u00fcnfte buchen zu lassen.<br \/>\nF\u00fcllen Sie bitte das Formular aus.Und: Es gibt <strong> strenge Auflagen gegen Dauerwerbem\u00fcll <\/strong> (&#8220;Spam&#8221;).<br \/>\nF\u00fcr Detailfragen der Routenplanung stehe ich gerne weiterhin pers\u00f6nlich zur Verf\u00fcgung.<\/p>\n<p>&nbsp;<\/p>\n<p><a href=\"http:\/\/www.bicycle.lt\/de\/main\/unterkunft \" target=\"_blank\" rel=\"noopener\">http:\/\/www.bicycle.lt\/de\/main\/unterkunft <\/a><\/p>\n<h3>Formular f\u00fcr Unterkunfts- und Reiseanfragen<\/h3>\n<p>(auf DEUTSCH)<br \/>\n<a href=\"http:\/\/www.bicycle.lt\/de\/main\/unterkunft\" target=\"_blank\" rel=\"noopener\">http:\/\/www.bicycle.lt\/de\/main\/unterkunft<\/a><br \/>\n{C}<!--iframe width=\"400\" height=\"500\" scrolling=\"yes\" src=\"http:\/\/www.bicycle.lt\/de\/main\/unterkunft\"><\/iframe--><\/p>\n<h3>Fertige Radreisepl\u00e4ne<\/h3>\n<ul>\n<li>zur Orientierung oder zum Direkt-Buchen im Internetladen (auf DEUTSCH): <a href=\"http:\/\/shop.balticcycle.eu\/index.php?cPath=38&amp;language=de\" target=\"_blank\" rel=\"noopener\">http:\/\/shop.balticcycle.eu\/index.php?cPath=38&amp;language=de<\/a><\/li>\n<\/ul>\n<p>&nbsp;<\/p>\n<p>&nbsp;<\/p>\n<p>&nbsp;<\/p>\n<p style=\"text-align: justify;\"><u><strong>Wie funktioniert&#8217;s?<\/strong><\/u><\/p>\n<p style=\"text-align: justify;\">Sie bekommen zwar eine genaue Einf\u00fchrung in die Gepflogenheiten des Landes und die Reiseorganisation ist immer f\u00fcr Sie da, aber Sie fahren ohne sekundengenaue Reiseleitung fahren Sie alleine: Die Reiseanbieter k\u00fcmmern sich um die Unterk\u00fcnfte, genaue Wegbeschreibungen und Karten (wie die im BaltiCCycle.eu SHOP &#8211; wenn Sie lieber ganz alleine fahren).<br \/>\nManchmal gibt es diese Reisen\u00a0<em>zu festen Termine<\/em>, d.h. man trifft gleich gesinnte in den Unterk\u00fcnften auf der Reise &#8211; und kann sich selbst entscheiden wieviel man mit ihnen zu tun haben will &#8230;<\/p>\n<p>&nbsp;<\/p>\n<table class=\"productListing\" style=\"font-size: 12px; -webkit-border-horizontal-spacing: 1px; -webkit-border-vertical-spacing: 1px; border: 1px solid #1e5b00;\" border=\"0\" width=\"100%\" cellspacing=\"0\" cellpadding=\"2\">\n<tbody>\n<tr class=\"productListing-even\" style=\"background-image: initial; background-attachment: initial; background-origin: initial; background-clip: initial; background-color: #f3f8e4; background-position: initial initial; background-repeat: initial initial;\">\n<td class=\"productListing-data\" style=\"font-family: Tahoma, Helvetica, Verdana, sans-serif; font-size: 10px;\" align=\"center\"><\/td>\n<td class=\"productListing-data\" style=\"font-family: Tahoma, Helvetica, Verdana, sans-serif; font-size: 10px;\"><\/td>\n<td class=\"productListing-data\" style=\"font-family: Tahoma, Helvetica, Verdana, sans-serif; font-size: 10px;\" align=\"right\"><\/td>\n<\/tr>\n<\/tbody>\n<\/table>\n<p>&nbsp;<\/p>\n<p><u><strong>Wat isses?<\/strong><\/u><\/p>\n<p>Voll gef\u00fchrte, voll organisierte Rad- und Busreisen, mit Reiseleitung, Bustransfer usw.<\/p>\n<p>Zwar h\u00e4ngen die im &#8220;Ausland&#8221; (jetzt vom Baltikum gesehen) in ihrer Ausrichtung (Form und Preis) sehr stark vom Anbieter ab, zumeist werden sie aber von Profis hier vor Ort organisiert und dann nur an die &#8220;westlichen Zwischenh\u00e4ndler&#8221; weiterverkauft.<\/p>\n<p>Sie k\u00f6nnen frei kombiniert und angepasst werden.<\/p>\n<p>Alles bei uns wird von Experten vor Ort gemacht &#8211; Im BaltiCCycle.eu- Netzwerk sind allesamt \u00fcberzeugte Radfahrer. Sie orientieren sie sich an den beliebtesten und sch\u00f6nsten Routen.<\/p>\n<div class=\"pt-cv-wrapper\"><div class=\"pt-cv-view pt-cv-grid pt-cv-colsys\" id=\"pt-cv-view-dbaadabpcn\"><div data-id=\"pt-cv-page-1\" class=\"pt-cv-page\" data-cvc=\"2\"><div class=\"col-md-6 col-sm-6 col-xs-12 pt-cv-content-item pt-cv-1-col\" ><div class='pt-cv-ifield'><a href=\"https:\/\/velovilnius.lt\/balticcycle\/de\/klaipeda\/\" class=\"_self pt-cv-href-thumbnail pt-cv-thumb-default\" target=\"_self\"><img loading=\"lazy\" decoding=\"async\" width=\"300\" height=\"225\" src=\"https:\/\/velovilnius.lt\/balticcycle\/files\/2017\/02\/DU-RATAI-BaltiCCycle-rental-centre-in-Klaipeda-LT-028-300x225.jpg\" class=\"pt-cv-thumbnail\" alt=\"\" srcset=\"https:\/\/velovilnius.lt\/balticcycle\/files\/2017\/02\/DU-RATAI-BaltiCCycle-rental-centre-in-Klaipeda-LT-028-300x225.jpg 300w, https:\/\/velovilnius.lt\/balticcycle\/files\/2017\/02\/DU-RATAI-BaltiCCycle-rental-centre-in-Klaipeda-LT-028-20x15.jpg 20w, https:\/\/velovilnius.lt\/balticcycle\/files\/2017\/02\/DU-RATAI-BaltiCCycle-rental-centre-in-Klaipeda-LT-028-512x384.jpg 512w, https:\/\/velovilnius.lt\/balticcycle\/files\/2017\/02\/DU-RATAI-BaltiCCycle-rental-centre-in-Klaipeda-LT-028-100x75.jpg 100w, https:\/\/velovilnius.lt\/balticcycle\/files\/2017\/02\/DU-RATAI-BaltiCCycle-rental-centre-in-Klaipeda-LT-028.jpg 640w\" sizes=\"(max-width: 300px) 100vw, 300px\" data-attachment-id=\"1605\" data-permalink=\"https:\/\/velovilnius.lt\/balticcycle\/de\/klaipeda\/du-ratai-balticcycle-rental-centre-in-klaipeda-lt-028\/\" data-orig-file=\"https:\/\/velovilnius.lt\/balticcycle\/files\/2017\/02\/DU-RATAI-BaltiCCycle-rental-centre-in-Klaipeda-LT-028.jpg\" data-orig-size=\"640,480\" data-comments-opened=\"0\" data-image-meta=\"{&quot;aperture&quot;:&quot;0&quot;,&quot;credit&quot;:&quot;&quot;,&quot;camera&quot;:&quot;&quot;,&quot;caption&quot;:&quot;&quot;,&quot;created_timestamp&quot;:&quot;0&quot;,&quot;copyright&quot;:&quot;&quot;,&quot;focal_length&quot;:&quot;0&quot;,&quot;iso&quot;:&quot;0&quot;,&quot;shutter_speed&quot;:&quot;0&quot;,&quot;title&quot;:&quot;&quot;,&quot;orientation&quot;:&quot;0&quot;}\" data-image-title=\"DU RATAI-BaltiCCycle rental centre in Klaipeda, LT 028\" data-image-description=\"\" data-image-caption=\"\" data-medium-file=\"https:\/\/velovilnius.lt\/balticcycle\/files\/2017\/02\/DU-RATAI-BaltiCCycle-rental-centre-in-Klaipeda-LT-028-300x225.jpg\" data-large-file=\"https:\/\/velovilnius.lt\/balticcycle\/files\/2017\/02\/DU-RATAI-BaltiCCycle-rental-centre-in-Klaipeda-LT-028-640x480.jpg\" \/><\/a>\n<h4 class=\"pt-cv-title\"><a href=\"https:\/\/velovilnius.lt\/balticcycle\/de\/klaipeda\/\" class=\"_self\" target=\"_self\">Unser Partner in Klaipeda (Kurische Nehrung, Palanga): Du ratai \/ Baltic Bike Travel<\/a><\/h4>\n<div class=\"pt-cv-content\">in Klaipeda conditions: city tour only by request Stadttour nach Anfrage (beliebt z. B. bei Kreuzfahrttouristen) Litauische K\u00fcste \/\u00a0Lithuanian Coast: ...<br \/><div class=\"pt-cv-rmwrap\"><a href=\"https:\/\/velovilnius.lt\/balticcycle\/de\/klaipeda\/\" class=\"_self pt-cv-readmore btn btn-success\" target=\"_self\">Weiterlesen<\/a><\/div><\/div><\/div><\/div>\n<div class=\"col-md-6 col-sm-6 col-xs-12 pt-cv-content-item pt-cv-1-col\" ><div class='pt-cv-ifield'><a href=\"https:\/\/velovilnius.lt\/balticcycle\/de\/radreisearchiv\/\" class=\"_self pt-cv-href-thumbnail pt-cv-thumb-default\" target=\"_self\"><\/a>\n<h4 class=\"pt-cv-title\"><a href=\"https:\/\/velovilnius.lt\/balticcycle\/de\/radreisearchiv\/\" class=\"_self\" target=\"_self\">Radreisearchiv<\/a><\/h4>\n<div class=\"pt-cv-content\">Einen vereinfachten &Uuml;berblick zu den m&ouml;glichen Radreiserouten gibt es jetzt hier Dies sind die beliebtesten und sch&ouml;nsten Routen: Wir bieten ...<br \/><div class=\"pt-cv-rmwrap\"><a href=\"https:\/\/velovilnius.lt\/balticcycle\/de\/radreisearchiv\/\" class=\"_self pt-cv-readmore btn btn-success\" target=\"_self\">Weiterlesen<\/a><\/div><\/div><\/div><\/div><\/div><\/div><\/div><\/div>","pwapp_post_content_type":"postprocessed","pwapp_preview_type":"excerpt","androapp_failover_post_content_type":"","share_text":"Fahrradreisen in den Baltischen Staaten Es gibt eine gro\u00dfe Bandbreite von verschiedenen\u00a0vororganisierten Reisen,\u00a0die Sie \u00fcber BaltiCCycle buchen k\u00f6nnen: a) im Kommen sind\u00a0&#8220;ungef\u00fchrte Reisen&#8221;. b)die\u00a0&#8220;klassische&#8221; Bus-Radreise &nbsp; Zwei Firmen im \u00a0BaltiCCycle.eu Netzwerk bieten Radreisen an: www.balticbiketravel.eu in Klaipeda und www.citybike.ee in Tallinn Wir k\u00f6nnen Ihnen &#8211; zu einem sehr guten Preis &#8211; Radreisen anbieten, die von [&hellip;]\n\nvia https:\/\/velovilnius.lt\/balticcycle\/de\/service\/cycle-travel-fahrradreisen\/","supercache":"androappsupercache","_links":{"self":[{"href":"https:\/\/velovilnius.lt\/balticcycle\/de\/wp-json\/wp\/v2\/pages\/96"}],"collection":[{"href":"https:\/\/velovilnius.lt\/balticcycle\/de\/wp-json\/wp\/v2\/pages"}],"about":[{"href":"https:\/\/velovilnius.lt\/balticcycle\/de\/wp-json\/wp\/v2\/types\/page"}],"author":[{"embeddable":true,"href":"https:\/\/velovilnius.lt\/balticcycle\/de\/wp-json\/wp\/v2\/users\/1"}],"replies":[{"embeddable":true,"href":"https:\/\/velovilnius.lt\/balticcycle\/de\/wp-json\/wp\/v2\/comments?post=96"}],"version-history":[{"count":1,"href":"https:\/\/velovilnius.lt\/balticcycle\/de\/wp-json\/wp\/v2\/pages\/96\/revisions"}],"predecessor-version":[{"id":2117,"href":"https:\/\/velovilnius.lt\/balticcycle\/de\/wp-json\/wp\/v2\/pages\/96\/revisions\/2117"}],"up":[{"embeddable":true,"href":"https:\/\/velovilnius.lt\/balticcycle\/de\/wp-json\/wp\/v2\/pages\/90"}],"wp:attachment":[{"href":"https:\/\/velovilnius.lt\/balticcycle\/de\/wp-json\/wp\/v2\/media?parent=96"}],"wp:term":[{"taxonomy":"category","embeddable":true,"href":"https:\/\/velovilnius.lt\/balticcycle\/de\/wp-json\/wp\/v2\/categories?post=96"},{"taxonomy":"post_tag","embeddable":true,"href":"https:\/\/velovilnius.lt\/balticcycle\/de\/wp-json\/wp\/v2\/tags?post=96"}],"curies":[{"name":"wp","href":"https:\/\/api.w.org\/{rel}","templated":true}]}}