{"id":93,"date":"2013-08-16T08:08:39","date_gmt":"2013-08-16T08:08:39","guid":{"rendered":"http:\/\/velovilnius.lt\/balticcycle\/?page_id=93"},"modified":"2013-08-16T08:08:39","modified_gmt":"2013-08-16T08:08:39","slug":"bicycle-tours-travel-or-what","status":"publish","type":"page","link":"https:\/\/velovilnius.lt\/balticcycle\/de\/service\/bicycle-tours-travel-or-what\/","title":{"rendered":"bicycle tours, travel or what?"},"content":{"rendered":"<h1>&nbsp;Tours<\/h1>\n<table width=\"100%\" border=\"0\" cellpadding=\"1\" cellspacing=\"1\">\n<tbody>\n<tr>\n<td width=\"50%\">&nbsp;may mean &#8230;<\/td>\n<td width=\"50%\">&nbsp;das kann hei&szlig;en<\/td>\n<\/tr>\n<tr>\n<td>&#8230; either the popular <strong>city tours by bicycle<\/strong> (<a href=\"http:\/\/www.balticcycle.eu\/service\/citytours.html\" target=\"_blank\" rel=\"noopener\">more here<\/a>)<\/td>\n<td>&#8230; entweder die beliebten <strong>Stadttouren per Rad<\/strong> (<a href=\"http:\/\/www.balticcycle.eu\/service\/citytours.html\" target=\"_blank\" rel=\"noopener\">mehr hier<\/a>)<\/td>\n<\/tr>\n<\/tbody>\n<\/table>\n<p><meta http-equiv=\"content-type\" content=\"text\/html; charset=utf-8\"><br class=\"Apple-interchange-newline\" \/> <\/p>\n<table width=\"100%\" border=\"0\" cellpadding=\"1\" cellspacing=\"1\" style=\"border-top-color: rgb(211, 211, 211); border-right-color: rgb(211, 211, 211); border-bottom-color: rgb(211, 211, 211); border-left-color: rgb(211, 211, 211); border-top-width: 1px; border-right-width: 1px; border-bottom-width: 1px; border-left-width: 1px; border-top-style: dotted; border-right-style: dotted; border-bottom-style: dotted; border-left-style: dotted; \">\n<tbody>\n<tr>\n<td width=\"50%\" style=\"border-top-color: rgb(211, 211, 211); border-right-color: rgb(211, 211, 211); border-bottom-color: rgb(211, 211, 211); border-left-color: rgb(211, 211, 211); border-top-width: 1px; border-right-width: 1px; border-bottom-width: 1px; border-left-width: 1px; border-top-style: dotted; border-right-style: dotted; border-bottom-style: dotted; border-left-style: dotted; \">&nbsp;<\/td>\n<td width=\"50%\" style=\"border-top-color: rgb(211, 211, 211); border-right-color: rgb(211, 211, 211); border-bottom-color: rgb(211, 211, 211); border-left-color: rgb(211, 211, 211); border-top-width: 1px; border-right-width: 1px; border-bottom-width: 1px; border-left-width: 1px; border-top-style: dotted; border-right-style: dotted; border-bottom-style: dotted; border-left-style: dotted; \">&nbsp;<\/td>\n<\/tr>\n<tr>\n<td style=\"border-top-color: rgb(211, 211, 211); border-right-color: rgb(211, 211, 211); border-bottom-color: rgb(211, 211, 211); border-left-color: rgb(211, 211, 211); border-top-width: 1px; border-right-width: 1px; border-bottom-width: 1px; border-left-width: 1px; border-top-style: dotted; border-right-style: dotted; border-bottom-style: dotted; border-left-style: dotted; \">&#8230; or organised <strong>bicycle travel <\/strong>&nbsp;(<a href=\"http:\/\/www.balticcycle.eu\/service\/travel.html\" target=\"_blank\" rel=\"noopener\">more here<\/a>)<\/td>\n<td style=\"border-top-color: rgb(211, 211, 211); border-right-color: rgb(211, 211, 211); border-bottom-color: rgb(211, 211, 211); border-left-color: rgb(211, 211, 211); border-top-width: 1px; border-right-width: 1px; border-bottom-width: 1px; border-left-width: 1px; border-top-style: dotted; border-right-style: dotted; border-bottom-style: dotted; border-left-style: dotted; \">&#8230; oder &quot;richtige&quot; organisierte <strong>Radreisen<\/strong> (<a href=\"http:\/\/www.balticcycle.eu\/service\/travel.html\" target=\"_blank\" rel=\"noopener\">mehr hier<\/a>)<br \/>             &nbsp;<\/td>\n<\/tr>\n<\/tbody>\n<\/table>\n<p>  <\/meta><\/p>\n<p>&#8230;<\/p>\n<p><meta http-equiv=\"content-type\" content=\"text\/html; charset=utf-8\"><br class=\"Apple-interchange-newline\" \/> <\/p>\n<table width=\"100%\" border=\"0\" cellpadding=\"1\" cellspacing=\"1\" style=\"border-top-color: rgb(211, 211, 211); border-right-color: rgb(211, 211, 211); border-bottom-color: rgb(211, 211, 211); border-left-color: rgb(211, 211, 211); border-top-width: 1px; border-right-width: 1px; border-bottom-width: 1px; border-left-width: 1px; border-top-style: dotted; border-right-style: dotted; border-bottom-style: dotted; border-left-style: dotted; \">\n<tbody>\n<tr>\n<td width=\"50%\" style=\"border-top-color: rgb(211, 211, 211); border-right-color: rgb(211, 211, 211); border-bottom-color: rgb(211, 211, 211); border-left-color: rgb(211, 211, 211); border-top-width: 1px; border-right-width: 1px; border-bottom-width: 1px; border-left-width: 1px; border-top-style: dotted; border-right-style: dotted; border-bottom-style: dotted; border-left-style: dotted; \">&nbsp;<\/td>\n<td width=\"50%\" style=\"border-top-color: rgb(211, 211, 211); border-right-color: rgb(211, 211, 211); border-bottom-color: rgb(211, 211, 211); border-left-color: rgb(211, 211, 211); border-top-width: 1px; border-right-width: 1px; border-bottom-width: 1px; border-left-width: 1px; border-top-style: dotted; border-right-style: dotted; border-bottom-style: dotted; border-left-style: dotted; \">&nbsp;<\/td>\n<\/tr>\n<tr>\n<td style=\"border-top-color: rgb(211, 211, 211); border-right-color: rgb(211, 211, 211); border-bottom-color: rgb(211, 211, 211); border-left-color: rgb(211, 211, 211); border-top-width: 1px; border-right-width: 1px; border-bottom-width: 1px; border-left-width: 1px; border-top-style: dotted; border-right-style: dotted; border-bottom-style: dotted; border-left-style: dotted; \">&#8230; not to forget the good old <strong>non commercial BaltiCCycle tours<\/strong> &nbsp;(<a href=\"http:\/\/www.bicycle.lt\/en\/main\/tours\" target=\"_blank\" rel=\"noopener\">more here<\/a>)<\/td>\n<td style=\"border-top-color: rgb(211, 211, 211); border-right-color: rgb(211, 211, 211); border-bottom-color: rgb(211, 211, 211); border-left-color: rgb(211, 211, 211); border-top-width: 1px; border-right-width: 1px; border-bottom-width: 1px; border-left-width: 1px; border-top-style: dotted; border-right-style: dotted; border-bottom-style: dotted; border-left-style: dotted; \">&#8230; und nicht zu vergessen die guten alten <strong>nicht kommerziellen BaltiCCycle-Touren<\/strong> (<a href=\"http:\/\/www.bicycle.lt\/en\/main\/tours\" target=\"_blank\" rel=\"noopener\">mehr hier<\/a>&nbsp;(Englisch, da die deutsch sprachigen Seiten eher unregelm&auml;&szlig;ig erneuert werden)<br \/>             &nbsp;<\/td>\n<\/tr>\n<\/tbody>\n<\/table>\n<p>  <\/meta><\/p>\n","protected":false},"excerpt":{"rendered":"<p>&nbsp;Tours &nbsp;may mean &#8230; &nbsp;das kann hei&szlig;en &#8230; either the popular city tours by bicycle (more here) &#8230; entweder die beliebten Stadttouren per Rad (mehr hier) &nbsp; &nbsp; &#8230; or organised bicycle travel &nbsp;(more here) &#8230; oder &quot;richtige&quot; organisierte Radreisen (mehr hier) &nbsp; &#8230; &nbsp; &nbsp; &#8230; not to forget the good old non commercial [&hellip;]<\/p>\n","protected":false},"author":1,"featured_media":0,"parent":90,"menu_order":0,"comment_status":"open","ping_status":"open","template":"","meta":{"inline_featured_image":false,"site-sidebar-layout":"default","site-content-layout":"","ast-site-content-layout":"default","site-content-style":"default","site-sidebar-style":"default","ast-global-header-display":"","ast-banner-title-visibility":"","ast-main-header-display":"","ast-hfb-above-header-display":"","ast-hfb-below-header-display":"","ast-hfb-mobile-header-display":"","site-post-title":"","ast-breadcrumbs-content":"","ast-featured-img":"","footer-sml-layout":"","ast-disable-related-posts":"","theme-transparent-header-meta":"","adv-header-id-meta":"","stick-header-meta":"","header-above-stick-meta":"","header-main-stick-meta":"","header-below-stick-meta":"","astra-migrate-meta-layouts":"default","ast-page-background-enabled":"default","ast-page-background-meta":{"desktop":{"background-color":"","background-image":"","background-repeat":"repeat","background-position":"center center","background-size":"auto","background-attachment":"scroll","background-type":"","background-media":"","overlay-type":"","overlay-color":"","overlay-opacity":"","overlay-gradient":""},"tablet":{"background-color":"","background-image":"","background-repeat":"repeat","background-position":"center center","background-size":"auto","background-attachment":"scroll","background-type":"","background-media":"","overlay-type":"","overlay-color":"","overlay-opacity":"","overlay-gradient":""},"mobile":{"background-color":"","background-image":"","background-repeat":"repeat","background-position":"center center","background-size":"auto","background-attachment":"scroll","background-type":"","background-media":"","overlay-type":"","overlay-color":"","overlay-opacity":"","overlay-gradient":""}},"ast-content-background-meta":{"desktop":{"background-color":"var(--ast-global-color-5)","background-image":"","background-repeat":"repeat","background-position":"center center","background-size":"auto","background-attachment":"scroll","background-type":"","background-media":"","overlay-type":"","overlay-color":"","overlay-opacity":"","overlay-gradient":""},"tablet":{"background-color":"var(--ast-global-color-5)","background-image":"","background-repeat":"repeat","background-position":"center center","background-size":"auto","background-attachment":"scroll","background-type":"","background-media":"","overlay-type":"","overlay-color":"","overlay-opacity":"","overlay-gradient":""},"mobile":{"background-color":"var(--ast-global-color-5)","background-image":"","background-repeat":"repeat","background-position":"center center","background-size":"auto","background-attachment":"scroll","background-type":"","background-media":"","overlay-type":"","overlay-color":"","overlay-opacity":"","overlay-gradient":""}},"footnotes":"","_links_to":"","_links_to_target":""},"categories":[],"tags":[],"class_list":["post-93","page","type-page","status-publish","hentry"],"ams_acf":[],"jetpack_shortlink":"https:\/\/wp.me\/P4oO1r-1v","jetpack_sharing_enabled":true,"jetpack-related-posts":[{"id":92,"url":"https:\/\/velovilnius.lt\/balticcycle\/de\/service\/city-tours-by-bicycle\/","url_meta":{"origin":93,"position":0},"title":"Stadtouren per Fahrrad","author":"admin","date":"Freitag, 16UTCFri, 16 Aug 2013 08:05:41 +0000 16. August 2013","format":false,"excerpt":"Stadtouren per Fahrrad\u00a0 ...in Vilnius, Tallinn, Riga, Tartu (neu!)\u00a0 ein anderer Blick auf die expandierenden baltischen Hauptst\u00e4dte zwischen historischen Altst\u00e4dten, gl\u00e4sernen B\u00fcrot\u00fcrmen und wackeligen Holzh\u00fctten Kurztrips (Tagestrips)\u00a0\"raus aus der Stadt\"\u00a0zu den Nationalparks (Tallinn => Lahemaa, Riga => Gauja, Kemeri, Vilnius => Trakai, Aukstaitija, Dzukija. Die BaltiCCycle-Partner bieten eine gro\u00dfe Bandbeite\u2026","rel":"","context":"\u00c4hnlicher Beitrag","block_context":{"text":"\u00c4hnlicher Beitrag","link":""},"img":{"alt_text":"","src":"","width":0,"height":0},"classes":[]},{"id":90,"url":"https:\/\/velovilnius.lt\/balticcycle\/de\/service\/","url_meta":{"origin":93,"position":1},"title":"Service","author":"admin","date":"Freitag, 16UTCFri, 16 Aug 2013 08:02:03 +0000 16. August 2013","format":false,"excerpt":"Hilfe (Service) zum Radfahren in Litauen, Lettland, Estland (das Baltikum) \u00a0 For your convenience - and your survival - we are offering\u00a0charged services, such as Finanzieren tun wir uns konstant \u00fcber die\u00a0 Angebote: wir bieten\u00a0kostenplichtigen\u00a0Service an: bicycle rent locally or internationally, maps and cycle descriptions via our web shop, the\u2026","rel":"","context":"\u00c4hnlicher Beitrag","block_context":{"text":"\u00c4hnlicher Beitrag","link":""},"img":{"alt_text":"","src":"","width":0,"height":0},"classes":[]},{"id":28,"url":"https:\/\/velovilnius.lt\/balticcycle\/de\/riga-vilnius\/","url_meta":{"origin":93,"position":2},"title":"Fahrradrouten in Litauen, Lettland, Estland","author":"admin","date":"Donnerstag, 15UTCThu, 15 Aug 2013 07:50:45 +0000 15. August 2013","format":false,"excerpt":"Fahrradrouten in den Baltischen Staaten Zu allen Routen bietet BaltiCCycle kostenlose Informationen auf unseren Internetseiten, (leider) kostenpflichtige Wegbeschreibungen, Karten und Informationspakete, Hilfe beim Fahrradverleih !!!Wichtige Verst\u00e4ndnisinformation: Fahrradweg ODER Fahrradroute? Richtige Fernradwege sind in den Baltischen Staaten immer noch selten, die l\u00e4ngsten Radwegabschnitte betragen so um die 20 km. Bei den\u2026","rel":"","context":"In \"[:en]routes[:de]Fahrradrouten[:]\"","block_context":{"text":"[:en]routes[:de]Fahrradrouten[:]","link":"https:\/\/velovilnius.lt\/balticcycle\/de\/tag\/routes\/"},"img":{"alt_text":"","src":"https:\/\/i0.wp.com\/velovilnius.lt\/balticcycle\/files\/2019\/11\/BCmap2019.png?resize=350%2C200&ssl=1","width":350,"height":200,"srcset":"https:\/\/i0.wp.com\/velovilnius.lt\/balticcycle\/files\/2019\/11\/BCmap2019.png?resize=350%2C200&ssl=1 1x, https:\/\/i0.wp.com\/velovilnius.lt\/balticcycle\/files\/2019\/11\/BCmap2019.png?resize=525%2C300&ssl=1 1.5x, https:\/\/i0.wp.com\/velovilnius.lt\/balticcycle\/files\/2019\/11\/BCmap2019.png?resize=700%2C400&ssl=1 2x, https:\/\/i0.wp.com\/velovilnius.lt\/balticcycle\/files\/2019\/11\/BCmap2019.png?resize=1050%2C600&ssl=1 3x, https:\/\/i0.wp.com\/velovilnius.lt\/balticcycle\/files\/2019\/11\/BCmap2019.png?resize=1400%2C800&ssl=1 4x"},"classes":[]},{"id":130,"url":"https:\/\/velovilnius.lt\/balticcycle\/de\/service\/price-list-rental-and-transportation-fees\/","url_meta":{"origin":93,"position":3},"title":"Fahrradverleih in Litauen, Lettland, Estland (den Baltischen Staaten)","author":"admin","date":"Freitag, 16UTCFri, 16 Aug 2013 11:14:55 +0000 16. August 2013","format":false,"excerpt":"Fahrradverleih in Litauen, Lettland, Estland (den Baltischen Staaten) BaltiCCycle.eu ist ein Netzwerk aus Partnerorganisations in \u00a0in Vilnius, Klaipeda, Tallinn, Riga ... mit einer gro\u00dfen Auswahl an Leihr\u00e4dern Nimm dir ein Rad und ab gehts ... Im BaltiCCycle.eu Netz k\u00f6nnen Sie Fahrr\u00e4der grenz\u00fcberschreitend in den en Baltischen Staaten (Litauen, Lettland, Estland)\u2026","rel":"","context":"In &quot;[:en]Services[:de]Service[:]&quot;","block_context":{"text":"[:en]Services[:de]Service[:]","link":"https:\/\/velovilnius.lt\/balticcycle\/de\/category\/service\/"},"img":{"alt_text":"","src":"https:\/\/i0.wp.com\/velovilnius.lt\/balticcycle\/files\/2017\/02\/DU-RATAI-BaltiCCycle-rental-centre-in-Klaipeda-LT-028.jpg?resize=350%2C200&ssl=1","width":350,"height":200,"srcset":"https:\/\/i0.wp.com\/velovilnius.lt\/balticcycle\/files\/2017\/02\/DU-RATAI-BaltiCCycle-rental-centre-in-Klaipeda-LT-028.jpg?resize=350%2C200&ssl=1 1x, https:\/\/i0.wp.com\/velovilnius.lt\/balticcycle\/files\/2017\/02\/DU-RATAI-BaltiCCycle-rental-centre-in-Klaipeda-LT-028.jpg?resize=525%2C300&ssl=1 1.5x"},"classes":[]},{"id":1618,"url":"https:\/\/velovilnius.lt\/balticcycle\/de\/","url_meta":{"origin":93,"position":4},"title":"Willkommen zum Radfahren im Baltikum!","author":"admin","date":"Samstag, 04UTCSat, 04 Feb 2017 17:33:54 +0000  4. Februar 2017","format":false,"excerpt":"Willkommen bei \"BaltiCCycle\"!. Es ist eine lange Geschichte: Sie beginnt mit Frank, der 1994 eine Fahrradtour aus Deutschland (Greifswald) bis nach Estland (Tallinn) machte. Seitdem zog es mich immer zur\u00fcck und seit 1999 lebe hier.\u00a0 Im Jahre 2000 starteten Radfahrende aus Estland, Lettland, Litauen und Kaliningrad den \"BaltiCCycle\" - Massenradtouren,\u2026","rel":"","context":"\u00c4hnlicher Beitrag","block_context":{"text":"\u00c4hnlicher Beitrag","link":""},"img":{"alt_text":"","src":"https:\/\/i0.wp.com\/velovilnius.lt\/wp-content\/uploads\/2018\/06\/family-on-bikes-150x150.png?resize=350%2C200","width":350,"height":200},"classes":[]},{"id":32,"url":"https:\/\/velovilnius.lt\/balticcycle\/de\/riga-vilnius\/latvia\/","url_meta":{"origin":93,"position":5},"title":"Lettland per Rad","author":"admin","date":"Donnerstag, 15UTCThu, 15 Aug 2013 09:07:59 +0000 15. August 2013","format":false,"excerpt":"\u00a0Bicycling in Latvia \/ Fahrradfahren (Velofahren) in Lettland Latvija - Lettland- Latvia LV1\u00a0\/\u00a0Western Latvia,\u00a0 Kurzeme region\u00a0 (Couronia),\u00a0Klaipeda-Riga LV2\u00a0\/\u00a0North Eastern Latvia, Vidzeme region with the Gauja National park LV3\u00a0\/\u00a0South Eastern Latvia,\u00a0Latgale\u00a0region LV4 \/\u00a0South Latvia, Zemgale region LV1\u00a0\/\u00a0Westlettland,, Region Kurzeme (Kurland)LV2\u00a0\/\u00a0Nordostlettland, Region Vidzeme mit dem Gauja Nationalpark LV3\u00a0\/\u00a0S\u00fcdostlettland, Region Latgale LV4 \/S\u00fcdlettland,\u2026","rel":"","context":"In &quot;[:en]Information by countries[:de]Info nach L\u00e4ndern[:]&quot;","block_context":{"text":"[:en]Information by countries[:de]Info nach L\u00e4ndern[:]","link":"https:\/\/velovilnius.lt\/balticcycle\/de\/category\/routes\/countries\/"},"img":{"alt_text":"","src":"https:\/\/i0.wp.com\/velovilnius.lt\/balticcycle\/files\/2013\/09\/15.jpg?resize=350%2C200&ssl=1","width":350,"height":200,"srcset":"https:\/\/i0.wp.com\/velovilnius.lt\/balticcycle\/files\/2013\/09\/15.jpg?resize=350%2C200&ssl=1 1x, https:\/\/i0.wp.com\/velovilnius.lt\/balticcycle\/files\/2013\/09\/15.jpg?resize=525%2C300&ssl=1 1.5x, https:\/\/i0.wp.com\/velovilnius.lt\/balticcycle\/files\/2013\/09\/15.jpg?resize=700%2C400&ssl=1 2x"},"classes":[]}],"jetpack_likes_enabled":true,"pwapp_after_post_content":"","pwapp_before_post_content":"","androapp_header":"","pwapp_author":{"ID":1,"name":"admin","slug":"admin"},"pwapp_terms":[],"pwapp_feed_image_dimension_type":"preview","pwapp_post_image":null,"share_image":null,"featured_image_showhide":"show","pwapp_excerpt":"<p>&nbsp;Tours &nbsp;may mean &#8230; &nbsp;das kann hei&szlig;en &#8230; either the popular city tours by bicycle (more here) &#8230; entweder die beliebten Stadttouren per Rad (mehr hier) &nbsp; &nbsp; &#8230; or organised bicycle travel &nbsp;(more here) &#8230; oder &quot;richtige&quot; organisierte Radreisen (mehr hier) &nbsp; &#8230; &nbsp; &nbsp; &#8230; not to forget the good old non commercial [&hellip;]<\/p>\n","pwapp_title":"bicycle tours, travel or what?","androapp_image_list":[],"pwapp_post_content":"<style type=\"text\/css\">androapp img{\r\n    max-width: 100%;\r\n    height: auto;\r\n}\r\niframe{\r\n    max-width: 100%;    \r\n}\r\nfigure {\r\n    max-width: 100%;\r\n    height: auto;\r\n}\r\nimg{\r\n    max-width: 100% !important;\r\n    height: auto;\r\n}\r\ndiv {\r\n    max-width: 100% !important;\r\n}\r\nspan {\r\n    max-width:100%;\r\n    overflow: auto;\r\n}\r\naudio {\r\n    display:block;\r\n    visibility:visible !important;\r\n}\r\nvideo{\r\n    width:100%;\r\n    height:auto;\r\n}\r\n<\/style><div class='androapp'><h1>&nbsp;Tours<\/h1>\n<table width=\"100%\" border=\"0\" cellpadding=\"1\" cellspacing=\"1\">\n<tbody>\n<tr>\n<td width=\"50%\">&nbsp;may mean &#8230;<\/td>\n<td width=\"50%\">&nbsp;das kann hei&szlig;en<\/td>\n<\/tr>\n<tr>\n<td>&#8230; either the popular <strong>city tours by bicycle<\/strong> (<a href=\"http:\/\/www.balticcycle.eu\/service\/citytours.html\" target=\"_blank\" rel=\"noopener\">more here<\/a>)<\/td>\n<td>&#8230; entweder die beliebten <strong>Stadttouren per Rad<\/strong> (<a href=\"http:\/\/www.balticcycle.eu\/service\/citytours.html\" target=\"_blank\" rel=\"noopener\">mehr hier<\/a>)<\/td>\n<\/tr>\n<\/tbody>\n<\/table>\n<p><meta http-equiv=\"content-type\" content=\"text\/html; charset=utf-8\"><br class=\"Apple-interchange-newline\" \/> <\/p>\n<table width=\"100%\" border=\"0\" cellpadding=\"1\" cellspacing=\"1\" style=\"border-top-color: rgb(211, 211, 211); border-right-color: rgb(211, 211, 211); border-bottom-color: rgb(211, 211, 211); border-left-color: rgb(211, 211, 211); border-top-width: 1px; border-right-width: 1px; border-bottom-width: 1px; border-left-width: 1px; border-top-style: dotted; border-right-style: dotted; border-bottom-style: dotted; border-left-style: dotted; \">\n<tbody>\n<tr>\n<td width=\"50%\" style=\"border-top-color: rgb(211, 211, 211); border-right-color: rgb(211, 211, 211); border-bottom-color: rgb(211, 211, 211); border-left-color: rgb(211, 211, 211); border-top-width: 1px; border-right-width: 1px; border-bottom-width: 1px; border-left-width: 1px; border-top-style: dotted; border-right-style: dotted; border-bottom-style: dotted; border-left-style: dotted; \">&nbsp;<\/td>\n<td width=\"50%\" style=\"border-top-color: rgb(211, 211, 211); border-right-color: rgb(211, 211, 211); border-bottom-color: rgb(211, 211, 211); border-left-color: rgb(211, 211, 211); border-top-width: 1px; border-right-width: 1px; border-bottom-width: 1px; border-left-width: 1px; border-top-style: dotted; border-right-style: dotted; border-bottom-style: dotted; border-left-style: dotted; \">&nbsp;<\/td>\n<\/tr>\n<tr>\n<td style=\"border-top-color: rgb(211, 211, 211); border-right-color: rgb(211, 211, 211); border-bottom-color: rgb(211, 211, 211); border-left-color: rgb(211, 211, 211); border-top-width: 1px; border-right-width: 1px; border-bottom-width: 1px; border-left-width: 1px; border-top-style: dotted; border-right-style: dotted; border-bottom-style: dotted; border-left-style: dotted; \">&#8230; or organised <strong>bicycle travel <\/strong>&nbsp;(<a href=\"http:\/\/www.balticcycle.eu\/service\/travel.html\" target=\"_blank\" rel=\"noopener\">more here<\/a>)<\/td>\n<td style=\"border-top-color: rgb(211, 211, 211); border-right-color: rgb(211, 211, 211); border-bottom-color: rgb(211, 211, 211); border-left-color: rgb(211, 211, 211); border-top-width: 1px; border-right-width: 1px; border-bottom-width: 1px; border-left-width: 1px; border-top-style: dotted; border-right-style: dotted; border-bottom-style: dotted; border-left-style: dotted; \">&#8230; oder &quot;richtige&quot; organisierte <strong>Radreisen<\/strong> (<a href=\"http:\/\/www.balticcycle.eu\/service\/travel.html\" target=\"_blank\" rel=\"noopener\">mehr hier<\/a>)<br \/>             &nbsp;<\/td>\n<\/tr>\n<\/tbody>\n<\/table>\n<p>  <\/meta><\/p>\n<p>&#8230;<\/p>\n<p><meta http-equiv=\"content-type\" content=\"text\/html; charset=utf-8\"><br class=\"Apple-interchange-newline\" \/> <\/p>\n<table width=\"100%\" border=\"0\" cellpadding=\"1\" cellspacing=\"1\" style=\"border-top-color: rgb(211, 211, 211); border-right-color: rgb(211, 211, 211); border-bottom-color: rgb(211, 211, 211); border-left-color: rgb(211, 211, 211); border-top-width: 1px; border-right-width: 1px; border-bottom-width: 1px; border-left-width: 1px; border-top-style: dotted; border-right-style: dotted; border-bottom-style: dotted; border-left-style: dotted; \">\n<tbody>\n<tr>\n<td width=\"50%\" style=\"border-top-color: rgb(211, 211, 211); border-right-color: rgb(211, 211, 211); border-bottom-color: rgb(211, 211, 211); border-left-color: rgb(211, 211, 211); border-top-width: 1px; border-right-width: 1px; border-bottom-width: 1px; border-left-width: 1px; border-top-style: dotted; border-right-style: dotted; border-bottom-style: dotted; border-left-style: dotted; \">&nbsp;<\/td>\n<td width=\"50%\" style=\"border-top-color: rgb(211, 211, 211); border-right-color: rgb(211, 211, 211); border-bottom-color: rgb(211, 211, 211); border-left-color: rgb(211, 211, 211); border-top-width: 1px; border-right-width: 1px; border-bottom-width: 1px; border-left-width: 1px; border-top-style: dotted; border-right-style: dotted; border-bottom-style: dotted; border-left-style: dotted; \">&nbsp;<\/td>\n<\/tr>\n<tr>\n<td style=\"border-top-color: rgb(211, 211, 211); border-right-color: rgb(211, 211, 211); border-bottom-color: rgb(211, 211, 211); border-left-color: rgb(211, 211, 211); border-top-width: 1px; border-right-width: 1px; border-bottom-width: 1px; border-left-width: 1px; border-top-style: dotted; border-right-style: dotted; border-bottom-style: dotted; border-left-style: dotted; \">&#8230; not to forget the good old <strong>non commercial BaltiCCycle tours<\/strong> &nbsp;(<a href=\"http:\/\/www.bicycle.lt\/en\/main\/tours\" target=\"_blank\" rel=\"noopener\">more here<\/a>)<\/td>\n<td style=\"border-top-color: rgb(211, 211, 211); border-right-color: rgb(211, 211, 211); border-bottom-color: rgb(211, 211, 211); border-left-color: rgb(211, 211, 211); border-top-width: 1px; border-right-width: 1px; border-bottom-width: 1px; border-left-width: 1px; border-top-style: dotted; border-right-style: dotted; border-bottom-style: dotted; border-left-style: dotted; \">&#8230; und nicht zu vergessen die guten alten <strong>nicht kommerziellen BaltiCCycle-Touren<\/strong> (<a href=\"http:\/\/www.bicycle.lt\/en\/main\/tours\" target=\"_blank\" rel=\"noopener\">mehr hier<\/a>&nbsp;(Englisch, da die deutsch sprachigen Seiten eher unregelm&auml;&szlig;ig erneuert werden)<br \/>             &nbsp;<\/td>\n<\/tr>\n<\/tbody>\n<\/table>\n<p>  <\/meta><\/p>\n<\/div>","pwapp_post_content_type":"postprocessed","pwapp_preview_type":"excerpt","androapp_failover_post_content_type":"","share_text":"&nbsp;Tours &nbsp;may mean &#8230; &nbsp;das kann hei&szlig;en &#8230; either the popular city tours by bicycle (more here) &#8230; entweder die beliebten Stadttouren per Rad (mehr hier) &nbsp; &nbsp; &#8230; or organised bicycle travel &nbsp;(more here) &#8230; oder &quot;richtige&quot; organisierte Radreisen (mehr hier) &nbsp; &#8230; &nbsp; &nbsp; &#8230; not to forget the good old non commercial [&hellip;]\n\nvia https:\/\/velovilnius.lt\/balticcycle\/de\/service\/bicycle-tours-travel-or-what\/","supercache":"androappsupercache","_links":{"self":[{"href":"https:\/\/velovilnius.lt\/balticcycle\/de\/wp-json\/wp\/v2\/pages\/93","targetHints":{"allow":["GET"]}}],"collection":[{"href":"https:\/\/velovilnius.lt\/balticcycle\/de\/wp-json\/wp\/v2\/pages"}],"about":[{"href":"https:\/\/velovilnius.lt\/balticcycle\/de\/wp-json\/wp\/v2\/types\/page"}],"author":[{"embeddable":true,"href":"https:\/\/velovilnius.lt\/balticcycle\/de\/wp-json\/wp\/v2\/users\/1"}],"replies":[{"embeddable":true,"href":"https:\/\/velovilnius.lt\/balticcycle\/de\/wp-json\/wp\/v2\/comments?post=93"}],"version-history":[{"count":0,"href":"https:\/\/velovilnius.lt\/balticcycle\/de\/wp-json\/wp\/v2\/pages\/93\/revisions"}],"up":[{"embeddable":true,"href":"https:\/\/velovilnius.lt\/balticcycle\/de\/wp-json\/wp\/v2\/pages\/90"}],"wp:attachment":[{"href":"https:\/\/velovilnius.lt\/balticcycle\/de\/wp-json\/wp\/v2\/media?parent=93"}],"wp:term":[{"taxonomy":"category","embeddable":true,"href":"https:\/\/velovilnius.lt\/balticcycle\/de\/wp-json\/wp\/v2\/categories?post=93"},{"taxonomy":"post_tag","embeddable":true,"href":"https:\/\/velovilnius.lt\/balticcycle\/de\/wp-json\/wp\/v2\/tags?post=93"}],"curies":[{"name":"wp","href":"https:\/\/api.w.org\/{rel}","templated":true}]}}