{"id":2757,"date":"2019-01-03T12:51:44","date_gmt":"2019-01-03T12:51:44","guid":{"rendered":"https:\/\/velovilnius.lt\/balticcycle\/newsletter\/"},"modified":"2019-01-03T12:51:44","modified_gmt":"2019-01-03T12:51:44","slug":"newsletter","status":"publish","type":"page","link":"https:\/\/velovilnius.lt\/balticcycle\/de\/newsletter\/","title":{"rendered":"Newsletter"},"content":{"rendered":"[newsletter]\n","protected":false},"excerpt":{"rendered":"<p>[newsletter]<\/p>\n","protected":false},"author":1,"featured_media":0,"parent":0,"menu_order":0,"comment_status":"closed","ping_status":"closed","template":"","meta":{"inline_featured_image":false,"site-sidebar-layout":"default","site-content-layout":"","ast-site-content-layout":"default","site-content-style":"default","site-sidebar-style":"default","ast-global-header-display":"","ast-banner-title-visibility":"","ast-main-header-display":"","ast-hfb-above-header-display":"","ast-hfb-below-header-display":"","ast-hfb-mobile-header-display":"","site-post-title":"","ast-breadcrumbs-content":"","ast-featured-img":"","footer-sml-layout":"","ast-disable-related-posts":"","theme-transparent-header-meta":"","adv-header-id-meta":"","stick-header-meta":"","header-above-stick-meta":"","header-main-stick-meta":"","header-below-stick-meta":"","astra-migrate-meta-layouts":"default","ast-page-background-enabled":"default","ast-page-background-meta":{"desktop":{"background-color":"","background-image":"","background-repeat":"repeat","background-position":"center center","background-size":"auto","background-attachment":"scroll","background-type":"","background-media":"","overlay-type":"","overlay-color":"","overlay-opacity":"","overlay-gradient":""},"tablet":{"background-color":"","background-image":"","background-repeat":"repeat","background-position":"center center","background-size":"auto","background-attachment":"scroll","background-type":"","background-media":"","overlay-type":"","overlay-color":"","overlay-opacity":"","overlay-gradient":""},"mobile":{"background-color":"","background-image":"","background-repeat":"repeat","background-position":"center center","background-size":"auto","background-attachment":"scroll","background-type":"","background-media":"","overlay-type":"","overlay-color":"","overlay-opacity":"","overlay-gradient":""}},"ast-content-background-meta":{"desktop":{"background-color":"var(--ast-global-color-5)","background-image":"","background-repeat":"repeat","background-position":"center center","background-size":"auto","background-attachment":"scroll","background-type":"","background-media":"","overlay-type":"","overlay-color":"","overlay-opacity":"","overlay-gradient":""},"tablet":{"background-color":"var(--ast-global-color-5)","background-image":"","background-repeat":"repeat","background-position":"center center","background-size":"auto","background-attachment":"scroll","background-type":"","background-media":"","overlay-type":"","overlay-color":"","overlay-opacity":"","overlay-gradient":""},"mobile":{"background-color":"var(--ast-global-color-5)","background-image":"","background-repeat":"repeat","background-position":"center center","background-size":"auto","background-attachment":"scroll","background-type":"","background-media":"","overlay-type":"","overlay-color":"","overlay-opacity":"","overlay-gradient":""}},"jetpack_post_was_ever_published":false,"footnotes":"","_links_to":"","_links_to_target":""},"categories":[1],"tags":[],"class_list":["post-2757","page","type-page","status-publish","hentry","category-uncategorized"],"ams_acf":[],"jetpack_shortlink":"https:\/\/wp.me\/P4oO1r-It","jetpack_sharing_enabled":true,"jetpack-related-posts":[{"id":102,"url":"https:\/\/velovilnius.lt\/balticcycle\/de\/contacts-news\/","url_meta":{"origin":2757,"position":0},"title":"Contacts &#038; News","author":"admin","date":"Freitag, 16UTCFri, 16 Aug 2013 08:23:38 +0000 16. August 2013","format":false,"excerpt":"News In der Zwischenzeit gibt's einen Haufen verschiedener Quellen, um \u00fcber aktuelle Entwicklungen zum Radfahren in den Baltischen Staaten informiert zu werden. BaltiCCycle versucht, diese Informationen auf Deutsch und Englisch zusammenzufassen - und ich muss zugeben, dass es immer noch mehr Informationen AUF DEUTSCH als auf Englisch gibt. Wenn Sie\u2026","rel":"","context":"Mit 7 Kommentaren","block_context":{"text":"Mit 7 Kommentaren","link":"https:\/\/velovilnius.lt\/balticcycle\/de\/contacts-news\/#comments"},"img":{"alt_text":"2012-10-19 17.41.06","src":"https:\/\/i0.wp.com\/velovilnius.lt\/balticcycle\/files\/2013\/08\/2012-10-19-17.41.06-150x150.jpg?resize=350%2C200","width":350,"height":200},"classes":[]},{"id":1619,"url":"https:\/\/velovilnius.lt\/balticcycle\/de\/contacts-news\/unsere-neuigkeiten\/","url_meta":{"origin":2757,"position":1},"title":"Unsere Neuigkeiten &#8230;","author":"admin","date":"Samstag, 04UTCSat, 04 Feb 2017 17:35:18 +0000  4. Februar 2017","format":false,"excerpt":"Und hier unsere letzten Nachrichten (Rundbrief erscheint unregelm\u00e4\u00dfig mehrere Male im Jahr): [blog_in_blog category_slug='news' num=3]","rel":"","context":"\u00c4hnlicher Beitrag","block_context":{"text":"\u00c4hnlicher Beitrag","link":""},"img":{"alt_text":"","src":"https:\/\/i0.wp.com\/velovilnius.lt\/balticcycle\/files\/2014\/12\/new-years-greeting-2015.png?resize=350%2C200&ssl=1","width":350,"height":200,"srcset":"https:\/\/i0.wp.com\/velovilnius.lt\/balticcycle\/files\/2014\/12\/new-years-greeting-2015.png?resize=350%2C200&ssl=1 1x, https:\/\/i0.wp.com\/velovilnius.lt\/balticcycle\/files\/2014\/12\/new-years-greeting-2015.png?resize=525%2C300&ssl=1 1.5x, https:\/\/i0.wp.com\/velovilnius.lt\/balticcycle\/files\/2014\/12\/new-years-greeting-2015.png?resize=700%2C400&ssl=1 2x"},"classes":[]},{"id":175,"url":"https:\/\/velovilnius.lt\/balticcycle\/de\/contacts-news\/contact\/","url_meta":{"origin":2757,"position":2},"title":"Willkommen bei &#8222;BaltiCCycle&#8220;!","author":"admin","date":"Sonntag, 25UTCSun, 25 Aug 2013 09:20:46 +0000 25. August 2013","format":false,"excerpt":"Kontakt Willkommen bei \"BaltiCCycle\"!. Wir sammeln\u00a0Informationen zum Rad fahren im \"Baltikum\" - Litauen, Lettland Estland. \u00a0Dar\u00fcber hinaus bieten wir\u00a0Hilfe an. BaliCCycle ist ein kleiner Deutsch-Litauisch-Kanadischer Familienbetrieb in Vilnius, Litauen. Mit unseren Freunden und Partnern in Klaip\u0117da, Riga und Tallinn tauschen wir uns aus, z. B. beim Fahrradverleih. Wir k\u00f6nnen wir\u2026","rel":"","context":"Mit 4 Kommentaren","block_context":{"text":"Mit 4 Kommentaren","link":"https:\/\/velovilnius.lt\/balticcycle\/de\/contacts-news\/contact\/#comments"},"img":{"alt_text":"","src":"https:\/\/i0.wp.com\/velovilnius.lt\/balticcycle\/files\/2013\/12\/BaltiCCycleLogo2011nek.png?resize=350%2C200&ssl=1","width":350,"height":200},"classes":[]},{"id":33,"url":"https:\/\/velovilnius.lt\/balticcycle\/de\/riga-vilnius\/estonia\/","url_meta":{"origin":2757,"position":3},"title":"Estland per Rad","author":"admin","date":"Donnerstag, 15UTCThu, 15 Aug 2013 09:10:08 +0000 15. August 2013","format":false,"excerpt":"Eine allgemeine Vorstellung Rein Lepik nennt Estland \"Radfahrerparadies\".\u00a0Der Mann muss es wissen, hat er doch die Fahrradroutenbeschilderung in Estland eingef\u00fchrt.Und so gibt es in Estland seit 2003 ein voll ausgeschildertes nationales Fahrradroutennetz. Die Beschilderung ist so gut, dass man sich kaum verfahren kann - wenn man denn im Besitz der\u2026","rel":"","context":"In &quot;[:en]Information by countries[:de]Info nach L\u00e4ndern[:]&quot;","block_context":{"text":"[:en]Information by countries[:de]Info nach L\u00e4ndern[:]","link":"https:\/\/velovilnius.lt\/balticcycle\/de\/category\/routes\/countries\/"},"img":{"alt_text":"","src":"https:\/\/i0.wp.com\/velovilnius.lt\/balticcycle\/files\/2013\/09\/16.jpg?resize=350%2C200&ssl=1","width":350,"height":200,"srcset":"https:\/\/i0.wp.com\/velovilnius.lt\/balticcycle\/files\/2013\/09\/16.jpg?resize=350%2C200&ssl=1 1x, https:\/\/i0.wp.com\/velovilnius.lt\/balticcycle\/files\/2013\/09\/16.jpg?resize=525%2C300&ssl=1 1.5x, https:\/\/i0.wp.com\/velovilnius.lt\/balticcycle\/files\/2013\/09\/16.jpg?resize=700%2C400&ssl=1 2x"},"classes":[]}],"jetpack_likes_enabled":true,"pwapp_after_post_content":"","pwapp_before_post_content":"","androapp_header":"","pwapp_author":{"ID":1,"name":"admin","slug":"admin"},"pwapp_terms":{"category":[{"term_id":1,"name":"Uncategorized","slug":"uncategorized","term_group":0,"term_taxonomy_id":1,"taxonomy":"category","description":"","parent":0,"count":447,"filter":"raw","i18n_config":{"name":{"ts":{"en":"Uncategorized"}}},"cat_ID":1,"category_count":447,"category_description":"","cat_name":"Uncategorized","category_nicename":"uncategorized","category_parent":0,"ID":1}]},"pwapp_feed_image_dimension_type":"preview","pwapp_post_image":null,"share_image":null,"featured_image_showhide":"show","pwapp_excerpt":"<p>[newsletter]<\/p>\n","pwapp_title":"Newsletter","androapp_image_list":[],"pwapp_post_content":"<style type=\"text\/css\">androapp img{\r\n    max-width: 100%;\r\n    height: auto;\r\n}\r\niframe{\r\n    max-width: 100%;    \r\n}\r\nfigure {\r\n    max-width: 100%;\r\n    height: auto;\r\n}\r\nimg{\r\n    max-width: 100% !important;\r\n    height: auto;\r\n}\r\ndiv {\r\n    max-width: 100% !important;\r\n}\r\nspan {\r\n    max-width:100%;\r\n    overflow: auto;\r\n}\r\naudio {\r\n    display:block;\r\n    visibility:visible !important;\r\n}\r\nvideo{\r\n    width:100%;\r\n    height:auto;\r\n}\r\n<\/style><div class='androapp'>[newsletter]\n<\/div>","pwapp_post_content_type":"postprocessed","pwapp_preview_type":"excerpt","androapp_failover_post_content_type":"","share_text":"[newsletter]\n\nvia https:\/\/velovilnius.lt\/balticcycle\/de\/newsletter\/","supercache":"androappsupercache","_links":{"self":[{"href":"https:\/\/velovilnius.lt\/balticcycle\/de\/wp-json\/wp\/v2\/pages\/2757","targetHints":{"allow":["GET"]}}],"collection":[{"href":"https:\/\/velovilnius.lt\/balticcycle\/de\/wp-json\/wp\/v2\/pages"}],"about":[{"href":"https:\/\/velovilnius.lt\/balticcycle\/de\/wp-json\/wp\/v2\/types\/page"}],"author":[{"embeddable":true,"href":"https:\/\/velovilnius.lt\/balticcycle\/de\/wp-json\/wp\/v2\/users\/1"}],"replies":[{"embeddable":true,"href":"https:\/\/velovilnius.lt\/balticcycle\/de\/wp-json\/wp\/v2\/comments?post=2757"}],"version-history":[{"count":0,"href":"https:\/\/velovilnius.lt\/balticcycle\/de\/wp-json\/wp\/v2\/pages\/2757\/revisions"}],"wp:attachment":[{"href":"https:\/\/velovilnius.lt\/balticcycle\/de\/wp-json\/wp\/v2\/media?parent=2757"}],"wp:term":[{"taxonomy":"category","embeddable":true,"href":"https:\/\/velovilnius.lt\/balticcycle\/de\/wp-json\/wp\/v2\/categories?post=2757"},{"taxonomy":"post_tag","embeddable":true,"href":"https:\/\/velovilnius.lt\/balticcycle\/de\/wp-json\/wp\/v2\/tags?post=2757"}],"curies":[{"name":"wp","href":"https:\/\/api.w.org\/{rel}","templated":true}]}}