{"id":2568,"date":"2018-10-31T11:58:15","date_gmt":"2018-10-31T11:58:15","guid":{"rendered":"https:\/\/velovilnius.lt\/balticcycle\/?page_id=2568"},"modified":"2020-01-27T14:57:07","modified_gmt":"2020-01-27T14:57:07","slug":"lt1-warsaw-vilnius","status":"publish","type":"page","link":"https:\/\/velovilnius.lt\/balticcycle\/de\/riga-vilnius\/balticcycle-eu-routen\/lt1-warsaw-vilnius\/","title":{"rendered":"[LT1] Region Dz\u016bkija, Route Warschau-Vilnius"},"content":{"rendered":"<p>Pictures of this region<\/p>\n<p><script src=\"http:\/\/bluemonki.net\/zooomr_apps\/badge_maker\/create_badge.php?username=&amp;set=&amp;label=LT1&amp;favs=&amp;number=18&amp;output=horizontal&amp;size=_s\"><\/script><\/p>\n<p>&nbsp;<\/p>\n<p>&nbsp;<\/p>\n<p style=\"font-size: 13px;\"><a name=\"lt1\"><\/a>[LT1] Dzukija: The South East \/ der S\u00fcdosten<\/p>\n<p style=\"font-size: 13px;\"><a name=\"lt1\"><\/a><\/p>\n<p style=\"font-size: 13px;\">{{picLT1}}<\/p>\n<table style=\"font-size: 13px;\" border=\"0\" width=\"100%\" cellspacing=\"1\" cellpadding=\"1\">\n<tbody>\n<tr>\n<td width=\"50%\">First &#8211; leave Vilnius to the Famous water castle of Trakai.<\/p>\n<p>Then, turn South.<\/p>\n<p>You will cross the hilly land of the\u00a0<strong>Regional park Au\u0161tadvaris\u00a0<\/strong>(and you will see, why they sometimes name it &#8220;Switzerland&#8221;),<\/p>\n<p>then enter the deep forest of the Dzukija, cut by big and small rivers.<\/p>\n<p>The wooden villages in the forests have often so few land, that sometimes it is even difficult to find a cow. It&#8217;s said that the people live from mushrooms and berries &#8211; and that they love to sind&#8230;<\/td>\n<td width=\"50%\">Der litauische S\u00fcden ist auch so eine Welt f\u00fcr sich:<\/p>\n<p>W\u00e4lder durch die Fl\u00fcsse m\u00e4andern, Holzh\u00fctten.<\/p>\n<p>Man k\u00f6nnte den Eindruck bekommen, hier h\u00e4tte Rotk\u00e4ppchen einst den b\u00f6sen Wolf getroffen.<\/p>\n<p>Wie f\u00fchren Euch weg von der Hauptstra\u00dfe, die sich schnurstracks durch den Wald schneidet&#8230;<\/td>\n<\/tr>\n<tr>\n<td width=\"50%\">\n<h2>Links: Publications and more &#8230;<\/h2>\n<\/td>\n<td width=\"50%\"><\/td>\n<\/tr>\n<tr>\n<td width=\"50%\"><a href=\"\/index.php?id=121\">link to Vilnius-Warsaw at Long-distance routes<\/a><\/td>\n<td width=\"50%\"><a href=\"\/index.php?id=121\">Verweis zu Vilnius-Warschau unter\u00a0<em>Fernrouten<\/em><\/a><\/td>\n<\/tr>\n<tr>\n<td>link\u00a0<a href=\"\/index.php?id=203\">to maps and guides on this region in the Balticcycle online shop<\/a><\/td>\n<td>Verweis\u00a0<a href=\"\/index.php?id=203\">zu\u00a0<em>Karten und Wegbeschreibungen\u00a0<\/em>zu dieser Region im Balticcycle online Laden<\/a><\/td>\n<\/tr>\n<tr>\n<td><img decoding=\"async\" src=\"http:\/\/shop.balticcycle.eu\/product_thumb.php?img=images\/wv_mini.jpg&amp;w=200&amp;h=140\" alt=\"\" \/><\/td>\n<td><\/td>\n<\/tr>\n<\/tbody>\n<\/table>\n<h1>\u00a0Warszawa-Vilnius<\/h1>\n<table style=\"font-size: 13px;\">\n<tbody>\n<tr>\n<td>&nbsp;<\/p>\n<p>In the East &#8211; close to the border to Belarus &#8211; you find nature: Forests and rivers, and therefor also some National parks (Wigry in Poland, Dzukija in Lithuania. Still, this region is much less tourist than others (Mazuria in Poland or the Lithuanian coast). And the infrastructure is less developed and more like an adventure<\/td>\n<td>Der Osten an der Grenze zu Wei\u00dfrussland ist schon von reiner Natur gepr\u00e4gt: W\u00e4lder und Fl\u00fcsse.\u00a0 So ist es nicht verwunderlich, dass hier einige Nationalparks liegen (Wigry und in Polen, Dzukija in Litauen. Diese Gegend ist sicherlich weniger touristisch als andere (etwa die litauische K\u00fcste oder Masuren in Polen) und folglich etwas f\u00fcr Freunde der reinen Natur.<\/td>\n<td><\/td>\n<\/tr>\n<tr>\n<td>&nbsp;<\/p>\n<p>We did it in 2003: 159 cyclist &#8220;tried&#8221; this route between the two capitals of Poland and Lithuania. This route in future shall become part of the EuroVelo network as No. 10 Northcape-Athens.<\/p>\n<p>Result of the bicycle tour is booklet, which puts together basic information and is available for 3\u20ac only in the shop<\/td>\n<td>Wir haben diese Route auf einer Tour 2003 &#8220;ausprobiert&#8221;: Mit 159 Radfahrern verbanden wir die Hauptst\u00e4dte Litauens und Polens. Dabei vermieden wir die viel befahrenen Hauptstra\u00dfen.<\/p>\n<p>&nbsp;<\/p>\n<p>Ein Ergebnis der Tour ist ein kleines B\u00fcchlein, dass die Basisinformationen b\u00fcndelt und f\u00fcr nur 3\u20ac im Internetladen erh\u00e4ltlich ist<\/td>\n<\/tr>\n<tr>\n<td>&nbsp;<\/p>\n<p><a style=\"color: #000000; text-decoration: none; border-bottom-width: 1px; border-bottom-style: dotted; border-bottom-color: #6699cc;\" href=\"http:\/\/www.bicycle.lt\/shop\/index.php?cPath=39_45\" target=\"_blank\" rel=\"noopener\">Publications for Cycling the South East of Lithuania (Dz?kija) in the BaltiCCycle.eu shop<\/a><\/p>\n<p>&nbsp;<\/p>\n<p><a style=\"color: #000000; text-decoration: none; border-bottom-width: 1px; border-bottom-style: dotted; border-bottom-color: #6699cc;\" href=\"http:\/\/www.bicycle.lt\/shop\/index.php?cPath=39_32\" target=\"_blank\" rel=\"noopener\">Publications for Cycling Poland and Kaliningrad region<\/a><\/td>\n<td>&nbsp;<\/p>\n<p><a style=\"color: #000000; text-decoration: none; border-bottom-width: 1px; border-bottom-style: dotted; border-bottom-color: #6699cc;\" href=\"http:\/\/www.bicycle.lt\/shop\/index.php?cPath=39_45&amp;language=de\" target=\"_blank\" rel=\"noopener\">Publikationen zum Radfahren in S\u00fcdostlitauen (Dz?kija) im BaltiCCycle.eu Internetladen<\/a><\/p>\n<p>&nbsp;<\/p>\n<p><a style=\"color: #000000; text-decoration: none; border-bottom-width: 1px; border-bottom-style: dotted; border-bottom-color: #6699cc;\" href=\"http:\/\/www.bicycle.lt\/shop\/index.php?cPath=39_32&amp;language=de\" target=\"_blank\" rel=\"noopener\">Publikationen zum Radfahren in Polen und der Region Kaliningrad<\/a><\/td>\n<\/tr>\n<\/tbody>\n<\/table>\n<p style=\"font-size: 13px;\">{{mapLT1}}<\/p>\n<p>&nbsp;<\/p>\n<p>&nbsp;<\/p>\n<table border=\"0\" width=\"100%\" cellspacing=\"1\" cellpadding=\"1\">\n<tbody>\n<tr>\n<td width=\"50%\"><img decoding=\"async\" src=\"http:\/\/shop.balticcycle.eu\/product_thumb.php?img=images\/Lt1.png&amp;w=283&amp;h=200\" alt=\"\" align=\"left\" \/>First &#8211; leave Vilnius to the Famous water castle of Trakai.<\/p>\n<p>Then, turn South.<\/p>\n<p>You will cross the hilly land of the <strong>Regional park Au\u0161tadvaris <\/strong>(and you will see, why they sometimes name it &#8220;Switzerland&#8221;),<\/p>\n<p>then enter the deep forest of the Dzukija, cut by big and small rivers.<\/p>\n<p>The wooden villages in the forests have often so few land, that sometimes it is even difficult to find a cow. It&#8217;s said that the people live from mushrooms and berries &#8211; and that they love to sind&#8230;<\/td>\n<td width=\"50%\">Der litauische S\u00fcden ist auch so eine Welt f\u00fcr sich:<\/p>\n<p>W\u00e4lder durch die Fl\u00fcsse m\u00e4andern, Holzh\u00fctten.<\/p>\n<p>Man k\u00f6nnte den Eindruck bekommen, hier h\u00e4tte Rotk\u00e4ppchen einst den b\u00f6sen Wolf getroffen.<\/p>\n<p>Wie f\u00fchren Euch weg von der Hauptstra\u00dfe, die sich schnurstracks durch den Wald schneidet&#8230;<\/td>\n<\/tr>\n<tr>\n<td width=\"50%\">\n<h2>Links<\/h2>\n<\/td>\n<td width=\"50%\"><\/td>\n<\/tr>\n<tr>\n<td width=\"50%\"><a href=\"\/index.php?id=121\">link to Vilnius-Warsaw at Long-distance routes<\/a><\/td>\n<td width=\"50%\"><a href=\"\/index.php?id=121\">Verweis zu Vilnius-Warschau unter <em>Fernrouten<\/em> <\/a><\/td>\n<\/tr>\n<tr>\n<td>link <a href=\"\/index.php?id=203\"> to maps and guides on this region in the Balticcycle online shop<\/a><\/td>\n<td>Verweis <a href=\"\/index.php?id=203\"> zu <em> Karten und Wegbeschreibungen <\/em> zu dieser Region im Balticcycle online Laden<\/a><\/td>\n<\/tr>\n<tr>\n<td>see also &#8220;City tours by bicycle&#8221; in Vilnius &amp; Klaipeda<\/p>\n<p>see also &#8220;Kanu tours from Vilnius&#8221;<\/td>\n<td>siehe auch die &#8220;Stadttouren per Rad&#8221; in Vilnius und Klaipeda<\/p>\n<p>siehe auch die &#8220;Kanutouren aus Vilnius&#8221;<\/td>\n<\/tr>\n<\/tbody>\n<\/table>\n<p>&nbsp;<\/p>\n","protected":false},"excerpt":{"rendered":"<p>Pictures of this region &nbsp; &nbsp; [LT1] Dzukija: The South East \/ der S\u00fcdosten {{picLT1}} First &#8211; leave Vilnius to the Famous water castle of Trakai. Then, turn South. You will cross the hilly land of the\u00a0Regional park Au\u0161tadvaris\u00a0(and you will see, why they sometimes name it &#8220;Switzerland&#8221;), then enter the deep forest of the [&hellip;]<\/p>\n","protected":false},"author":1,"featured_media":1574,"parent":2540,"menu_order":0,"comment_status":"closed","ping_status":"closed","template":"page-templates\/full-width.php","meta":{"inline_featured_image":false,"site-sidebar-layout":"default","site-content-layout":"","ast-site-content-layout":"default","site-content-style":"default","site-sidebar-style":"default","ast-global-header-display":"","ast-banner-title-visibility":"","ast-main-header-display":"","ast-hfb-above-header-display":"","ast-hfb-below-header-display":"","ast-hfb-mobile-header-display":"","site-post-title":"","ast-breadcrumbs-content":"","ast-featured-img":"","footer-sml-layout":"","ast-disable-related-posts":"","theme-transparent-header-meta":"","adv-header-id-meta":"","stick-header-meta":"","header-above-stick-meta":"","header-main-stick-meta":"","header-below-stick-meta":"","astra-migrate-meta-layouts":"default","ast-page-background-enabled":"default","ast-page-background-meta":{"desktop":{"background-color":"","background-image":"","background-repeat":"repeat","background-position":"center center","background-size":"auto","background-attachment":"scroll","background-type":"","background-media":"","overlay-type":"","overlay-color":"","overlay-opacity":"","overlay-gradient":""},"tablet":{"background-color":"","background-image":"","background-repeat":"repeat","background-position":"center center","background-size":"auto","background-attachment":"scroll","background-type":"","background-media":"","overlay-type":"","overlay-color":"","overlay-opacity":"","overlay-gradient":""},"mobile":{"background-color":"","background-image":"","background-repeat":"repeat","background-position":"center center","background-size":"auto","background-attachment":"scroll","background-type":"","background-media":"","overlay-type":"","overlay-color":"","overlay-opacity":"","overlay-gradient":""}},"ast-content-background-meta":{"desktop":{"background-color":"var(--ast-global-color-5)","background-image":"","background-repeat":"repeat","background-position":"center center","background-size":"auto","background-attachment":"scroll","background-type":"","background-media":"","overlay-type":"","overlay-color":"","overlay-opacity":"","overlay-gradient":""},"tablet":{"background-color":"var(--ast-global-color-5)","background-image":"","background-repeat":"repeat","background-position":"center center","background-size":"auto","background-attachment":"scroll","background-type":"","background-media":"","overlay-type":"","overlay-color":"","overlay-opacity":"","overlay-gradient":""},"mobile":{"background-color":"var(--ast-global-color-5)","background-image":"","background-repeat":"repeat","background-position":"center center","background-size":"auto","background-attachment":"scroll","background-type":"","background-media":"","overlay-type":"","overlay-color":"","overlay-opacity":"","overlay-gradient":""}},"jetpack_post_was_ever_published":false,"footnotes":"","_links_to":"","_links_to_target":""},"categories":[262,181],"tags":[443,273],"ams_acf":[],"jetpack_shortlink":"https:\/\/wp.me\/P4oO1r-Fq","jetpack_sharing_enabled":true,"jetpack-related-posts":[],"jetpack_likes_enabled":true,"pwapp_after_post_content":"","pwapp_before_post_content":"","androapp_header":"","pwapp_author":{"ID":1,"name":"admin","slug":"admin"},"pwapp_terms":{"category":[{"term_id":262,"name":"[:en]BaltiCCycle Routes in Lithuanai, Latvia, Estonia[:de]BaltiCCycle.eu Fahrradrouten in Litauen, Lettland, Estland[:]","slug":"bcroutes","term_group":0,"term_taxonomy_id":262,"taxonomy":"category","description":"","parent":2,"count":12,"filter":"raw","i18n_config":{"name":{"ts":{"en":"[:en]BaltiCCycle Routes in Lithuanai, Latvia, Estonia[:de]BaltiCCycle.eu Fahrradrouten in Litauen, Lettland, Estland[:]"}},"description":{"ts":{"de":"","en":"The BaltiCCycle.eu Routes where created in 2000-2006","lt":"The BaltiCCycle.eu Routes where created in 2000-2006"},"ml":"[:en]The BaltiCCycle.eu Routes where created in 2000-2006[:lt]The BaltiCCycle.eu Routes where created in 2000-2006[:]"}},"cat_ID":262,"category_count":12,"category_description":"","cat_name":"[:en]BaltiCCycle Routes in Lithuanai, Latvia, Estonia[:de]BaltiCCycle.eu Fahrradrouten in Litauen, Lettland, Estland[:]","category_nicename":"bcroutes","category_parent":2,"ID":262},{"term_id":181,"name":"[:en]EuroVelo 11 North cape - Athens[:de]EuroVelo 11 Nordkapp - Athen[:]","slug":"ev11","term_group":0,"term_taxonomy_id":181,"taxonomy":"category","description":"","parent":7,"count":1,"filter":"raw","i18n_config":{"name":{"ts":{"en":"[:en]EuroVelo 11 North cape - Athens[:de]EuroVelo 11 Nordkapp - Athen[:]"}}},"cat_ID":181,"category_count":1,"category_description":"","cat_name":"[:en]EuroVelo 11 North cape - Athens[:de]EuroVelo 11 Nordkapp - Athen[:]","category_nicename":"ev11","category_parent":7,"ID":181}],"post_tag":[{"term_id":443,"name":"[:en]Cycling in Lithuania[:de]Radfahren in Litauen[:]","slug":"cycling-in-lithuania","term_group":0,"term_taxonomy_id":443,"taxonomy":"post_tag","description":"","parent":0,"count":10,"filter":"raw","i18n_config":{"name":{"ts":{"en":"[:en]Cycling in Lithuania[:de]Radfahren in Litauen[:]"}}},"ID":443},{"term_id":273,"name":"Riga-Vilnius","slug":"riga-vilnius","term_group":0,"term_taxonomy_id":273,"taxonomy":"post_tag","description":"","parent":0,"count":3,"filter":"raw","i18n_config":{"name":{"ts":{"en":"Riga-Vilnius"}}},"ID":273}]},"pwapp_feed_image_dimension_type":"preview","featuredimage":"https:\/\/velovilnius.lt\/balticcycle\/files\/2017\/02\/bcrv-100x70.gif","pwapp_post_image":"https:\/\/velovilnius.lt\/balticcycle\/files\/2017\/02\/bcrv-100x70.gif","share_image":"https:\/\/velovilnius.lt\/balticcycle\/files\/2017\/02\/bcrv-100x70.gif","featured_image_showhide":"show","featured_image":{"ID":1574,"excerpt":"","title":"bcrv","source":"https:\/\/velovilnius.lt\/balticcycle\/files\/2017\/02\/bcrv-595x419.gif"},"pwapp_excerpt":"<p>Pictures of this region &nbsp; &nbsp; [LT1] Dzukija: The South East \/ der S\u00fcdosten {{picLT1}} First &#8211; leave Vilnius to the Famous water castle of Trakai. Then, turn South. You will cross the hilly land of the\u00a0Regional park Au\u0161tadvaris\u00a0(and you will see, why they sometimes name it &#8220;Switzerland&#8221;), then enter the deep forest of the [&hellip;]<\/p>\n","pwapp_title":"[LT1] Region Dz\u016bkija, Route Warschau-Vilnius","androapp_image_list":[{"src":"http:\/\/shop.balticcycle.eu\/product_thumb.php?img=images\/wv_mini.jpg&amp;w=200&amp;h=140","height":200},{"src":"http:\/\/shop.balticcycle.eu\/product_thumb.php?img=images\/Lt1.png&amp;w=283&amp;h=200","height":200}],"pwapp_post_content":"<style type=\"text\/css\">androapp img{\r\n    max-width: 100%;\r\n    height: auto;\r\n}\r\niframe{\r\n    max-width: 100%;    \r\n}\r\nfigure {\r\n    max-width: 100%;\r\n    height: auto;\r\n}\r\nimg{\r\n    max-width: 100% !important;\r\n    height: auto;\r\n}\r\ndiv {\r\n    max-width: 100% !important;\r\n}\r\nspan {\r\n    max-width:100%;\r\n    overflow: auto;\r\n}\r\naudio {\r\n    display:block;\r\n    visibility:visible !important;\r\n}\r\nvideo{\r\n    width:100%;\r\n    height:auto;\r\n}\r\n<\/style><div class='androapp'><p>Pictures of this region<\/p>\n<p><script src=\"http:\/\/bluemonki.net\/zooomr_apps\/badge_maker\/create_badge.php?username=&amp;set=&amp;label=LT1&amp;favs=&amp;number=18&amp;output=horizontal&amp;size=_s\"><\/script><\/p>\n<p>&nbsp;<\/p>\n<p>&nbsp;<\/p>\n<p style=\"font-size: 13px;\"><a name=\"lt1\"><\/a>[LT1] Dzukija: The South East \/ der S\u00fcdosten<\/p>\n<p style=\"font-size: 13px;\"><a name=\"lt1\"><\/a><\/p>\n<p style=\"font-size: 13px;\">{{picLT1}}<\/p>\n<table style=\"font-size: 13px;\" border=\"0\" width=\"100%\" cellspacing=\"1\" cellpadding=\"1\">\n<tbody>\n<tr>\n<td width=\"50%\">First &#8211; leave Vilnius to the Famous water castle of Trakai.<\/p>\n<p>Then, turn South.<\/p>\n<p>You will cross the hilly land of the\u00a0<strong>Regional park Au\u0161tadvaris\u00a0<\/strong>(and you will see, why they sometimes name it &#8220;Switzerland&#8221;),<\/p>\n<p>then enter the deep forest of the Dzukija, cut by big and small rivers.<\/p>\n<p>The wooden villages in the forests have often so few land, that sometimes it is even difficult to find a cow. It&#8217;s said that the people live from mushrooms and berries &#8211; and that they love to sind&#8230;<\/td>\n<td width=\"50%\">Der litauische S\u00fcden ist auch so eine Welt f\u00fcr sich:<\/p>\n<p>W\u00e4lder durch die Fl\u00fcsse m\u00e4andern, Holzh\u00fctten.<\/p>\n<p>Man k\u00f6nnte den Eindruck bekommen, hier h\u00e4tte Rotk\u00e4ppchen einst den b\u00f6sen Wolf getroffen.<\/p>\n<p>Wie f\u00fchren Euch weg von der Hauptstra\u00dfe, die sich schnurstracks durch den Wald schneidet&#8230;<\/td>\n<\/tr>\n<tr>\n<td width=\"50%\">\n<h2>Links: Publications and more &#8230;<\/h2>\n<\/td>\n<td width=\"50%\"><\/td>\n<\/tr>\n<tr>\n<td width=\"50%\"><a href=\"\/index.php?id=121\">link to Vilnius-Warsaw at Long-distance routes<\/a><\/td>\n<td width=\"50%\"><a href=\"\/index.php?id=121\">Verweis zu Vilnius-Warschau unter\u00a0<em>Fernrouten<\/em><\/a><\/td>\n<\/tr>\n<tr>\n<td>link\u00a0<a href=\"\/index.php?id=203\">to maps and guides on this region in the Balticcycle online shop<\/a><\/td>\n<td>Verweis\u00a0<a href=\"\/index.php?id=203\">zu\u00a0<em>Karten und Wegbeschreibungen\u00a0<\/em>zu dieser Region im Balticcycle online Laden<\/a><\/td>\n<\/tr>\n<tr>\n<td><img decoding=\"async\" src=\"http:\/\/shop.balticcycle.eu\/product_thumb.php?img=images\/wv_mini.jpg&amp;w=200&amp;h=140\" alt=\"\" \/><\/td>\n<td><\/td>\n<\/tr>\n<\/tbody>\n<\/table>\n<h1>\u00a0Warszawa-Vilnius<\/h1>\n<table style=\"font-size: 13px;\">\n<tbody>\n<tr>\n<td>&nbsp;<\/p>\n<p>In the East &#8211; close to the border to Belarus &#8211; you find nature: Forests and rivers, and therefor also some National parks (Wigry in Poland, Dzukija in Lithuania. Still, this region is much less tourist than others (Mazuria in Poland or the Lithuanian coast). And the infrastructure is less developed and more like an adventure<\/td>\n<td>Der Osten an der Grenze zu Wei\u00dfrussland ist schon von reiner Natur gepr\u00e4gt: W\u00e4lder und Fl\u00fcsse.\u00a0 So ist es nicht verwunderlich, dass hier einige Nationalparks liegen (Wigry und in Polen, Dzukija in Litauen. Diese Gegend ist sicherlich weniger touristisch als andere (etwa die litauische K\u00fcste oder Masuren in Polen) und folglich etwas f\u00fcr Freunde der reinen Natur.<\/td>\n<td><\/td>\n<\/tr>\n<tr>\n<td>&nbsp;<\/p>\n<p>We did it in 2003: 159 cyclist &#8220;tried&#8221; this route between the two capitals of Poland and Lithuania. This route in future shall become part of the EuroVelo network as No. 10 Northcape-Athens.<\/p>\n<p>Result of the bicycle tour is booklet, which puts together basic information and is available for 3\u20ac only in the shop<\/td>\n<td>Wir haben diese Route auf einer Tour 2003 &#8220;ausprobiert&#8221;: Mit 159 Radfahrern verbanden wir die Hauptst\u00e4dte Litauens und Polens. Dabei vermieden wir die viel befahrenen Hauptstra\u00dfen.<\/p>\n<p>&nbsp;<\/p>\n<p>Ein Ergebnis der Tour ist ein kleines B\u00fcchlein, dass die Basisinformationen b\u00fcndelt und f\u00fcr nur 3\u20ac im Internetladen erh\u00e4ltlich ist<\/td>\n<\/tr>\n<tr>\n<td>&nbsp;<\/p>\n<p><a style=\"color: #000000; text-decoration: none; border-bottom-width: 1px; border-bottom-style: dotted; border-bottom-color: #6699cc;\" href=\"http:\/\/www.bicycle.lt\/shop\/index.php?cPath=39_45\" target=\"_blank\" rel=\"noopener\">Publications for Cycling the South East of Lithuania (Dz?kija) in the BaltiCCycle.eu shop<\/a><\/p>\n<p>&nbsp;<\/p>\n<p><a style=\"color: #000000; text-decoration: none; border-bottom-width: 1px; border-bottom-style: dotted; border-bottom-color: #6699cc;\" href=\"http:\/\/www.bicycle.lt\/shop\/index.php?cPath=39_32\" target=\"_blank\" rel=\"noopener\">Publications for Cycling Poland and Kaliningrad region<\/a><\/td>\n<td>&nbsp;<\/p>\n<p><a style=\"color: #000000; text-decoration: none; border-bottom-width: 1px; border-bottom-style: dotted; border-bottom-color: #6699cc;\" href=\"http:\/\/www.bicycle.lt\/shop\/index.php?cPath=39_45&amp;language=de\" target=\"_blank\" rel=\"noopener\">Publikationen zum Radfahren in S\u00fcdostlitauen (Dz?kija) im BaltiCCycle.eu Internetladen<\/a><\/p>\n<p>&nbsp;<\/p>\n<p><a style=\"color: #000000; text-decoration: none; border-bottom-width: 1px; border-bottom-style: dotted; border-bottom-color: #6699cc;\" href=\"http:\/\/www.bicycle.lt\/shop\/index.php?cPath=39_32&amp;language=de\" target=\"_blank\" rel=\"noopener\">Publikationen zum Radfahren in Polen und der Region Kaliningrad<\/a><\/td>\n<\/tr>\n<\/tbody>\n<\/table>\n<p style=\"font-size: 13px;\">{{mapLT1}}<\/p>\n<p>&nbsp;<\/p>\n<p>&nbsp;<\/p>\n<table border=\"0\" width=\"100%\" cellspacing=\"1\" cellpadding=\"1\">\n<tbody>\n<tr>\n<td width=\"50%\"><img decoding=\"async\" src=\"http:\/\/shop.balticcycle.eu\/product_thumb.php?img=images\/Lt1.png&amp;w=283&amp;h=200\" alt=\"\" align=\"left\" \/>First &#8211; leave Vilnius to the Famous water castle of Trakai.<\/p>\n<p>Then, turn South.<\/p>\n<p>You will cross the hilly land of the <strong>Regional park Au\u0161tadvaris <\/strong>(and you will see, why they sometimes name it &#8220;Switzerland&#8221;),<\/p>\n<p>then enter the deep forest of the Dzukija, cut by big and small rivers.<\/p>\n<p>The wooden villages in the forests have often so few land, that sometimes it is even difficult to find a cow. It&#8217;s said that the people live from mushrooms and berries &#8211; and that they love to sind&#8230;<\/td>\n<td width=\"50%\">Der litauische S\u00fcden ist auch so eine Welt f\u00fcr sich:<\/p>\n<p>W\u00e4lder durch die Fl\u00fcsse m\u00e4andern, Holzh\u00fctten.<\/p>\n<p>Man k\u00f6nnte den Eindruck bekommen, hier h\u00e4tte Rotk\u00e4ppchen einst den b\u00f6sen Wolf getroffen.<\/p>\n<p>Wie f\u00fchren Euch weg von der Hauptstra\u00dfe, die sich schnurstracks durch den Wald schneidet&#8230;<\/td>\n<\/tr>\n<tr>\n<td width=\"50%\">\n<h2>Links<\/h2>\n<\/td>\n<td width=\"50%\"><\/td>\n<\/tr>\n<tr>\n<td width=\"50%\"><a href=\"\/index.php?id=121\">link to Vilnius-Warsaw at Long-distance routes<\/a><\/td>\n<td width=\"50%\"><a href=\"\/index.php?id=121\">Verweis zu Vilnius-Warschau unter <em>Fernrouten<\/em> <\/a><\/td>\n<\/tr>\n<tr>\n<td>link <a href=\"\/index.php?id=203\"> to maps and guides on this region in the Balticcycle online shop<\/a><\/td>\n<td>Verweis <a href=\"\/index.php?id=203\"> zu <em> Karten und Wegbeschreibungen <\/em> zu dieser Region im Balticcycle online Laden<\/a><\/td>\n<\/tr>\n<tr>\n<td>see also &#8220;City tours by bicycle&#8221; in Vilnius &amp; Klaipeda<\/p>\n<p>see also &#8220;Kanu tours from Vilnius&#8221;<\/td>\n<td>siehe auch die &#8220;Stadttouren per Rad&#8221; in Vilnius und Klaipeda<\/p>\n<p>siehe auch die &#8220;Kanutouren aus Vilnius&#8221;<\/td>\n<\/tr>\n<\/tbody>\n<\/table>\n<p>&nbsp;<\/p>\n<\/div>","pwapp_post_content_type":"postprocessed","pwapp_preview_type":"excerpt","androapp_failover_post_content_type":"","share_text":"[LT1] Region Dz\u016bkija, Route Warschau-Vilnius\nvia https:\/\/velovilnius.lt\/balticcycle\/de\/riga-vilnius\/balticcycle-eu-routen\/lt1-warsaw-vilnius\/","supercache":"androappsupercache","_links":{"self":[{"href":"https:\/\/velovilnius.lt\/balticcycle\/de\/wp-json\/wp\/v2\/pages\/2568"}],"collection":[{"href":"https:\/\/velovilnius.lt\/balticcycle\/de\/wp-json\/wp\/v2\/pages"}],"about":[{"href":"https:\/\/velovilnius.lt\/balticcycle\/de\/wp-json\/wp\/v2\/types\/page"}],"author":[{"embeddable":true,"href":"https:\/\/velovilnius.lt\/balticcycle\/de\/wp-json\/wp\/v2\/users\/1"}],"replies":[{"embeddable":true,"href":"https:\/\/velovilnius.lt\/balticcycle\/de\/wp-json\/wp\/v2\/comments?post=2568"}],"version-history":[{"count":2,"href":"https:\/\/velovilnius.lt\/balticcycle\/de\/wp-json\/wp\/v2\/pages\/2568\/revisions"}],"predecessor-version":[{"id":6052,"href":"https:\/\/velovilnius.lt\/balticcycle\/de\/wp-json\/wp\/v2\/pages\/2568\/revisions\/6052"}],"up":[{"embeddable":true,"href":"https:\/\/velovilnius.lt\/balticcycle\/de\/wp-json\/wp\/v2\/pages\/2540"}],"wp:featuredmedia":[{"embeddable":true,"href":"https:\/\/velovilnius.lt\/balticcycle\/de\/wp-json\/wp\/v2\/media\/1574"}],"wp:attachment":[{"href":"https:\/\/velovilnius.lt\/balticcycle\/de\/wp-json\/wp\/v2\/media?parent=2568"}],"wp:term":[{"taxonomy":"category","embeddable":true,"href":"https:\/\/velovilnius.lt\/balticcycle\/de\/wp-json\/wp\/v2\/categories?post=2568"},{"taxonomy":"post_tag","embeddable":true,"href":"https:\/\/velovilnius.lt\/balticcycle\/de\/wp-json\/wp\/v2\/tags?post=2568"}],"curies":[{"name":"wp","href":"https:\/\/api.w.org\/{rel}","templated":true}]}}